{"id":5895,"date":"2025-06-11T17:41:34","date_gmt":"2025-06-11T15:41:34","guid":{"rendered":"http:\/\/lilome.at\/WP\/?page_id=5895"},"modified":"2025-06-17T18:05:00","modified_gmt":"2025-06-17T16:05:00","slug":"impressum","status":"publish","type":"page","link":"https:\/\/lilome.at\/WP\/impressum\/","title":{"rendered":"Impressum"},"content":{"rendered":"\n<p><strong>Lilome (Eigen)Verlag<\/strong><\/p>\n\n\n\n<p><strong>Lilome Shortbread (Eigen)Verlag<\/strong><\/p>\n\n\n\n<p>Mag. Verena Gr\u00fcnwald<\/p>\n\n\n\n<p>Kolschitzkygasse 7,<br>1040 Wien,<br>\u00d6sterreich<\/p>\n\n\n\n<p class=\"has-black-color has-text-color has-link-color wp-elements-a6902870632e9ceef999357f3b0806d6\"><strong>Tel.:<\/strong>&nbsp;01 5046805<br><strong>E-Mail:<\/strong>&nbsp;<a href=\"mailto:office@musterfirma.com\">hallo@lilome.at<\/a><\/p>\n\n\n\n<p><br><strong>Unternehmensgegenstand:<\/strong>&nbsp;Einzelunternehmen<br><strong>UID-Nummer:<\/strong>&nbsp;ATU56048306<br><strong>Berufsrecht:<\/strong>&nbsp;www.ris.bka.gv.at<\/p>\n\n\n\n<p><strong>Aufsichtsbeh\u00f6rde\/Gewerbebeh\u00f6rde<\/strong><\/p>\n\n\n\n<p><strong>Berufsbezeichnung:<\/strong>&nbsp;Autor<br><strong>Datenschutz Vertretungsberechtigter:<\/strong>&nbsp;Mag. Verena Gr\u00fcnwald<br><\/p>\n\n\n\n<h2 class=\"wp-block-heading\" id=\"eu-streitschlichtung\">EU-Streitschlichtung<\/h2>\n\n\n\n<p class=\"has-black-color has-text-color has-link-color wp-elements-eba8393a73a2863b736eb324b71f8e62\">Gem\u00e4\u00df Verordnung \u00fcber Online-Streitbeilegung in Verbraucherangelegenheiten (ODR-Verordnung) m\u00f6chten wir Sie \u00fcber die Online-Streitbeilegungsplattform (OS-Plattform) informieren.<br>Verbraucher haben die M\u00f6glichkeit, Beschwerden an die Online Streitbeilegungsplattform der Europ\u00e4ischen Kommission unter&nbsp;<a href=\"https:\/\/ec.europa.eu\/consumers\/odr\/main\/index.cfm?event=main.home2.show&amp;lng=DE\" target=\"_blank\" rel=\"noreferrer noopener\">https:\/\/ec.europa.eu\/consumers\/odr\/main\/index.cfm?event=main.home2.show&amp;lng=DE<\/a>&nbsp;zu richten. Die daf\u00fcr notwendigen Kontaktdaten finden Sie oberhalb in unserem Impressum.<\/p>\n\n\n\n<p>Wir m\u00f6chten Sie jedoch darauf hinweisen, dass wir nicht bereit oder verpflichtet sind, an Streitbeilegungsverfahren vor einer Verbraucherschlichtungsstelle teilzunehmen.<\/p>\n\n\n\n<h2 class=\"wp-block-heading\" id=\"haftung-fur-inhalte-dieser-website\">Haftung f\u00fcr Inhalte dieser Website<\/h2>\n\n\n\n<p>Wir entwickeln die Inhalte dieser Website st\u00e4ndig weiter und bem\u00fchen uns korrekte und aktuelle Informationen bereitzustellen. Leider k\u00f6nnen wir keine Haftung f\u00fcr die Korrektheit aller Inhalte auf dieser Website \u00fcbernehmen, speziell f\u00fcr jene, die seitens Dritter bereitgestellt wurden. Als Diensteanbieter sind wir nicht verpflichtet, die von Ihnen \u00fcbermittelten oder gespeicherten Informationen zu \u00fcberwachen oder nach Umst\u00e4nden zu forschen, die auf eine rechtswidrige T\u00e4tigkeit hinweisen.<\/p>\n\n\n\n<p>Unsere Verpflichtungen zur Entfernung von Informationen oder zur Sperrung der Nutzung von Informationen nach den allgemeinen Gesetzen aufgrund von gerichtlichen oder beh\u00f6rdlichen Anordnungen bleiben auch im Falle unserer Nichtverantwortlichkeit davon unber\u00fchrt.<\/p>\n\n\n\n<p>Sollten Ihnen problematische oder rechtswidrige Inhalte auffallen, bitte wir Sie uns umgehend zu kontaktieren, damit wir die rechtswidrigen Inhalte entfernen k\u00f6nnen. Sie finden die Kontaktdaten im Impressum.<\/p>\n\n\n\n<h2 class=\"wp-block-heading\" id=\"haftung-links-auf-dieser-website\">Haftung f\u00fcr Links auf dieser Website<\/h2>\n\n\n\n<p>Unsere Website enth\u00e4lt Links zu anderen Websites f\u00fcr deren Inhalt wir nicht verantwortlich sind. Haftung f\u00fcr verlinkte Websites besteht f\u00fcr uns nicht, da wir keine Kenntnis rechtswidriger T\u00e4tigkeiten hatten und haben, uns solche Rechtswidrigkeiten auch bisher nicht aufgefallen sind und wir Links sofort entfernen w\u00fcrden, wenn uns Rechtswidrigkeiten bekannt werden.<\/p>\n\n\n\n<p>Wenn Ihnen rechtswidrige Links auf unserer Website auffallen, bitte wir Sie uns zu kontaktieren. Sie finden die Kontaktdaten im Impressum.<\/p>\n\n\n\n<h2 class=\"wp-block-heading\" id=\"urheberrechtshinweis\">Urheberrechtshinweis<\/h2>\n\n\n\n<p>Alle Inhalte dieser Webseite (Bilder, Fotos, Texte, Videos) unterliegen dem Urheberrecht. Bitte fragen Sie uns bevor Sie die Inhalte dieser Website verbreiten, vervielf\u00e4ltigen oder verwerten wie zum Beispiel auf anderen Websites erneut ver\u00f6ffentlichen. Falls notwendig, werden wir die unerlaubte Nutzung von Teilen der Inhalte unserer Seite rechtlich verfolgen.<\/p>\n\n\n\n<p>Sollten Sie auf dieser Webseite Inhalte finden, die das Urheberrecht verletzen, bitten wir Sie uns zu kontaktieren.<\/p>\n\n\n\n<h2 class=\"wp-block-heading\" id=\"bildernachweis\">Bildernachweis<\/h2>\n\n\n\n<p>Die Bilder, Fotos und Grafiken auf dieser Webseite sind urheberrechtlich gesch\u00fctzt.<\/p>\n\n\n\n<p><strong>Die Bilderrechte liegen bei:<\/strong><\/p>\n\n\n\n<p>Mag. Verena Gr\u00fcnwald<\/p>\n\n\n\n<h2 class=\"wp-block-heading\" id=\"onlineauftritte\" style=\"font-size:29px\">Weitere Onlineauftritte<\/h2>\n\n\n\n<p class=\"has-black-color has-text-color has-link-color wp-elements-708e525623d1d09a58558cd015007464\"><strong>Dieses Impressum gilt auch f\u00fcr<\/strong><br><a href=\"https:\/\/www.instagram.com\/lilomeblog\/?next=%2F\">https:\/\/www.instagram.com\/lilomeblog\/?next=%2F<\/a><\/p>\n\n\n\n<p class=\"has-black-color has-text-color has-link-color wp-elements-7461ed4efe9448e9a353370a879b8d84\"><a href=\"https:\/\/www.facebook.com\/lilomeblog\">https:\/\/www.facebook.com\/lilomeblog<\/a><\/p>\n\n\n\n<p><\/p>\n\n\n\n<p class=\"has-white-color has-text-color has-link-color wp-elements-72b06fc088f822221bd027f516b2b2a4\">Datenschutzerkl\u00e4rung Lilome<\/p>\n\n\n\n<p style=\"font-size:30px\"><strong>Datenschutzerkl\u00e4rung<\/strong> <strong>Newsletter<\/strong><\/p>\n\n\n\n<p>Mit dem Abschicken Ihrer Anmeldung erlauben Sie uns, dem Lilome (Eigen)Verlag Sie regelm\u00e4\u00dfig und kostenlos per E-Mail und Online-Werbung (Auf unseren Social-Media-Kan\u00e4len Instagram, Facebook und mittels Google Ads auf anderen von Ihnen besuchten Webseiten) \u00fcber unsere Updates, Neuerscheinungen und individuelle Empfehlungen zu informieren und sofern Sie f\u00fcr Ihre Social-Media-Konten dieselbe E-Mail-Adresse wie f\u00fcr den Newsletterempfang verwenden, personalisierte Werbung in diesen Konten anzuzeigen. Die Personalisierung der Inhalte ist Piper aufgrund der Analyse der \u00d6ffnungs- und Leseverhalten der Newsletterempf\u00e4nger m\u00f6glich. Den Newsletter k\u00f6nnen Sie jederzeit abbestellen. Zudem k\u00f6nnen Sie einen Newsletter am Ende eines jeden Newsletters \u00fcber einen Link einfach abbestellen, ohne dass hierf\u00fcr andere als die \u00dcbermittlungskosten nach den Basistarifen entstehen.<\/p>\n\n\n\n<p>Mit dem Klicken auf \u201eAnmelden\u201c best\u00e4tigen Sie, dass Sie unsere Datenschutzerkl\u00e4rung gelesen haben und akzeptieren die dort beschriebene Verarbeitung Ihrer Daten.&nbsp;<\/p>\n\n\n\n<p><strong>DATENSCHUTZ &amp; Einwilligung f\u00fcr den Newsletter des Lilome (Eigen)Verlags <\/strong><\/p>\n\n\n\n<p>Der Lilome (Eigen)Verlag verarbeitet Ihre personenbezogenen Daten (Nachname, Vorname, E-Mail, ggf. PLZ, Geburtsdatum, Interessen) &nbsp;zum Zwecke des Versands von Newslettern, der Personalisierung dessen und zur Marktforschung (Analyse des \u00d6ffnungs- und Leseverhaltens der Newsletterempf\u00e4nger). &nbsp;Der Newsletter informiert \u00fcber neue B\u00fccher, Veranstaltungen und Gewinnspiele. Rechtsgrundlage hierf\u00fcr ist Ihre Einwilligung gem\u00e4\u00df Art. 6 I a), 7, EU DSGVO sowie \u00a7 7 II Nr. 3 UWG.&nbsp;<\/p>\n\n\n\n<p class=\"has-black-color has-text-color has-link-color wp-elements-350388032391ad7f73ce2118a4b45734\">Sind Sie noch nicht 16 Jahre alt, muss zwingend eine Einwilligung Ihrer Eltern \/ Vormund vorliegen. Bitte nehmen Sie in diesem Fall direkt Kontakt zu uns auf. Sie selbst k\u00f6nnen in diesem Fall keine rechtsg\u00fcltige Einwilligung abgeben.&nbsp;<br><br>Mit der Eingabe Ihrer personenbezogenen Daten best\u00e4tigen Sie, dass Sie zuk\u00fcnftig die oben benannten Marketingmaterialien an die angegebene Adresse zugesendet erhalten m\u00f6chten, und, dass Sie mit der absendenden Person identisch sind. Ihre Daten werden nur solange gespeichert, wie Sie die Zusendung unserer Marketingmaterialien w\u00fcnschen. Sie haben das Recht auf Auskunft, auf Berichtigung, auf L\u00f6schung, auf Einschr\u00e4nkung der Verarbeitung, ein Widerspruchsrecht, ein Recht auf Daten\u00fcbertragbarkeit, sowie ein Recht auf Widerruf Ihrer Einwilligung. Im Falle eines Widerrufs erhalten Sie keine weiteren Marketinginformationen mehr von uns zugesandt. Nehmen Sie in diesen F\u00e4llen am besten \u00fcber E-Mail, <a href=\"https:\/\/www.piper.de\/\">hallo@lilome.at<\/a>, Kontakt zu uns auf. Sie k\u00f6nnen uns aber auch einen Brief schicken. Zudem k\u00f6nnen Sie einen Newsletter am Ende eines jeden Newsletters \u00fcber einen Link einfach abbestellen. Ihnen steht, sofern Sie der Meinung sind, dass wir Ihre personenbezogenen Daten nicht ordnungsgem\u00e4\u00df verarbeiten ein Beschwerderecht bei einer Aufsichtsbeh\u00f6rde zu. <br><\/p>\n\n\n\n<p>Alle Texte sind urheberrechtlich gesch\u00fctzt.<\/p>\n\n\n\n<p class=\"has-white-color has-text-color has-link-color wp-elements-159d9b23980bf0e7f6346e2011be4a50\">Lilome VErlag<\/p>\n\n\n\n<div class=\"wp-block-buttons is-content-justification-space-between is-nowrap is-layout-flex wp-container-core-buttons-is-layout-1 wp-block-buttons-is-layout-flex\">\n<div class=\"wp-block-button has-custom-width wp-block-button__width-25 has-custom-font-size has-small-font-size\"><a class=\"wp-block-button__link has-black-color has-white-background-color has-text-color has-background has-link-color wp-element-button\" href=\"http:\/\/lilome.at\/WP\/\" target=\"_blank\" rel=\"noreferrer noopener\"><strong>LILOME<\/strong><\/a><\/div>\n\n\n\n<div class=\"wp-block-button has-custom-width wp-block-button__width-25 has-custom-font-size has-small-font-size\"><a class=\"wp-block-button__link has-black-color has-white-background-color has-text-color has-background has-link-color wp-element-button\" href=\"http:\/\/lilome.at\/WP\/unsere-buecher\/\" target=\"_blank\" rel=\"noreferrer noopener\">B\u00fccher<\/a><\/div>\n\n\n\n<div class=\"wp-block-button has-custom-width wp-block-button__width-25 has-custom-font-size has-small-font-size\"><a class=\"wp-block-button__link has-black-color has-white-background-color has-text-color has-background has-link-color wp-element-button\" href=\"http:\/\/lilome.at\/WP\/unsere-autorinnen\/\" target=\"_blank\" rel=\"noreferrer noopener\">Autoren<\/a><\/div>\n\n\n\n<div class=\"wp-block-button has-custom-width wp-block-button__width-25 has-custom-font-size has-small-font-size\"><a class=\"wp-block-button__link has-black-color has-white-background-color has-text-color has-background has-link-color wp-element-button\" href=\"http:\/\/lilome.at\/WP\/ueber-lilome\/\" target=\"_blank\" rel=\"noreferrer noopener\">About<\/a><\/div>\n<\/div>\n","protected":false},"excerpt":{"rendered":"<p>Lilome (Eigen)Verlag Lilome Shortbread (Eigen)Verlag Mag. Verena Gr\u00fcnwald Kolschitzkygasse 7,1040 Wien,\u00d6sterreich Tel.:&nbsp;01 5046805E-Mail:&nbsp;hallo@lilome.at Unternehmensgegenstand:&nbsp;EinzelunternehmenUID-Nummer:&nbsp;ATU56048306Berufsrecht:&nbsp;www.ris.bka.gv.at Aufsichtsbeh\u00f6rde\/Gewerbebeh\u00f6rde Berufsbezeichnung:&nbsp;AutorDatenschutz Vertretungsberechtigter:&nbsp;Mag. Verena Gr\u00fcnwald EU-Streitschlichtung Gem\u00e4\u00df Verordnung \u00fcber Online-Streitbeilegung in Verbraucherangelegenheiten (ODR-Verordnung) m\u00f6chten wir Sie \u00fcber die Online-Streitbeilegungsplattform (OS-Plattform) informieren.Verbraucher haben die M\u00f6glichkeit, Beschwerden an die Online Streitbeilegungsplattform der Europ\u00e4ischen Kommission unter&nbsp;https:\/\/ec.europa.eu\/consumers\/odr\/main\/index.cfm?event=main.home2.show&amp;lng=DE&nbsp;zu richten. Die daf\u00fcr notwendigen Kontaktdaten finden Sie oberhalb&#8230;<\/p>\n","protected":false},"author":1,"featured_media":0,"parent":0,"menu_order":0,"comment_status":"closed","ping_status":"closed","template":"","meta":{"footnotes":""},"class_list":["post-5895","page","type-page","status-publish","hentry"],"_links":{"self":[{"href":"https:\/\/lilome.at\/WP\/wp-json\/wp\/v2\/pages\/5895","targetHints":{"allow":["GET"]}}],"collection":[{"href":"https:\/\/lilome.at\/WP\/wp-json\/wp\/v2\/pages"}],"about":[{"href":"https:\/\/lilome.at\/WP\/wp-json\/wp\/v2\/types\/page"}],"author":[{"embeddable":true,"href":"https:\/\/lilome.at\/WP\/wp-json\/wp\/v2\/users\/1"}],"replies":[{"embeddable":true,"href":"https:\/\/lilome.at\/WP\/wp-json\/wp\/v2\/comments?post=5895"}],"version-history":[{"count":6,"href":"https:\/\/lilome.at\/WP\/wp-json\/wp\/v2\/pages\/5895\/revisions"}],"predecessor-version":[{"id":6205,"href":"https:\/\/lilome.at\/WP\/wp-json\/wp\/v2\/pages\/5895\/revisions\/6205"}],"wp:attachment":[{"href":"https:\/\/lilome.at\/WP\/wp-json\/wp\/v2\/media?parent=5895"}],"curies":[{"name":"wp","href":"https:\/\/api.w.org\/{rel}","templated":true}]}}