{"id":5605,"date":"2025-06-03T19:10:29","date_gmt":"2025-06-03T17:10:29","guid":{"rendered":"http:\/\/lilome.at\/WP\/?page_id=5605"},"modified":"2025-10-16T15:41:26","modified_gmt":"2025-10-16T13:41:26","slug":"trail-of-secrets","status":"publish","type":"page","link":"https:\/\/lilome.at\/WP\/trail-of-secrets\/","title":{"rendered":"Trail of Secrets"},"content":{"rendered":"\n<p class=\"has-white-color has-text-color has-link-color wp-elements-cf7ade4c2a1d43c48b19c07bfc7214e5\">bei Lilome Verlag<\/p>\n\n\n\n<div class=\"wp-block-media-text is-stacked-on-mobile\" style=\"grid-template-columns:47% auto\"><figure class=\"wp-block-media-text__media\"><img loading=\"lazy\" decoding=\"async\" width=\"658\" height=\"1024\" src=\"http:\/\/lilome.at\/WP\/wp-content\/uploads\/2025\/06\/vorabCover-Jugendroman-Kiddys-corr-cut-658x1024.jpg\" alt=\"\" class=\"wp-image-5607 size-full\" srcset=\"https:\/\/lilome.at\/WP\/wp-content\/uploads\/2025\/06\/vorabCover-Jugendroman-Kiddys-corr-cut-658x1024.jpg 658w, https:\/\/lilome.at\/WP\/wp-content\/uploads\/2025\/06\/vorabCover-Jugendroman-Kiddys-corr-cut-193x300.jpg 193w, https:\/\/lilome.at\/WP\/wp-content\/uploads\/2025\/06\/vorabCover-Jugendroman-Kiddys-corr-cut-768x1196.jpg 768w, https:\/\/lilome.at\/WP\/wp-content\/uploads\/2025\/06\/vorabCover-Jugendroman-Kiddys-corr-cut-987x1536.jpg 987w, https:\/\/lilome.at\/WP\/wp-content\/uploads\/2025\/06\/vorabCover-Jugendroman-Kiddys-corr-cut-300x467.jpg 300w, https:\/\/lilome.at\/WP\/wp-content\/uploads\/2025\/06\/vorabCover-Jugendroman-Kiddys-corr-cut-850x1323.jpg 850w, https:\/\/lilome.at\/WP\/wp-content\/uploads\/2025\/06\/vorabCover-Jugendroman-Kiddys-corr-cut.jpg 995w\" sizes=\"auto, (max-width: 658px) 100vw, 658px\" \/><\/figure><div class=\"wp-block-media-text__content\">\n<p class=\"has-text-color has-link-color wp-elements-5d12e9593789457a03f1eaa2563ff91e\" style=\"color:#8ad1cd;font-size:21px\"><strong><a href=\"http:\/\/lilome.at\/WP\/ena-gruen\/\" data-type=\"link\" data-id=\"http:\/\/lilome.at\/WP\/ena-gruen\/\" target=\"_blank\" rel=\"noreferrer noopener\">Ena Gruen<\/a><\/strong><\/p>\n\n\n\n<p style=\"font-size:25px\"><strong>TRAIL OF SECRETS<\/strong><\/p>\n\n\n\n<p style=\"font-size:21px\"><strong>Das verschollene Gem\u00e4lde<\/strong><\/p>\n\n\n\n<p>Lara und Louisa Barnes sind gar nicht gl\u00fccklich dar\u00fcber, dass sie ihre so hei\u00df ersehnten Weihnachtsferien in einem alten muffigen Kasten von Museum in London verbringen m\u00fcssen. Wie konnte ihnen ihr Dad und Tante Lilly das nur antun? Doch bald entdecken sie, dass irgendetwas Komisches in dem Haus vorgeht.<br>Wer hat die ber\u00fchmten Gem\u00e4lde gestohlen und gibt es wirklich ein verschollenes Kunstwerk, das den neuen Job ihres Vaters als Museumsdirektor retten k\u00f6nnte? Was hat eine Geschichte, die vor mehr als hundert Jahren begonnen hat mit dem allen zu tun? Und welche Rolle spielen die skurrilen Vorlieben f\u00fcr Geheimverstecke des ehemaligen Besitzers Mr. Knox?<br>Lara und Louisa machen sich auf die Suche. Aber, alles, was als willkommene Flucht aus langweiligen Ferientagen beginnt, wird sehr schnell nicht nur ausgesprochen spannend, sondern zum Schluss auch ziemlich gef\u00e4hrlich!<br>K\u00f6nne die beiden Schwestern das geheime R\u00e4tsel um das verschollene Gem\u00e4lde l\u00f6sen?<\/p>\n<\/div><\/div>\n\n\n\n<p class=\"has-white-color has-text-color has-link-color wp-elements-cf7ade4c2a1d43c48b19c07bfc7214e5\">bei Lilome Verlag<\/p>\n\n\n\n<div class=\"wp-block-buttons is-content-justification-center is-layout-flex wp-container-core-buttons-is-layout-1 wp-block-buttons-is-layout-flex\">\n<div class=\"wp-block-button has-custom-width wp-block-button__width-75\"><a class=\"wp-block-button__link has-background wp-element-button\" style=\"background-color:#8ad1cd\"><strong>COMING SUMMER 2026<\/strong><\/a><\/div>\n<\/div>\n\n\n\n<p><\/p>\n\n\n\n<p class=\"has-white-color has-text-color has-link-color wp-elements-1ac2048bb78a80650a24ed780832accd\">Lilome Verlag<\/p>\n\n\n\n<div class=\"wp-block-buttons is-content-justification-space-between is-nowrap is-layout-flex wp-container-core-buttons-is-layout-2 wp-block-buttons-is-layout-flex\">\n<div class=\"wp-block-button has-custom-width wp-block-button__width-25 has-custom-font-size has-small-font-size\"><a class=\"wp-block-button__link has-black-color has-white-background-color has-text-color has-background has-link-color wp-element-button\" href=\"http:\/\/lilome.at\/WP\/\" target=\"_blank\" rel=\"noreferrer noopener\">LILOME<\/a><\/div>\n\n\n\n<div class=\"wp-block-button has-custom-width wp-block-button__width-25 has-custom-font-size has-small-font-size\"><a class=\"wp-block-button__link has-black-color has-white-background-color has-text-color has-background has-link-color wp-element-button\" href=\"http:\/\/lilome.at\/WP\/unsere-buecher\/\" target=\"_blank\" rel=\"noreferrer noopener\">B\u00fccher<\/a><\/div>\n\n\n\n<div class=\"wp-block-button has-custom-width wp-block-button__width-25 has-custom-font-size has-small-font-size\"><a class=\"wp-block-button__link has-black-color has-white-background-color has-text-color has-background has-link-color wp-element-button\" href=\"http:\/\/lilome.at\/WP\/unsere-autorinnen\/\" target=\"_blank\" rel=\"noreferrer noopener\">Autoren<\/a><\/div>\n\n\n\n<div class=\"wp-block-button has-custom-width wp-block-button__width-25 has-custom-font-size has-small-font-size\"><a class=\"wp-block-button__link has-black-color has-white-background-color has-text-color has-background has-link-color wp-element-button\" href=\"http:\/\/lilome.at\/WP\/ueber-lilome\/\" target=\"_blank\" rel=\"noreferrer noopener\">About<\/a><\/div>\n<\/div>\n","protected":false},"excerpt":{"rendered":"<p>bei Lilome Verlag Ena Gruen TRAIL OF SECRETS Das verschollene Gem\u00e4lde Lara und Louisa Barnes sind gar nicht gl\u00fccklich dar\u00fcber, dass sie ihre so hei\u00df ersehnten Weihnachtsferien in einem alten muffigen Kasten von Museum in London verbringen m\u00fcssen. Wie konnte ihnen ihr Dad und Tante Lilly das nur antun? Doch bald entdecken sie, dass irgendetwas&#8230;<\/p>\n","protected":false},"author":1,"featured_media":0,"parent":0,"menu_order":0,"comment_status":"closed","ping_status":"closed","template":"","meta":{"footnotes":""},"class_list":["post-5605","page","type-page","status-publish","hentry"],"_links":{"self":[{"href":"https:\/\/lilome.at\/WP\/wp-json\/wp\/v2\/pages\/5605","targetHints":{"allow":["GET"]}}],"collection":[{"href":"https:\/\/lilome.at\/WP\/wp-json\/wp\/v2\/pages"}],"about":[{"href":"https:\/\/lilome.at\/WP\/wp-json\/wp\/v2\/types\/page"}],"author":[{"embeddable":true,"href":"https:\/\/lilome.at\/WP\/wp-json\/wp\/v2\/users\/1"}],"replies":[{"embeddable":true,"href":"https:\/\/lilome.at\/WP\/wp-json\/wp\/v2\/comments?post=5605"}],"version-history":[{"count":8,"href":"https:\/\/lilome.at\/WP\/wp-json\/wp\/v2\/pages\/5605\/revisions"}],"predecessor-version":[{"id":6240,"href":"https:\/\/lilome.at\/WP\/wp-json\/wp\/v2\/pages\/5605\/revisions\/6240"}],"wp:attachment":[{"href":"https:\/\/lilome.at\/WP\/wp-json\/wp\/v2\/media?parent=5605"}],"curies":[{"name":"wp","href":"https:\/\/api.w.org\/{rel}","templated":true}]}}