{"id":5084,"date":"2025-02-15T08:52:40","date_gmt":"2025-02-15T07:52:40","guid":{"rendered":"https:\/\/lilome.at\/WP\/?page_id=5084"},"modified":"2025-02-15T08:54:57","modified_gmt":"2025-02-15T07:54:57","slug":"verena-gruenwald-buecher","status":"publish","type":"page","link":"https:\/\/lilome.at\/WP\/verena-gruenwald-buecher\/","title":{"rendered":"VERENA GR\u00dcNWALD B\u00fccher"},"content":{"rendered":"\n<p><strong>VERENA GR\u00dcNWALD<\/strong> hat eine beachtenswerte Bandbreite von Schreib- und Stilm\u00f6glichkeiten. Sie arbeitet an Romanen, Kurzgeschichten und Gedichten in den verschiedensten Genres. Auch (er)arbeitet sie mit ihren Kund*innen deren ganz pers\u00f6nlichen biografischen Roman, ausgehend von der Familienhistorie, in denen sie das Fehlen an Fakten mit liebevoller Recherche und einer mutigen Kombination aus Real und Fiktion zu einer faszinierenden Geschichte verwandelt.<br>Sonst reizt sie das Geheimnisvolle und Mystische genauso wie das menschlich \u201eUngew\u00f6hnliche\u201c. Sie hatte schon immer ein Herz f\u00fcr belletristische Au\u00dfenseiter, &nbsp;deren Grundcharakteren sie gerne auf den Grund geht. Auch schreckt sie nicht davor zur\u00fcck, harte Tatsachen unserer Zeit in ihren B\u00fcchern anzusprechen. Doch immer ist Hoffnung das Ziel ihrer Geschichten.<\/p>\n\n\n\n<div class=\"wp-block-media-text is-stacked-on-mobile\" style=\"grid-template-columns:23% auto\"><figure class=\"wp-block-media-text__media\"><img loading=\"lazy\" decoding=\"async\" width=\"642\" height=\"1024\" src=\"http:\/\/lilome.at\/WP\/wp-content\/uploads\/2025\/02\/SCHICKSALSFRAUEN-cover-neu-Teil-1-Mathilda-642x1024.jpg\" alt=\"\" class=\"wp-image-5037 size-full\" srcset=\"https:\/\/lilome.at\/WP\/wp-content\/uploads\/2025\/02\/SCHICKSALSFRAUEN-cover-neu-Teil-1-Mathilda-642x1024.jpg 642w, https:\/\/lilome.at\/WP\/wp-content\/uploads\/2025\/02\/SCHICKSALSFRAUEN-cover-neu-Teil-1-Mathilda-188x300.jpg 188w, https:\/\/lilome.at\/WP\/wp-content\/uploads\/2025\/02\/SCHICKSALSFRAUEN-cover-neu-Teil-1-Mathilda-768x1226.jpg 768w, https:\/\/lilome.at\/WP\/wp-content\/uploads\/2025\/02\/SCHICKSALSFRAUEN-cover-neu-Teil-1-Mathilda-963x1536.jpg 963w, https:\/\/lilome.at\/WP\/wp-content\/uploads\/2025\/02\/SCHICKSALSFRAUEN-cover-neu-Teil-1-Mathilda-1283x2048.jpg 1283w, https:\/\/lilome.at\/WP\/wp-content\/uploads\/2025\/02\/SCHICKSALSFRAUEN-cover-neu-Teil-1-Mathilda.jpg 1410w\" sizes=\"auto, (max-width: 642px) 100vw, 642px\" \/><\/figure><div class=\"wp-block-media-text__content\">\n<p class=\"has-medium-font-size\"><strong>Der erste Band einer unglaublichen Familiengeschichte!<\/strong><\/p>\n\n\n\n<p class=\"has-small-font-size\">Susanne Brown ist die H\u00fcterin der Lebensgeschichten einer Unzahl von herausragenden Frauen, die ihr Leben trotz aller Widrigkeiten und Schicksalsschl\u00e4ge \u00fcber die Zeiten und Generationen gemeistert haben.<\/p>\n\n\n\n<p class=\"has-small-font-size\">Dieser Band ist <strong>Mathilda Leifer<\/strong>, geb. Fiebich aus M\u00e4hrisch Tr\u00fcbau (1821 \u2013 1909) gewidmet. Verena Gr\u00fcnwald schrieb \u00fcber diese unglaubliche Frau:<\/p>\n\n\n\n<blockquote class=\"wp-block-quote is-layout-flow wp-block-quote-is-layout-flow\">\n<p>Auch wenn \u00fcber ihr Leben nur ein einziger, wenig schmeichelhafter Satz bekannt war, war sie eine starke Frau, die mich mit ihrer Geschichte sehr beeindruckt und ber\u00fchrt hat. Auch kam es mir oft so vor, als h\u00e4tte sie mir beim Schreiben immer wieder \u00fcber die Schulter geschaut, und mir die eine oder andere \u201cWahrheit\u201d \u00fcber ihr Leben ins Ohr gefl\u00fcstert. So, oder so \u00e4hnlich, h\u00e4tte ihr Leben verlaufen k\u00f6nnen.Verena Gr\u00fcnwald<\/p>\n<cite>Verena Gr\u00fcnwald<\/cite><\/blockquote>\n\n\n\n<p class=\"has-medium-font-size\"><strong>Ver\u00f6ffentlichung MAI 2025<\/strong><\/p>\n<\/div><\/div>\n","protected":false},"excerpt":{"rendered":"<p>VERENA GR\u00dcNWALD hat eine beachtenswerte Bandbreite von Schreib- und Stilm\u00f6glichkeiten. Sie arbeitet an Romanen, Kurzgeschichten und Gedichten in den verschiedensten Genres. Auch (er)arbeitet sie mit ihren Kund*innen deren ganz pers\u00f6nlichen biografischen Roman, ausgehend von der Familienhistorie, in denen sie das Fehlen an Fakten mit liebevoller Recherche und einer mutigen Kombination aus Real und Fiktion zu&#8230;<\/p>\n","protected":false},"author":1,"featured_media":0,"parent":0,"menu_order":0,"comment_status":"closed","ping_status":"closed","template":"","meta":{"footnotes":""},"class_list":["post-5084","page","type-page","status-publish","hentry"],"_links":{"self":[{"href":"https:\/\/lilome.at\/WP\/wp-json\/wp\/v2\/pages\/5084","targetHints":{"allow":["GET"]}}],"collection":[{"href":"https:\/\/lilome.at\/WP\/wp-json\/wp\/v2\/pages"}],"about":[{"href":"https:\/\/lilome.at\/WP\/wp-json\/wp\/v2\/types\/page"}],"author":[{"embeddable":true,"href":"https:\/\/lilome.at\/WP\/wp-json\/wp\/v2\/users\/1"}],"replies":[{"embeddable":true,"href":"https:\/\/lilome.at\/WP\/wp-json\/wp\/v2\/comments?post=5084"}],"version-history":[{"count":2,"href":"https:\/\/lilome.at\/WP\/wp-json\/wp\/v2\/pages\/5084\/revisions"}],"predecessor-version":[{"id":5088,"href":"https:\/\/lilome.at\/WP\/wp-json\/wp\/v2\/pages\/5084\/revisions\/5088"}],"wp:attachment":[{"href":"https:\/\/lilome.at\/WP\/wp-json\/wp\/v2\/media?parent=5084"}],"curies":[{"name":"wp","href":"https:\/\/api.w.org\/{rel}","templated":true}]}}