{"id":5075,"date":"2025-02-15T08:47:39","date_gmt":"2025-02-15T07:47:39","guid":{"rendered":"https:\/\/lilome.at\/WP\/?page_id=5075"},"modified":"2025-02-26T19:26:56","modified_gmt":"2025-02-26T18:26:56","slug":"julie-goldblum-buecher","status":"publish","type":"page","link":"https:\/\/lilome.at\/WP\/unsere-autorinnen\/julie-goldblum-buecher\/","title":{"rendered":"JULIE GOLDBLUM B\u00fccher"},"content":{"rendered":"\n<p><strong>JULIE GOLDBLUM<\/strong> liebt die Liebe. Wie kann es anders sein, wenn sie im Zeichen der Venus geboren ist. Aus dem Grund schreibt sie schon seit ihrem 12. Lebensjahr Geschichten \u00fcber dieses wohl sch\u00f6nste Gef\u00fchl der Welt, ist doch ihr Lebens-Credo: \u201eLiebe kann es nie genug geben.\u201c Ihre buntgescheckte berufliche Laufbahn hat sie in fr\u00fcheren Jahren auf die verschiedensten Kontinente und zu den sch\u00f6nsten Flecken dieser Welt gef\u00fchrt, die bis heute ihre Inspirationsquelle f\u00fcr einen neuen Roman sind. Heute lebt sie vorrangig in Wien und sch\u00e4tzt an dieser Stadt vor allem die F\u00fclle an Caf\u00e9h\u00e4usern, die sie oft und gerne als zweites Schreibzimmer verwendet.<\/p>\n\n\n\n<p><\/p>\n\n\n\n<div class=\"wp-block-media-text is-stacked-on-mobile\" style=\"grid-template-columns:23% auto\"><figure class=\"wp-block-media-text__media\"><a href=\"https:\/\/www.amazon.de\/MEERESGL%C3%9CCK-Auf-den-Wellen-Liebe\/dp\/B0DNKQW291\/ref=sr_1_1?__mk_de_DE=%C3%85M%C3%85%C5%BD%C3%95%C3%91&amp;crid=1MGKIXJILBQPV&amp;dib=eyJ2IjoiMSJ9.cLqRHF4B__BjszZVBUC98hb3bKbRgMNSCdy9eNXMiMAu9YlK1b9OI6cS9NUBi--FeGzGav8BagvDoes4nUz9krBLyOjeULYgnrwORBX95x8Rqi8UhE6EDhRTOTecBnhfcSREgjt1cxs1jc7Rm2CU22UnJJgU5l3Q_eSq_RPSxCkaPBYIQ87SGuNciY5O96iATQ1qrQaJlWZBrJ1sUj-YvmAFFpaIbeDbPCkruVShSH0.Anry78d6m8l-Vq-GhV_qhwVpmVQtnRfqhSRIw0tkLwE&amp;dib_tag=se&amp;keywords=Meeresgl%C3%BCck+Julie+Goldblum&amp;qid=1739602411&amp;sprefix=meeresgl%C3%BCck+julie+goldblum%2Caps%2C153&amp;sr=8-1\"><img loading=\"lazy\" decoding=\"async\" width=\"388\" height=\"577\" src=\"http:\/\/lilome.at\/WP\/wp-content\/uploads\/2025\/02\/Meeresglueck-Cover-fuer-Lilome-Website.jpg\" alt=\"\" class=\"wp-image-5033 size-full\" srcset=\"https:\/\/lilome.at\/WP\/wp-content\/uploads\/2025\/02\/Meeresglueck-Cover-fuer-Lilome-Website.jpg 388w, https:\/\/lilome.at\/WP\/wp-content\/uploads\/2025\/02\/Meeresglueck-Cover-fuer-Lilome-Website-202x300.jpg 202w\" sizes=\"auto, (max-width: 388px) 100vw, 388px\" \/><\/a><\/figure><div class=\"wp-block-media-text__content\">\n<p class=\"has-medium-font-size\"><strong>Band 1 der wunderbaren Trilogie \u00fcber das Leben, Schicksalsschl\u00e4ge und die ganz gro\u00dfe Liebe!<\/strong><\/p>\n\n\n\n<p>Eine letzte Urlaubswoche im Oktober, bevor der ersehnte Sprung auf der Karriereleiter beginnt. Was gibt es Sch\u00f6neres, denkt sich Sophia, als sie mit ihrer Freundin Mimi nach Paros aufbricht. Doch dann kommt alles ganz anders, als es die ordnungsliebende Personalmanagerin geplant hat: Mimi verliebt sich Hals \u00fcber Kopf in den griechischen Surflehrer Pavlos, und Sophia bringt sich in gef\u00e4hrliche Situationen, aus der sie ausgerechnet der blonde, h\u00fcnenhafte Surfer und Freigeist Mike erretten muss!<br>\u201eAuf den Wellen der Liebe\u201c ist der erste Teil der \u201eMeeresgl\u00fcck\u201c- Erz\u00e4hlung von Julie Goldblum.<\/p>\n\n\n\n<p class=\"has-medium-font-size\"><strong><a href=\"https:\/\/www.amazon.de\/MEERESGL%C3%9CCK-Auf-den-Wellen-Liebe\/dp\/B0DNKQW291\/ref=sr_1_1?__mk_de_DE=%C3%85M%C3%85%C5%BD%C3%95%C3%91&amp;crid=1MGKIXJILBQPV&amp;dib=eyJ2IjoiMSJ9.cLqRHF4B__BjszZVBUC98hb3bKbRgMNSCdy9eNXMiMAu9YlK1b9OI6cS9NUBi--FeGzGav8BagvDoes4nUz9krBLyOjeULYgnrwORBX95x8Rqi8UhE6EDhRTOTecBnhfcSREgjt1cxs1jc7Rm2CU22UnJJgU5l3Q_eSq_RPSxCkaPBYIQ87SGuNciY5O96iATQ1qrQaJlWZBrJ1sUj-YvmAFFpaIbeDbPCkruVShSH0.Anry78d6m8l-Vq-GhV_qhwVpmVQtnRfqhSRIw0tkLwE&amp;dib_tag=se&amp;keywords=Meeresgl%C3%BCck+Julie+Goldblum&amp;qid=1739602411&amp;sprefix=meeresgl%C3%BCck+julie+goldblum%2Caps%2C153&amp;sr=8-1\">Als EBOOK und TASCHENBUCH erh\u00e4ltlich!<\/a><\/strong><\/p>\n<\/div><\/div>\n","protected":false},"excerpt":{"rendered":"<p>JULIE GOLDBLUM liebt die Liebe. Wie kann es anders sein, wenn sie im Zeichen der Venus geboren ist. Aus dem Grund schreibt sie schon seit ihrem 12. Lebensjahr Geschichten \u00fcber dieses wohl sch\u00f6nste Gef\u00fchl der Welt, ist doch ihr Lebens-Credo: \u201eLiebe kann es nie genug geben.\u201c Ihre buntgescheckte berufliche Laufbahn hat sie in fr\u00fcheren Jahren&#8230;<\/p>\n","protected":false},"author":1,"featured_media":0,"parent":4952,"menu_order":0,"comment_status":"closed","ping_status":"closed","template":"","meta":{"footnotes":""},"class_list":["post-5075","page","type-page","status-publish","hentry"],"_links":{"self":[{"href":"https:\/\/lilome.at\/WP\/wp-json\/wp\/v2\/pages\/5075","targetHints":{"allow":["GET"]}}],"collection":[{"href":"https:\/\/lilome.at\/WP\/wp-json\/wp\/v2\/pages"}],"about":[{"href":"https:\/\/lilome.at\/WP\/wp-json\/wp\/v2\/types\/page"}],"author":[{"embeddable":true,"href":"https:\/\/lilome.at\/WP\/wp-json\/wp\/v2\/users\/1"}],"replies":[{"embeddable":true,"href":"https:\/\/lilome.at\/WP\/wp-json\/wp\/v2\/comments?post=5075"}],"version-history":[{"count":2,"href":"https:\/\/lilome.at\/WP\/wp-json\/wp\/v2\/pages\/5075\/revisions"}],"predecessor-version":[{"id":5083,"href":"https:\/\/lilome.at\/WP\/wp-json\/wp\/v2\/pages\/5075\/revisions\/5083"}],"up":[{"embeddable":true,"href":"https:\/\/lilome.at\/WP\/wp-json\/wp\/v2\/pages\/4952"}],"wp:attachment":[{"href":"https:\/\/lilome.at\/WP\/wp-json\/wp\/v2\/media?parent=5075"}],"curies":[{"name":"wp","href":"https:\/\/api.w.org\/{rel}","templated":true}]}}