{"id":5065,"date":"2025-02-15T08:39:14","date_gmt":"2025-02-15T07:39:14","guid":{"rendered":"https:\/\/lilome.at\/WP\/?page_id=5065"},"modified":"2025-02-22T07:59:58","modified_gmt":"2025-02-22T06:59:58","slug":"chloe-silva-buecher","status":"publish","type":"page","link":"https:\/\/lilome.at\/WP\/chloe-silva-buecher\/","title":{"rendered":"CHLOE SILVA B\u00fccher"},"content":{"rendered":"\n<p>Kurz und knackig darf es bei <strong>CHLOE SILVA<\/strong> sein. Als vielbesch\u00e4ftigte Frau hatte sie fr\u00fcher nie genug Zeit, um lange Romane zu lesen. Stetig war sie auf der Suche nach am\u00fcsanten und vor allem kurzen Lesevergn\u00fcgungen, wurde aber nicht so oft f\u00fcndig, wie sie es gerne gehabt und gebraucht h\u00e4tte, um ein paar U-Bahn Stationen oder Wartezeiten am Flughafen oder in Arztpraxen aufs angenehmste zu verbringen. Jetzt schreibt sie ihre eigenen Kurzromane genau in dieser Zeit, und ist unsere erste Autorin in unserem Lilome Shortbread-Verlag.<\/p>\n\n\n\n<div class=\"wp-block-media-text is-stacked-on-mobile\" style=\"grid-template-columns:29% auto\"><figure class=\"wp-block-media-text__media\"><img loading=\"lazy\" decoding=\"async\" width=\"642\" height=\"1024\" src=\"http:\/\/lilome.at\/WP\/wp-content\/uploads\/2025\/02\/Cover-Be-my-Valentine-Chloe-Silva-642x1024.jpg\" alt=\"\" class=\"wp-image-5025 size-full\" srcset=\"https:\/\/lilome.at\/WP\/wp-content\/uploads\/2025\/02\/Cover-Be-my-Valentine-Chloe-Silva-642x1024.jpg 642w, https:\/\/lilome.at\/WP\/wp-content\/uploads\/2025\/02\/Cover-Be-my-Valentine-Chloe-Silva-188x300.jpg 188w, https:\/\/lilome.at\/WP\/wp-content\/uploads\/2025\/02\/Cover-Be-my-Valentine-Chloe-Silva-768x1226.jpg 768w, https:\/\/lilome.at\/WP\/wp-content\/uploads\/2025\/02\/Cover-Be-my-Valentine-Chloe-Silva-963x1536.jpg 963w, https:\/\/lilome.at\/WP\/wp-content\/uploads\/2025\/02\/Cover-Be-my-Valentine-Chloe-Silva-1283x2048.jpg 1283w, https:\/\/lilome.at\/WP\/wp-content\/uploads\/2025\/02\/Cover-Be-my-Valentine-Chloe-Silva.jpg 1410w\" sizes=\"auto, (max-width: 642px) 100vw, 642px\" \/><\/figure><div class=\"wp-block-media-text__content\">\n<p class=\"has-medium-font-size\"><strong>Eine hinrei\u00dfend witzige Geschichte \u00fcber zwei Menschen, deren Lebensgeschichte unterschiedlicher nicht sein kann!<\/strong> <\/p>\n\n\n\n<p class=\"has-small-font-size\">Was war nur aus seinem angenehmen und privilegierten Leben geworden?! Val Bennett kann es nicht fassen, als er sich nach einem aufsehenerregenden Crash mit seiner Million\u00e4rs-Verlobten so pl\u00f6tzlich nicht nur in seiner alten Heimatstadt Wien, sondern auch noch dazu in einer M\u00fcllkippe von Wohnung wieder findet. Wie soll es ihm da m\u00f6glich sein, kreativ zu arbeiten!&nbsp; Als dann auch noch die Gefahr droht, dass ihm die gesamte Meute der Klatschpresse auf die Spur kommt, ist ihm absolut klar: Er braucht Hilfe! Und das schnell!<\/p>\n\n\n\n<p class=\"has-small-font-size\">&nbsp;Jenny ist verzweifelt. Was konnte in ihrem Leben denn eigentlich noch alles schiefgehen?! Nicht nur schiebt sie bei ihrem schlecht bezahlten Job in einem Coffee-Shop jede Menge \u00dcberstunden, mit denen sie sich gerade \u00fcber Wasser halten kann, sondern l\u00e4uft jetzt auch noch Gefahr innerhalb von sieben Tagen ihre Wohnung zu verlieren. Die Alternative ist entweder Obdachlosigkeit, oder zur\u00fcck zu ihrer verhassten Familie zu m\u00fcssen, wo ihr eine ganze andere Gefahr droht. Schnell wird ihr klar: Sie braucht einen weiteren Job! Und das ganz schnell!<\/p>\n\n\n\n<p><\/p>\n\n\n\n<p class=\"has-medium-font-size\"><strong><a href=\"https:\/\/www.amazon.de\/dp\/B0DX7F1T86\/ref=sr_1_1?__mk_de_DE=%C3%85M%C3%85%C5%BD%C3%95%C3%91&amp;crid=15KID854BWJC&amp;dib=eyJ2IjoiMSJ9.I_b97zthc2cTvqPBKVSLJwg8xFsZ5rLXzTeEeLKLkFxZChJye3aXmKcL2b6wytYW0s-yVxCIxnGvhbbz7yY6oRZVBVEMQpYZkLl-92xKUTjgoJ-IneEUiXFD1__5GdUBppbEeHNdFMCSG10LpghqzL0x-EvT6KWdcCzYSe8He88mxesrotj82KF8ZMiqDsADV9BuWYjPFDTfxKPZaU7vc7XfWDyADTxNvP5HgM_2mu0.VAzSDiBNc-RB-dl_LL65ffItgkmPFKKiDCdpxxZmcVQ&amp;dib_tag=se&amp;keywords=Be+my+Valentine+chloe+silva&amp;qid=1739547320&amp;sprefix=be+my+valentine+chloe+silva%2Caps%2C254&amp;sr=8-1\">Als EBOOK und TASCHENBUCH erh\u00e4ltlich.<\/a> <\/strong><\/p>\n<\/div><\/div>\n","protected":false},"excerpt":{"rendered":"<p>Kurz und knackig darf es bei CHLOE SILVA sein. Als vielbesch\u00e4ftigte Frau hatte sie fr\u00fcher nie genug Zeit, um lange Romane zu lesen. Stetig war sie auf der Suche nach am\u00fcsanten und vor allem kurzen Lesevergn\u00fcgungen, wurde aber nicht so oft f\u00fcndig, wie sie es gerne gehabt und gebraucht h\u00e4tte, um ein paar U-Bahn Stationen&#8230;<\/p>\n","protected":false},"author":1,"featured_media":0,"parent":0,"menu_order":0,"comment_status":"closed","ping_status":"closed","template":"","meta":{"footnotes":""},"class_list":["post-5065","page","type-page","status-publish","hentry"],"_links":{"self":[{"href":"https:\/\/lilome.at\/WP\/wp-json\/wp\/v2\/pages\/5065","targetHints":{"allow":["GET"]}}],"collection":[{"href":"https:\/\/lilome.at\/WP\/wp-json\/wp\/v2\/pages"}],"about":[{"href":"https:\/\/lilome.at\/WP\/wp-json\/wp\/v2\/types\/page"}],"author":[{"embeddable":true,"href":"https:\/\/lilome.at\/WP\/wp-json\/wp\/v2\/users\/1"}],"replies":[{"embeddable":true,"href":"https:\/\/lilome.at\/WP\/wp-json\/wp\/v2\/comments?post=5065"}],"version-history":[{"count":3,"href":"https:\/\/lilome.at\/WP\/wp-json\/wp\/v2\/pages\/5065\/revisions"}],"predecessor-version":[{"id":5124,"href":"https:\/\/lilome.at\/WP\/wp-json\/wp\/v2\/pages\/5065\/revisions\/5124"}],"wp:attachment":[{"href":"https:\/\/lilome.at\/WP\/wp-json\/wp\/v2\/media?parent=5065"}],"curies":[{"name":"wp","href":"https:\/\/api.w.org\/{rel}","templated":true}]}}