{"id":5985,"date":"2025-06-17T14:43:54","date_gmt":"2025-06-17T12:43:54","guid":{"rendered":"http:\/\/lilome.at\/WP\/?page_id=5985"},"modified":"2025-10-17T09:23:28","modified_gmt":"2025-10-17T07:23:28","slug":"sonnenstern","status":"publish","type":"page","link":"http:\/\/lilome.at\/WP\/sonnenstern\/","title":{"rendered":"SONNENSTERN"},"content":{"rendered":"\n<p class=\"has-white-color has-text-color has-link-color wp-elements-1ac2048bb78a80650a24ed780832accd\">Lilome Verlag<\/p>\n\n\n\n<div class=\"wp-block-media-text is-stacked-on-mobile\" style=\"grid-template-columns:38% auto\"><figure class=\"wp-block-media-text__media\"><img loading=\"lazy\" decoding=\"async\" width=\"336\" height=\"534\" src=\"http:\/\/lilome.at\/WP\/wp-content\/uploads\/2025\/06\/Sonnenstern-cover-2025-vgw.jpg\" alt=\"\" class=\"wp-image-5783 size-full\" srcset=\"http:\/\/lilome.at\/WP\/wp-content\/uploads\/2025\/06\/Sonnenstern-cover-2025-vgw.jpg 336w, http:\/\/lilome.at\/WP\/wp-content\/uploads\/2025\/06\/Sonnenstern-cover-2025-vgw-189x300.jpg 189w, http:\/\/lilome.at\/WP\/wp-content\/uploads\/2025\/06\/Sonnenstern-cover-2025-vgw-300x477.jpg 300w\" sizes=\"auto, (max-width: 336px) 100vw, 336px\" \/><\/figure><div class=\"wp-block-media-text__content\">\n<p class=\"has-text-color has-link-color wp-elements-d472badb32fbb7893a5c83321accb4f9\" style=\"color:#8ad1cd;font-size:20px\"><a href=\"http:\/\/lilome.at\/WP\/verena-gruenwald\/\" data-type=\"page\" data-id=\"5398\" target=\"_blank\" rel=\"noreferrer noopener\"><strong>Verena Gr\u00fcnwald<\/strong><\/a><\/p>\n\n\n\n<p style=\"font-size:25px\"><strong>SONNENSTERN<\/strong><\/p>\n\n\n\n<p>Der Anfang und der Aufstieg. Das Sein und die Orientierung. Das Ist und das War.<br>F\u00fcr eine Vision und eine gro\u00dfe Liebe.<\/p>\n\n\n\n<p>Liv hat Schlimmes erlebt und braucht eine Auszeit. Oliver steht vor den Tr\u00fcmmern seiner Existenz und wei\u00df nicht, wie es weiter gehen soll. Beide finden sich durch schicksalhafte M\u00e4chte in einem Gutshaus auf einer Insel wieder und k\u00f6nnen sich auf den ersten Blick nicht leiden. Doch was hat Olivers Gro\u00dftante Mariella und der vom Leben gebeutelte Junge Kevin mit der ganzen Sache zu tun, und wer ist die geheimnisvolle Selene, die aus einer ganz anderen Welt immer wieder einzugreifen scheint?<\/p>\n<\/div><\/div>\n\n\n\n<p class=\"has-white-color has-text-color has-link-color wp-elements-d4bebc32e0868d3550befb2b774b7f96\">von Lilome Verlag<\/p>\n\n\n\n<div class=\"wp-block-buttons is-content-justification-center is-layout-flex wp-container-core-buttons-is-layout-1 wp-block-buttons-is-layout-flex\">\n<div class=\"wp-block-button has-custom-width wp-block-button__width-75\"><a class=\"wp-block-button__link has-background wp-element-button\" style=\"background-color:#8ad1cd\"><strong>Coming soon<\/strong><\/a><\/div>\n<\/div>\n\n\n\n<p class=\"has-white-color has-text-color has-link-color wp-elements-159d9b23980bf0e7f6346e2011be4a50\">Lilome VErlag<\/p>\n\n\n\n<div class=\"wp-block-buttons is-content-justification-space-between is-nowrap is-layout-flex wp-container-core-buttons-is-layout-2 wp-block-buttons-is-layout-flex\">\n<div class=\"wp-block-button has-custom-width wp-block-button__width-25 has-custom-font-size has-small-font-size\"><a class=\"wp-block-button__link has-black-color has-white-background-color has-text-color has-background has-link-color wp-element-button\" href=\"http:\/\/lilome.at\/WP\/\" target=\"_blank\" rel=\"noreferrer noopener\">LILOME<\/a><\/div>\n\n\n\n<div class=\"wp-block-button has-custom-width wp-block-button__width-25 has-custom-font-size has-small-font-size\"><a class=\"wp-block-button__link has-black-color has-white-background-color has-text-color has-background has-link-color wp-element-button\" href=\"http:\/\/lilome.at\/WP\/unsere-buecher\/\" target=\"_blank\" rel=\"noreferrer noopener\">B\u00fccher<\/a><\/div>\n\n\n\n<div class=\"wp-block-button has-custom-width wp-block-button__width-25 has-custom-font-size has-small-font-size\"><a class=\"wp-block-button__link has-black-color has-white-background-color has-text-color has-background has-link-color wp-element-button\" href=\"http:\/\/lilome.at\/WP\/unsere-autorinnen\/\" target=\"_blank\" rel=\"noreferrer noopener\">Autoren<\/a><\/div>\n\n\n\n<div class=\"wp-block-button has-custom-width wp-block-button__width-25 has-custom-font-size has-small-font-size\"><a class=\"wp-block-button__link has-black-color has-white-background-color has-text-color has-background has-link-color wp-element-button\" href=\"http:\/\/lilome.at\/WP\/ueber-lilome\/\" target=\"_blank\" rel=\"noreferrer noopener\">About<\/a><\/div>\n<\/div>\n","protected":false},"excerpt":{"rendered":"<p>Lilome Verlag Verena Gr\u00fcnwald SONNENSTERN Der Anfang und der Aufstieg. Das Sein und die Orientierung. Das Ist und das War.F\u00fcr eine Vision und eine gro\u00dfe Liebe. Liv hat Schlimmes erlebt und braucht eine Auszeit. Oliver steht vor den Tr\u00fcmmern seiner Existenz und wei\u00df nicht, wie es weiter gehen soll. Beide finden sich durch schicksalhafte M\u00e4chte&#8230;<\/p>\n","protected":false},"author":1,"featured_media":0,"parent":0,"menu_order":0,"comment_status":"closed","ping_status":"closed","template":"","meta":{"footnotes":""},"class_list":["post-5985","page","type-page","status-publish","hentry"],"_links":{"self":[{"href":"http:\/\/lilome.at\/WP\/wp-json\/wp\/v2\/pages\/5985","targetHints":{"allow":["GET"]}}],"collection":[{"href":"http:\/\/lilome.at\/WP\/wp-json\/wp\/v2\/pages"}],"about":[{"href":"http:\/\/lilome.at\/WP\/wp-json\/wp\/v2\/types\/page"}],"author":[{"embeddable":true,"href":"http:\/\/lilome.at\/WP\/wp-json\/wp\/v2\/users\/1"}],"replies":[{"embeddable":true,"href":"http:\/\/lilome.at\/WP\/wp-json\/wp\/v2\/comments?post=5985"}],"version-history":[{"count":8,"href":"http:\/\/lilome.at\/WP\/wp-json\/wp\/v2\/pages\/5985\/revisions"}],"predecessor-version":[{"id":6259,"href":"http:\/\/lilome.at\/WP\/wp-json\/wp\/v2\/pages\/5985\/revisions\/6259"}],"wp:attachment":[{"href":"http:\/\/lilome.at\/WP\/wp-json\/wp\/v2\/media?parent=5985"}],"curies":[{"name":"wp","href":"https:\/\/api.w.org\/{rel}","templated":true}]}}