{"id":5763,"date":"2025-06-10T16:31:04","date_gmt":"2025-06-10T14:31:04","guid":{"rendered":"http:\/\/lilome.at\/WP\/?page_id=5763"},"modified":"2025-10-17T09:27:23","modified_gmt":"2025-10-17T07:27:23","slug":"shortbread-verlag","status":"publish","type":"page","link":"http:\/\/lilome.at\/WP\/shortbread-verlag\/","title":{"rendered":"Shortbread Verlag"},"content":{"rendered":"\n<p class=\"has-white-color has-text-color has-link-color wp-elements-d6afe353a4fa255e516bfb32dcadc00b\">Lilome Shortbread VerlagVision <\/p>\n\n\n\n<div class=\"wp-block-media-text has-media-on-the-right is-stacked-on-mobile\" style=\"grid-template-columns:auto 21%\"><div class=\"wp-block-media-text__content\">\n<p class=\"has-black-color has-text-color has-link-color wp-elements-ef82939d711dcea7e52e32aa565e2151\">Der<strong> LILOME Shortbread Verlag<\/strong> ist eine Unterkategorie des <a href=\"http:\/\/lilome.at\/WP\/lilome-verlag\/\" target=\"_blank\" rel=\"noreferrer noopener\">LILOME Verlags<\/a>, der sich ausschlie\u00dflich Kurzromane, Kurzgeschichten, Erz\u00e4hlungen oder Gedichtb\u00e4nde publiziert. Dies soll unseren Leser*innen helfen, sofort zu erkennen, um welche Buchl\u00e4nge es sich bei dem vorliegenden Werk handelt.<\/p>\n\n\n\n<p><\/p>\n<\/div><figure class=\"wp-block-media-text__media\"><img loading=\"lazy\" decoding=\"async\" width=\"845\" height=\"1024\" src=\"http:\/\/lilome.at\/WP\/wp-content\/uploads\/2024\/11\/lILOME-Shortbread-Logo-cut-845x1024.jpg\" alt=\"\" class=\"wp-image-4997 size-full\" srcset=\"http:\/\/lilome.at\/WP\/wp-content\/uploads\/2024\/11\/lILOME-Shortbread-Logo-cut-845x1024.jpg 845w, http:\/\/lilome.at\/WP\/wp-content\/uploads\/2024\/11\/lILOME-Shortbread-Logo-cut-248x300.jpg 248w, http:\/\/lilome.at\/WP\/wp-content\/uploads\/2024\/11\/lILOME-Shortbread-Logo-cut-768x931.jpg 768w, http:\/\/lilome.at\/WP\/wp-content\/uploads\/2024\/11\/lILOME-Shortbread-Logo-cut.jpg 921w\" sizes=\"auto, (max-width: 845px) 100vw, 845px\" \/><\/figure><\/div>\n\n\n\n<p class=\"has-white-color has-text-color has-link-color wp-elements-aead13aeb2fd0408a6679a45aa2b0239\">Lilome Shortbread verlag<\/p>\n\n\n\n<p>Hierbei handelt es sich um ein Lesevergn\u00fcgen, das <strong>nicht mehr als 100 bis max. 180 Seiten<\/strong>, oder eine Serie von &nbsp;Kurzgeschichten umfasst, bei der jede Einheit f\u00fcr sich gelesen und genossen werden kann.<\/p>\n\n\n\n<p><\/p>\n\n\n\n<p class=\"has-white-color has-text-color has-link-color wp-elements-0e6cc73eda918dbf9fd9628a96160b96\">Lilome Shortbread<\/p>\n\n\n\n<p class=\"has-text-align-center has-background\" style=\"background-color:#fae3e3;font-size:20px\"><strong><em>Eine Auszeit aus dem Alltag, um f\u00fcr ein paar Seiten einfach auszusteigen, bevor sie wieder in Ihr Leben einsteigen (m\u00fcssen). <\/em><\/strong><\/p>\n\n\n\n<p class=\"has-white-color has-text-color has-link-color wp-elements-0e6cc73eda918dbf9fd9628a96160b96\">Lilome Shortbread<\/p>\n\n\n\n<p>Der <strong>LILOME Shortbread Verlag<\/strong> spricht vor allem die Leser*innen an, die entweder nicht viel Zeit zum schwelgerischen Langzeit-Lesen haben, oder auch manchmal keine Lust dazu.<\/p>\n\n\n\n<p class=\"has-white-color has-text-color has-link-color wp-elements-93032282b64ce5ea1336d9338a5c7461\">Lilome Shortbread Verlag<\/p>\n\n\n\n<p class=\"has-background has-medium-font-size\" style=\"background-color:#8ad1cd\"><strong>Rezept f\u00fcr selbstgemachtes Shortbread gef\u00e4llig?<\/strong><\/p>\n\n\n\n<p>Das Shortbread, ein schottisches, s\u00fc\u00dfen M\u00fcrbteiggeb\u00e4ck, das gerne zum &#8218;F\u00fcnf-Uhr-Tee&#8216; gegessen wird, hat diesem Verlagsteil seinen Namen gegeben. So lange, wie man ben\u00f6tigt um eine gute Tasse Tee (oder Kaffee) und ein Shortbread (oder auch zwei) zu genie\u00dfen, dauern unsere Lesevergn\u00fcgen.<\/p>\n\n\n\n<p><\/p>\n\n\n\n<div class=\"wp-block-media-text is-stacked-on-mobile\" style=\"grid-template-columns:44% auto\"><figure class=\"wp-block-media-text__media\"><img loading=\"lazy\" decoding=\"async\" width=\"1024\" height=\"702\" src=\"http:\/\/lilome.at\/WP\/wp-content\/uploads\/2025\/06\/shortbread-bearb-fuer-website-1024x702.jpg\" alt=\"\" class=\"wp-image-5767 size-full\" srcset=\"http:\/\/lilome.at\/WP\/wp-content\/uploads\/2025\/06\/shortbread-bearb-fuer-website-1024x702.jpg 1024w, http:\/\/lilome.at\/WP\/wp-content\/uploads\/2025\/06\/shortbread-bearb-fuer-website-300x206.jpg 300w, http:\/\/lilome.at\/WP\/wp-content\/uploads\/2025\/06\/shortbread-bearb-fuer-website-768x527.jpg 768w, http:\/\/lilome.at\/WP\/wp-content\/uploads\/2025\/06\/shortbread-bearb-fuer-website-850x583.jpg 850w, http:\/\/lilome.at\/WP\/wp-content\/uploads\/2025\/06\/shortbread-bearb-fuer-website.jpg 1479w\" sizes=\"auto, (max-width: 1024px) 100vw, 1024px\" \/><\/figure><div class=\"wp-block-media-text__content\">\n<p class=\"has-medium-font-size\"><strong>Shortbread klassisch<\/strong><\/p>\n\n\n\n<p>Je nach hergestellter Menge: <\/p>\n\n\n\n<ul class=\"wp-block-list\">\n<li>ein Teil Zucker<\/li>\n\n\n\n<li>zwei Teile gesalzene Butter<\/li>\n\n\n\n<li>drei Teile Mehl<\/li>\n<\/ul>\n\n\n\n<p><\/p>\n<\/div><\/div>\n\n\n\n<p class=\"has-white-color has-text-color has-link-color wp-elements-23e9e1eaacbc260e5400d98bb73b938b\">Shortbread Verlag<\/p>\n\n\n\n<p>Die weiche Butter mit Zucker 3 &#8211; 5 min schaumig aufschlagen. Danach das Mehl mit den H\u00e4nden einarbeiten. Teig gut eine Stunde im K\u00fchlschrank rasten lassen. Zu einem fingerdicken Rechteck ausrollen und die beliebteste Form: quaderf\u00f6rmige, fingerlange St\u00fccke schneiden. Mit einem Holzst\u00e4bchen mehrer L\u00f6cher in das Shortbread stechen, damit diese beim Backen nicht auseinanderlaufen. Bei vorgeheizten 160 Grad Umluft ca. 20 &#8211; 22 min. goldgelb backen. Halten sich sicher eine Kurzroman-L\u00e4nge gut verschlossen in einer h\u00fcbschen Blechdose \ud83d\ude42<\/p>\n\n\n\n<p><\/p>\n\n\n\n<hr class=\"wp-block-separator has-text-color has-alpha-channel-opacity has-background\" style=\"background-color:#f3bcc2;color:#f3bcc2\"\/>\n\n\n\n<p class=\"has-text-align-center has-text-color has-link-color wp-elements-564e1a1b5a47ed7c256c5004d4f25f93\" style=\"color:#8ad1cd;font-size:20px\"><strong><a href=\"http:\/\/lilome.at\/WP\/lilome-shortbread-buecher\/\" target=\"_blank\" rel=\"noreferrer noopener\">Und hier geht es zu unseren Shortbread-B\u00fcchern \ud83d\ude42<\/a><\/strong><\/p>\n\n\n\n<p><\/p>\n\n\n\n<p class=\"has-text-align-center has-text-color has-link-color wp-elements-0142b8ac4cc37cb36fe4851a50b983d9\" style=\"color:#f3bcc2;font-size:20px\"><strong><a href=\"http:\/\/lilome.at\/WP\/unsere-autorinnen\/\" target=\"_blank\" rel=\"noreferrer noopener\">Und zu unseren Autorinnen \ud83d\ude42<\/a><\/strong><\/p>\n\n\n\n<p class=\"has-white-color has-text-color has-link-color wp-elements-159d9b23980bf0e7f6346e2011be4a50\">Lilome VErlag<\/p>\n\n\n\n<div class=\"wp-block-buttons is-content-justification-space-between is-nowrap is-layout-flex wp-container-core-buttons-is-layout-1 wp-block-buttons-is-layout-flex\">\n<div class=\"wp-block-button has-custom-width wp-block-button__width-25 has-custom-font-size has-small-font-size\"><a class=\"wp-block-button__link has-black-color has-white-background-color has-text-color has-background has-link-color wp-element-button\" href=\"http:\/\/lilome.at\/WP\/\" target=\"_blank\" rel=\"noreferrer noopener\">LILOME<\/a><\/div>\n\n\n\n<div class=\"wp-block-button has-custom-width wp-block-button__width-25 has-custom-font-size has-small-font-size\"><a class=\"wp-block-button__link has-black-color has-white-background-color has-text-color has-background has-link-color wp-element-button\" href=\"http:\/\/lilome.at\/WP\/unsere-buecher\/\" target=\"_blank\" rel=\"noreferrer noopener\">B\u00fccher<\/a><\/div>\n\n\n\n<div class=\"wp-block-button has-custom-width wp-block-button__width-25 has-custom-font-size has-small-font-size\"><a class=\"wp-block-button__link has-black-color has-white-background-color has-text-color has-background has-link-color wp-element-button\" href=\"http:\/\/lilome.at\/WP\/unsere-autorinnen\/\" target=\"_blank\" rel=\"noreferrer noopener\">Autoren<\/a><\/div>\n\n\n\n<div class=\"wp-block-button has-custom-width wp-block-button__width-25 has-custom-font-size has-small-font-size\"><a class=\"wp-block-button__link has-black-color has-white-background-color has-text-color has-background has-link-color wp-element-button\" href=\"http:\/\/lilome.at\/WP\/ueber-lilome\/\" target=\"_blank\" rel=\"noreferrer noopener\">About<\/a><\/div>\n<\/div>\n","protected":false},"excerpt":{"rendered":"<p>Lilome Shortbread VerlagVision Der LILOME Shortbread Verlag ist eine Unterkategorie des LILOME Verlags, der sich ausschlie\u00dflich Kurzromane, Kurzgeschichten, Erz\u00e4hlungen oder Gedichtb\u00e4nde publiziert. Dies soll unseren Leser*innen helfen, sofort zu erkennen, um welche Buchl\u00e4nge es sich bei dem vorliegenden Werk handelt. Lilome Shortbread verlag Hierbei handelt es sich um ein Lesevergn\u00fcgen, das nicht mehr als 100&#8230;<\/p>\n","protected":false},"author":1,"featured_media":0,"parent":0,"menu_order":0,"comment_status":"closed","ping_status":"closed","template":"","meta":{"footnotes":""},"class_list":["post-5763","page","type-page","status-publish","hentry"],"_links":{"self":[{"href":"http:\/\/lilome.at\/WP\/wp-json\/wp\/v2\/pages\/5763","targetHints":{"allow":["GET"]}}],"collection":[{"href":"http:\/\/lilome.at\/WP\/wp-json\/wp\/v2\/pages"}],"about":[{"href":"http:\/\/lilome.at\/WP\/wp-json\/wp\/v2\/types\/page"}],"author":[{"embeddable":true,"href":"http:\/\/lilome.at\/WP\/wp-json\/wp\/v2\/users\/1"}],"replies":[{"embeddable":true,"href":"http:\/\/lilome.at\/WP\/wp-json\/wp\/v2\/comments?post=5763"}],"version-history":[{"count":12,"href":"http:\/\/lilome.at\/WP\/wp-json\/wp\/v2\/pages\/5763\/revisions"}],"predecessor-version":[{"id":6269,"href":"http:\/\/lilome.at\/WP\/wp-json\/wp\/v2\/pages\/5763\/revisions\/6269"}],"wp:attachment":[{"href":"http:\/\/lilome.at\/WP\/wp-json\/wp\/v2\/media?parent=5763"}],"curies":[{"name":"wp","href":"https:\/\/api.w.org\/{rel}","templated":true}]}}