{"id":5728,"date":"2025-06-10T11:23:52","date_gmt":"2025-06-10T09:23:52","guid":{"rendered":"http:\/\/lilome.at\/WP\/?page_id=5728"},"modified":"2025-10-17T09:27:04","modified_gmt":"2025-10-17T07:27:04","slug":"lilome-verlag","status":"publish","type":"page","link":"http:\/\/lilome.at\/WP\/lilome-verlag\/","title":{"rendered":"Lilome Verlag"},"content":{"rendered":"\n<p class=\"has-white-color has-text-color has-link-color wp-elements-9528d6f4ef72f8a22845419233ae841e\">Lilome Verla<\/p>\n\n\n\n<div class=\"wp-block-media-text has-media-on-the-right is-stacked-on-mobile\" style=\"grid-template-columns:auto 25%\"><div class=\"wp-block-media-text__content\">\n<h3 class=\"wp-block-heading has-text-align-left has-text-color has-link-color has-superbfont-large-font-size wp-elements-a52334bb1b822312f3cae85380bce659\" style=\"color:#8ad1cd\"><strong>Unsere Vision<\/strong><\/h3>\n\n\n\n<p>Der <strong>LILOME VERLAG <\/strong>zeichnet sich durch ein kleines, aber mit Liebe ausgew\u00e4hltes Programm aus, bei dem der <strong>Hauptaugenmerk <\/strong>auf das Positive und die Lichtblicke im Leben gelegt ist, auch wenn der Weg bis dahin vielleicht manchmal hart und steinig war. <\/p>\n\n\n\n<p><strong>LILOME<\/strong> steht nicht umsonst als Abk\u00fcrzung f\u00fcr:<\/p>\n<\/div><figure class=\"wp-block-media-text__media\"><img loading=\"lazy\" decoding=\"async\" width=\"1024\" height=\"1024\" src=\"http:\/\/lilome.at\/WP\/wp-content\/uploads\/2025\/05\/Logo-Lilome-von-Martin-1024x1024.png\" alt=\"\" class=\"wp-image-5363 size-full\" srcset=\"http:\/\/lilome.at\/WP\/wp-content\/uploads\/2025\/05\/Logo-Lilome-von-Martin-1024x1024.png 1024w, http:\/\/lilome.at\/WP\/wp-content\/uploads\/2025\/05\/Logo-Lilome-von-Martin-300x300.png 300w, http:\/\/lilome.at\/WP\/wp-content\/uploads\/2025\/05\/Logo-Lilome-von-Martin-150x150.png 150w, http:\/\/lilome.at\/WP\/wp-content\/uploads\/2025\/05\/Logo-Lilome-von-Martin-768x768.png 768w, http:\/\/lilome.at\/WP\/wp-content\/uploads\/2025\/05\/Logo-Lilome-von-Martin-1536x1536.png 1536w, http:\/\/lilome.at\/WP\/wp-content\/uploads\/2025\/05\/Logo-Lilome-von-Martin-2048x2048.png 2048w, http:\/\/lilome.at\/WP\/wp-content\/uploads\/2025\/05\/Logo-Lilome-von-Martin-850x850.png 850w\" sizes=\"auto, (max-width: 1024px) 100vw, 1024px\" \/><\/figure><\/div>\n\n\n\n<p class=\"has-white-color has-text-color has-link-color wp-elements-672145c362de879b23a8841deb3172ac\">g<\/p>\n\n\n\n<pre class=\"wp-block-verse has-text-align-center has-background\" style=\"background-color:#f3bcc2;font-size:25px\"><em><strong>\u201eLIfe LOves ME&nbsp;\u2013 if I let it.\u201c<\/strong><\/em><br><\/pre>\n\n\n\n<div class=\"wp-block-group alignfull\"><div class=\"wp-block-group__inner-container is-layout-flow wp-block-group-is-layout-flow\">\n<p class=\"has-white-color has-text-color has-link-color wp-elements-1ac2048bb78a80650a24ed780832accd\">Lilome Verlag<\/p>\n\n\n\n<p class=\"has-black-color has-text-color has-link-color wp-elements-c4e6274bed7a7a0479c2e1ce82869626\">Eine Unterkategorie ist der <strong><a href=\"http:\/\/lilome.at\/WP\/shortbread-verlag\/\" target=\"_blank\" rel=\"noreferrer noopener\">LILOME Shortbread Verlag<\/a><\/strong>, der rein Kurzromane ver\u00f6ffentlicht.<\/p>\n\n\n\n<p class=\"has-text-align-left has-black-color has-text-color has-link-color wp-elements-6250758ab071c45e056d3ef1379e73ad\" style=\"font-size:16px\">Jedoch egal bei welchem Verlag und in welcher K\u00fcrze: In all unseren <a href=\"http:\/\/lilome.at\/WP\/unsere-autorinnen\/\">Autorinnen <\/a>brennt ein <strong>Gedanke<\/strong>, w\u00e4hrend sie ihre Romane, Serien, Kurzgeschichten oder Fachb\u00fccher bzw. Ratgeber schreiben:<\/p>\n\n\n\n<p><\/p>\n<\/div><\/div>\n\n\n\n<ul class=\"wp-block-list\">\n<li style=\"font-size:16px\"><em>Liebe und lebe das Leben, egal wie die Umst\u00e4nde gerade sind.<\/em><\/li>\n\n\n\n<li style=\"font-size:16px\"><em>Stehe nach Schicksalsschl\u00e4gen wieder auf; Liegen bleiben ist sowieso keine Option. <\/em><\/li>\n\n\n\n<li style=\"font-size:16px\"><em>Lerne aus der Vergangenheit, aber weder verstecke dich hinter ihr, noch bleibe in ihr stecken. <\/em><\/li>\n\n\n\n<li style=\"font-size:16px\"><em>Die Freiheit ist eines der h\u00f6chsten G\u00fcter: Gewinne sie wieder, wenn du das Gef\u00fchl hast, sie ist verloren gegangen &#8211; absolut und ohne Kompromisse.<\/em><\/li>\n\n\n\n<li style=\"font-size:16px\"><em>Entlasse dein pers\u00f6nliches Potential hinaus in die Welt. Jetzt. <\/em><\/li>\n<\/ul>\n\n\n\n<p><\/p>\n\n\n\n<p class=\"has-text-align-left has-black-color has-text-color has-link-color wp-elements-533c7cafd8ba3a95a2a5a834f8899137\" style=\"font-size:16px\">Das sind die Attribute, die im Mittelpunkt unseres Programmes stehen. Dabei darf nat\u00fcrlich ein bisschen <a href=\"http:\/\/lilome.at\/WP\/romane\/\" target=\"_blank\" rel=\"noreferrer noopener\">Mystik und Fantasy<\/a>, aber auch <a href=\"http:\/\/lilome.at\/WP\/crime\/\" target=\"_blank\" rel=\"noreferrer noopener\">Soft Crime<\/a>, <a href=\"http:\/\/lilome.at\/WP\/sachbuecher\/\" target=\"_blank\" rel=\"noreferrer noopener\">Wissenswertes<\/a> und vor allem <a href=\"http:\/\/lilome.at\/WP\/romance\/\" target=\"_blank\" rel=\"noreferrer noopener\">ganz viel Liebe<\/a> nicht fehlen.<\/p>\n\n\n\n<p class=\"has-white-color has-text-color has-link-color wp-elements-1ac2048bb78a80650a24ed780832accd\">Lilome Verlag<\/p>\n\n\n\n<p class=\"has-medium-font-size\"><strong>Was w\u00fcnschen wir unseren Leser*innen?<\/strong><\/p>\n\n\n\n<p style=\"font-size:16px\">Eine herrliche (Aus)Zeit beim Lesen voller Lachen, Spannung und manchmal vielleicht auch der einen oder anderen Tr\u00e4ne; die Erschlie\u00dfung von Neuland und Wissen sowie die Anregung einen mutigen Schritt tun zu k\u00f6nnen und die Hoffnung auf eine gute, individuelle und kollektive Welt. Aber vor allem:<\/p>\n\n\n\n<p class=\"has-text-align-center has-background\" style=\"background-color:#8ad1cd;font-size:20px\"><em><strong>Nur noch ein Kapitel, versprochen!<\/strong><\/em><\/p>\n\n\n\n<p style=\"font-size:16px\"><\/p>\n\n\n\n<p class=\"has-text-align-center has-text-color has-link-color wp-elements-dd6344814de69cb2c9d4248278e92386\" style=\"color:#f3bcc2;font-size:20px\"><strong><a href=\"http:\/\/lilome.at\/WP\/unsere-buecher\/\" target=\"_blank\" rel=\"noreferrer noopener\">Und hier geht es zu unseren B\u00fcchern \ud83d\ude42<\/a><\/strong><\/p>\n\n\n\n<p><\/p>\n\n\n\n<p class=\"has-text-align-center has-text-color has-link-color wp-elements-abd7ec607391f90008166f6d2f61b734\" style=\"color:#8ad1cd;font-size:20px\"><strong><a href=\"http:\/\/lilome.at\/WP\/unsere-autorinnen\/\">Und unseren Autorinnen<\/a> \ud83d\ude42<\/strong><\/p>\n\n\n\n<p class=\"has-white-color has-text-color has-link-color wp-elements-159d9b23980bf0e7f6346e2011be4a50\">Lilome VErlag<\/p>\n\n\n\n<div class=\"wp-block-buttons is-content-justification-space-between is-nowrap is-layout-flex wp-container-core-buttons-is-layout-1 wp-block-buttons-is-layout-flex\">\n<div class=\"wp-block-button has-custom-width wp-block-button__width-25 has-custom-font-size has-small-font-size\"><a class=\"wp-block-button__link has-black-color has-white-background-color has-text-color has-background has-link-color wp-element-button\" href=\"http:\/\/lilome.at\/WP\/\" target=\"_blank\" rel=\"noreferrer noopener\">LILOME<\/a><\/div>\n\n\n\n<div class=\"wp-block-button has-custom-width wp-block-button__width-25 has-custom-font-size has-small-font-size\"><a class=\"wp-block-button__link has-black-color has-white-background-color has-text-color has-background has-link-color wp-element-button\" href=\"http:\/\/lilome.at\/WP\/unsere-buecher\/\" target=\"_blank\" rel=\"noreferrer noopener\">B\u00fccher<\/a><\/div>\n\n\n\n<div class=\"wp-block-button has-custom-width wp-block-button__width-25 has-custom-font-size has-small-font-size\"><a class=\"wp-block-button__link has-black-color has-white-background-color has-text-color has-background has-link-color wp-element-button\" href=\"http:\/\/lilome.at\/WP\/unsere-autorinnen\/\" target=\"_blank\" rel=\"noreferrer noopener\">Autoren<\/a><\/div>\n\n\n\n<div class=\"wp-block-button has-custom-width wp-block-button__width-25 has-custom-font-size has-small-font-size\"><a class=\"wp-block-button__link has-black-color has-white-background-color has-text-color has-background has-link-color wp-element-button\" href=\"http:\/\/lilome.at\/WP\/ueber-lilome\/\" target=\"_blank\" rel=\"noreferrer noopener\">About<\/a><\/div>\n<\/div>\n","protected":false},"excerpt":{"rendered":"<p>Lilome Verla Unsere Vision Der LILOME VERLAG zeichnet sich durch ein kleines, aber mit Liebe ausgew\u00e4hltes Programm aus, bei dem der Hauptaugenmerk auf das Positive und die Lichtblicke im Leben gelegt ist, auch wenn der Weg bis dahin vielleicht manchmal hart und steinig war. LILOME steht nicht umsonst als Abk\u00fcrzung f\u00fcr: g \u201eLIfe LOves ME&nbsp;\u2013&#8230;<\/p>\n","protected":false},"author":1,"featured_media":0,"parent":0,"menu_order":0,"comment_status":"closed","ping_status":"closed","template":"","meta":{"footnotes":""},"class_list":["post-5728","page","type-page","status-publish","hentry"],"_links":{"self":[{"href":"http:\/\/lilome.at\/WP\/wp-json\/wp\/v2\/pages\/5728","targetHints":{"allow":["GET"]}}],"collection":[{"href":"http:\/\/lilome.at\/WP\/wp-json\/wp\/v2\/pages"}],"about":[{"href":"http:\/\/lilome.at\/WP\/wp-json\/wp\/v2\/types\/page"}],"author":[{"embeddable":true,"href":"http:\/\/lilome.at\/WP\/wp-json\/wp\/v2\/users\/1"}],"replies":[{"embeddable":true,"href":"http:\/\/lilome.at\/WP\/wp-json\/wp\/v2\/comments?post=5728"}],"version-history":[{"count":35,"href":"http:\/\/lilome.at\/WP\/wp-json\/wp\/v2\/pages\/5728\/revisions"}],"predecessor-version":[{"id":6268,"href":"http:\/\/lilome.at\/WP\/wp-json\/wp\/v2\/pages\/5728\/revisions\/6268"}],"wp:attachment":[{"href":"http:\/\/lilome.at\/WP\/wp-json\/wp\/v2\/media?parent=5728"}],"curies":[{"name":"wp","href":"https:\/\/api.w.org\/{rel}","templated":true}]}}