{"id":5602,"date":"2025-06-03T18:59:23","date_gmt":"2025-06-03T16:59:23","guid":{"rendered":"http:\/\/lilome.at\/WP\/?page_id=5602"},"modified":"2025-11-22T13:02:37","modified_gmt":"2025-11-22T12:02:37","slug":"romane","status":"publish","type":"page","link":"http:\/\/lilome.at\/WP\/romane\/","title":{"rendered":"Romane &amp; Erz\u00e4hlungen"},"content":{"rendered":"\n<p class=\"has-white-color has-text-color has-link-color wp-elements-3b2165c8b210f3b2123b202140593a3f\">Lilome Verlag  Verlag pr\u00e4sentiert<\/p>\n\n\n\n<p class=\"has-text-align-center has-text-color has-link-color has-medium-font-size wp-elements-2ee6c0df185361f498507847e2ad6059\" style=\"color:#8ad1cd\"><strong><a href=\"http:\/\/lilome.at\/WP\/lilome-verlag\/\" data-type=\"page\" data-id=\"5728\" target=\"_blank\" rel=\"noreferrer noopener\">LILOME Verlag<\/a><\/strong><\/p>\n\n\n\n<p class=\"has-white-color has-text-color has-link-color wp-elements-3b2165c8b210f3b2123b202140593a3f\">Lilome Verlag  Verlag pr\u00e4sentiert<\/p>\n\n\n\n<p class=\"has-black-color has-text-color has-link-color has-medium-font-size wp-elements-e9e18d9eca9a0bd72fffdd40c63b7203\"><strong><a href=\"http:\/\/lilome.at\/WP\/schicksalsfrauen\/\" data-type=\"page\" data-id=\"5438\" target=\"_blank\" rel=\"noreferrer noopener\">SCHICKSALSFRAUEN &#8211; MATHILDA<\/a> von <a href=\"http:\/\/lilome.at\/WP\/verena-gruenwald\/\" data-type=\"page\" data-id=\"5398\" target=\"_blank\" rel=\"noreferrer noopener\">Verena Gr\u00fcnwald<\/a><\/strong><\/p>\n\n\n\n<p class=\"has-white-color has-text-color has-link-color wp-elements-d4bebc32e0868d3550befb2b774b7f96\">von Lilome Verlag<\/p>\n\n\n<div class=\"wp-block-image\">\n<figure class=\"aligncenter size-full is-resized\"><a href=\"http:\/\/lilome.at\/WP\/schicksalsfrauen\/\" target=\"_blank\"><img loading=\"lazy\" decoding=\"async\" width=\"940\" height=\"788\" src=\"http:\/\/lilome.at\/WP\/wp-content\/uploads\/2025\/05\/facebbook-post-instagram-Schicksalsfrauen-1.jpg\" alt=\"\" class=\"wp-image-5251\" style=\"width:539px;height:auto\" srcset=\"http:\/\/lilome.at\/WP\/wp-content\/uploads\/2025\/05\/facebbook-post-instagram-Schicksalsfrauen-1.jpg 940w, http:\/\/lilome.at\/WP\/wp-content\/uploads\/2025\/05\/facebbook-post-instagram-Schicksalsfrauen-1-300x251.jpg 300w, http:\/\/lilome.at\/WP\/wp-content\/uploads\/2025\/05\/facebbook-post-instagram-Schicksalsfrauen-1-768x644.jpg 768w, http:\/\/lilome.at\/WP\/wp-content\/uploads\/2025\/05\/facebbook-post-instagram-Schicksalsfrauen-1-850x713.jpg 850w\" sizes=\"auto, (max-width: 940px) 100vw, 940px\" \/><\/a><\/figure><\/div>\n\n\n<p class=\"has-white-color has-text-color has-link-color wp-elements-1ac2048bb78a80650a24ed780832accd\">Lilome Verlag<\/p>\n\n\n\n<div class=\"wp-block-buttons is-vertical is-content-justification-center is-layout-flex wp-container-core-buttons-is-layout-1 wp-block-buttons-is-layout-flex\">\n<div class=\"wp-block-button has-custom-width wp-block-button__width-75\"><a class=\"wp-block-button__link has-background has-text-align-center wp-element-button\" href=\"https:\/\/www.amazon.de\/Schicksalsfrauen-Mathilda-Verena-Gr%C3%BCnwald\/dp\/B0F6V9B3WS\/ref=sr_1_1?__mk_de_DE=%C3%85M%C3%85%C5%BD%C3%95%C3%91&amp;crid=1S8O5PTPR63QO&amp;dib=eyJ2IjoiMSJ9.z10akxUlCelFF7Sjf69Rk2Jpf75Wgl3rapEErbrS-f5hb6lCP19RiO3s14M2nZOaOtCnc-JSCI9iyWYnl1VP4IZ9MpEX_1b0lzPatdjSuUx6-m_csuEt59RJ8JgaPWn0Rx3MzBsAD6modTnoHHNYzX22Qna-zpiBGMruYGj3-Gc6RVzVD2X29rmky2oEpCyGrCHF5LgwDAvMUksafCbTsZ6aK9vM98dayMHNa0eeTKE.2Ydg71I0iFHAKvV6gzgT41NbaT0_hAZjIZyqBbDEkbM&amp;dib_tag=se&amp;keywords=Verena+gr%C3%BCnwald&amp;qid=1746520393&amp;sprefix=verena+gr%C3%BCnwald%2Caps%2C101&amp;sr=8-1\" style=\"background-color:#8ad1cd\" target=\"_blank\" rel=\"noreferrer noopener\"><strong>TASCHENBUCH JETZT KAUFEN<\/strong><\/a><\/div>\n\n\n\n<div class=\"wp-block-button has-custom-width wp-block-button__width-75\"><a class=\"wp-block-button__link has-background has-text-align-center wp-element-button\" href=\"https:\/\/www.amazon.de\/Schicksalsfrauen-Mathilda-Verena-Gr%C3%BCnwald-ebook\/dp\/B0F6PVYH4L\/ref=tmm_kin_swatch_0?_encoding=UTF8&amp;dib_tag=se&amp;dib=eyJ2IjoiMSJ9.z10akxUlCelFF7Sjf69Rk2Jpf75Wgl3rapEErbrS-f5hb6lCP19RiO3s14M2nZOaOtCnc-JSCI9iyWYnl1VP4IZ9MpEX_1b0lzPatdjSuUx6-m_csuEt59RJ8JgaPWn0Rx3MzBsAD6modTnoHHNYzX22Qna-zpiBGMruYGj3-Gc6RVzVD2X29rmky2oEpCyGrCHF5LgwDAvMUksafCbTsZ6aK9vM98dayMHNa0eeTKE.2Ydg71I0iFHAKvV6gzgT41NbaT0_hAZjIZyqBbDEkbM&amp;qid=1746520393&amp;sr=8-1\" style=\"background-color:#8ad1cd\" target=\"_blank\" rel=\"noreferrer noopener\"><strong>E-BOOK f\u00fcr Kindle<\/strong> <strong>JETZT KAUFEN<\/strong><\/a><\/div>\n\n\n\n<div class=\"wp-block-button has-custom-width wp-block-button__width-75\"><a class=\"wp-block-button__link has-background has-text-align-center wp-element-button\" href=\"https:\/\/www.thalia.at\/shop\/home\/artikeldetails\/A1077349969\" style=\"background-color:#8ad1cd\" target=\"_blank\" rel=\"noreferrer noopener\"><strong>E-BOOK f\u00fcr Tolino JETZT KAUFEN<\/strong><\/a><\/div>\n<\/div>\n\n\n\n<p class=\"has-white-color has-text-color has-link-color wp-elements-1ac2048bb78a80650a24ed780832accd\">Lilome Verlag<\/p>\n\n\n\n<hr class=\"wp-block-separator has-text-color has-alpha-channel-opacity has-background\" style=\"background-color:#fae3e3;color:#fae3e3\"\/>\n\n\n\n<p class=\"has-white-color has-text-color has-link-color wp-elements-1ac2048bb78a80650a24ed780832accd\">Lilome Verlag<\/p>\n\n\n\n<p class=\"has-black-color has-text-color has-link-color has-medium-font-size wp-elements-39558a96860d62ce58202dacc5fb40df\"><a href=\"http:\/\/lilome.at\/WP\/sonnenstern\/\" target=\"_blank\" rel=\"noreferrer noopener\"><strong>SONNENSTERN<\/strong> <\/a><strong>von <a href=\"http:\/\/lilome.at\/WP\/verena-gruenwald\/\" data-type=\"page\" data-id=\"5398\" target=\"_blank\" rel=\"noreferrer noopener\">Verena Gr\u00fcnwald<\/a><\/strong><\/p>\n\n\n\n<p class=\"has-white-color has-text-color has-link-color wp-elements-f44ea0f4962aff86fee449dbd65c3f23\">Lilome vErlag<\/p>\n\n\n<div class=\"wp-block-image\">\n<figure class=\"aligncenter size-full\"><a href=\"http:\/\/lilome.at\/WP\/sonnenstern\/\" target=\"_blank\" rel=\" noreferrer noopener\"><img loading=\"lazy\" decoding=\"async\" width=\"336\" height=\"534\" src=\"http:\/\/lilome.at\/WP\/wp-content\/uploads\/2025\/06\/Sonnenstern-cover-2025-vgw.jpg\" alt=\"\" class=\"wp-image-5783\" srcset=\"http:\/\/lilome.at\/WP\/wp-content\/uploads\/2025\/06\/Sonnenstern-cover-2025-vgw.jpg 336w, http:\/\/lilome.at\/WP\/wp-content\/uploads\/2025\/06\/Sonnenstern-cover-2025-vgw-189x300.jpg 189w, http:\/\/lilome.at\/WP\/wp-content\/uploads\/2025\/06\/Sonnenstern-cover-2025-vgw-300x477.jpg 300w\" sizes=\"auto, (max-width: 336px) 100vw, 336px\" \/><\/a><\/figure><\/div>\n\n\n<p class=\"has-white-color has-text-color has-link-color wp-elements-d4bebc32e0868d3550befb2b774b7f96\">von Lilome Verlag<\/p>\n\n\n\n<p><\/p>\n\n\n\n<div class=\"wp-block-buttons is-content-justification-center is-layout-flex wp-container-core-buttons-is-layout-2 wp-block-buttons-is-layout-flex\">\n<div class=\"wp-block-button has-custom-width wp-block-button__width-75\"><a class=\"wp-block-button__link has-background wp-element-button\" style=\"background-color:#8ad1cd\"><strong>Coming soon<\/strong><\/a><\/div>\n<\/div>\n\n\n\n<p><\/p>\n\n\n\n<p class=\"has-white-color has-text-color has-link-color wp-elements-159d9b23980bf0e7f6346e2011be4a50\">Lilome VErlag<\/p>\n\n\n\n<div class=\"wp-block-buttons is-content-justification-space-between is-nowrap is-layout-flex wp-container-core-buttons-is-layout-3 wp-block-buttons-is-layout-flex\">\n<div class=\"wp-block-button has-custom-width wp-block-button__width-25 has-custom-font-size has-small-font-size\"><a class=\"wp-block-button__link has-black-color has-white-background-color has-text-color has-background has-link-color wp-element-button\" href=\"http:\/\/lilome.at\/WP\/\" target=\"_blank\" rel=\"noreferrer noopener\">LILOME<\/a><\/div>\n\n\n\n<div class=\"wp-block-button has-custom-width wp-block-button__width-25 has-custom-font-size has-small-font-size\"><a class=\"wp-block-button__link has-black-color has-white-background-color has-text-color has-background has-link-color wp-element-button\" href=\"http:\/\/lilome.at\/WP\/unsere-buecher\/\" target=\"_blank\" rel=\"noreferrer noopener\">B\u00fccher<\/a><\/div>\n\n\n\n<div class=\"wp-block-button has-custom-width wp-block-button__width-25 has-custom-font-size has-small-font-size\"><a class=\"wp-block-button__link has-black-color has-white-background-color has-text-color has-background has-link-color wp-element-button\" href=\"http:\/\/lilome.at\/WP\/unsere-autorinnen\/\" target=\"_blank\" rel=\"noreferrer noopener\">Autoren<\/a><\/div>\n\n\n\n<div class=\"wp-block-button has-custom-width wp-block-button__width-25 has-custom-font-size has-small-font-size\"><a class=\"wp-block-button__link has-black-color has-white-background-color has-text-color has-background has-link-color wp-element-button\" href=\"http:\/\/lilome.at\/WP\/ueber-lilome\/\" target=\"_blank\" rel=\"noreferrer noopener\">About<\/a><\/div>\n<\/div>\n\n\n\n<p><\/p>\n","protected":false},"excerpt":{"rendered":"<p>Lilome Verlag Verlag pr\u00e4sentiert LILOME Verlag Lilome Verlag Verlag pr\u00e4sentiert SCHICKSALSFRAUEN &#8211; MATHILDA von Verena Gr\u00fcnwald von Lilome Verlag Lilome Verlag Lilome Verlag Lilome Verlag SONNENSTERN von Verena Gr\u00fcnwald Lilome vErlag von Lilome Verlag Lilome VErlag<\/p>\n","protected":false},"author":1,"featured_media":0,"parent":0,"menu_order":0,"comment_status":"closed","ping_status":"closed","template":"","meta":{"footnotes":""},"class_list":["post-5602","page","type-page","status-publish","hentry"],"_links":{"self":[{"href":"http:\/\/lilome.at\/WP\/wp-json\/wp\/v2\/pages\/5602","targetHints":{"allow":["GET"]}}],"collection":[{"href":"http:\/\/lilome.at\/WP\/wp-json\/wp\/v2\/pages"}],"about":[{"href":"http:\/\/lilome.at\/WP\/wp-json\/wp\/v2\/types\/page"}],"author":[{"embeddable":true,"href":"http:\/\/lilome.at\/WP\/wp-json\/wp\/v2\/users\/1"}],"replies":[{"embeddable":true,"href":"http:\/\/lilome.at\/WP\/wp-json\/wp\/v2\/comments?post=5602"}],"version-history":[{"count":16,"href":"http:\/\/lilome.at\/WP\/wp-json\/wp\/v2\/pages\/5602\/revisions"}],"predecessor-version":[{"id":6425,"href":"http:\/\/lilome.at\/WP\/wp-json\/wp\/v2\/pages\/5602\/revisions\/6425"}],"wp:attachment":[{"href":"http:\/\/lilome.at\/WP\/wp-json\/wp\/v2\/media?parent=5602"}],"curies":[{"name":"wp","href":"https:\/\/api.w.org\/{rel}","templated":true}]}}