{"id":5538,"date":"2025-06-02T16:05:51","date_gmt":"2025-06-02T14:05:51","guid":{"rendered":"http:\/\/lilome.at\/WP\/?page_id=5538"},"modified":"2025-11-29T09:02:26","modified_gmt":"2025-11-29T08:02:26","slug":"meeresglueck-trilogie","status":"publish","type":"page","link":"http:\/\/lilome.at\/WP\/meeresglueck-trilogie\/","title":{"rendered":"Meeresgl\u00fcck Trilogie"},"content":{"rendered":"\n<p class=\"has-white-color has-text-color has-link-color wp-elements-e331c5090638288588f5128e763ac606\">pr\u00e4sentiert von Lilome Verlag<\/p>\n\n\n\n<p class=\"has-black-color has-text-color has-link-color wp-elements-a7e0d44c8e4b22ef26f189fdad3626b2\">Eine wunderbare Romanze von <a href=\"http:\/\/lilome.at\/WP\/julie-goldblum\/\" target=\"_blank\" rel=\"noreferrer noopener\">Julie Goldlbum<\/a> in drei B\u00e4nden: <\/p>\n\n\n\n<p class=\"has-white-color has-text-color has-link-color wp-elements-c645e628e62f8fbab9d9726851472d16\"><\/p>\n\n\n\n<div class=\"wp-block-columns alignwide is-not-stacked-on-mobile is-layout-flex wp-container-core-columns-is-layout-1 wp-block-columns-is-layout-flex\">\n<div class=\"wp-block-column is-vertically-aligned-center is-layout-flow wp-block-column-is-layout-flow\"><div class=\"wp-block-image\">\n<figure class=\"aligncenter size-full\"><a href=\"http:\/\/lilome.at\/WP\/meeresglueck-1\/\" target=\"_blank\"><img loading=\"lazy\" decoding=\"async\" width=\"195\" height=\"296\" src=\"http:\/\/lilome.at\/WP\/wp-content\/uploads\/2025\/10\/MG-1-Cover-mit-Schatten-300-dpi.jpg\" alt=\"\" class=\"wp-image-6275\"\/><\/a><\/figure><\/div>\n\n\n<p class=\"has-text-align-center has-black-color has-text-color has-link-color has-small-font-size wp-elements-f0b48c7b95f573dfa3097436cbea4301\"><a href=\"https:\/\/www.amazon.de\/MEERESGL%C3%9CCK-Auf-den-Wellen-Liebe\/dp\/B0DNKQW291\/ref=sr_1_1?__mk_de_DE=%C3%85M%C3%85%C5%BD%C3%95%C3%91&amp;crid=3331MB7SHAS1P&amp;dib=eyJ2IjoiMSJ9.mP5cN1KK5Qp1D8oB9IqvDriKT8xSTB5K0dauxvjqejjm_vZHG3KiKZnAocHPGZDY-jqyPF4gGrCQCr188Qm3wqyiZFRtpbvgMyfBWt4BAVQoigmt-alixO-NAP4n9uLHOAAJjSCj95ySoyHhIJCrA56bD0D2fDaXEuN1N-h5i1ZxBGE5pz_1T8dTyoyV3OwdabTsHb9Y6WoqUUpNc5O_fzS8aX4W8aBKA5_fhkD5wWg.C2rPJZZGYLfIP7h87NPC9fI_T1_bldBXO2sLXsIbkxA&amp;dib_tag=se&amp;keywords=Meeresgl%C3%BCck+julie+goldblum&amp;qid=1761285443&amp;sprefix=meeresgl%C3%BCck+julie+goldblum%2Caps%2C208&amp;sr=8-1\" target=\"_blank\" rel=\"noreferrer noopener\">Band 1 &#8211; out now!<\/a><\/p>\n<\/div>\n\n\n\n<div class=\"wp-block-column is-vertically-aligned-center is-layout-flow wp-block-column-is-layout-flow\"><div class=\"wp-block-image\">\n<figure class=\"aligncenter size-full\"><a href=\"http:\/\/lilome.at\/WP\/meeresglueck-2\/ \" target=\"_blank\"><img loading=\"lazy\" decoding=\"async\" width=\"190\" height=\"293\" src=\"http:\/\/lilome.at\/WP\/wp-content\/uploads\/2025\/10\/MG-2-Cover-mit-Schatten-300-dpi.jpg\" alt=\"\" class=\"wp-image-6276\"\/><\/a><\/figure><\/div>\n\n\n<p class=\"has-text-align-center has-black-color has-text-color has-link-color has-small-font-size wp-elements-bd11cc77deaea1142911b4486d1c8688\"><a href=\"https:\/\/www.amazon.de\/Meeresgl%C3%BCck-Durch-die-Lichter-Nacht\/dp\/B0G1JR56FS\/ref=sr_1_1?__mk_de_DE=%C3%85M%C3%85%C5%BD%C3%95%C3%91&amp;crid=3VWK6JBPJY4JK&amp;dib=eyJ2IjoiMSJ9.kXFR9NT79blb6EhFx-807WSUIxb6fbOSeO_226nvTPiukASeymwMrHB6bwgKvZ7xL7LZ1w_QS19jgZMugfi7BjUE2zjUt57rKy7DNhWzN92gOjACJqXn2dk2UYPSdMMahsBblnDgmO6QfIKfPRPcsGohbUeJTEmW6Jd9q2QgJ3p1wlZOBueZyjRrczx3rK10b-3-1NTXvSWS0Qd2mDyvaxS8loXM5tg5lBnwYkotB3A.agb4AmR50muomewZBUzZz__YHhhnsqi3t5L9MyEOECs&amp;dib_tag=se&amp;keywords=Julie+Goldblum&amp;qid=1763096886&amp;sprefix=julie+goldblum%2Caps%2C236&amp;sr=8-1\" target=\"_blank\" rel=\"noreferrer noopener\">Band 2 &#8211; out now!<\/a><\/p>\n<\/div>\n\n\n\n<div class=\"wp-block-column is-vertically-aligned-center is-layout-flow wp-block-column-is-layout-flow\"><div class=\"wp-block-image\">\n<figure class=\"aligncenter size-full is-resized\"><a href=\"http:\/\/lilome.at\/WP\/meeresglueck-3\/\" target=\"_blank\"><img loading=\"lazy\" decoding=\"async\" width=\"177\" height=\"269\" src=\"http:\/\/lilome.at\/WP\/wp-content\/uploads\/2025\/10\/MG-3-Cover-mit-Schatten-300-dpi.jpg\" alt=\"\" class=\"wp-image-6277\" style=\"width:184px;height:auto\"\/><\/a><\/figure><\/div>\n\n\n<p class=\"has-text-align-center has-black-color has-text-color has-link-color has-small-font-size wp-elements-dfd96dc45c1e0c251d953768512406eb\"><a href=\"https:\/\/www.amazon.de\/dp\/B0G4FY9CPL\/ref=sr_1_2?__mk_de_DE=%C3%85M%C3%85%C5%BD%C3%95%C3%91&amp;crid=AGRTAJPIID8S&amp;dib=eyJ2IjoiMSJ9.Xl9-sqL4oY92ldZn9me_2gjiSbLK1YAMZlCynR2dDxCu3uSy2pqH3JGuE37hQtTnOBqL5EkmKlzA3UXGKR5TK6bIKmXKM6bYAqmglTQHVGd3sShwTEwWsr0naUaW_02cemTgna4LlU5vSGxKxaRcy0G-yO76sDEn93Rr7KrCiJmWx8dGa0cAB_pIzQPRfYApsu-vwBVL7KqOlYBlvgXwck6-HK913niJdGQOoaZUjx4.xcB8Yel60kH_lFJWdd9MrwK9hwOMZoPodZcjrqUIFi0&amp;dib_tag=se&amp;keywords=Julie+Goldblum&amp;qid=1764398274&amp;sprefix=julie+goldblum%2Caps%2C153&amp;sr=8-2\" target=\"_blank\" rel=\"noreferrer noopener\">Band 3 &#8211; out now!<\/a><\/p>\n<\/div>\n<\/div>\n\n\n\n<p class=\"has-white-color has-text-color has-link-color wp-elements-7e2230bd466b42545c9bfd50c4b0785c\">Lilome Verlag <\/p>\n\n\n\n<p class=\"has-text-align-center has-black-color has-text-color has-link-color wp-elements-eca515f18f5a0f6f74cf2fa2d147ef28\"><strong><a href=\"http:\/\/lilome.at\/WP\/meeresglueck-1\/\" target=\"_blank\" rel=\"noreferrer noopener\">MEERESGL\u00dcCK &#8211; Auf den Wellen der Liebe<\/a><\/strong><\/p>\n\n\n\n<div class=\"wp-block-buttons is-content-justification-center is-layout-flex wp-container-core-buttons-is-layout-1 wp-block-buttons-is-layout-flex\">\n<div class=\"wp-block-button has-custom-width wp-block-button__width-75 has-custom-font-size has-medium-font-size\"><a class=\"wp-block-button__link has-background has-text-align-center wp-element-button\" href=\"https:\/\/www.amazon.de\/MEERESGL%C3%9CCK-Liebe-Wellen-Julie-Goldblum-ebook\/dp\/B07ZTTTMRT\/ref=tmm_kin_swatch_0?_encoding=UTF8&amp;dib_tag=se&amp;dib=eyJ2IjoiMSJ9.mP5cN1KK5Qp1D8oB9IqvDriKT8xSTB5K0dauxvjqejjm_vZHG3KiKZnAocHPGZDY-jqyPF4gGrCQCr188Qm3wqyiZFRtpbvgMyfBWt4BAVQoigmt-alixO-NAP4n9uLHOAAJjSCj95ySoyHhIJCrA56bD0D2fDaXEuN1N-h5i1ZxBGE5pz_1T8dTyoyV3OwdabTsHb9Y6WoqUUpNc5O_fzS8aX4W8aBKA5_fhkD5wWg.C2rPJZZGYLfIP7h87NPC9fI_T1_bldBXO2sLXsIbkxA&amp;qid=1761285443&amp;sr=8-1\" style=\"border-radius:85px;background-color:#8ad1cd\" target=\"_blank\" rel=\"noreferrer noopener\"><strong>E-Book jetzt kaufen<\/strong><\/a><\/div>\n\n\n\n<div class=\"wp-block-button has-custom-width wp-block-button__width-75 has-custom-font-size has-medium-font-size\"><a class=\"wp-block-button__link has-background has-text-align-center wp-element-button\" href=\"https:\/\/www.amazon.de\/MEERESGL%C3%9CCK-Auf-den-Wellen-Liebe\/dp\/B0DNKQW291\/ref=sr_1_1?__mk_de_DE=%C3%85M%C3%85%C5%BD%C3%95%C3%91&amp;crid=3331MB7SHAS1P&amp;dib=eyJ2IjoiMSJ9.mP5cN1KK5Qp1D8oB9IqvDriKT8xSTB5K0dauxvjqejjm_vZHG3KiKZnAocHPGZDY-jqyPF4gGrCQCr188Qm3wqyiZFRtpbvgMyfBWt4BAVQoigmt-alixO-NAP4n9uLHOAAJjSCj95ySoyHhIJCrA56bD0D2fDaXEuN1N-h5i1ZxBGE5pz_1T8dTyoyV3OwdabTsHb9Y6WoqUUpNc5O_fzS8aX4W8aBKA5_fhkD5wWg.C2rPJZZGYLfIP7h87NPC9fI_T1_bldBXO2sLXsIbkxA&amp;dib_tag=se&amp;keywords=Meeresgl%C3%BCck+julie+goldblum&amp;qid=1761285443&amp;sprefix=meeresgl%C3%BCck+julie+goldblum%2Caps%2C208&amp;sr=8-1\" style=\"border-radius:85px;background-color:#8ad1cd\" target=\"_blank\" rel=\"noreferrer noopener\"><strong>Taschenbuch jetzt kaufen<\/strong><\/a><\/div>\n<\/div>\n\n\n\n<p class=\"has-white-color has-text-color has-link-color wp-elements-73eb6561f1010906887593d9be68f2e7\">ck<\/p>\n\n\n\n<p class=\"has-text-align-center has-black-color has-text-color has-link-color wp-elements-3e80e8f26f67bdd9b52c20b618cf976f\"><strong><a href=\"http:\/\/lilome.at\/WP\/meeresglueck-2\/\" target=\"_blank\" rel=\"noreferrer noopener\">MEERESGL\u00dcCK &#8211; Durch die Lichter der Nacht<\/a><\/strong><\/p>\n\n\n\n<div class=\"wp-block-buttons is-content-justification-center is-layout-flex wp-container-core-buttons-is-layout-2 wp-block-buttons-is-layout-flex\">\n<div class=\"wp-block-button has-custom-width wp-block-button__width-75\"><a class=\"wp-block-button__link has-background has-text-align-center wp-element-button\" style=\"background-color:#fae3e2\"><strong>E-Book jetzt kaufen<\/strong><\/a><\/div>\n\n\n\n<div class=\"wp-block-button has-custom-width wp-block-button__width-75\"><a class=\"wp-block-button__link has-background has-text-align-center wp-element-button\" href=\"https:\/\/www.amazon.de\/Meeresgl%C3%BCck-Durch-die-Lichter-Nacht\/dp\/B0G1JR56FS\/ref=sr_1_1?__mk_de_DE=%C3%85M%C3%85%C5%BD%C3%95%C3%91&amp;crid=3VWK6JBPJY4JK&amp;dib=eyJ2IjoiMSJ9.kXFR9NT79blb6EhFx-807WSUIxb6fbOSeO_226nvTPiukASeymwMrHB6bwgKvZ7xL7LZ1w_QS19jgZMugfi7BjUE2zjUt57rKy7DNhWzN92gOjACJqXn2dk2UYPSdMMahsBblnDgmO6QfIKfPRPcsGohbUeJTEmW6Jd9q2QgJ3p1wlZOBueZyjRrczx3rK10b-3-1NTXvSWS0Qd2mDyvaxS8loXM5tg5lBnwYkotB3A.agb4AmR50muomewZBUzZz__YHhhnsqi3t5L9MyEOECs&amp;dib_tag=se&amp;keywords=Julie+Goldblum&amp;qid=1763096886&amp;sprefix=julie+goldblum%2Caps%2C236&amp;sr=8-1\" style=\"background-color:#fae3e2\" target=\"_blank\" rel=\"noreferrer noopener\"><strong>Taschenbuch jetzt kaufen<\/strong><\/a><\/div>\n<\/div>\n\n\n\n<p><\/p>\n\n\n\n<p class=\"has-text-align-center has-black-color has-text-color has-link-color wp-elements-1697961e8c84b570f048f6111924f3dd\"><strong><a href=\"http:\/\/lilome.at\/WP\/meeresglueck-3\/\" target=\"_blank\" rel=\"noreferrer noopener\">MEERESGL\u00dcCK &#8211; Zu den Sternen des Gl\u00fccks<\/a><\/strong><\/p>\n\n\n\n<div class=\"wp-block-buttons is-content-justification-center is-layout-flex wp-container-core-buttons-is-layout-3 wp-block-buttons-is-layout-flex\">\n<div class=\"wp-block-button has-custom-width wp-block-button__width-75\"><a class=\"wp-block-button__link has-background has-text-align-center wp-element-button\" href=\"https:\/\/www.amazon.de\/Meeresgl%C3%BCck-Zu-den-Sternen-Gl%C3%BCcks-ebook\/dp\/B08NY1QZD8\/ref=sr_1_4?__mk_de_DE=%C3%85M%C3%85%C5%BD%C3%95%C3%91&amp;crid=NEBXYU9Y2315&amp;dib=eyJ2IjoiMSJ9.kXFR9NT79blb6EhFx-807WSUIxb6fbOSeO_226nvTPjYa840W8qCB_TrjKSoS-FsRS14zUZb93Gpc711EeFDEDmAOFkkT4wfgghEgm5E-P4qi3F7GV3mpOPiPPmsJRAATJufa0ZPsQNibAeN4sTbxeG31ZCH3NZx01BQrd21J4H3CrOU1nxxNga6etJkAUTP9LCrYeC5cVj-HuzYPIgS7Qj7WMwaU-ICaxwkqNXgWxI.ZWaVBFKczk8UrsR7X_W3Gl_uVLW4bfZSCWsDqcrd0wQ&amp;dib_tag=se&amp;keywords=Julie+Goldblum&amp;qid=1764351277&amp;sprefix=julie+goldblum%2Caps%2C140&amp;sr=8-4\" style=\"background-color:#8ad1cd\" target=\"_blank\" rel=\"noreferrer noopener\"><strong>E-Book jetzt kaufen<\/strong><\/a><\/div>\n\n\n\n<div class=\"wp-block-button has-custom-width wp-block-button__width-75\"><a class=\"wp-block-button__link has-background has-text-align-center wp-element-button\" href=\"https:\/\/www.amazon.de\/dp\/B0G4FY9CPL\/ref=sr_1_2?__mk_de_DE=%C3%85M%C3%85%C5%BD%C3%95%C3%91&amp;crid=AGRTAJPIID8S&amp;dib=eyJ2IjoiMSJ9.Xl9-sqL4oY92ldZn9me_2gjiSbLK1YAMZlCynR2dDxCu3uSy2pqH3JGuE37hQtTnOBqL5EkmKlzA3UXGKR5TK6bIKmXKM6bYAqmglTQHVGd3sShwTEwWsr0naUaW_02cemTgna4LlU5vSGxKxaRcy0G-yO76sDEn93Rr7KrCiJmWx8dGa0cAB_pIzQPRfYApsu-vwBVL7KqOlYBlvgXwck6-HK913niJdGQOoaZUjx4.xcB8Yel60kH_lFJWdd9MrwK9hwOMZoPodZcjrqUIFi0&amp;dib_tag=se&amp;keywords=Julie+Goldblum&amp;qid=1764398274&amp;sprefix=julie+goldblum%2Caps%2C153&amp;sr=8-2\" style=\"background-color:#8ad1cd\" target=\"_blank\" rel=\"noreferrer noopener\"><strong>Taschenbuch jetzt kaufen<\/strong><\/a><\/div>\n<\/div>\n\n\n\n<p><\/p>\n\n\n\n<p class=\"has-white-color has-text-color has-link-color wp-elements-1ac2048bb78a80650a24ed780832accd\">Lilome Verlag<\/p>\n\n\n\n<div class=\"wp-block-buttons is-content-justification-space-between is-nowrap is-layout-flex wp-container-core-buttons-is-layout-4 wp-block-buttons-is-layout-flex\">\n<div class=\"wp-block-button has-custom-width wp-block-button__width-25 has-custom-font-size has-small-font-size\"><a class=\"wp-block-button__link has-black-color has-white-background-color has-text-color has-background has-link-color wp-element-button\" href=\"http:\/\/lilome.at\/WP\/\" target=\"_blank\" rel=\"noreferrer noopener\">LILOME<\/a><\/div>\n\n\n\n<div class=\"wp-block-button has-custom-width wp-block-button__width-25 has-custom-font-size has-small-font-size\"><a class=\"wp-block-button__link has-black-color has-white-background-color has-text-color has-background has-link-color wp-element-button\" href=\"http:\/\/lilome.at\/WP\/unsere-buecher\/\" target=\"_blank\" rel=\"noreferrer noopener\">B\u00fccher<\/a><\/div>\n\n\n\n<div class=\"wp-block-button has-custom-width wp-block-button__width-25 has-custom-font-size has-small-font-size\"><a class=\"wp-block-button__link has-black-color has-white-background-color has-text-color has-background has-link-color wp-element-button\" href=\"http:\/\/lilome.at\/WP\/unsere-autorinnen\/\" target=\"_blank\" rel=\"noreferrer noopener\">Autoren<\/a><\/div>\n\n\n\n<div class=\"wp-block-button has-custom-width wp-block-button__width-25 has-custom-font-size has-small-font-size\"><a class=\"wp-block-button__link has-black-color has-white-background-color has-text-color has-background has-link-color wp-element-button\" href=\"http:\/\/lilome.at\/WP\/ueber-lilome\/\" target=\"_blank\" rel=\"noreferrer noopener\">About<\/a><\/div>\n<\/div>\n","protected":false},"excerpt":{"rendered":"<p>pr\u00e4sentiert von Lilome Verlag Eine wunderbare Romanze von Julie Goldlbum in drei B\u00e4nden: Band 1 &#8211; out now! Band 2 &#8211; out now! Band 3 &#8211; out now! Lilome Verlag MEERESGL\u00dcCK &#8211; Auf den Wellen der Liebe ck MEERESGL\u00dcCK &#8211; Durch die Lichter der Nacht MEERESGL\u00dcCK &#8211; Zu den Sternen des Gl\u00fccks Lilome Verlag<\/p>\n","protected":false},"author":1,"featured_media":0,"parent":0,"menu_order":0,"comment_status":"closed","ping_status":"closed","template":"","meta":{"footnotes":""},"class_list":["post-5538","page","type-page","status-publish","hentry"],"_links":{"self":[{"href":"http:\/\/lilome.at\/WP\/wp-json\/wp\/v2\/pages\/5538","targetHints":{"allow":["GET"]}}],"collection":[{"href":"http:\/\/lilome.at\/WP\/wp-json\/wp\/v2\/pages"}],"about":[{"href":"http:\/\/lilome.at\/WP\/wp-json\/wp\/v2\/types\/page"}],"author":[{"embeddable":true,"href":"http:\/\/lilome.at\/WP\/wp-json\/wp\/v2\/users\/1"}],"replies":[{"embeddable":true,"href":"http:\/\/lilome.at\/WP\/wp-json\/wp\/v2\/comments?post=5538"}],"version-history":[{"count":16,"href":"http:\/\/lilome.at\/WP\/wp-json\/wp\/v2\/pages\/5538\/revisions"}],"predecessor-version":[{"id":6454,"href":"http:\/\/lilome.at\/WP\/wp-json\/wp\/v2\/pages\/5538\/revisions\/6454"}],"wp:attachment":[{"href":"http:\/\/lilome.at\/WP\/wp-json\/wp\/v2\/media?parent=5538"}],"curies":[{"name":"wp","href":"https:\/\/api.w.org\/{rel}","templated":true}]}}