{"id":5531,"date":"2025-06-02T15:46:00","date_gmt":"2025-06-02T13:46:00","guid":{"rendered":"http:\/\/lilome.at\/WP\/?page_id=5531"},"modified":"2026-02-08T16:15:54","modified_gmt":"2026-02-08T15:15:54","slug":"meeresglueck-3","status":"publish","type":"page","link":"http:\/\/lilome.at\/WP\/meeresglueck-3\/","title":{"rendered":"Meeresgl\u00fcck 3"},"content":{"rendered":"\n<p class=\"has-white-color has-text-color has-link-color wp-elements-8db0579ec80fc1068c16268a7c66e67c\">Lilome Verlag pr\u00e4sentiert<\/p>\n\n\n\n<div class=\"wp-block-media-text is-stacked-on-mobile\" style=\"grid-template-columns:40% auto\"><figure class=\"wp-block-media-text__media\"><a href=\"https:\/\/www.amazon.de\/dp\/B0G4FY9CPL\/ref=sr_1_2?__mk_de_DE=%C3%85M%C3%85%C5%BD%C3%95%C3%91&amp;crid=AGRTAJPIID8S&amp;dib=eyJ2IjoiMSJ9.Xl9-sqL4oY92ldZn9me_2gjiSbLK1YAMZlCynR2dDxCu3uSy2pqH3JGuE37hQtTnOBqL5EkmKlzA3UXGKR5TK6bIKmXKM6bYAqmglTQHVGd3sShwTEwWsr0naUaW_02cemTgna4LlU5vSGxKxaRcy0G-yO76sDEn93Rr7KrCiJmWx8dGa0cAB_pIzQPRfYApsu-vwBVL7KqOlYBlvgXwck6-HK913niJdGQOoaZUjx4.xcB8Yel60kH_lFJWdd9MrwK9hwOMZoPodZcjrqUIFi0&amp;dib_tag=se&amp;keywords=Julie+Goldblum&amp;qid=1764398274&amp;sprefix=julie+goldblum%2Caps%2C153&amp;sr=8-2\" target=\"_blank\" rel=\" noreferrer noopener\"><img loading=\"lazy\" decoding=\"async\" width=\"407\" height=\"644\" src=\"http:\/\/lilome.at\/WP\/wp-content\/uploads\/2025\/10\/meeresglueck-3-front-cover-last-version-.jpg\" alt=\"\" class=\"wp-image-6307 size-full\" srcset=\"http:\/\/lilome.at\/WP\/wp-content\/uploads\/2025\/10\/meeresglueck-3-front-cover-last-version-.jpg 407w, http:\/\/lilome.at\/WP\/wp-content\/uploads\/2025\/10\/meeresglueck-3-front-cover-last-version--190x300.jpg 190w, http:\/\/lilome.at\/WP\/wp-content\/uploads\/2025\/10\/meeresglueck-3-front-cover-last-version--300x475.jpg 300w\" sizes=\"auto, (max-width: 407px) 100vw, 407px\" \/><\/a><\/figure><div class=\"wp-block-media-text__content\">\n<p class=\"has-text-color has-link-color wp-elements-ab5ed7a5c808c8793fe0b74a61585a61\" style=\"color:#8ad1cd;font-size:21px\"><a href=\"http:\/\/lilome.at\/WP\/julie-goldblum\/\" target=\"_blank\" rel=\"noreferrer noopener\"><strong>Julie Goldblum<\/strong><\/a><\/p>\n\n\n\n<p style=\"font-size:25px\"><strong>MEERESGL\u00dcCK<\/strong><\/p>\n\n\n\n<p style=\"font-size:21px\"><strong>Band 3: Zu den Sternen des Gl\u00fccks<\/strong><\/p>\n\n\n\n<p>Mike ist wieder zur\u00fcck in Sophias Leben, doch wie diese bald feststellen muss, sind all die gro\u00dfen und kleinen Missverst\u00e4ndnisse damit noch lange nicht ausger\u00e4umt. Das Schicksal beutelt die beiden mit jeder Menge Ereignisse, Verf\u00fchrungsversuchen von dritter Seite, Eifersucht und scheinbar tief verwurzeltem Misstrauen. Doch Sophia will ihr m\u00f6gliches Gl\u00fcck nicht so einfach in den Wind schie\u00dfen und st\u00fcrmt die Festung. Gerade als es zur langersehnten Aussprache zwischen Mike und ihr kommt, \u00e4ndert ein Telefonanruf alles auf dramatische Weise. Ihre liebste und beste Freundin Mimi ist in Gefahr!<\/p>\n\n\n\n<p>Wie schon einmal funktioniert das \u201eDreamteam\u201c Mike und Sophia perfekt und f\u00fchrt sie zur\u00fcck auf die Insel, auf der alles begann. Werden sie dort endlich erkennen, dass ihre gro\u00dfe Liebe zueinander schon l\u00e4ngst in ihrer beiden Herzen Wurzeln geschlagen hat?<\/p>\n\n\n\n<p class=\"has-black-color has-text-color has-link-color wp-elements-e029d7daf45b7635bbbdd131ff7c63ff\">Hier geht es zum <a href=\"https:\/\/youtu.be\/2tm6ORIyz2M\" target=\"_blank\" rel=\"noreferrer noopener\">Video Meeresgl\u00fcck 3<\/a> \ud83d\ude42 <\/p>\n\n\n\n<p class=\"has-black-color has-text-color has-link-color wp-elements-e80b868616f52df299408ef0ad4383aa\"><a href=\"http:\/\/lilome.at\/WP\/uebersicht-videos-lilome-verlag\/\" target=\"_blank\" rel=\"noreferrer noopener\"><em>\u00dcbersicht alle Videos Lilome Verlag<\/em><\/a><\/p>\n<\/div><\/div>\n\n\n\n<p class=\"has-white-color has-text-color has-link-color wp-elements-d4bebc32e0868d3550befb2b774b7f96\">von Lilome Verlag<\/p>\n\n\n\n<p><\/p>\n\n\n\n<div class=\"wp-block-buttons is-content-justification-center is-layout-flex wp-container-core-buttons-is-layout-1 wp-block-buttons-is-layout-flex\">\n<div class=\"wp-block-button has-custom-width wp-block-button__width-50\"><a class=\"wp-block-button__link has-background wp-element-button\" href=\"https:\/\/www.amazon.de\/dp\/B0G4FY9CPL\/ref=sr_1_2?__mk_de_DE=%C3%85M%C3%85%C5%BD%C3%95%C3%91&amp;crid=AGRTAJPIID8S&amp;dib=eyJ2IjoiMSJ9.Xl9-sqL4oY92ldZn9me_2gjiSbLK1YAMZlCynR2dDxCu3uSy2pqH3JGuE37hQtTnOBqL5EkmKlzA3UXGKR5TK6bIKmXKM6bYAqmglTQHVGd3sShwTEwWsr0naUaW_02cemTgna4LlU5vSGxKxaRcy0G-yO76sDEn93Rr7KrCiJmWx8dGa0cAB_pIzQPRfYApsu-vwBVL7KqOlYBlvgXwck6-HK913niJdGQOoaZUjx4.xcB8Yel60kH_lFJWdd9MrwK9hwOMZoPodZcjrqUIFi0&amp;dib_tag=se&amp;keywords=Julie+Goldblum&amp;qid=1764398274&amp;sprefix=julie+goldblum%2Caps%2C153&amp;sr=8-2\" style=\"background-color:#8ad1cd\" target=\"_blank\" rel=\"noreferrer noopener\"><strong>Zum Taschenbuch<\/strong><\/a><\/div>\n\n\n\n<div class=\"wp-block-button has-custom-width wp-block-button__width-50 is-style-outline is-style-outline--1\"><a class=\"wp-block-button__link has-text-color has-link-color wp-element-button\" href=\"https:\/\/www.amazon.de\/Meeresgl%C3%BCck-Zu-den-Sternen-Gl%C3%BCcks-ebook\/dp\/B08NY1QZD8\/ref=sr_1_4?__mk_de_DE=%C3%85M%C3%85%C5%BD%C3%95%C3%91&amp;crid=NEBXYU9Y2315&amp;dib=eyJ2IjoiMSJ9.kXFR9NT79blb6EhFx-807WSUIxb6fbOSeO_226nvTPjYa840W8qCB_TrjKSoS-FsRS14zUZb93Gpc711EeFDEDmAOFkkT4wfgghEgm5E-P4qi3F7GV3mpOPiPPmsJRAATJufa0ZPsQNibAeN4sTbxeG31ZCH3NZx01BQrd21J4H3CrOU1nxxNga6etJkAUTP9LCrYeC5cVj-HuzYPIgS7Qj7WMwaU-ICaxwkqNXgWxI.ZWaVBFKczk8UrsR7X_W3Gl_uVLW4bfZSCWsDqcrd0wQ&amp;dib_tag=se&amp;keywords=Julie+Goldblum&amp;qid=1764351277&amp;sprefix=julie+goldblum%2Caps%2C140&amp;sr=8-4\" style=\"color:#8ad1cd\" target=\"_blank\" rel=\"noreferrer noopener\"><strong>Zum E-Book<\/strong><\/a><\/div>\n<\/div>\n\n\n\n<p class=\"has-white-color has-text-color has-link-color wp-elements-ea80824c5fbb57a02438418850f7c4ff\">Julie Goldblum <\/p>\n\n\n\n<hr class=\"wp-block-separator has-text-color has-alpha-channel-opacity has-background\" style=\"background-color:#fae3e3;color:#fae3e3\"\/>\n\n\n\n<p class=\"has-white-color has-text-color has-link-color wp-elements-6315c7fec198052790e5f8fbf29e8486\">Meeresgl\u00fcck 2<\/p>\n\n\n\n<p class=\"has-text-color has-link-color wp-elements-d57852695ba222fc891e2322d4c77c87\" style=\"color:#8ad1cd;font-size:25px\"><strong><em>Mehr \u00fcber das Buch: <\/em><\/strong><\/p>\n\n\n\n<p>Der dritte und letzte Teil der <strong>Meeresgl\u00fcck<\/strong>-Trilogie! Zur\u00fcck auf der Insel! Wird jetzt alles gut? <\/p>\n\n\n\n<p class=\"has-white-color has-text-color has-link-color wp-elements-8269fd61ea600b3e340c226caeb82f4a\">Julie Goldblum<\/p>\n\n\n\n<p class=\"has-text-align-center has-background\" style=\"background-color:#fae3e3\"><strong><em><strong><em><strong><em>\u201eSophia! Du wirst doch nicht glauben, dass ich mir dein Auto borgen m\u00f6chte, um darin Sex zu haben?!\u201c<\/em><\/strong><\/em><\/strong><\/em><\/strong><\/p>\n\n\n\n<p class=\"has-white-color has-text-color has-link-color wp-elements-ef9b82da2d19a9bfe0f07fc9e179726f\">Meeresgl\u00fcck 2 <\/p>\n\n\n\n<div class=\"wp-block-media-text has-media-on-the-right is-stacked-on-mobile\" style=\"grid-template-columns:auto 31%\"><div class=\"wp-block-media-text__content\">\n<p>&#8222;Was f\u00fcr eine Reise! Ich bin noch immer ganz aus der Puste von all den Ereignissen und Wendungen ;)&#8220;<\/p>\n\n\n\n<p><em>Julie Goldblum <\/em><\/p>\n<\/div><figure class=\"wp-block-media-text__media\"><img loading=\"lazy\" decoding=\"async\" width=\"1024\" height=\"849\" src=\"http:\/\/lilome.at\/WP\/wp-content\/uploads\/2025\/06\/Julie-cutgespiegelt-1024x849.jpg\" alt=\"\" class=\"wp-image-5507 size-full\" srcset=\"http:\/\/lilome.at\/WP\/wp-content\/uploads\/2025\/06\/Julie-cutgespiegelt-1024x849.jpg 1024w, http:\/\/lilome.at\/WP\/wp-content\/uploads\/2025\/06\/Julie-cutgespiegelt-300x249.jpg 300w, http:\/\/lilome.at\/WP\/wp-content\/uploads\/2025\/06\/Julie-cutgespiegelt-768x637.jpg 768w, http:\/\/lilome.at\/WP\/wp-content\/uploads\/2025\/06\/Julie-cutgespiegelt-1536x1273.jpg 1536w, http:\/\/lilome.at\/WP\/wp-content\/uploads\/2025\/06\/Julie-cutgespiegelt-2048x1698.jpg 2048w, http:\/\/lilome.at\/WP\/wp-content\/uploads\/2025\/06\/Julie-cutgespiegelt-850x705.jpg 850w\" sizes=\"auto, (max-width: 1024px) 100vw, 1024px\" \/><\/figure><\/div>\n\n\n\n<p class=\"has-white-color has-text-color has-link-color wp-elements-8db0579ec80fc1068c16268a7c66e67c\">Lilome Verlag pr\u00e4sentiert<\/p>\n\n\n\n<p class=\"has-text-align-center has-background\" style=\"background-color:#fae3e3\"><strong><em><strong><em><strong><em>\u201eDu willst es also wirklich h\u00f6ren, ja? Bist du dir da ganz sicher?\u201c<\/em><\/strong><\/em><\/strong><\/em><\/strong><\/p>\n\n\n\n<p class=\"has-white-color has-text-color has-link-color wp-elements-6315c7fec198052790e5f8fbf29e8486\">Meeresgl\u00fcck 2<\/p>\n\n\n\n<p><em>&#8222;Ein Buch voll Witz und Gef\u00fchl. Mit Humor und Tiefgang wird diese romantische Geschichte sehr lebendig und fesselnd erz\u00e4hlt. Erst einmal begonnen kann man das Buch erst nach der letzten Seite wieder aus der Hand legen. Ich habe herzlich gelacht und auch mal eine Tr\u00e4ne vergossen. Und die eine oder andere Szene kommt einem vielleicht sogar selbst bekannt vor\u2026 Lesenswert!&#8220;<\/em><\/p>\n\n\n\n<p>Eine Leserin <\/p>\n\n\n\n<p class=\"has-white-color has-text-color has-link-color wp-elements-6315c7fec198052790e5f8fbf29e8486\">Meeresgl\u00fcck 2<\/p>\n\n\n\n<p class=\"has-text-align-center has-background\" style=\"background-color:#fae3e3\"><strong><em><strong><em><strong><em>\u201eDeine Mutter? Oh mein Gott! Wo ist die Toilette?!\u201c<\/em><\/strong><\/em><\/strong><\/em><\/strong><\/p>\n\n\n\n<p><\/p>\n\n\n\n<p class=\"has-white-color has-text-color has-link-color wp-elements-8db0579ec80fc1068c16268a7c66e67c\">Lilome Verlag pr\u00e4sentiert<\/p>\n\n\n\n<div class=\"wp-block-group alignfull\" style=\"margin-top:0;margin-bottom:0;padding-top:var(--wp--preset--spacing--superbspacing-xxlarge);padding-right:var(--wp--preset--spacing--superbspacing-small);padding-bottom:var(--wp--preset--spacing--superbspacing-xxlarge);padding-left:var(--wp--preset--spacing--superbspacing-small)\"><div class=\"wp-block-group__inner-container is-layout-constrained wp-container-core-group-is-layout-2 wp-block-group-is-layout-constrained\">\n<div class=\"wp-block-group alignwide\"><div class=\"wp-block-group__inner-container is-layout-constrained wp-container-core-group-is-layout-1 wp-block-group-is-layout-constrained\">\n<h4 class=\"wp-block-heading has-text-align-center has-text-color has-link-color has-superbfont-xxsmall-font-size wp-elements-6abd23494267d7eced533e03e69b5956\" style=\"color:#8ad1cd;font-style:normal;font-weight:700;letter-spacing:5px;text-transform:uppercase\"><a href=\"http:\/\/lilome.at\/WP\/julie-goldblum\/\" target=\"_blank\" rel=\"noreferrer noopener\">Julie Goldblum<\/a><\/h4>\n\n\n\n<h2 class=\"wp-block-heading has-text-align-center has-black-color has-text-color has-link-color wp-elements-5f9414e891ec82f7a8a66566d061f7d0\" style=\"font-size:30px\"><strong><a href=\"https:\/\/www.amazon.de\/dp\/B0G4FY9CPL\/ref=sr_1_2?__mk_de_DE=%C3%85M%C3%85%C5%BD%C3%95%C3%91&amp;crid=AGRTAJPIID8S&amp;dib=eyJ2IjoiMSJ9.Xl9-sqL4oY92ldZn9me_2gjiSbLK1YAMZlCynR2dDxCu3uSy2pqH3JGuE37hQtTnOBqL5EkmKlzA3UXGKR5TK6bIKmXKM6bYAqmglTQHVGd3sShwTEwWsr0naUaW_02cemTgna4LlU5vSGxKxaRcy0G-yO76sDEn93Rr7KrCiJmWx8dGa0cAB_pIzQPRfYApsu-vwBVL7KqOlYBlvgXwck6-HK913niJdGQOoaZUjx4.xcB8Yel60kH_lFJWdd9MrwK9hwOMZoPodZcjrqUIFi0&amp;dib_tag=se&amp;keywords=Julie+Goldblum&amp;qid=1764398274&amp;sprefix=julie+goldblum%2Caps%2C153&amp;sr=8-2\" target=\"_blank\" rel=\"noreferrer noopener\">MEERESGL\u00dcCK 3<\/a><\/strong><\/h2>\n\n\n\n<p class=\"has-text-align-center has-black-color has-text-color has-link-color has-medium-font-size wp-elements-c68f68cc7ed336ef939468bb20435cfb\"><strong><a href=\"https:\/\/www.amazon.de\/dp\/B0G4FY9CPL\/ref=sr_1_2?__mk_de_DE=%C3%85M%C3%85%C5%BD%C3%95%C3%91&amp;crid=AGRTAJPIID8S&amp;dib=eyJ2IjoiMSJ9.Xl9-sqL4oY92ldZn9me_2gjiSbLK1YAMZlCynR2dDxCu3uSy2pqH3JGuE37hQtTnOBqL5EkmKlzA3UXGKR5TK6bIKmXKM6bYAqmglTQHVGd3sShwTEwWsr0naUaW_02cemTgna4LlU5vSGxKxaRcy0G-yO76sDEn93Rr7KrCiJmWx8dGa0cAB_pIzQPRfYApsu-vwBVL7KqOlYBlvgXwck6-HK913niJdGQOoaZUjx4.xcB8Yel60kH_lFJWdd9MrwK9hwOMZoPodZcjrqUIFi0&amp;dib_tag=se&amp;keywords=Julie+Goldblum&amp;qid=1764398274&amp;sprefix=julie+goldblum%2Caps%2C153&amp;sr=8-2\" target=\"_blank\" rel=\"noreferrer noopener\">Zu den Sternen des Gl\u00fccks<\/a><\/strong><\/p>\n\n\n\n<p class=\"has-text-align-center has-white-color has-text-color has-link-color wp-elements-d0d63cb3f1e06282bd07ee0b310f4980\">der erste Band von Meeresgl\u00fcck<\/p>\n<\/div><\/div>\n\n\n\n<div class=\"wp-block-columns alignwide is-layout-flex wp-container-core-columns-is-layout-1 wp-block-columns-is-layout-flex\">\n<div class=\"wp-block-column is-vertically-aligned-center is-layout-flow wp-block-column-is-layout-flow\"><div class=\"wp-block-image\">\n<figure class=\"aligncenter size-full is-resized\"><a href=\"https:\/\/www.amazon.de\/dp\/B0G4FY9CPL\/ref=sr_1_2?__mk_de_DE=%C3%85M%C3%85%C5%BD%C3%95%C3%91&amp;crid=AGRTAJPIID8S&amp;dib=eyJ2IjoiMSJ9.Xl9-sqL4oY92ldZn9me_2gjiSbLK1YAMZlCynR2dDxCu3uSy2pqH3JGuE37hQtTnOBqL5EkmKlzA3UXGKR5TK6bIKmXKM6bYAqmglTQHVGd3sShwTEwWsr0naUaW_02cemTgna4LlU5vSGxKxaRcy0G-yO76sDEn93Rr7KrCiJmWx8dGa0cAB_pIzQPRfYApsu-vwBVL7KqOlYBlvgXwck6-HK913niJdGQOoaZUjx4.xcB8Yel60kH_lFJWdd9MrwK9hwOMZoPodZcjrqUIFi0&amp;dib_tag=se&amp;keywords=Julie+Goldblum&amp;qid=1764398274&amp;sprefix=julie+goldblum%2Caps%2C153&amp;sr=8-2\" target=\"_blank\" rel=\" noreferrer noopener\"><img loading=\"lazy\" decoding=\"async\" width=\"177\" height=\"269\" src=\"http:\/\/lilome.at\/WP\/wp-content\/uploads\/2025\/10\/MG-3-Cover-mit-Schatten-300-dpi.jpg\" alt=\"\" class=\"wp-image-6277\" style=\"width:211px;height:auto\"\/><\/a><\/figure><\/div>\n\n\n<p><\/p>\n\n\n\n<h2 class=\"wp-block-heading has-text-align-center has-black-color has-text-color has-link-color has-superbfont-small-font-size wp-elements-10db90472aee2dd218c9afcf215aa88d\"><strong><a href=\"https:\/\/www.amazon.de\/dp\/B0G4FY9CPL\/ref=sr_1_2?__mk_de_DE=%C3%85M%C3%85%C5%BD%C3%95%C3%91&amp;crid=AGRTAJPIID8S&amp;dib=eyJ2IjoiMSJ9.Xl9-sqL4oY92ldZn9me_2gjiSbLK1YAMZlCynR2dDxCu3uSy2pqH3JGuE37hQtTnOBqL5EkmKlzA3UXGKR5TK6bIKmXKM6bYAqmglTQHVGd3sShwTEwWsr0naUaW_02cemTgna4LlU5vSGxKxaRcy0G-yO76sDEn93Rr7KrCiJmWx8dGa0cAB_pIzQPRfYApsu-vwBVL7KqOlYBlvgXwck6-HK913niJdGQOoaZUjx4.xcB8Yel60kH_lFJWdd9MrwK9hwOMZoPodZcjrqUIFi0&amp;dib_tag=se&amp;keywords=Julie+Goldblum&amp;qid=1764398274&amp;sprefix=julie+goldblum%2Caps%2C153&amp;sr=8-2\" target=\"_blank\" rel=\"noreferrer noopener\">TASCHENBUCH<\/a><\/strong><\/h2>\n\n\n\n<p><\/p>\n\n\n\n<div class=\"wp-block-buttons is-layout-flex wp-block-buttons-is-layout-flex\">\n<div class=\"wp-block-button has-custom-width wp-block-button__width-100\"><a class=\"wp-block-button__link has-background has-text-align-center wp-element-button\" href=\"https:\/\/www.amazon.de\/dp\/B0G4FY9CPL\/ref=sr_1_2?__mk_de_DE=%C3%85M%C3%85%C5%BD%C3%95%C3%91&amp;crid=AGRTAJPIID8S&amp;dib=eyJ2IjoiMSJ9.Xl9-sqL4oY92ldZn9me_2gjiSbLK1YAMZlCynR2dDxCu3uSy2pqH3JGuE37hQtTnOBqL5EkmKlzA3UXGKR5TK6bIKmXKM6bYAqmglTQHVGd3sShwTEwWsr0naUaW_02cemTgna4LlU5vSGxKxaRcy0G-yO76sDEn93Rr7KrCiJmWx8dGa0cAB_pIzQPRfYApsu-vwBVL7KqOlYBlvgXwck6-HK913niJdGQOoaZUjx4.xcB8Yel60kH_lFJWdd9MrwK9hwOMZoPodZcjrqUIFi0&amp;dib_tag=se&amp;keywords=Julie+Goldblum&amp;qid=1764398274&amp;sprefix=julie+goldblum%2Caps%2C153&amp;sr=8-2\" style=\"background-color:#8ad1cd\" target=\"_blank\" rel=\"noreferrer noopener\"><strong>Jetzt kaufen<\/strong><\/a><\/div>\n<\/div>\n\n\n\n<p class=\"has-text-align-center has-secondary-color has-text-color has-superbfont-xsmall-font-size\"><\/p>\n<\/div>\n\n\n\n<div class=\"wp-block-column is-vertically-aligned-center is-layout-flow wp-block-column-is-layout-flow\"><div class=\"wp-block-image\">\n<figure class=\"aligncenter size-full is-resized\"><a href=\"https:\/\/www.amazon.de\/Meeresgl%C3%BCck-Zu-den-Sternen-Gl%C3%BCcks-ebook\/dp\/B08NY1QZD8\/ref=sr_1_4?__mk_de_DE=%C3%85M%C3%85%C5%BD%C3%95%C3%91&amp;crid=NEBXYU9Y2315&amp;dib=eyJ2IjoiMSJ9.kXFR9NT79blb6EhFx-807WSUIxb6fbOSeO_226nvTPjYa840W8qCB_TrjKSoS-FsRS14zUZb93Gpc711EeFDEDmAOFkkT4wfgghEgm5E-P4qi3F7GV3mpOPiPPmsJRAATJufa0ZPsQNibAeN4sTbxeG31ZCH3NZx01BQrd21J4H3CrOU1nxxNga6etJkAUTP9LCrYeC5cVj-HuzYPIgS7Qj7WMwaU-ICaxwkqNXgWxI.ZWaVBFKczk8UrsR7X_W3Gl_uVLW4bfZSCWsDqcrd0wQ&amp;dib_tag=se&amp;keywords=Julie+Goldblum&amp;qid=1764351277&amp;sprefix=julie+goldblum%2Caps%2C140&amp;sr=8-4\" target=\"_blank\" rel=\" noreferrer noopener\"><img loading=\"lazy\" decoding=\"async\" width=\"385\" height=\"529\" src=\"http:\/\/lilome.at\/WP\/wp-content\/uploads\/2025\/10\/Meeresglueck-Band-3-Ebook-2025-cover-new-cut.png\" alt=\"\" class=\"wp-image-6311\" style=\"width:230px;height:auto\" srcset=\"http:\/\/lilome.at\/WP\/wp-content\/uploads\/2025\/10\/Meeresglueck-Band-3-Ebook-2025-cover-new-cut.png 385w, http:\/\/lilome.at\/WP\/wp-content\/uploads\/2025\/10\/Meeresglueck-Band-3-Ebook-2025-cover-new-cut-218x300.png 218w, http:\/\/lilome.at\/WP\/wp-content\/uploads\/2025\/10\/Meeresglueck-Band-3-Ebook-2025-cover-new-cut-300x412.png 300w\" sizes=\"auto, (max-width: 385px) 100vw, 385px\" \/><\/a><\/figure><\/div>\n\n\n<p><\/p>\n\n\n\n<h2 class=\"wp-block-heading has-text-align-center has-black-color has-text-color has-link-color has-superbfont-small-font-size wp-elements-d002350a6064bbe38c770cad0ae3393b\"><strong><a href=\"https:\/\/www.amazon.de\/Meeresgl%C3%BCck-Zu-den-Sternen-Gl%C3%BCcks-ebook\/dp\/B08NY1QZD8\/ref=sr_1_4?__mk_de_DE=%C3%85M%C3%85%C5%BD%C3%95%C3%91&amp;crid=NEBXYU9Y2315&amp;dib=eyJ2IjoiMSJ9.kXFR9NT79blb6EhFx-807WSUIxb6fbOSeO_226nvTPjYa840W8qCB_TrjKSoS-FsRS14zUZb93Gpc711EeFDEDmAOFkkT4wfgghEgm5E-P4qi3F7GV3mpOPiPPmsJRAATJufa0ZPsQNibAeN4sTbxeG31ZCH3NZx01BQrd21J4H3CrOU1nxxNga6etJkAUTP9LCrYeC5cVj-HuzYPIgS7Qj7WMwaU-ICaxwkqNXgWxI.ZWaVBFKczk8UrsR7X_W3Gl_uVLW4bfZSCWsDqcrd0wQ&amp;dib_tag=se&amp;keywords=Julie+Goldblum&amp;qid=1764351277&amp;sprefix=julie+goldblum%2Caps%2C140&amp;sr=8-4\" target=\"_blank\" rel=\"noreferrer noopener\">E-BOOK<\/a><\/strong><\/h2>\n\n\n\n<p><\/p>\n\n\n\n<div class=\"wp-block-buttons is-layout-flex wp-block-buttons-is-layout-flex\">\n<div class=\"wp-block-button has-custom-width wp-block-button__width-100\"><a class=\"wp-block-button__link has-background wp-element-button\" href=\"https:\/\/www.amazon.de\/Meeresgl%C3%BCck-Zu-den-Sternen-Gl%C3%BCcks-ebook\/dp\/B08NY1QZD8\/ref=sr_1_4?__mk_de_DE=%C3%85M%C3%85%C5%BD%C3%95%C3%91&amp;crid=NEBXYU9Y2315&amp;dib=eyJ2IjoiMSJ9.kXFR9NT79blb6EhFx-807WSUIxb6fbOSeO_226nvTPjYa840W8qCB_TrjKSoS-FsRS14zUZb93Gpc711EeFDEDmAOFkkT4wfgghEgm5E-P4qi3F7GV3mpOPiPPmsJRAATJufa0ZPsQNibAeN4sTbxeG31ZCH3NZx01BQrd21J4H3CrOU1nxxNga6etJkAUTP9LCrYeC5cVj-HuzYPIgS7Qj7WMwaU-ICaxwkqNXgWxI.ZWaVBFKczk8UrsR7X_W3Gl_uVLW4bfZSCWsDqcrd0wQ&amp;dib_tag=se&amp;keywords=Julie+Goldblum&amp;qid=1764351277&amp;sprefix=julie+goldblum%2Caps%2C140&amp;sr=8-4\" style=\"background-color:#8ad1cd\" target=\"_blank\" rel=\"noreferrer noopener\"><strong>Jetzt kaufen<\/strong><\/a><\/div>\n<\/div>\n\n\n\n<p class=\"has-text-align-center has-secondary-color has-text-color has-superbfont-xsmall-font-size\"><\/p>\n<\/div>\n<\/div>\n<\/div><\/div>\n\n\n\n<p class=\"has-text-align-center has-black-color has-text-color has-link-color wp-elements-5c854267539d3e5299341e4a439ef774\" style=\"font-size:20px\">Hier geht es zu<\/p>\n\n\n\n<p class=\"has-text-align-center has-black-color has-text-color has-link-color wp-elements-ed2d16a7635ce9e20358f5cfbd41db78\" style=\"font-size:20px\"><strong><a href=\"http:\/\/lilome.at\/WP\/meeresglueck-1\/\" target=\"_blank\" rel=\"noreferrer noopener\">MEERESGL\u00dcCK Band 1: Auf den Wellen der Liebe<\/a><\/strong><\/p>\n\n\n\n<p class=\"has-text-align-center has-black-color has-text-color has-link-color has-medium-font-size wp-elements-e450fc57bcbf076b3d23ae99389de8e9\"><strong><a href=\"http:\/\/lilome.at\/WP\/meeresglueck-2\/\" target=\"_blank\" rel=\"noreferrer noopener\">MEERESGL\u00dcCK Band 2: Durch die Lichter der Nacht <\/a><\/strong><\/p>\n\n\n\n<p><\/p>\n\n\n\n<p class=\"has-white-color has-text-color has-link-color wp-elements-774a4a46317765af1800c8b1b5365d3f\">Lilome Verag<\/p>\n\n\n\n<div class=\"wp-block-buttons is-content-justification-space-between is-nowrap is-layout-flex wp-container-core-buttons-is-layout-4 wp-block-buttons-is-layout-flex\">\n<div class=\"wp-block-button has-custom-width wp-block-button__width-25 has-custom-font-size has-small-font-size\"><a class=\"wp-block-button__link has-black-color has-white-background-color has-text-color has-background has-link-color wp-element-button\" href=\"http:\/\/lilome.at\/WP\/\" target=\"_blank\" rel=\"noreferrer noopener\">LILOME<\/a><\/div>\n\n\n\n<div class=\"wp-block-button has-custom-width wp-block-button__width-25 has-custom-font-size has-small-font-size\"><a class=\"wp-block-button__link has-black-color has-white-background-color has-text-color has-background has-link-color wp-element-button\" href=\"http:\/\/lilome.at\/WP\/unsere-buecher\/\" target=\"_blank\" rel=\"noreferrer noopener\">B\u00fccher<\/a><\/div>\n\n\n\n<div class=\"wp-block-button has-custom-width wp-block-button__width-25 has-custom-font-size has-small-font-size\"><a class=\"wp-block-button__link has-black-color has-white-background-color has-text-color has-background has-link-color wp-element-button\" href=\"http:\/\/lilome.at\/WP\/unsere-autorinnen\/\" target=\"_blank\" rel=\"noreferrer noopener\">Autoren<\/a><\/div>\n\n\n\n<div class=\"wp-block-button has-custom-width wp-block-button__width-25 has-custom-font-size has-small-font-size\"><a class=\"wp-block-button__link has-black-color has-white-background-color has-text-color has-background has-link-color wp-element-button\" href=\"http:\/\/lilome.at\/WP\/ueber-lilome\/\" target=\"_blank\" rel=\"noreferrer noopener\">About<\/a><\/div>\n<\/div>\n\n\n\n<p><\/p>\n","protected":false},"excerpt":{"rendered":"<p>Lilome Verlag pr\u00e4sentiert Julie Goldblum MEERESGL\u00dcCK Band 3: Zu den Sternen des Gl\u00fccks Mike ist wieder zur\u00fcck in Sophias Leben, doch wie diese bald feststellen muss, sind all die gro\u00dfen und kleinen Missverst\u00e4ndnisse damit noch lange nicht ausger\u00e4umt. Das Schicksal beutelt die beiden mit jeder Menge Ereignisse, Verf\u00fchrungsversuchen von dritter Seite, Eifersucht und scheinbar tief&#8230;<\/p>\n","protected":false},"author":1,"featured_media":0,"parent":0,"menu_order":0,"comment_status":"closed","ping_status":"closed","template":"","meta":{"footnotes":""},"class_list":["post-5531","page","type-page","status-publish","hentry"],"_links":{"self":[{"href":"http:\/\/lilome.at\/WP\/wp-json\/wp\/v2\/pages\/5531","targetHints":{"allow":["GET"]}}],"collection":[{"href":"http:\/\/lilome.at\/WP\/wp-json\/wp\/v2\/pages"}],"about":[{"href":"http:\/\/lilome.at\/WP\/wp-json\/wp\/v2\/types\/page"}],"author":[{"embeddable":true,"href":"http:\/\/lilome.at\/WP\/wp-json\/wp\/v2\/users\/1"}],"replies":[{"embeddable":true,"href":"http:\/\/lilome.at\/WP\/wp-json\/wp\/v2\/comments?post=5531"}],"version-history":[{"count":14,"href":"http:\/\/lilome.at\/WP\/wp-json\/wp\/v2\/pages\/5531\/revisions"}],"predecessor-version":[{"id":6551,"href":"http:\/\/lilome.at\/WP\/wp-json\/wp\/v2\/pages\/5531\/revisions\/6551"}],"wp:attachment":[{"href":"http:\/\/lilome.at\/WP\/wp-json\/wp\/v2\/media?parent=5531"}],"curies":[{"name":"wp","href":"https:\/\/api.w.org\/{rel}","templated":true}]}}