{"id":5517,"date":"2025-06-02T15:02:58","date_gmt":"2025-06-02T13:02:58","guid":{"rendered":"http:\/\/lilome.at\/WP\/?page_id=5517"},"modified":"2026-02-08T16:11:48","modified_gmt":"2026-02-08T15:11:48","slug":"meeresglueck-2","status":"publish","type":"page","link":"http:\/\/lilome.at\/WP\/meeresglueck-2\/","title":{"rendered":"Meeresgl\u00fcck 2"},"content":{"rendered":"\n<p class=\"has-white-color has-text-color has-link-color wp-elements-d4bebc32e0868d3550befb2b774b7f96\">von Lilome Verlag<\/p>\n\n\n\n<div class=\"wp-block-media-text is-stacked-on-mobile\" style=\"grid-template-columns:46% auto\"><figure class=\"wp-block-media-text__media\"><a href=\"https:\/\/www.amazon.de\/Meeresgl%C3%BCck-Durch-die-Lichter-Nacht\/dp\/B0G1JR56FS\/ref=sr_1_1?__mk_de_DE=%C3%85M%C3%85%C5%BD%C3%95%C3%91&amp;crid=3VWK6JBPJY4JK&amp;dib=eyJ2IjoiMSJ9.kXFR9NT79blb6EhFx-807WSUIxb6fbOSeO_226nvTPiukASeymwMrHB6bwgKvZ7xL7LZ1w_QS19jgZMugfi7BjUE2zjUt57rKy7DNhWzN92gOjACJqXn2dk2UYPSdMMahsBblnDgmO6QfIKfPRPcsGohbUeJTEmW6Jd9q2QgJ3p1wlZOBueZyjRrczx3rK10b-3-1NTXvSWS0Qd2mDyvaxS8loXM5tg5lBnwYkotB3A.agb4AmR50muomewZBUzZz__YHhhnsqi3t5L9MyEOECs&amp;dib_tag=se&amp;keywords=Julie+Goldblum&amp;qid=1763096886&amp;sprefix=julie+goldblum%2Caps%2C236&amp;sr=8-1\" target=\"_blank\" rel=\" noreferrer noopener\"><img loading=\"lazy\" decoding=\"async\" width=\"442\" height=\"701\" src=\"http:\/\/lilome.at\/WP\/wp-content\/uploads\/2025\/10\/meeresglueck-ban-2-front-last-version.jpg\" alt=\"\" class=\"wp-image-6308 size-full\" srcset=\"http:\/\/lilome.at\/WP\/wp-content\/uploads\/2025\/10\/meeresglueck-ban-2-front-last-version.jpg 442w, http:\/\/lilome.at\/WP\/wp-content\/uploads\/2025\/10\/meeresglueck-ban-2-front-last-version-189x300.jpg 189w, http:\/\/lilome.at\/WP\/wp-content\/uploads\/2025\/10\/meeresglueck-ban-2-front-last-version-300x476.jpg 300w\" sizes=\"auto, (max-width: 442px) 100vw, 442px\" \/><\/a><\/figure><div class=\"wp-block-media-text__content\">\n<p class=\"has-text-color has-link-color wp-elements-fe1a9a2670f1250bcaa1457352e98cd7\" style=\"color:#8ad1cd;font-size:21px\"><strong><a href=\"http:\/\/lilome.at\/WP\/julie-goldblum\/\" target=\"_blank\" rel=\"noreferrer noopener\">Julie Goldblum <\/a><\/strong><\/p>\n\n\n\n<p class=\"has-black-color has-text-color has-link-color wp-elements-47addcceef71b07951c0266e46ed706b\" style=\"font-size:25px\"><strong><a href=\"https:\/\/www.amazon.de\/Meeresgl%C3%BCck-Durch-die-Lichter-Nacht\/dp\/B0G1JR56FS\/ref=sr_1_1?__mk_de_DE=%C3%85M%C3%85%C5%BD%C3%95%C3%91&amp;crid=3VWK6JBPJY4JK&amp;dib=eyJ2IjoiMSJ9.kXFR9NT79blb6EhFx-807WSUIxb6fbOSeO_226nvTPiukASeymwMrHB6bwgKvZ7xL7LZ1w_QS19jgZMugfi7BjUE2zjUt57rKy7DNhWzN92gOjACJqXn2dk2UYPSdMMahsBblnDgmO6QfIKfPRPcsGohbUeJTEmW6Jd9q2QgJ3p1wlZOBueZyjRrczx3rK10b-3-1NTXvSWS0Qd2mDyvaxS8loXM5tg5lBnwYkotB3A.agb4AmR50muomewZBUzZz__YHhhnsqi3t5L9MyEOECs&amp;dib_tag=se&amp;keywords=Julie+Goldblum&amp;qid=1763096886&amp;sprefix=julie+goldblum%2Caps%2C236&amp;sr=8-1\" target=\"_blank\" rel=\"noreferrer noopener\">MEERESGL\u00dcCK <\/a><\/strong><\/p>\n\n\n\n<p class=\"has-black-color has-text-color has-link-color wp-elements-d956c18c2de3d0d592bc191b3e356de8\" style=\"font-size:25px\"><strong><a href=\"https:\/\/www.amazon.de\/Meeresgl%C3%BCck-Durch-die-Lichter-Nacht\/dp\/B0G1JR56FS\/ref=sr_1_1?__mk_de_DE=%C3%85M%C3%85%C5%BD%C3%95%C3%91&amp;crid=3VWK6JBPJY4JK&amp;dib=eyJ2IjoiMSJ9.kXFR9NT79blb6EhFx-807WSUIxb6fbOSeO_226nvTPiukASeymwMrHB6bwgKvZ7xL7LZ1w_QS19jgZMugfi7BjUE2zjUt57rKy7DNhWzN92gOjACJqXn2dk2UYPSdMMahsBblnDgmO6QfIKfPRPcsGohbUeJTEmW6Jd9q2QgJ3p1wlZOBueZyjRrczx3rK10b-3-1NTXvSWS0Qd2mDyvaxS8loXM5tg5lBnwYkotB3A.agb4AmR50muomewZBUzZz__YHhhnsqi3t5L9MyEOECs&amp;dib_tag=se&amp;keywords=Julie+Goldblum&amp;qid=1763096886&amp;sprefix=julie+goldblum%2Caps%2C236&amp;sr=8-1\" target=\"_blank\" rel=\"noreferrer noopener\">Band 2: Durch die Lichter der Nacht<\/a><\/strong><\/p>\n\n\n\n<p>Zur\u00fcck in Berlin \u00fcberschlagen sich f\u00fcr Sophia die Ereignisse. Ihr neuer Job als Personalmanagerin stellt sie vor einige Herausforderungen; sie wird unfreiwillig in eine geheime Liebesgeschichte hinein gezogen und der Zusammenbruch ihrer Mutter ist der Startschuss f\u00fcr die Auseinandersetzung mit der wohl wichtigsten Frage ihrer Kindheit. Aber, wie soll sie das alles schaffen, wo ihre beste Freundin Mimi nach Paros gezogen ist, und Sophia Mike einfach nicht vergessen kann?<\/p>\n\n\n\n<p>Im st\u00fcrmischen Dunkel eines unfreundlichen Herbstes, steht Sophia die wichtigste Entscheidung ihres Lebens bevor: Versteckt sie sich weiter hinter ihren \u00c4ngsten oder stellt sie sich ihren alten D\u00e4monen, setzt mutig alles auf eine Karte und macht sich auf, ihr ganz pers\u00f6nliches Gl\u00fcck zu finden?<\/p>\n\n\n\n<p class=\"has-black-color has-text-color has-link-color wp-elements-f2f936d2041ddd5da117b19c859f9c5d\"><strong><a href=\"http:\/\/lilome.at\/WP\/meeresglueck-trilogie\/\" target=\"_blank\" rel=\"noreferrer noopener\">Der zweite Teil der Trilogie!<\/a><\/strong><\/p>\n\n\n\n<p class=\"has-white-color has-text-color has-link-color wp-elements-d028edbe85e3366b7a97fc6fc4c3019c\">pr\u00e4Hsentiert von Lilome Verlag<\/p>\n\n\n\n<p class=\"has-black-color has-text-color has-link-color wp-elements-26d71a7c229bea4744af48e17f30d7ff\">Hier geht es zum <a href=\"https:\/\/youtu.be\/8i16y4ufn2Y\" target=\"_blank\" rel=\"noreferrer noopener\">Video Meeresgl\u00fcck 2<\/a> \ud83d\ude42 <\/p>\n\n\n\n<p class=\"has-black-color has-text-color has-link-color wp-elements-e80b868616f52df299408ef0ad4383aa\"><a href=\"http:\/\/lilome.at\/WP\/uebersicht-videos-lilome-verlag\/\" target=\"_blank\" rel=\"noreferrer noopener\"><em>\u00dcbersicht alle Videos Lilome Verlag<\/em><\/a><\/p>\n<\/div><\/div>\n\n\n\n<p class=\"has-white-color has-text-color has-link-color wp-elements-fdd6d825aa6773e27971495891723a51\">Bei Lilome Verlag<\/p>\n\n\n\n<div class=\"wp-block-buttons is-content-justification-center is-layout-flex wp-container-core-buttons-is-layout-1 wp-block-buttons-is-layout-flex\">\n<div class=\"wp-block-button has-custom-width wp-block-button__width-50\"><a class=\"wp-block-button__link has-background wp-element-button\" href=\"https:\/\/www.amazon.de\/Meeresgl%C3%BCck-Durch-die-Lichter-Nacht\/dp\/B0G1JR56FS\/ref=sr_1_1?__mk_de_DE=%C3%85M%C3%85%C5%BD%C3%95%C3%91&amp;crid=3VWK6JBPJY4JK&amp;dib=eyJ2IjoiMSJ9.kXFR9NT79blb6EhFx-807WSUIxb6fbOSeO_226nvTPiukASeymwMrHB6bwgKvZ7xL7LZ1w_QS19jgZMugfi7BjUE2zjUt57rKy7DNhWzN92gOjACJqXn2dk2UYPSdMMahsBblnDgmO6QfIKfPRPcsGohbUeJTEmW6Jd9q2QgJ3p1wlZOBueZyjRrczx3rK10b-3-1NTXvSWS0Qd2mDyvaxS8loXM5tg5lBnwYkotB3A.agb4AmR50muomewZBUzZz__YHhhnsqi3t5L9MyEOECs&amp;dib_tag=se&amp;keywords=Julie+Goldblum&amp;qid=1763096886&amp;sprefix=julie+goldblum%2Caps%2C236&amp;sr=8-1\" style=\"background-color:#8ad1cd\" target=\"_blank\" rel=\"noreferrer noopener\"><strong>Zum Taschenbuch<\/strong><\/a><\/div>\n\n\n\n<div class=\"wp-block-button has-custom-width wp-block-button__width-50 is-style-outline is-style-outline--1\"><a class=\"wp-block-button__link has-white-background-color has-text-color has-background has-link-color wp-element-button\" href=\"https:\/\/www.amazon.de\/Meeresgl%C3%BCck-Durch-die-Lichter-Nacht-ebook\/dp\/B08NXZQ92F\/ref=tmm_kin_swatch_0?_encoding=UTF8&amp;dib_tag=se&amp;dib=eyJ2IjoiMSJ9.kXFR9NT79blb6EhFx-807WSUIxb6fbOSeO_226nvTPiukASeymwMrHB6bwgKvZ7xL7LZ1w_QS19jgZMugfi7BjUE2zjUt57rKy7DNhWzN92gOjACJqXn2dk2UYPSdMMahsBblnDgmO6QfIKfPRPcsGohbUeJTEmW6Jd9q2QgJ3p1wlZOBueZyjRrczx3rK10b-3-1NTXvSWS0Qd2mDyvaxS8loXM5tg5lBnwYkotB3A.agb4AmR50muomewZBUzZz__YHhhnsqi3t5L9MyEOECs&amp;qid=1763096886&amp;sr=8-1\" style=\"color:#8ad1cd\" target=\"_blank\" rel=\"noreferrer noopener\"><strong>Zum E-Book<\/strong><\/a><\/div>\n<\/div>\n\n\n\n<p class=\"has-white-color has-text-color has-link-color wp-elements-ea80824c5fbb57a02438418850f7c4ff\">Julie Goldblum <\/p>\n\n\n\n<hr class=\"wp-block-separator has-text-color has-alpha-channel-opacity has-background\" style=\"background-color:#fae3e3;color:#fae3e3\"\/>\n\n\n\n<p class=\"has-white-color has-text-color has-link-color wp-elements-6315c7fec198052790e5f8fbf29e8486\">Meeresgl\u00fcck 2<\/p>\n\n\n\n<p class=\"has-text-color has-link-color wp-elements-d57852695ba222fc891e2322d4c77c87\" style=\"color:#8ad1cd;font-size:25px\"><strong><em>Mehr \u00fcber das Buch: <\/em><\/strong><\/p>\n\n\n\n<p class=\"has-black-color has-text-color has-link-color wp-elements-5e1afa943575e3cf0c5071ffab86b67b\">Der <a href=\"https:\/\/www.amazon.de\/Meeresgl%C3%BCck-Durch-die-Lichter-Nacht\/dp\/B0G1JR56FS\/ref=sr_1_1?__mk_de_DE=%C3%85M%C3%85%C5%BD%C3%95%C3%91&amp;crid=3VWK6JBPJY4JK&amp;dib=eyJ2IjoiMSJ9.kXFR9NT79blb6EhFx-807WSUIxb6fbOSeO_226nvTPiukASeymwMrHB6bwgKvZ7xL7LZ1w_QS19jgZMugfi7BjUE2zjUt57rKy7DNhWzN92gOjACJqXn2dk2UYPSdMMahsBblnDgmO6QfIKfPRPcsGohbUeJTEmW6Jd9q2QgJ3p1wlZOBueZyjRrczx3rK10b-3-1NTXvSWS0Qd2mDyvaxS8loXM5tg5lBnwYkotB3A.agb4AmR50muomewZBUzZz__YHhhnsqi3t5L9MyEOECs&amp;dib_tag=se&amp;keywords=Julie+Goldblum&amp;qid=1763096886&amp;sprefix=julie+goldblum%2Caps%2C236&amp;sr=8-1\" target=\"_blank\" rel=\"noreferrer noopener\">zweite Teil<\/a> der <a href=\"http:\/\/lilome.at\/WP\/meeresglueck-trilogie\/\" target=\"_blank\" rel=\"noreferrer noopener\"><strong>Meeresgl\u00fcck<\/strong>-Trilogie<\/a>! Jetzt \u00fcberschlagen sich die Ereignisse \ud83d\ude00<\/p>\n\n\n\n<p class=\"has-white-color has-text-color has-link-color wp-elements-8269fd61ea600b3e340c226caeb82f4a\">Julie Goldblum<\/p>\n\n\n\n<p class=\"has-text-align-center has-background\" style=\"background-color:#fae3e3\"><strong><em><strong><em><strong><em> \u201eIch dachte, das w\u00e4re bereits erledigt! Du wolltest doch gestern mit ihm sprech<\/em><\/strong><\/em><\/strong>en!&#8220;<\/em><\/strong><\/p>\n\n\n\n<p class=\"has-white-color has-text-color has-link-color wp-elements-ef9b82da2d19a9bfe0f07fc9e179726f\">Meeresgl\u00fcck 2 <\/p>\n\n\n\n<div class=\"wp-block-media-text has-media-on-the-right is-stacked-on-mobile\" style=\"grid-template-columns:auto 31%\"><div class=\"wp-block-media-text__content\">\n<p>&#8222;Lassen Sie sich \u00fcberraschen! Ich war es auf jeden Fall, denn so etwas h\u00e4tte ich mir gar nicht ausdenken k\u00f6nnen ;)&#8220;<\/p>\n\n\n\n<p><em>Julie Goldblum <\/em><\/p>\n<\/div><figure class=\"wp-block-media-text__media\"><img loading=\"lazy\" decoding=\"async\" width=\"1024\" height=\"849\" src=\"http:\/\/lilome.at\/WP\/wp-content\/uploads\/2025\/06\/Julie-cutgespiegelt-1024x849.jpg\" alt=\"\" class=\"wp-image-5507 size-full\" srcset=\"http:\/\/lilome.at\/WP\/wp-content\/uploads\/2025\/06\/Julie-cutgespiegelt-1024x849.jpg 1024w, http:\/\/lilome.at\/WP\/wp-content\/uploads\/2025\/06\/Julie-cutgespiegelt-300x249.jpg 300w, http:\/\/lilome.at\/WP\/wp-content\/uploads\/2025\/06\/Julie-cutgespiegelt-768x637.jpg 768w, http:\/\/lilome.at\/WP\/wp-content\/uploads\/2025\/06\/Julie-cutgespiegelt-1536x1273.jpg 1536w, http:\/\/lilome.at\/WP\/wp-content\/uploads\/2025\/06\/Julie-cutgespiegelt-2048x1698.jpg 2048w, http:\/\/lilome.at\/WP\/wp-content\/uploads\/2025\/06\/Julie-cutgespiegelt-850x705.jpg 850w\" sizes=\"auto, (max-width: 1024px) 100vw, 1024px\" \/><\/figure><\/div>\n\n\n\n<p class=\"has-white-color has-text-color has-link-color wp-elements-8db0579ec80fc1068c16268a7c66e67c\">Lilome Verlag pr\u00e4sentiert<\/p>\n\n\n\n<p class=\"has-text-align-center has-background\" style=\"background-color:#fae3e3\"><strong><em><strong><em><strong><em>\u201eNun, das kann man wohl nur als Abklatsch eines griechischen Salates bezeichnen!\u201c<\/em><\/strong><\/em><\/strong><\/em><\/strong> <\/p>\n\n\n\n<p class=\"has-white-color has-text-color has-link-color wp-elements-6315c7fec198052790e5f8fbf29e8486\">Meeresgl\u00fcck 2<\/p>\n\n\n\n<p><em>&#8222;Hatte jede Menge Spa\u00df mit Sophia und Mike auf Paros und in Berlin. Ich habe mich sehr am\u00fcsiert. Abgehoben, stinknormal und chaotisch, wie das Leben spielt. Die Sippe rund um die zwei Hauptfiguren ist auch herrlich.&#8220;<\/em><\/p>\n\n\n\n<p>Eine Leserin <\/p>\n\n\n\n<p class=\"has-white-color has-text-color has-link-color wp-elements-6315c7fec198052790e5f8fbf29e8486\">Meeresgl\u00fcck 2<\/p>\n\n\n\n<p class=\"has-text-align-center has-background\" style=\"background-color:#fae3e3\"><strong><em><strong><em><strong><em>\u201eIch glaube, ich brauche jetzt diesen Wodka, von dem Sie vorhin gesprochen haben.\u201c<\/em><\/strong><\/em><\/strong><\/em><\/strong><\/p>\n\n\n\n<p><\/p>\n\n\n\n<p class=\"has-white-color has-text-color has-link-color wp-elements-8db0579ec80fc1068c16268a7c66e67c\">Lilome Verlag pr\u00e4sentiert<\/p>\n\n\n\n<div class=\"wp-block-group alignfull\" style=\"margin-top:0;margin-bottom:0;padding-top:var(--wp--preset--spacing--superbspacing-xxlarge);padding-right:var(--wp--preset--spacing--superbspacing-small);padding-bottom:var(--wp--preset--spacing--superbspacing-xxlarge);padding-left:var(--wp--preset--spacing--superbspacing-small)\"><div class=\"wp-block-group__inner-container is-layout-constrained wp-container-core-group-is-layout-2 wp-block-group-is-layout-constrained\">\n<div class=\"wp-block-group alignwide\"><div class=\"wp-block-group__inner-container is-layout-constrained wp-container-core-group-is-layout-1 wp-block-group-is-layout-constrained\">\n<h4 class=\"wp-block-heading has-text-align-center has-text-color has-link-color has-superbfont-xxsmall-font-size wp-elements-6abd23494267d7eced533e03e69b5956\" style=\"color:#8ad1cd;font-style:normal;font-weight:700;letter-spacing:5px;text-transform:uppercase\"><a href=\"http:\/\/lilome.at\/WP\/julie-goldblum\/\" target=\"_blank\" rel=\"noreferrer noopener\">Julie Goldblum<\/a><\/h4>\n\n\n\n<h2 class=\"wp-block-heading has-text-align-center has-black-color has-text-color has-link-color wp-elements-1dd0d1c8d7c5697652e8704a22f831b8\" style=\"font-size:30px\"><strong><a href=\"https:\/\/www.amazon.de\/Meeresgl%C3%BCck-Durch-die-Lichter-Nacht\/dp\/B0G1JR56FS\/ref=sr_1_1?__mk_de_DE=%C3%85M%C3%85%C5%BD%C3%95%C3%91&amp;crid=3VWK6JBPJY4JK&amp;dib=eyJ2IjoiMSJ9.kXFR9NT79blb6EhFx-807WSUIxb6fbOSeO_226nvTPiukASeymwMrHB6bwgKvZ7xL7LZ1w_QS19jgZMugfi7BjUE2zjUt57rKy7DNhWzN92gOjACJqXn2dk2UYPSdMMahsBblnDgmO6QfIKfPRPcsGohbUeJTEmW6Jd9q2QgJ3p1wlZOBueZyjRrczx3rK10b-3-1NTXvSWS0Qd2mDyvaxS8loXM5tg5lBnwYkotB3A.agb4AmR50muomewZBUzZz__YHhhnsqi3t5L9MyEOECs&amp;dib_tag=se&amp;keywords=Julie+Goldblum&amp;qid=1763096886&amp;sprefix=julie+goldblum%2Caps%2C236&amp;sr=8-1\" target=\"_blank\" rel=\"noreferrer noopener\">MEERESGL\u00dcCK 2<\/a><\/strong><\/h2>\n\n\n\n<p class=\"has-text-align-center has-black-color has-text-color has-link-color has-medium-font-size wp-elements-eeb9aa765063dfadf45085ff45875fc1\"><strong><a href=\"https:\/\/www.amazon.de\/Meeresgl%C3%BCck-Durch-die-Lichter-Nacht\/dp\/B0G1JR56FS\/ref=sr_1_1?__mk_de_DE=%C3%85M%C3%85%C5%BD%C3%95%C3%91&amp;crid=3VWK6JBPJY4JK&amp;dib=eyJ2IjoiMSJ9.kXFR9NT79blb6EhFx-807WSUIxb6fbOSeO_226nvTPiukASeymwMrHB6bwgKvZ7xL7LZ1w_QS19jgZMugfi7BjUE2zjUt57rKy7DNhWzN92gOjACJqXn2dk2UYPSdMMahsBblnDgmO6QfIKfPRPcsGohbUeJTEmW6Jd9q2QgJ3p1wlZOBueZyjRrczx3rK10b-3-1NTXvSWS0Qd2mDyvaxS8loXM5tg5lBnwYkotB3A.agb4AmR50muomewZBUzZz__YHhhnsqi3t5L9MyEOECs&amp;dib_tag=se&amp;keywords=Julie+Goldblum&amp;qid=1763096886&amp;sprefix=julie+goldblum%2Caps%2C236&amp;sr=8-1\">Durch die Lichter der Nacht<\/a><\/strong><\/p>\n\n\n\n<p class=\"has-text-align-center has-white-color has-text-color has-link-color wp-elements-d0d63cb3f1e06282bd07ee0b310f4980\">der erste Band von Meeresgl\u00fcck<\/p>\n<\/div><\/div>\n\n\n\n<div class=\"wp-block-columns alignwide is-layout-flex wp-container-core-columns-is-layout-1 wp-block-columns-is-layout-flex\">\n<div class=\"wp-block-column is-vertically-aligned-center is-layout-flow wp-block-column-is-layout-flow\"><div class=\"wp-block-image\">\n<figure class=\"aligncenter size-full is-resized\"><a href=\"https:\/\/www.amazon.de\/Meeresgl%C3%BCck-Durch-die-Lichter-Nacht\/dp\/B0G1JR56FS\/ref=sr_1_1?__mk_de_DE=%C3%85M%C3%85%C5%BD%C3%95%C3%91&amp;crid=3VWK6JBPJY4JK&amp;dib=eyJ2IjoiMSJ9.kXFR9NT79blb6EhFx-807WSUIxb6fbOSeO_226nvTPiukASeymwMrHB6bwgKvZ7xL7LZ1w_QS19jgZMugfi7BjUE2zjUt57rKy7DNhWzN92gOjACJqXn2dk2UYPSdMMahsBblnDgmO6QfIKfPRPcsGohbUeJTEmW6Jd9q2QgJ3p1wlZOBueZyjRrczx3rK10b-3-1NTXvSWS0Qd2mDyvaxS8loXM5tg5lBnwYkotB3A.agb4AmR50muomewZBUzZz__YHhhnsqi3t5L9MyEOECs&amp;dib_tag=se&amp;keywords=Julie+Goldblum&amp;qid=1763096886&amp;sprefix=julie+goldblum%2Caps%2C236&amp;sr=8-1\" target=\"_blank\" rel=\" noreferrer noopener\"><img loading=\"lazy\" decoding=\"async\" width=\"190\" height=\"293\" src=\"http:\/\/lilome.at\/WP\/wp-content\/uploads\/2025\/10\/MG-2-Cover-mit-Schatten-300-dpi.jpg\" alt=\"\" class=\"wp-image-6276\" style=\"width:215px;height:auto\"\/><\/a><\/figure><\/div>\n\n\n<p><\/p>\n\n\n\n<h2 class=\"wp-block-heading has-text-align-center has-black-color has-text-color has-link-color has-superbfont-small-font-size wp-elements-e08ae57870fef352840690efb80615e9\"><strong><a href=\"https:\/\/www.amazon.de\/Meeresgl%C3%BCck-Durch-die-Lichter-Nacht\/dp\/B0G1JR56FS\/ref=sr_1_1?__mk_de_DE=%C3%85M%C3%85%C5%BD%C3%95%C3%91&amp;crid=3VWK6JBPJY4JK&amp;dib=eyJ2IjoiMSJ9.kXFR9NT79blb6EhFx-807WSUIxb6fbOSeO_226nvTPiukASeymwMrHB6bwgKvZ7xL7LZ1w_QS19jgZMugfi7BjUE2zjUt57rKy7DNhWzN92gOjACJqXn2dk2UYPSdMMahsBblnDgmO6QfIKfPRPcsGohbUeJTEmW6Jd9q2QgJ3p1wlZOBueZyjRrczx3rK10b-3-1NTXvSWS0Qd2mDyvaxS8loXM5tg5lBnwYkotB3A.agb4AmR50muomewZBUzZz__YHhhnsqi3t5L9MyEOECs&amp;dib_tag=se&amp;keywords=Julie+Goldblum&amp;qid=1763096886&amp;sprefix=julie+goldblum%2Caps%2C236&amp;sr=8-1\" target=\"_blank\" rel=\"noreferrer noopener\">TASCHENBUCH<\/a><\/strong><\/h2>\n\n\n\n<p><\/p>\n\n\n\n<div class=\"wp-block-buttons is-layout-flex wp-block-buttons-is-layout-flex\">\n<div class=\"wp-block-button has-custom-width wp-block-button__width-100\"><a class=\"wp-block-button__link has-background has-text-align-center wp-element-button\" href=\"https:\/\/www.amazon.de\/Meeresgl%C3%BCck-Durch-die-Lichter-Nacht\/dp\/B0G1JR56FS\/ref=sr_1_1?__mk_de_DE=%C3%85M%C3%85%C5%BD%C3%95%C3%91&amp;crid=3VWK6JBPJY4JK&amp;dib=eyJ2IjoiMSJ9.kXFR9NT79blb6EhFx-807WSUIxb6fbOSeO_226nvTPiukASeymwMrHB6bwgKvZ7xL7LZ1w_QS19jgZMugfi7BjUE2zjUt57rKy7DNhWzN92gOjACJqXn2dk2UYPSdMMahsBblnDgmO6QfIKfPRPcsGohbUeJTEmW6Jd9q2QgJ3p1wlZOBueZyjRrczx3rK10b-3-1NTXvSWS0Qd2mDyvaxS8loXM5tg5lBnwYkotB3A.agb4AmR50muomewZBUzZz__YHhhnsqi3t5L9MyEOECs&amp;dib_tag=se&amp;keywords=Julie+Goldblum&amp;qid=1763096886&amp;sprefix=julie+goldblum%2Caps%2C236&amp;sr=8-1\" style=\"background-color:#8ad1cd\" target=\"_blank\" rel=\"noreferrer noopener\"><strong>Jetzt kaufen<\/strong><\/a><\/div>\n<\/div>\n\n\n\n<p class=\"has-text-align-center has-secondary-color has-text-color has-superbfont-xsmall-font-size\"><\/p>\n<\/div>\n\n\n\n<div class=\"wp-block-column is-vertically-aligned-center is-layout-flow wp-block-column-is-layout-flow\"><div class=\"wp-block-image\">\n<figure class=\"aligncenter size-full is-resized\"><a href=\"https:\/\/www.amazon.de\/Meeresgl%C3%BCck-Durch-die-Lichter-Nacht-ebook\/dp\/B08NXZQ92F\/ref=tmm_kin_swatch_0?_encoding=UTF8&amp;dib_tag=se&amp;dib=eyJ2IjoiMSJ9.kXFR9NT79blb6EhFx-807WSUIxb6fbOSeO_226nvTPiukASeymwMrHB6bwgKvZ7xL7LZ1w_QS19jgZMugfi7BjUE2zjUt57rKy7DNhWzN92gOjACJqXn2dk2UYPSdMMahsBblnDgmO6QfIKfPRPcsGohbUeJTEmW6Jd9q2QgJ3p1wlZOBueZyjRrczx3rK10b-3-1NTXvSWS0Qd2mDyvaxS8loXM5tg5lBnwYkotB3A.agb4AmR50muomewZBUzZz__YHhhnsqi3t5L9MyEOECs&amp;qid=1763096886&amp;sr=8-1 \" target=\"_blank\" rel=\" noreferrer noopener\"><img loading=\"lazy\" decoding=\"async\" width=\"383\" height=\"530\" src=\"http:\/\/lilome.at\/WP\/wp-content\/uploads\/2025\/10\/Meeresglueck-Band-2-Ebook-2025-new-cover.png\" alt=\"\" class=\"wp-image-6310\" style=\"width:230px;height:auto\" srcset=\"http:\/\/lilome.at\/WP\/wp-content\/uploads\/2025\/10\/Meeresglueck-Band-2-Ebook-2025-new-cover.png 383w, http:\/\/lilome.at\/WP\/wp-content\/uploads\/2025\/10\/Meeresglueck-Band-2-Ebook-2025-new-cover-217x300.png 217w, http:\/\/lilome.at\/WP\/wp-content\/uploads\/2025\/10\/Meeresglueck-Band-2-Ebook-2025-new-cover-300x415.png 300w\" sizes=\"auto, (max-width: 383px) 100vw, 383px\" \/><\/a><\/figure><\/div>\n\n\n<p><\/p>\n\n\n\n<h2 class=\"wp-block-heading has-text-align-center has-black-color has-text-color has-link-color has-superbfont-small-font-size wp-elements-4ec066bf37e3fa75395cca86ce95f409\"><strong><a href=\"https:\/\/www.amazon.de\/Meeresgl%C3%BCck-Durch-die-Lichter-Nacht-ebook\/dp\/B08NXZQ92F\/ref=tmm_kin_swatch_0?_encoding=UTF8&amp;dib_tag=se&amp;dib=eyJ2IjoiMSJ9.kXFR9NT79blb6EhFx-807WSUIxb6fbOSeO_226nvTPiukASeymwMrHB6bwgKvZ7xL7LZ1w_QS19jgZMugfi7BjUE2zjUt57rKy7DNhWzN92gOjACJqXn2dk2UYPSdMMahsBblnDgmO6QfIKfPRPcsGohbUeJTEmW6Jd9q2QgJ3p1wlZOBueZyjRrczx3rK10b-3-1NTXvSWS0Qd2mDyvaxS8loXM5tg5lBnwYkotB3A.agb4AmR50muomewZBUzZz__YHhhnsqi3t5L9MyEOECs&amp;qid=1763096886&amp;sr=8-1\" target=\"_blank\" rel=\"noreferrer noopener\">E-BOOK<\/a><\/strong><\/h2>\n\n\n\n<p><\/p>\n\n\n\n<div class=\"wp-block-buttons is-layout-flex wp-block-buttons-is-layout-flex\">\n<div class=\"wp-block-button has-custom-width wp-block-button__width-100\"><a class=\"wp-block-button__link has-background wp-element-button\" href=\"https:\/\/www.amazon.de\/Meeresgl%C3%BCck-Durch-die-Lichter-Nacht-ebook\/dp\/B08NXZQ92F\/ref=tmm_kin_swatch_0?_encoding=UTF8&amp;dib_tag=se&amp;dib=eyJ2IjoiMSJ9.kXFR9NT79blb6EhFx-807WSUIxb6fbOSeO_226nvTPiukASeymwMrHB6bwgKvZ7xL7LZ1w_QS19jgZMugfi7BjUE2zjUt57rKy7DNhWzN92gOjACJqXn2dk2UYPSdMMahsBblnDgmO6QfIKfPRPcsGohbUeJTEmW6Jd9q2QgJ3p1wlZOBueZyjRrczx3rK10b-3-1NTXvSWS0Qd2mDyvaxS8loXM5tg5lBnwYkotB3A.agb4AmR50muomewZBUzZz__YHhhnsqi3t5L9MyEOECs&amp;qid=1763096886&amp;sr=8-1\" style=\"background-color:#8ad1cd\" target=\"_blank\" rel=\"noreferrer noopener\"><strong>Jetzt kaufen<\/strong><\/a><\/div>\n<\/div>\n\n\n\n<p class=\"has-text-align-center has-secondary-color has-text-color has-superbfont-xsmall-font-size\"><\/p>\n<\/div>\n<\/div>\n<\/div><\/div>\n\n\n\n<p class=\"has-text-align-center has-black-color has-text-color has-link-color wp-elements-cda6d13dc24746fe62619dac58717af6\" style=\"font-size:20px\">Hier geht es zu <\/p>\n\n\n\n<p class=\"has-text-align-center has-black-color has-text-color has-link-color wp-elements-ed2d16a7635ce9e20358f5cfbd41db78\" style=\"font-size:20px\"><strong><a href=\"http:\/\/lilome.at\/WP\/meeresglueck-1\/\" target=\"_blank\" rel=\"noreferrer noopener\">MEERESGL\u00dcCK Band 1: Auf den Wellen der Liebe<\/a><\/strong><\/p>\n\n\n\n<p class=\"has-text-align-center has-black-color has-text-color has-link-color wp-elements-4f34ac82c0054df7da4568f12d196dd8\" style=\"font-size:20px\"><\/p>\n\n\n\n<p class=\"has-text-align-center has-black-color has-text-color has-link-color wp-elements-c47b4514d754fd6e322f0ffb99af206d\" style=\"font-size:20px\"><a href=\"http:\/\/lilome.at\/WP\/meeresglueck-3\/\" target=\"_blank\" rel=\"noreferrer noopener\"><strong>MEERESGL\u00dcCK Band 3: Zu den Sternen des Gl\u00fccks<\/strong><\/a><\/p>\n\n\n\n<p><\/p>\n\n\n\n<p class=\"has-white-color has-text-color has-link-color wp-elements-1ac2048bb78a80650a24ed780832accd\">Lilome Verlag<\/p>\n\n\n\n<div class=\"wp-block-buttons is-content-justification-space-between is-nowrap is-layout-flex wp-container-core-buttons-is-layout-4 wp-block-buttons-is-layout-flex\">\n<div class=\"wp-block-button has-custom-width wp-block-button__width-25 has-custom-font-size has-small-font-size\"><a class=\"wp-block-button__link has-black-color has-white-background-color has-text-color has-background has-link-color wp-element-button\" href=\"http:\/\/lilome.at\/WP\/\" target=\"_blank\" rel=\"noreferrer noopener\">LILOME<\/a><\/div>\n\n\n\n<div class=\"wp-block-button has-custom-width wp-block-button__width-25 has-custom-font-size has-small-font-size\"><a class=\"wp-block-button__link has-black-color has-white-background-color has-text-color has-background has-link-color wp-element-button\" href=\"http:\/\/lilome.at\/WP\/unsere-buecher\/\" target=\"_blank\" rel=\"noreferrer noopener\">B\u00fccher<\/a><\/div>\n\n\n\n<div class=\"wp-block-button has-custom-width wp-block-button__width-25 has-custom-font-size has-small-font-size\"><a class=\"wp-block-button__link has-black-color has-white-background-color has-text-color has-background has-link-color wp-element-button\" href=\"http:\/\/lilome.at\/WP\/unsere-autorinnen\/\" target=\"_blank\" rel=\"noreferrer noopener\">Autoren<\/a><\/div>\n\n\n\n<div class=\"wp-block-button has-custom-width wp-block-button__width-25 has-custom-font-size has-small-font-size\"><a class=\"wp-block-button__link has-black-color has-white-background-color has-text-color has-background has-link-color wp-element-button\" href=\"http:\/\/lilome.at\/WP\/ueber-lilome\/\" target=\"_blank\" rel=\"noreferrer noopener\">About<\/a><\/div>\n<\/div>\n\n\n\n<p><\/p>\n","protected":false},"excerpt":{"rendered":"<p>von Lilome Verlag Julie Goldblum MEERESGL\u00dcCK Band 2: Durch die Lichter der Nacht Zur\u00fcck in Berlin \u00fcberschlagen sich f\u00fcr Sophia die Ereignisse. Ihr neuer Job als Personalmanagerin stellt sie vor einige Herausforderungen; sie wird unfreiwillig in eine geheime Liebesgeschichte hinein gezogen und der Zusammenbruch ihrer Mutter ist der Startschuss f\u00fcr die Auseinandersetzung mit der wohl&#8230;<\/p>\n","protected":false},"author":1,"featured_media":0,"parent":0,"menu_order":0,"comment_status":"closed","ping_status":"closed","template":"","meta":{"footnotes":""},"class_list":["post-5517","page","type-page","status-publish","hentry"],"_links":{"self":[{"href":"http:\/\/lilome.at\/WP\/wp-json\/wp\/v2\/pages\/5517","targetHints":{"allow":["GET"]}}],"collection":[{"href":"http:\/\/lilome.at\/WP\/wp-json\/wp\/v2\/pages"}],"about":[{"href":"http:\/\/lilome.at\/WP\/wp-json\/wp\/v2\/types\/page"}],"author":[{"embeddable":true,"href":"http:\/\/lilome.at\/WP\/wp-json\/wp\/v2\/users\/1"}],"replies":[{"embeddable":true,"href":"http:\/\/lilome.at\/WP\/wp-json\/wp\/v2\/comments?post=5517"}],"version-history":[{"count":21,"href":"http:\/\/lilome.at\/WP\/wp-json\/wp\/v2\/pages\/5517\/revisions"}],"predecessor-version":[{"id":6549,"href":"http:\/\/lilome.at\/WP\/wp-json\/wp\/v2\/pages\/5517\/revisions\/6549"}],"wp:attachment":[{"href":"http:\/\/lilome.at\/WP\/wp-json\/wp\/v2\/media?parent=5517"}],"curies":[{"name":"wp","href":"https:\/\/api.w.org\/{rel}","templated":true}]}}