{"id":5502,"date":"2025-06-02T13:57:19","date_gmt":"2025-06-02T11:57:19","guid":{"rendered":"http:\/\/lilome.at\/WP\/?page_id=5502"},"modified":"2026-02-08T16:09:53","modified_gmt":"2026-02-08T15:09:53","slug":"meeresglueck-1","status":"publish","type":"page","link":"http:\/\/lilome.at\/WP\/meeresglueck-1\/","title":{"rendered":"Meeresgl\u00fcck 1"},"content":{"rendered":"\n<p><\/p>\n\n\n\n<p class=\"has-white-color has-text-color has-link-color wp-elements-8db0579ec80fc1068c16268a7c66e67c\">Lilome Verlag pr\u00e4sentiert<\/p>\n\n\n\n<p><\/p>\n\n\n\n<div class=\"wp-block-media-text is-stacked-on-mobile\" style=\"grid-template-columns:34% auto\"><figure class=\"wp-block-media-text__media\"><a href=\"https:\/\/www.amazon.de\/MEERESGL%C3%9CCK-Auf-den-Wellen-Liebe\/dp\/B0DNKQW291\/ref=sr_1_1?__mk_de_DE=%C3%85M%C3%85%C5%BD%C3%95%C3%91&amp;crid=3331MB7SHAS1P&amp;dib=eyJ2IjoiMSJ9.mP5cN1KK5Qp1D8oB9IqvDriKT8xSTB5K0dauxvjqejjm_vZHG3KiKZnAocHPGZDY-jqyPF4gGrCQCr188Qm3wqyiZFRtpbvgMyfBWt4BAVQoigmt-alixO-NAP4n9uLHOAAJjSCj95ySoyHhIJCrA56bD0D2fDaXEuN1N-h5i1ZxBGE5pz_1T8dTyoyV3OwdabTsHb9Y6WoqUUpNc5O_fzS8aX4W8aBKA5_fhkD5wWg.C2rPJZZGYLfIP7h87NPC9fI_T1_bldBXO2sLXsIbkxA&amp;dib_tag=se&amp;keywords=Meeresgl%C3%BCck+julie+goldblum&amp;qid=1761285443&amp;sprefix=meeresgl%C3%BCck+julie+goldblum%2Caps%2C208&amp;sr=8-1\" target=\"_blank\" rel=\" noreferrer noopener\"><img loading=\"lazy\" decoding=\"async\" width=\"625\" height=\"1000\" src=\"http:\/\/lilome.at\/WP\/wp-content\/uploads\/2025\/10\/Meeresglueck-1-Cover-fuer-E-book.jpg\" alt=\"\" class=\"wp-image-6274 size-full\" srcset=\"http:\/\/lilome.at\/WP\/wp-content\/uploads\/2025\/10\/Meeresglueck-1-Cover-fuer-E-book.jpg 625w, http:\/\/lilome.at\/WP\/wp-content\/uploads\/2025\/10\/Meeresglueck-1-Cover-fuer-E-book-188x300.jpg 188w, http:\/\/lilome.at\/WP\/wp-content\/uploads\/2025\/10\/Meeresglueck-1-Cover-fuer-E-book-300x480.jpg 300w\" sizes=\"auto, (max-width: 625px) 100vw, 625px\" \/><\/a><\/figure><div class=\"wp-block-media-text__content\">\n<p class=\"has-text-color has-link-color wp-elements-505c26a379bd0ba4d6428240f2310e5f\" style=\"color:#8ad1cd;font-size:20px\"><strong><a href=\"http:\/\/lilome.at\/WP\/julie-goldblum\/\" target=\"_blank\" rel=\"noreferrer noopener\">Julie Goldblum<\/a><\/strong><\/p>\n\n\n\n<p class=\"has-black-color has-text-color has-link-color wp-elements-98d006caa3aa10e89f8de2bcc45cf921\" style=\"font-size:25px\"><strong><a href=\"https:\/\/www.amazon.de\/MEERESGL%C3%9CCK-Auf-den-Wellen-Liebe\/dp\/B0DNKQW291\/ref=sr_1_1?__mk_de_DE=%C3%85M%C3%85%C5%BD%C3%95%C3%91&amp;crid=3331MB7SHAS1P&amp;dib=eyJ2IjoiMSJ9.mP5cN1KK5Qp1D8oB9IqvDriKT8xSTB5K0dauxvjqejjm_vZHG3KiKZnAocHPGZDY-jqyPF4gGrCQCr188Qm3wqyiZFRtpbvgMyfBWt4BAVQoigmt-alixO-NAP4n9uLHOAAJjSCj95ySoyHhIJCrA56bD0D2fDaXEuN1N-h5i1ZxBGE5pz_1T8dTyoyV3OwdabTsHb9Y6WoqUUpNc5O_fzS8aX4W8aBKA5_fhkD5wWg.C2rPJZZGYLfIP7h87NPC9fI_T1_bldBXO2sLXsIbkxA&amp;dib_tag=se&amp;keywords=Meeresgl%C3%BCck+julie+goldblum&amp;qid=1761285443&amp;sprefix=meeresgl%C3%BCck+julie+goldblum%2Caps%2C208&amp;sr=8-1\" target=\"_blank\" rel=\"noreferrer noopener\">MEERESGL\u00dcCK<\/a><\/strong><\/p>\n\n\n\n<p class=\"has-black-color has-text-color has-link-color has-medium-font-size wp-elements-8299e8f89e7df57bea33df0d98eb53bf\"><strong><a href=\"https:\/\/www.amazon.de\/MEERESGL%C3%9CCK-Auf-den-Wellen-Liebe\/dp\/B0DNKQW291\/ref=sr_1_1?__mk_de_DE=%C3%85M%C3%85%C5%BD%C3%95%C3%91&amp;crid=3331MB7SHAS1P&amp;dib=eyJ2IjoiMSJ9.mP5cN1KK5Qp1D8oB9IqvDriKT8xSTB5K0dauxvjqejjm_vZHG3KiKZnAocHPGZDY-jqyPF4gGrCQCr188Qm3wqyiZFRtpbvgMyfBWt4BAVQoigmt-alixO-NAP4n9uLHOAAJjSCj95ySoyHhIJCrA56bD0D2fDaXEuN1N-h5i1ZxBGE5pz_1T8dTyoyV3OwdabTsHb9Y6WoqUUpNc5O_fzS8aX4W8aBKA5_fhkD5wWg.C2rPJZZGYLfIP7h87NPC9fI_T1_bldBXO2sLXsIbkxA&amp;dib_tag=se&amp;keywords=Meeresgl%C3%BCck+julie+goldblum&amp;qid=1761285443&amp;sprefix=meeresgl%C3%BCck+julie+goldblum%2Caps%2C208&amp;sr=8-1\" target=\"_blank\" rel=\"noreferrer noopener\">Band 1: Auf den Wellen der Liebe<\/a><\/strong><\/p>\n\n\n\n<p class=\"has-black-color has-text-color has-link-color wp-elements-f068de8a14078bf4dd627241fc74d7e3\">Eine letzte Urlaubswoche im Oktober, bevor der ersehnte Sprung auf der Karriereleiter beginnt. Was gibt es Sch\u00f6neres, denkt sich Sophia, als sie mit ihrer Freundin Mimi nach Paros aufbricht. Doch dann kommt alles ganz anders, als es die ordnungsliebende Personalmanagerin geplant hat: Mimi verliebt sich Hals \u00fcber Kopf in den griechischen Surflehrer Pavlos, und Sophia bringt sich in gef\u00e4hrliche Situationen, aus der sie ausgerechnet der blonde, h\u00fcnenhafte Surfer und Freigeist Mike erretten muss!<\/p>\n\n\n\n<p class=\"has-white-color has-text-color has-link-color wp-elements-d881c1721f4b8d756a1d8a0fa7215d1a\">Tipp von Lilome Verlag<\/p>\n\n\n\n<p class=\"has-black-color has-text-color has-link-color wp-elements-9586dd918eed48d8b6b4de989986a893\">\u201eAuf den Wellen der Liebe\u201c ist der erste Teil der <a href=\"http:\/\/lilome.at\/WP\/meeresglueck-trilogie\/\" target=\"_blank\" rel=\"noreferrer noopener\">\u201eMeeresgl\u00fcck\u201c- Erz\u00e4hlung <\/a>von <a href=\"http:\/\/lilome.at\/WP\/julie-goldblum\/\" target=\"_blank\" rel=\"noreferrer noopener\">Julie Goldblum.<\/a><\/p>\n\n\n\n<p class=\"has-black-color has-text-color has-link-color wp-elements-3a7a9b941d9f458e551e2eb3b0f35415\">Hier geht es zum <a href=\"https:\/\/youtu.be\/NwBCa9vs-iA\" target=\"_blank\" rel=\"noreferrer noopener\">Video Meeresgl\u00fcck Band 1 <\/a>und <a href=\"https:\/\/youtu.be\/wTUdXUntdc0\" target=\"_blank\" rel=\"noreferrer noopener\">Video Meeresgl\u00fcck Band 1 &#8211; in B\u00fcchern gebl\u00e4ttert <\/a>\ud83d\ude42 <\/p>\n\n\n\n<p class=\"has-black-color has-text-color has-link-color wp-elements-6fd0a1a81774f9c35596c655df0b7108\"><a href=\"http:\/\/lilome.at\/WP\/uebersicht-videos-lilome-verlag\/\" target=\"_blank\" rel=\"noreferrer noopener\"><em>\u00dcbersicht alle  Videos Lilome Verlag<\/em><\/a><\/p>\n<\/div><\/div>\n\n\n\n<p class=\"has-white-color has-text-color has-link-color wp-elements-fdd6d825aa6773e27971495891723a51\">Bei Lilome Verlag<\/p>\n\n\n\n<div class=\"wp-block-buttons is-content-justification-center is-layout-flex wp-container-core-buttons-is-layout-1 wp-block-buttons-is-layout-flex\">\n<div class=\"wp-block-button\"><a class=\"wp-block-button__link has-background wp-element-button\" href=\"https:\/\/www.amazon.de\/MEERESGL%C3%9CCK-Auf-den-Wellen-Liebe\/dp\/B0DNKQW291\/ref=sr_1_1?__mk_de_DE=%C3%85M%C3%85%C5%BD%C3%95%C3%91&amp;crid=3331MB7SHAS1P&amp;dib=eyJ2IjoiMSJ9.mP5cN1KK5Qp1D8oB9IqvDriKT8xSTB5K0dauxvjqejjm_vZHG3KiKZnAocHPGZDY-jqyPF4gGrCQCr188Qm3wqyiZFRtpbvgMyfBWt4BAVQoigmt-alixO-NAP4n9uLHOAAJjSCj95ySoyHhIJCrA56bD0D2fDaXEuN1N-h5i1ZxBGE5pz_1T8dTyoyV3OwdabTsHb9Y6WoqUUpNc5O_fzS8aX4W8aBKA5_fhkD5wWg.C2rPJZZGYLfIP7h87NPC9fI_T1_bldBXO2sLXsIbkxA&amp;dib_tag=se&amp;keywords=Meeresgl%C3%BCck+julie+goldblum&amp;qid=1761285443&amp;sprefix=meeresgl%C3%BCck+julie+goldblum%2Caps%2C208&amp;sr=8-1\" style=\"background-color:#f3bcc2\" target=\"_blank\" rel=\"noreferrer noopener\"><strong>Zum Taschenbuch<\/strong><\/a><\/div>\n\n\n\n<div class=\"wp-block-button is-style-outline is-style-outline--1\"><a class=\"wp-block-button__link has-text-color has-link-color wp-element-button\" href=\"https:\/\/www.amazon.de\/MEERESGL%C3%9CCK-Liebe-Wellen-Julie-Goldblum-ebook\/dp\/B07ZTTTMRT\/ref=tmm_kin_swatch_0?_encoding=UTF8&amp;dib_tag=se&amp;dib=eyJ2IjoiMSJ9.mP5cN1KK5Qp1D8oB9IqvDriKT8xSTB5K0dauxvjqejjm_vZHG3KiKZnAocHPGZDY-jqyPF4gGrCQCr188Qm3wqyiZFRtpbvgMyfBWt4BAVQoigmt-alixO-NAP4n9uLHOAAJjSCj95ySoyHhIJCrA56bD0D2fDaXEuN1N-h5i1ZxBGE5pz_1T8dTyoyV3OwdabTsHb9Y6WoqUUpNc5O_fzS8aX4W8aBKA5_fhkD5wWg.C2rPJZZGYLfIP7h87NPC9fI_T1_bldBXO2sLXsIbkxA&amp;qid=1761285443&amp;sr=8-1\" style=\"color:#f3bcc2\" target=\"_blank\" rel=\"noreferrer noopener\"><strong>Zum E-Book<\/strong><\/a><\/div>\n<\/div>\n\n\n\n<p class=\"has-white-color has-text-color has-link-color wp-elements-407abe6e490083b4092ed4880f356949\">Julie Goldblum Meeresgl\u00fcck<\/p>\n\n\n\n<hr class=\"wp-block-separator has-text-color has-alpha-channel-opacity has-background\" style=\"background-color:#8ad1cd;color:#8ad1cd\"\/>\n\n\n\n<p class=\"has-white-color has-text-color has-link-color wp-elements-8db0579ec80fc1068c16268a7c66e67c\">Lilome Verlag pr\u00e4sentiert<\/p>\n\n\n\n<p class=\"has-text-color has-link-color wp-elements-62046cefe2d3cb5dfad9b1378c678ac6\" style=\"color:#f3bcc2;font-size:25px\"><strong><em>Mehr \u00fcber das Buch: <\/em><\/strong><\/p>\n\n\n\n<p class=\"has-white-color has-text-color has-link-color wp-elements-c645e628e62f8fbab9d9726851472d16\"><\/p>\n\n\n\n<p>Eine Sp\u00e4tsommer-Romanze, bei der die Charaktere einfach nicht aufh\u00f6ren wollten, zu erz\u00e4hlen \ud83d\ude09 <\/p>\n\n\n\n<p><\/p>\n\n\n\n<p class=\"has-white-color has-text-color has-link-color wp-elements-c8e7bc160324cbce4c037c03b0c8f012\">Meeresgl\u00fcck 1<\/p>\n\n\n\n<p class=\"has-text-align-center has-background\" style=\"background-color:#8ad1cd\"><strong><em><strong><em><strong><em> \u201eTrollen Sie sich. Sehr gut. Sie klingen wie eine Gouvernante.\u201c<\/em><\/strong><\/em><\/strong><\/em><\/strong><\/p>\n\n\n\n<p class=\"has-white-color has-text-color has-link-color wp-elements-c645e628e62f8fbab9d9726851472d16\"><\/p>\n\n\n\n<p class=\"has-white-color has-text-color has-link-color wp-elements-8269fd61ea600b3e340c226caeb82f4a\">Julie Goldblum<\/p>\n\n\n\n<div class=\"wp-block-media-text has-media-on-the-right is-stacked-on-mobile\" style=\"grid-template-columns:auto 31%\"><div class=\"wp-block-media-text__content\">\n<p>&#8222;Eigentlich wollte ich nur eine kurze, romantische Sommergeschichte schreiben. Und dann wurde sie fast 700 Seiten lang. Es ist mir das erste Mal passiert, dass die Protagonisten einfach die Erz\u00e4hlung \u00fcbernommen haben, und ich konnte nichts dagegen tun. Ich bin gesessen, und meine Finger sind nur so \u00fcber die Tastatur geflogen, ohne einen Tau, wie die Geschichte weitergeht. Ich konnte nur weiter- und weiterschreiben, so aufgeregt war ich, was als N\u00e4chstes passieren w\u00fcrde.&#8220;<\/p>\n\n\n\n<p><em>Julie Goldblum <\/em><\/p>\n<\/div><figure class=\"wp-block-media-text__media\"><img loading=\"lazy\" decoding=\"async\" width=\"1024\" height=\"849\" src=\"http:\/\/lilome.at\/WP\/wp-content\/uploads\/2025\/06\/Julie-cutgespiegelt-1024x849.jpg\" alt=\"\" class=\"wp-image-5507 size-large\" srcset=\"http:\/\/lilome.at\/WP\/wp-content\/uploads\/2025\/06\/Julie-cutgespiegelt-1024x849.jpg 1024w, http:\/\/lilome.at\/WP\/wp-content\/uploads\/2025\/06\/Julie-cutgespiegelt-300x249.jpg 300w, http:\/\/lilome.at\/WP\/wp-content\/uploads\/2025\/06\/Julie-cutgespiegelt-768x637.jpg 768w, http:\/\/lilome.at\/WP\/wp-content\/uploads\/2025\/06\/Julie-cutgespiegelt-1536x1273.jpg 1536w, http:\/\/lilome.at\/WP\/wp-content\/uploads\/2025\/06\/Julie-cutgespiegelt-2048x1698.jpg 2048w, http:\/\/lilome.at\/WP\/wp-content\/uploads\/2025\/06\/Julie-cutgespiegelt-850x705.jpg 850w\" sizes=\"auto, (max-width: 1024px) 100vw, 1024px\" \/><\/figure><\/div>\n\n\n\n<p><\/p>\n\n\n\n<p class=\"has-white-color has-text-color has-link-color wp-elements-8db0579ec80fc1068c16268a7c66e67c\">Lilome Verlag pr\u00e4sentiert<\/p>\n\n\n\n<p class=\"has-text-align-center has-background\" style=\"background-color:#8ad1cd\"><strong><em><strong><em><strong><em> \u201eNein, ich verstehe nicht. Gerade du schaffst es doch locker, einen Typen, den du nicht willst, den Laufpass zu geben.\u201c<\/em><\/strong><\/em><\/strong><\/em><\/strong><\/p>\n\n\n\n<p><\/p>\n\n\n\n<p class=\"has-white-color has-text-color has-link-color wp-elements-1d4cb53e4597fa39a11b340856861474\">zu Meeresgl\u00fcck<\/p>\n\n\n\n<p><em>&#8222;Ich liebe das Meer, gute Drinks und sch\u00f6n authentische Liebesgeschichten, die nicht vollkommen abgehoben vor ihrem Plot daher kommen. Alles bei Meeresgl\u00fcck Band 1 &#8211; 3 gefunden. Gute Kicher-Lekt\u00fcre mit der richtigen Menge von Gef\u00fchlen und Herzschmerz. Das Sch\u00f6ne an den B\u00fcchern ist, dass sie dich in einen normalen Alltag mitnehmen, aus dem Grund konnte ich mich total in der Geschichte wiederfinden. Auch die Nebenfiguren sind wunderbar gezeichnet und geben dem Ganzen so eine authentische F\u00e4rbung. Witzige Drehungen und krasse Wendungen in der Story; gute, bissige Dialoge. Also, ich hatte jede Menge Spa\u00df beim Lesen und Mitfiebern. Freu mich auf den n\u00e4chsten Roman von der Autorin!&nbsp;&#8222;<\/em><\/p>\n\n\n\n<p>Eine Leserin<\/p>\n\n\n\n<p><\/p>\n\n\n\n<p class=\"has-white-color has-text-color has-link-color wp-elements-1ac2048bb78a80650a24ed780832accd\">Lilome Verlag<\/p>\n\n\n\n<p class=\"has-text-align-center has-background\" style=\"background-color:#8ad1cd\"><strong><em><strong><em><strong><em>\u201eH\u00f6ren Sie mal, Lady, das k\u00f6nnen Sie nicht machen! Wissen Sie, wie lange das dauert, bis ich das alles zusammengesucht habe?\u201c<\/em><\/strong><\/em><\/strong><\/em><\/strong><\/p>\n\n\n\n<div class=\"wp-block-group alignfull\" style=\"margin-top:0;margin-bottom:0;padding-top:var(--wp--preset--spacing--superbspacing-xxlarge);padding-right:var(--wp--preset--spacing--superbspacing-small);padding-bottom:var(--wp--preset--spacing--superbspacing-xxlarge);padding-left:var(--wp--preset--spacing--superbspacing-small)\"><div class=\"wp-block-group__inner-container is-layout-constrained wp-container-core-group-is-layout-2 wp-block-group-is-layout-constrained\">\n<div class=\"wp-block-group alignwide\"><div class=\"wp-block-group__inner-container is-layout-constrained wp-container-core-group-is-layout-1 wp-block-group-is-layout-constrained\">\n<h4 class=\"wp-block-heading has-text-align-center has-text-color has-link-color has-superbfont-xxsmall-font-size wp-elements-6abd23494267d7eced533e03e69b5956\" style=\"color:#8ad1cd;font-style:normal;font-weight:700;letter-spacing:5px;text-transform:uppercase\"><a href=\"http:\/\/lilome.at\/WP\/julie-goldblum\/\" target=\"_blank\" rel=\"noreferrer noopener\">Julie Goldblum<\/a><\/h4>\n\n\n\n<h2 class=\"wp-block-heading has-text-align-center has-black-color has-text-color has-link-color wp-elements-994027e38ce83b1c53cd55438ff14b74\" style=\"font-size:30px\"><strong><a href=\"https:\/\/www.amazon.de\/MEERESGL%C3%9CCK-Auf-den-Wellen-Liebe\/dp\/B0DNKQW291\/ref=sr_1_1?__mk_de_DE=%C3%85M%C3%85%C5%BD%C3%95%C3%91&amp;crid=3331MB7SHAS1P&amp;dib=eyJ2IjoiMSJ9.mP5cN1KK5Qp1D8oB9IqvDriKT8xSTB5K0dauxvjqejjm_vZHG3KiKZnAocHPGZDY-jqyPF4gGrCQCr188Qm3wqyiZFRtpbvgMyfBWt4BAVQoigmt-alixO-NAP4n9uLHOAAJjSCj95ySoyHhIJCrA56bD0D2fDaXEuN1N-h5i1ZxBGE5pz_1T8dTyoyV3OwdabTsHb9Y6WoqUUpNc5O_fzS8aX4W8aBKA5_fhkD5wWg.C2rPJZZGYLfIP7h87NPC9fI_T1_bldBXO2sLXsIbkxA&amp;dib_tag=se&amp;keywords=Meeresgl%C3%BCck+julie+goldblum&amp;qid=1761285443&amp;sprefix=meeresgl%C3%BCck+julie+goldblum%2Caps%2C208&amp;sr=8-1\" target=\"_blank\" rel=\"noreferrer noopener\">MEERESGL\u00dcCK 1<\/a><\/strong><\/h2>\n\n\n\n<p class=\"has-text-align-center has-black-color has-text-color has-link-color has-medium-font-size wp-elements-dedbf1bc0d326b7acea5c29c17f99320\"><strong><a href=\"https:\/\/www.amazon.de\/MEERESGL%C3%9CCK-Auf-den-Wellen-Liebe\/dp\/B0DNKQW291\/ref=sr_1_1?__mk_de_DE=%C3%85M%C3%85%C5%BD%C3%95%C3%91&amp;crid=3331MB7SHAS1P&amp;dib=eyJ2IjoiMSJ9.mP5cN1KK5Qp1D8oB9IqvDriKT8xSTB5K0dauxvjqejjm_vZHG3KiKZnAocHPGZDY-jqyPF4gGrCQCr188Qm3wqyiZFRtpbvgMyfBWt4BAVQoigmt-alixO-NAP4n9uLHOAAJjSCj95ySoyHhIJCrA56bD0D2fDaXEuN1N-h5i1ZxBGE5pz_1T8dTyoyV3OwdabTsHb9Y6WoqUUpNc5O_fzS8aX4W8aBKA5_fhkD5wWg.C2rPJZZGYLfIP7h87NPC9fI_T1_bldBXO2sLXsIbkxA&amp;dib_tag=se&amp;keywords=Meeresgl%C3%BCck+julie+goldblum&amp;qid=1761285443&amp;sprefix=meeresgl%C3%BCck+julie+goldblum%2Caps%2C208&amp;sr=8-1\" target=\"_blank\" rel=\"noreferrer noopener\">Auf den Wellen der Liebe<\/a><\/strong><\/p>\n\n\n\n<p class=\"has-text-align-center has-white-color has-text-color has-link-color wp-elements-d0d63cb3f1e06282bd07ee0b310f4980\">der erste Band von Meeresgl\u00fcck<\/p>\n<\/div><\/div>\n\n\n\n<div class=\"wp-block-columns alignwide is-layout-flex wp-container-core-columns-is-layout-1 wp-block-columns-is-layout-flex\">\n<div class=\"wp-block-column is-vertically-aligned-center is-layout-flow wp-block-column-is-layout-flow\"><div class=\"wp-block-image\">\n<figure class=\"aligncenter size-full is-resized\"><a href=\"https:\/\/www.amazon.de\/MEERESGL%C3%9CCK-Auf-den-Wellen-Liebe\/dp\/B0DNKQW291\/ref=sr_1_1?__mk_de_DE=%C3%85M%C3%85%C5%BD%C3%95%C3%91&amp;crid=3331MB7SHAS1P&amp;dib=eyJ2IjoiMSJ9.mP5cN1KK5Qp1D8oB9IqvDriKT8xSTB5K0dauxvjqejjm_vZHG3KiKZnAocHPGZDY-jqyPF4gGrCQCr188Qm3wqyiZFRtpbvgMyfBWt4BAVQoigmt-alixO-NAP4n9uLHOAAJjSCj95ySoyHhIJCrA56bD0D2fDaXEuN1N-h5i1ZxBGE5pz_1T8dTyoyV3OwdabTsHb9Y6WoqUUpNc5O_fzS8aX4W8aBKA5_fhkD5wWg.C2rPJZZGYLfIP7h87NPC9fI_T1_bldBXO2sLXsIbkxA&amp;dib_tag=se&amp;keywords=Meeresgl%C3%BCck+julie+goldblum&amp;qid=1761285443&amp;sprefix=meeresgl%C3%BCck+julie+goldblum%2Caps%2C208&amp;sr=8-1\" target=\"_blank\"><img loading=\"lazy\" decoding=\"async\" width=\"195\" height=\"296\" src=\"http:\/\/lilome.at\/WP\/wp-content\/uploads\/2025\/10\/MG-1-Cover-mit-Schatten-300-dpi.jpg\" alt=\"\" class=\"wp-image-6275\" style=\"width:207px;height:auto\"\/><\/a><\/figure><\/div>\n\n\n<p><\/p>\n\n\n\n<h2 class=\"wp-block-heading has-text-align-center has-black-color has-text-color has-link-color has-superbfont-small-font-size wp-elements-b520a4cac23a0a5877b117684ad39ab5\"><strong><a href=\"https:\/\/www.amazon.de\/MEERESGL%C3%9CCK-Auf-den-Wellen-Liebe\/dp\/B0DNKQW291\/ref=sr_1_1?__mk_de_DE=%C3%85M%C3%85%C5%BD%C3%95%C3%91&amp;crid=3331MB7SHAS1P&amp;dib=eyJ2IjoiMSJ9.mP5cN1KK5Qp1D8oB9IqvDriKT8xSTB5K0dauxvjqejjm_vZHG3KiKZnAocHPGZDY-jqyPF4gGrCQCr188Qm3wqyiZFRtpbvgMyfBWt4BAVQoigmt-alixO-NAP4n9uLHOAAJjSCj95ySoyHhIJCrA56bD0D2fDaXEuN1N-h5i1ZxBGE5pz_1T8dTyoyV3OwdabTsHb9Y6WoqUUpNc5O_fzS8aX4W8aBKA5_fhkD5wWg.C2rPJZZGYLfIP7h87NPC9fI_T1_bldBXO2sLXsIbkxA&amp;dib_tag=se&amp;keywords=Meeresgl%C3%BCck+julie+goldblum&amp;qid=1761285443&amp;sprefix=meeresgl%C3%BCck+julie+goldblum%2Caps%2C208&amp;sr=8-1\" target=\"_blank\" rel=\"noreferrer noopener\">TASCHENBUCH<\/a><\/strong><\/h2>\n\n\n\n<p><\/p>\n\n\n\n<div class=\"wp-block-buttons is-layout-flex wp-block-buttons-is-layout-flex\">\n<div class=\"wp-block-button has-custom-width wp-block-button__width-100\"><a class=\"wp-block-button__link has-background has-text-align-center wp-element-button\" href=\"https:\/\/www.amazon.de\/MEERESGL%C3%9CCK-Auf-den-Wellen-Liebe\/dp\/B0DNKQW291\/ref=sr_1_1?__mk_de_DE=%C3%85M%C3%85%C5%BD%C3%95%C3%91&amp;crid=3331MB7SHAS1P&amp;dib=eyJ2IjoiMSJ9.mP5cN1KK5Qp1D8oB9IqvDriKT8xSTB5K0dauxvjqejjm_vZHG3KiKZnAocHPGZDY-jqyPF4gGrCQCr188Qm3wqyiZFRtpbvgMyfBWt4BAVQoigmt-alixO-NAP4n9uLHOAAJjSCj95ySoyHhIJCrA56bD0D2fDaXEuN1N-h5i1ZxBGE5pz_1T8dTyoyV3OwdabTsHb9Y6WoqUUpNc5O_fzS8aX4W8aBKA5_fhkD5wWg.C2rPJZZGYLfIP7h87NPC9fI_T1_bldBXO2sLXsIbkxA&amp;dib_tag=se&amp;keywords=Meeresgl%C3%BCck+julie+goldblum&amp;qid=1761285443&amp;sprefix=meeresgl%C3%BCck+julie+goldblum%2Caps%2C208&amp;sr=8-1\" style=\"background-color:#8ad1cd\" target=\"_blank\" rel=\"noreferrer noopener\"><strong>Jetzt kaufen<\/strong><\/a><\/div>\n<\/div>\n\n\n\n<p class=\"has-text-align-center has-secondary-color has-text-color has-superbfont-xsmall-font-size\"><\/p>\n<\/div>\n\n\n\n<div class=\"wp-block-column is-vertically-aligned-center is-layout-flow wp-block-column-is-layout-flow\"><div class=\"wp-block-image\">\n<figure class=\"aligncenter size-full is-resized\"><a href=\"https:\/\/www.amazon.de\/MEERESGL%C3%9CCK-Liebe-Wellen-Julie-Goldblum-ebook\/dp\/B07ZTTTMRT\/ref=tmm_kin_swatch_0?_encoding=UTF8&amp;dib_tag=se&amp;dib=eyJ2IjoiMSJ9.mP5cN1KK5Qp1D8oB9IqvDriKT8xSTB5K0dauxvjqejjm_vZHG3KiKZnAocHPGZDY-jqyPF4gGrCQCr188Qm3wqyiZFRtpbvgMyfBWt4BAVQoigmt-alixO-NAP4n9uLHOAAJjSCj95ySoyHhIJCrA56bD0D2fDaXEuN1N-h5i1ZxBGE5pz_1T8dTyoyV3OwdabTsHb9Y6WoqUUpNc5O_fzS8aX4W8aBKA5_fhkD5wWg.C2rPJZZGYLfIP7h87NPC9fI_T1_bldBXO2sLXsIbkxA&amp;qid=1761285443&amp;sr=8-1\" target=\"_blank\"><img loading=\"lazy\" decoding=\"async\" width=\"383\" height=\"527\" src=\"http:\/\/lilome.at\/WP\/wp-content\/uploads\/2025\/10\/Meeresglueck-Band-1-Ebook-2025-new-cover-cut.png\" alt=\"\" class=\"wp-image-6297\" style=\"width:230px;height:auto\" srcset=\"http:\/\/lilome.at\/WP\/wp-content\/uploads\/2025\/10\/Meeresglueck-Band-1-Ebook-2025-new-cover-cut.png 383w, http:\/\/lilome.at\/WP\/wp-content\/uploads\/2025\/10\/Meeresglueck-Band-1-Ebook-2025-new-cover-cut-218x300.png 218w, http:\/\/lilome.at\/WP\/wp-content\/uploads\/2025\/10\/Meeresglueck-Band-1-Ebook-2025-new-cover-cut-300x413.png 300w\" sizes=\"auto, (max-width: 383px) 100vw, 383px\" \/><\/a><\/figure><\/div>\n\n\n<p><\/p>\n\n\n\n<h2 class=\"wp-block-heading has-text-align-center has-black-color has-text-color has-link-color has-superbfont-small-font-size wp-elements-90beb60035bc13c7298911e4874f4c5d\"><strong><a href=\"https:\/\/www.amazon.de\/MEERESGL%C3%9CCK-Liebe-Wellen-Julie-Goldblum-ebook\/dp\/B07ZTTTMRT\/ref=tmm_kin_swatch_0?_encoding=UTF8&amp;dib_tag=se&amp;dib=eyJ2IjoiMSJ9.mP5cN1KK5Qp1D8oB9IqvDriKT8xSTB5K0dauxvjqejjm_vZHG3KiKZnAocHPGZDY-jqyPF4gGrCQCr188Qm3wqyiZFRtpbvgMyfBWt4BAVQoigmt-alixO-NAP4n9uLHOAAJjSCj95ySoyHhIJCrA56bD0D2fDaXEuN1N-h5i1ZxBGE5pz_1T8dTyoyV3OwdabTsHb9Y6WoqUUpNc5O_fzS8aX4W8aBKA5_fhkD5wWg.C2rPJZZGYLfIP7h87NPC9fI_T1_bldBXO2sLXsIbkxA&amp;qid=1761285443&amp;sr=8-1\" target=\"_blank\" rel=\"noreferrer noopener\">E-BOOK<\/a><\/strong><\/h2>\n\n\n\n<p><\/p>\n\n\n\n<div class=\"wp-block-buttons is-layout-flex wp-block-buttons-is-layout-flex\">\n<div class=\"wp-block-button has-custom-width wp-block-button__width-100\"><a class=\"wp-block-button__link has-background wp-element-button\" href=\"https:\/\/www.amazon.de\/MEERESGL%C3%9CCK-Liebe-Wellen-Julie-Goldblum-ebook\/dp\/B07ZTTTMRT\/ref=tmm_kin_swatch_0?_encoding=UTF8&amp;dib_tag=se&amp;dib=eyJ2IjoiMSJ9.mP5cN1KK5Qp1D8oB9IqvDriKT8xSTB5K0dauxvjqejjm_vZHG3KiKZnAocHPGZDY-jqyPF4gGrCQCr188Qm3wqyiZFRtpbvgMyfBWt4BAVQoigmt-alixO-NAP4n9uLHOAAJjSCj95ySoyHhIJCrA56bD0D2fDaXEuN1N-h5i1ZxBGE5pz_1T8dTyoyV3OwdabTsHb9Y6WoqUUpNc5O_fzS8aX4W8aBKA5_fhkD5wWg.C2rPJZZGYLfIP7h87NPC9fI_T1_bldBXO2sLXsIbkxA&amp;qid=1761285443&amp;sr=8-1\" style=\"background-color:#8ad1cd\" target=\"_blank\" rel=\"noreferrer noopener\"><strong>Jetzt kaufen<\/strong><\/a><\/div>\n<\/div>\n\n\n\n<p class=\"has-text-align-center has-secondary-color has-text-color has-superbfont-xsmall-font-size\"><\/p>\n<\/div>\n<\/div>\n<\/div><\/div>\n\n\n\n<p class=\"has-text-align-center has-black-color has-text-color has-link-color wp-elements-cda6d13dc24746fe62619dac58717af6\" style=\"font-size:20px\">Hier geht es zu <\/p>\n\n\n\n<p class=\"has-text-align-center has-black-color has-text-color has-link-color wp-elements-b756b3b41ad1ac42eba20b97d2735a99\" style=\"font-size:20px\"><strong><a href=\"http:\/\/lilome.at\/WP\/meeresglueck-2\/\" target=\"_blank\" rel=\"noreferrer noopener\">MEERESGL\u00dcCK Band 2: Durch die Lichter der Nacht<\/a><\/strong><\/p>\n\n\n\n<p class=\"has-text-align-center has-black-color has-text-color has-link-color wp-elements-4f34ac82c0054df7da4568f12d196dd8\" style=\"font-size:20px\"><\/p>\n\n\n\n<div class=\"wp-block-buttons is-content-justification-center is-layout-flex wp-container-core-buttons-is-layout-4 wp-block-buttons-is-layout-flex\">\n<div class=\"wp-block-button has-custom-width wp-block-button__width-75 is-style-outline is-style-outline--2\"><a class=\"wp-block-button__link has-white-color has-text-color has-background has-link-color has-text-align-center wp-element-button\" style=\"background-color:#fae3e3\"><strong>COMING 08.11.2025<\/strong><\/a><\/div>\n<\/div>\n\n\n\n<p><\/p>\n\n\n\n<p class=\"has-text-align-center has-black-color has-text-color has-link-color wp-elements-c47b4514d754fd6e322f0ffb99af206d\" style=\"font-size:20px\"><a href=\"http:\/\/lilome.at\/WP\/meeresglueck-3\/\" target=\"_blank\" rel=\"noreferrer noopener\"><strong>MEERESGL\u00dcCK Band 3: Zu den Sternen des Gl\u00fccks<\/strong><\/a><\/p>\n\n\n\n<div class=\"wp-block-buttons is-content-justification-center is-layout-flex wp-container-core-buttons-is-layout-5 wp-block-buttons-is-layout-flex\">\n<div class=\"wp-block-button has-custom-width wp-block-button__width-75 is-style-outline is-style-outline--3\"><a class=\"wp-block-button__link has-white-color has-text-color has-background has-link-color has-text-align-center wp-element-button\" style=\"background-color:#8ad1cd\"><strong>COMING 22.11.2025<\/strong><\/a><\/div>\n<\/div>\n\n\n\n<p><\/p>\n\n\n\n<p class=\"has-white-color has-text-color has-link-color wp-elements-1ac2048bb78a80650a24ed780832accd\">Lilome Verlag<\/p>\n\n\n\n<div class=\"wp-block-buttons is-content-justification-space-between is-nowrap is-layout-flex wp-container-core-buttons-is-layout-6 wp-block-buttons-is-layout-flex\">\n<div class=\"wp-block-button has-custom-width wp-block-button__width-25 has-custom-font-size has-small-font-size\"><a class=\"wp-block-button__link has-black-color has-white-background-color has-text-color has-background has-link-color wp-element-button\" href=\"http:\/\/lilome.at\/WP\/\" target=\"_blank\" rel=\"noreferrer noopener\">LILOME<\/a><\/div>\n\n\n\n<div class=\"wp-block-button has-custom-width wp-block-button__width-25 has-custom-font-size has-small-font-size\"><a class=\"wp-block-button__link has-black-color has-white-background-color has-text-color has-background has-link-color wp-element-button\" href=\"http:\/\/lilome.at\/WP\/unsere-buecher\/\" target=\"_blank\" rel=\"noreferrer noopener\">B\u00fccher<\/a><\/div>\n\n\n\n<div class=\"wp-block-button has-custom-width wp-block-button__width-25 has-custom-font-size has-small-font-size\"><a class=\"wp-block-button__link has-black-color has-white-background-color has-text-color has-background has-link-color wp-element-button\" href=\"http:\/\/lilome.at\/WP\/unsere-autorinnen\/\" target=\"_blank\" rel=\"noreferrer noopener\">Autoren<\/a><\/div>\n\n\n\n<div class=\"wp-block-button has-custom-width wp-block-button__width-25 has-custom-font-size has-small-font-size\"><a class=\"wp-block-button__link has-black-color has-white-background-color has-text-color has-background has-link-color wp-element-button\" href=\"http:\/\/lilome.at\/WP\/ueber-lilome\/\" target=\"_blank\" rel=\"noreferrer noopener\">About<\/a><\/div>\n<\/div>\n","protected":false},"excerpt":{"rendered":"<p>Lilome Verlag pr\u00e4sentiert Julie Goldblum MEERESGL\u00dcCK Band 1: Auf den Wellen der Liebe Eine letzte Urlaubswoche im Oktober, bevor der ersehnte Sprung auf der Karriereleiter beginnt. Was gibt es Sch\u00f6neres, denkt sich Sophia, als sie mit ihrer Freundin Mimi nach Paros aufbricht. Doch dann kommt alles ganz anders, als es die ordnungsliebende Personalmanagerin geplant hat:&#8230;<\/p>\n","protected":false},"author":1,"featured_media":0,"parent":0,"menu_order":0,"comment_status":"closed","ping_status":"closed","template":"","meta":{"footnotes":""},"class_list":["post-5502","page","type-page","status-publish","hentry"],"_links":{"self":[{"href":"http:\/\/lilome.at\/WP\/wp-json\/wp\/v2\/pages\/5502","targetHints":{"allow":["GET"]}}],"collection":[{"href":"http:\/\/lilome.at\/WP\/wp-json\/wp\/v2\/pages"}],"about":[{"href":"http:\/\/lilome.at\/WP\/wp-json\/wp\/v2\/types\/page"}],"author":[{"embeddable":true,"href":"http:\/\/lilome.at\/WP\/wp-json\/wp\/v2\/users\/1"}],"replies":[{"embeddable":true,"href":"http:\/\/lilome.at\/WP\/wp-json\/wp\/v2\/comments?post=5502"}],"version-history":[{"count":25,"href":"http:\/\/lilome.at\/WP\/wp-json\/wp\/v2\/pages\/5502\/revisions"}],"predecessor-version":[{"id":6547,"href":"http:\/\/lilome.at\/WP\/wp-json\/wp\/v2\/pages\/5502\/revisions\/6547"}],"wp:attachment":[{"href":"http:\/\/lilome.at\/WP\/wp-json\/wp\/v2\/media?parent=5502"}],"curies":[{"name":"wp","href":"https:\/\/api.w.org\/{rel}","templated":true}]}}