{"id":5489,"date":"2025-05-30T19:28:42","date_gmt":"2025-05-30T17:28:42","guid":{"rendered":"http:\/\/lilome.at\/WP\/?page_id=5489"},"modified":"2026-02-08T16:40:27","modified_gmt":"2026-02-08T15:40:27","slug":"be-my-valentine","status":"publish","type":"page","link":"http:\/\/lilome.at\/WP\/be-my-valentine\/","title":{"rendered":"Be my Valentine"},"content":{"rendered":"\n<div class=\"wp-block-media-text is-stacked-on-mobile\" style=\"grid-template-columns:49% auto\"><figure class=\"wp-block-media-text__media\"><a href=\"https:\/\/www.amazon.de\/Be-Valentine-Blitzlichtgewitterherzschlag-Chloe-Silva\/dp\/B0DXKXW7T2\/ref=sr_1_1?__mk_de_DE=%C3%85M%C3%85%C5%BD%C3%95%C3%91&amp;crid=3SXNLSHB9WKWS&amp;dib=eyJ2IjoiMSJ9.Uk5IYJkrYmcS6JK_6rdlMt8webnSbquCZHOV1SL6NI1zIi3AgrV2fKY16lFv_MjghxeJwXoArwmQ_Oz9qFXXQODQA_rNYJ_d4uNF2zfobwQ6uvQfL3kl6vXZPdaDl29k_hmj_1wOctKeR584Q5_YUgVCdUMTed6pOEimJ0VOylL6MYlSy-a5Crh4wPaEYZd6RfhAeagcRkiPQEtfG9BvxyIpsXOqc3mac5YpQ8oSqfA.fHn1LVEDAR3_qvLf13EpEiCE5H2QA_EaFT1L4SovXck&amp;dib_tag=se&amp;keywords=Chloe+Silva&amp;qid=1746520575&amp;sprefix=chloe+silva%2Caps%2C112&amp;sr=8-1 \" target=\"_blank\" rel=\" noreferrer noopener\"><img loading=\"lazy\" decoding=\"async\" width=\"642\" height=\"1024\" src=\"http:\/\/lilome.at\/WP\/wp-content\/uploads\/2025\/05\/be-my-Valentine-Cover-mit-Schatten-fuer-Website-642x1024.jpg\" alt=\"\" class=\"wp-image-5223 size-full\" srcset=\"http:\/\/lilome.at\/WP\/wp-content\/uploads\/2025\/05\/be-my-Valentine-Cover-mit-Schatten-fuer-Website-642x1024.jpg 642w, http:\/\/lilome.at\/WP\/wp-content\/uploads\/2025\/05\/be-my-Valentine-Cover-mit-Schatten-fuer-Website-188x300.jpg 188w, http:\/\/lilome.at\/WP\/wp-content\/uploads\/2025\/05\/be-my-Valentine-Cover-mit-Schatten-fuer-Website-768x1226.jpg 768w, http:\/\/lilome.at\/WP\/wp-content\/uploads\/2025\/05\/be-my-Valentine-Cover-mit-Schatten-fuer-Website-963x1536.jpg 963w, http:\/\/lilome.at\/WP\/wp-content\/uploads\/2025\/05\/be-my-Valentine-Cover-mit-Schatten-fuer-Website-1283x2048.jpg 1283w, http:\/\/lilome.at\/WP\/wp-content\/uploads\/2025\/05\/be-my-Valentine-Cover-mit-Schatten-fuer-Website-300x479.jpg 300w, http:\/\/lilome.at\/WP\/wp-content\/uploads\/2025\/05\/be-my-Valentine-Cover-mit-Schatten-fuer-Website-850x1356.jpg 850w, http:\/\/lilome.at\/WP\/wp-content\/uploads\/2025\/05\/be-my-Valentine-Cover-mit-Schatten-fuer-Website.jpg 1410w\" sizes=\"auto, (max-width: 642px) 100vw, 642px\" \/><\/a><\/figure><div class=\"wp-block-media-text__content\">\n<p class=\"has-white-color has-text-color has-link-color wp-elements-8db0579ec80fc1068c16268a7c66e67c\">Lilome Verlag pr\u00e4sentiert<\/p>\n\n\n\n<p class=\"has-text-color has-link-color has-medium-font-size wp-elements-471c1917336d6753a4a08f205989ca20\" style=\"color:#8ad1cd\"><strong><a href=\"http:\/\/lilome.at\/WP\/chloe-silva\/\" target=\"_blank\" rel=\"noreferrer noopener\">Chloe Silva<\/a><\/strong><\/p>\n\n\n\n<p class=\"has-black-color has-text-color has-link-color wp-elements-3e360800a572d2f613a13883e8010ddb\" style=\"font-size:25px\"><strong><a href=\"https:\/\/www.amazon.de\/Be-Valentine-Blitzlichtgewitterherzschlag-Chloe-Silva\/dp\/B0DXKXW7T2\/ref=sr_1_1?__mk_de_DE=%C3%85M%C3%85%C5%BD%C3%95%C3%91&amp;crid=3SXNLSHB9WKWS&amp;dib=eyJ2IjoiMSJ9.Uk5IYJkrYmcS6JK_6rdlMt8webnSbquCZHOV1SL6NI1zIi3AgrV2fKY16lFv_MjghxeJwXoArwmQ_Oz9qFXXQODQA_rNYJ_d4uNF2zfobwQ6uvQfL3kl6vXZPdaDl29k_hmj_1wOctKeR584Q5_YUgVCdUMTed6pOEimJ0VOylL6MYlSy-a5Crh4wPaEYZd6RfhAeagcRkiPQEtfG9BvxyIpsXOqc3mac5YpQ8oSqfA.fHn1LVEDAR3_qvLf13EpEiCE5H2QA_EaFT1L4SovXck&amp;dib_tag=se&amp;keywords=Chloe+Silva&amp;qid=1746520575&amp;sprefix=chloe+silva%2Caps%2C112&amp;sr=8-1\" target=\"_blank\" rel=\"noreferrer noopener\">BE MY VALENTINE<\/a><\/strong><\/p>\n\n\n\n<p class=\"has-medium-font-size\"><strong>Blitzlichtgewitterherzschlag<\/strong><\/p>\n\n\n\n<p>Was war nur aus seinem angenehmen und privilegierten Leben geworden?! Val Bennett kann es nicht fassen, als er sich nach einem aufsehenerregenden Crash mit seiner Million\u00e4rs-Verlobten so pl\u00f6tzlich nicht nur in seiner alten Heimatstadt Wien, sondern auch noch dazu in einer M\u00fcllkippe von Wohnung wieder findet. Ganz klar: Er braucht Hilfe! Und das schnell!&nbsp;<\/p>\n\n\n\n<p>Jenny ist verzweifelt. Was konnte in ihrem Leben denn eigentlich noch alles schiefgehen?! Jetzt l\u00e4uft sie auch noch Gefahr innerhalb von sieben Tagen ihre Wohnung zu verlieren. Sie braucht einen weiteren Job! Und das ganz schnell!<\/p>\n\n\n\n<p class=\"has-black-color has-text-color has-link-color wp-elements-cca38629e2695ec4eb7df002fdad87f5\"><a href=\"https:\/\/youtu.be\/8ccOn7W-L2c\" target=\"_blank\" rel=\"noreferrer noopener\">Hier geht es zum Video \ud83d\ude42 <\/a><\/p>\n\n\n\n<p class=\"has-black-color has-text-color has-link-color wp-elements-d60cecf02ac0ef84cb18aa7667bd9b4e\"><a href=\"http:\/\/lilome.at\/WP\/uebersicht-videos-lilome-verlag\/\" target=\"_blank\" rel=\"noreferrer noopener\"><em>\u00dcbersicht Videos Lilome Verlag<\/em><\/a><\/p>\n<\/div><\/div>\n\n\n\n<p class=\"has-white-color has-text-color has-link-color wp-elements-52c78f415e55c7bc65f57034a76982a0\">Be my Valentine<\/p>\n\n\n\n<div class=\"wp-block-buttons is-content-justification-center is-layout-flex wp-container-core-buttons-is-layout-1 wp-block-buttons-is-layout-flex\">\n<div class=\"wp-block-button is-style-outline is-style-outline--1\"><a class=\"wp-block-button__link has-text-color has-link-color wp-element-button\" href=\"https:\/\/www.amazon.de\/Be-Valentine-Blitzlichtgewitterherzschlag-Chloe-Silva-ebook\/dp\/B0DX7F1T86\/ref=tmm_kin_swatch_0?_encoding=UTF8&amp;dib_tag=se&amp;dib=eyJ2IjoiMSJ9.Uk5IYJkrYmcS6JK_6rdlMt8webnSbquCZHOV1SL6NI1zIi3AgrV2fKY16lFv_MjghxeJwXoArwmQ_Oz9qFXXQODQA_rNYJ_d4uNF2zfobwQ6uvQfL3kl6vXZPdaDl29k_hmj_1wOctKeR584Q5_YUgVCdUMTed6pOEimJ0VOylL6MYlSy-a5Crh4wPaEYZd6RfhAeagcRkiPQEtfG9BvxyIpsXOqc3mac5YpQ8oSqfA.fHn1LVEDAR3_qvLf13EpEiCE5H2QA_EaFT1L4SovXck&amp;qid=1746520575&amp;sr=8-1\" style=\"color:#8ad1cd\" target=\"_blank\" rel=\"noreferrer noopener\"><strong>Zum Kindle E-Book<\/strong><\/a><\/div>\n\n\n\n<div class=\"wp-block-button\"><a class=\"wp-block-button__link has-background has-text-align-center wp-element-button\" href=\"https:\/\/www.amazon.de\/Be-Valentine-Blitzlichtgewitterherzschlag-Chloe-Silva\/dp\/B0DXKXW7T2\/ref=sr_1_1?__mk_de_DE=%C3%85M%C3%85%C5%BD%C3%95%C3%91&amp;crid=3SXNLSHB9WKWS&amp;dib=eyJ2IjoiMSJ9.Uk5IYJkrYmcS6JK_6rdlMt8webnSbquCZHOV1SL6NI1zIi3AgrV2fKY16lFv_MjghxeJwXoArwmQ_Oz9qFXXQODQA_rNYJ_d4uNF2zfobwQ6uvQfL3kl6vXZPdaDl29k_hmj_1wOctKeR584Q5_YUgVCdUMTed6pOEimJ0VOylL6MYlSy-a5Crh4wPaEYZd6RfhAeagcRkiPQEtfG9BvxyIpsXOqc3mac5YpQ8oSqfA.fHn1LVEDAR3_qvLf13EpEiCE5H2QA_EaFT1L4SovXck&amp;dib_tag=se&amp;keywords=Chloe+Silva&amp;qid=1746520575&amp;sprefix=chloe+silva%2Caps%2C112&amp;sr=8-1\" style=\"background-color:#8ad1cd\" target=\"_blank\" rel=\"noreferrer noopener\"><strong>Zum Taschenbuch<\/strong><\/a><\/div>\n\n\n\n<div class=\"wp-block-button is-style-outline is-style-outline--2\"><a class=\"wp-block-button__link has-text-color has-link-color wp-element-button\" href=\"https:\/\/www.thalia.at\/shop\/home\/artikeldetails\/A1078019888\" style=\"color:#8ad1cd\" target=\"_blank\" rel=\"noreferrer noopener\"><strong>Zum Tolino E-Book<\/strong><\/a><\/div>\n<\/div>\n\n\n\n<p><\/p>\n\n\n\n<p class=\"has-white-color has-text-color has-link-color wp-elements-109fa2e1db45ea459cec0133869be352\">von Chloe Silva<\/p>\n\n\n\n<hr class=\"wp-block-separator has-text-color has-alpha-channel-opacity has-background\" style=\"background-color:#fae3e3;color:#fae3e3\"\/>\n\n\n\n<p><\/p>\n\n\n\n<p class=\"has-white-color has-text-color has-link-color wp-elements-d4bebc32e0868d3550befb2b774b7f96\">von Lilome Verlag<\/p>\n\n\n\n<p class=\"has-text-color has-link-color wp-elements-efbb4600994fe93d681748a19b73a324\" style=\"color:#8ad1cd;font-size:25px\"><strong><em>Mehr \u00fcber das Buch:  <\/em><\/strong><\/p>\n\n\n\n<p><\/p>\n\n\n\n<p class=\"has-white-color has-text-color has-link-color wp-elements-c645e628e62f8fbab9d9726851472d16\"><\/p>\n\n\n\n<p>Eine humorige Kurzgeschichte in unserer <strong>Shortbread-Reihe<\/strong>, bei der man w\u00fcnschen w\u00fcrde, sie h\u00e4tte nicht nur 165 Seiten!<\/p>\n\n\n\n<p><\/p>\n\n\n\n<p class=\"has-white-color has-text-color has-link-color wp-elements-11fbf2e68602dfcfee0634171a29e3d4\">Textauszug von Be my Valentine<\/p>\n\n\n\n<p class=\"has-text-align-center has-background\" style=\"background-color:#fae3e3;font-size:17px\"><strong><em>\u201eIst das ein neuer Sport in Wien irgendwelche Leute umzurennen, oder bin nur ich Ihr bevorzugtes Opfer?\u201c<\/em><\/strong><\/p>\n\n\n\n<p><\/p>\n\n\n\n<p class=\"has-white-color has-text-color has-link-color wp-elements-95aa7e631d6a4ae70d05287c7647a475\">chloe silva sagt<\/p>\n\n\n\n<div class=\"wp-block-media-text has-media-on-the-right is-stacked-on-mobile\" style=\"grid-template-columns:auto 30%\"><div class=\"wp-block-media-text__content\">\n<p>&#8222;Ich wollte schon immer ein Buch \u00fcber das &#8218;Nachhause kommen&#8216; schreiben. Ich kenne dieses Gef\u00fchl nur zu gut. Alles ist so erschreckend gleich (geblieben), und doch ist alles so unglaublich fremd geworden. So wie Valentin ist es mir damals auch ergangen, als  ich nach Jahren in Los Angeles wieder zur\u00fcck nach  Wien gekommen bin. Nur haben mich Gott sei Dank keine Paparazzi verfolgt \ud83d\ude09 <\/p>\n\n\n\n<p><em>Chloe Silva <\/em><\/p>\n<\/div><figure class=\"wp-block-media-text__media\"><img loading=\"lazy\" decoding=\"async\" width=\"277\" height=\"365\" src=\"http:\/\/lilome.at\/WP\/wp-content\/uploads\/2025\/05\/Portraet-Chloe-Silva-e1748625289739.jpg\" alt=\"\" class=\"wp-image-5294 size-full\" srcset=\"http:\/\/lilome.at\/WP\/wp-content\/uploads\/2025\/05\/Portraet-Chloe-Silva-e1748625289739.jpg 277w, http:\/\/lilome.at\/WP\/wp-content\/uploads\/2025\/05\/Portraet-Chloe-Silva-e1748625289739-228x300.jpg 228w\" sizes=\"auto, (max-width: 277px) 100vw, 277px\" \/><\/figure><\/div>\n\n\n\n<p><\/p>\n\n\n\n<p class=\"has-white-color has-text-color has-link-color wp-elements-1ac2048bb78a80650a24ed780832accd\">Lilome Verlag<\/p>\n\n\n\n<p><\/p>\n\n\n\n<p class=\"has-text-align-center has-background\" style=\"background-color:#fae3e3;font-size:16px\"><strong><em>\u201e\u00dcber diese Tatsache l\u00e4sst sich wirklich nicht verhandeln. Ein Schloss und ein Schl\u00fcssel m\u00fcssen sein.\u201c<\/em><\/strong><\/p>\n\n\n\n<p><\/p>\n\n\n\n<p class=\"has-white-color has-text-color has-link-color wp-elements-c00f275edb947662c5cb1431b68006de\">Verena Gr\u00fcnwald meint<\/p>\n\n\n\n<p>Chloe Silva bringt in diesem kurzweiligen Roman ihre eigenen Erfahrungen aus ihrer Lebenszeit in Los Angeles mit ein.&nbsp;Durch ihre diversen Jobs und Bekanntschaften konnte sie mehr als einmal hinter die Kulissen der Stars und Sternchen schauen \u2013 und was es in dieser Metropole bedeutet als \u201eCeleb\u201c jede Minute auf dem Pr\u00e4sentierteller zu liegen.<\/p>\n\n\n\n<p><\/p>\n\n\n\n<p class=\"has-white-color has-text-color has-link-color wp-elements-23e9e1eaacbc260e5400d98bb73b938b\">Shortbread Verlag<\/p>\n\n\n\n<p class=\"has-text-align-center has-background\" style=\"background-color:#fae3e3;font-size:16px\"><em><strong>\u201eAber ja doch. Wir machen uns Gedanken, und es macht \u00fcberhaupt keine M\u00fche.\u201c<\/strong><\/em><\/p>\n\n\n\n<p><\/p>\n\n\n\n<div class=\"wp-block-group alignfull\" style=\"margin-top:0;margin-bottom:0;padding-top:var(--wp--preset--spacing--superbspacing-xxlarge);padding-right:var(--wp--preset--spacing--superbspacing-small);padding-bottom:var(--wp--preset--spacing--superbspacing-xxlarge);padding-left:var(--wp--preset--spacing--superbspacing-small)\"><div class=\"wp-block-group__inner-container is-layout-constrained wp-container-core-group-is-layout-2 wp-block-group-is-layout-constrained\">\n<div class=\"wp-block-group alignwide\"><div class=\"wp-block-group__inner-container is-layout-constrained wp-container-core-group-is-layout-1 wp-block-group-is-layout-constrained\">\n<h4 class=\"wp-block-heading has-text-align-center has-text-color has-link-color has-superbfont-xxsmall-font-size wp-elements-70f882342c236ae2097ec8ba823360e1\" style=\"color:#8ad1cd;font-style:normal;font-weight:700;letter-spacing:5px;text-transform:uppercase\"><a href=\"http:\/\/lilome.at\/WP\/chloe-silva\/\" target=\"_blank\" rel=\"noreferrer noopener\">Chloe silva<\/a><\/h4>\n\n\n\n<h2 class=\"wp-block-heading has-text-align-center has-black-color has-text-color has-link-color wp-elements-7d03b3ddeeb3ec82ecd6fbfe7b40a74c\" style=\"font-size:30px\"><strong><a href=\"https:\/\/www.amazon.de\/Be-Valentine-Blitzlichtgewitterherzschlag-Chloe-Silva\/dp\/B0DXKXW7T2\/ref=sr_1_1?__mk_de_DE=%C3%85M%C3%85%C5%BD%C3%95%C3%91&amp;crid=3SXNLSHB9WKWS&amp;dib=eyJ2IjoiMSJ9.Uk5IYJkrYmcS6JK_6rdlMt8webnSbquCZHOV1SL6NI1zIi3AgrV2fKY16lFv_MjghxeJwXoArwmQ_Oz9qFXXQODQA_rNYJ_d4uNF2zfobwQ6uvQfL3kl6vXZPdaDl29k_hmj_1wOctKeR584Q5_YUgVCdUMTed6pOEimJ0VOylL6MYlSy-a5Crh4wPaEYZd6RfhAeagcRkiPQEtfG9BvxyIpsXOqc3mac5YpQ8oSqfA.fHn1LVEDAR3_qvLf13EpEiCE5H2QA_EaFT1L4SovXck&amp;dib_tag=se&amp;keywords=Chloe+Silva&amp;qid=1746520575&amp;sprefix=chloe+silva%2Caps%2C112&amp;sr=8-1\" target=\"_blank\" rel=\"noreferrer noopener\">BE MY VALENTINE<\/a><\/strong><\/h2>\n<\/div><\/div>\n\n\n\n<div class=\"wp-block-columns alignwide is-layout-flex wp-container-core-columns-is-layout-1 wp-block-columns-is-layout-flex\">\n<div class=\"wp-block-column is-vertically-aligned-center is-layout-flow wp-block-column-is-layout-flow\"><div class=\"wp-block-image\">\n<figure class=\"aligncenter size-full is-resized\"><a href=\"https:\/\/www.amazon.de\/Be-Valentine-Blitzlichtgewitterherzschlag-Chloe-Silva\/dp\/B0DXKXW7T2\/ref=sr_1_1?__mk_de_DE=%C3%85M%C3%85%C5%BD%C3%95%C3%91&amp;crid=3SXNLSHB9WKWS&amp;dib=eyJ2IjoiMSJ9.Uk5IYJkrYmcS6JK_6rdlMt8webnSbquCZHOV1SL6NI1zIi3AgrV2fKY16lFv_MjghxeJwXoArwmQ_Oz9qFXXQODQA_rNYJ_d4uNF2zfobwQ6uvQfL3kl6vXZPdaDl29k_hmj_1wOctKeR584Q5_YUgVCdUMTed6pOEimJ0VOylL6MYlSy-a5Crh4wPaEYZd6RfhAeagcRkiPQEtfG9BvxyIpsXOqc3mac5YpQ8oSqfA.fHn1LVEDAR3_qvLf13EpEiCE5H2QA_EaFT1L4SovXck&amp;dib_tag=se&amp;keywords=Chloe+Silva&amp;qid=1746520575&amp;sprefix=chloe+silva%2Caps%2C112&amp;sr=8-1 \" target=\"_blank\"><img loading=\"lazy\" decoding=\"async\" width=\"1410\" height=\"2250\" src=\"http:\/\/lilome.at\/WP\/wp-content\/uploads\/2025\/05\/be-my-Valentine-Cover-mit-Schatten-fuer-Website.jpg\" alt=\"\" class=\"wp-image-5223\" style=\"width:230px\" srcset=\"http:\/\/lilome.at\/WP\/wp-content\/uploads\/2025\/05\/be-my-Valentine-Cover-mit-Schatten-fuer-Website.jpg 1410w, http:\/\/lilome.at\/WP\/wp-content\/uploads\/2025\/05\/be-my-Valentine-Cover-mit-Schatten-fuer-Website-188x300.jpg 188w, http:\/\/lilome.at\/WP\/wp-content\/uploads\/2025\/05\/be-my-Valentine-Cover-mit-Schatten-fuer-Website-642x1024.jpg 642w, http:\/\/lilome.at\/WP\/wp-content\/uploads\/2025\/05\/be-my-Valentine-Cover-mit-Schatten-fuer-Website-768x1226.jpg 768w, http:\/\/lilome.at\/WP\/wp-content\/uploads\/2025\/05\/be-my-Valentine-Cover-mit-Schatten-fuer-Website-963x1536.jpg 963w, http:\/\/lilome.at\/WP\/wp-content\/uploads\/2025\/05\/be-my-Valentine-Cover-mit-Schatten-fuer-Website-1283x2048.jpg 1283w, http:\/\/lilome.at\/WP\/wp-content\/uploads\/2025\/05\/be-my-Valentine-Cover-mit-Schatten-fuer-Website-300x479.jpg 300w, http:\/\/lilome.at\/WP\/wp-content\/uploads\/2025\/05\/be-my-Valentine-Cover-mit-Schatten-fuer-Website-850x1356.jpg 850w\" sizes=\"auto, (max-width: 1410px) 100vw, 1410px\" \/><\/a><\/figure><\/div>\n\n\n<p><\/p>\n\n\n\n<h2 class=\"wp-block-heading has-text-align-center has-black-color has-text-color has-link-color has-superbfont-small-font-size wp-elements-95c9dfe78a5c8b500ec87fd66d4f0bc8\"><strong><a href=\"https:\/\/www.amazon.de\/Be-Valentine-Blitzlichtgewitterherzschlag-Chloe-Silva\/dp\/B0DXKXW7T2\/ref=sr_1_1?__mk_de_DE=%C3%85M%C3%85%C5%BD%C3%95%C3%91&amp;crid=3SXNLSHB9WKWS&amp;dib=eyJ2IjoiMSJ9.Uk5IYJkrYmcS6JK_6rdlMt8webnSbquCZHOV1SL6NI1zIi3AgrV2fKY16lFv_MjghxeJwXoArwmQ_Oz9qFXXQODQA_rNYJ_d4uNF2zfobwQ6uvQfL3kl6vXZPdaDl29k_hmj_1wOctKeR584Q5_YUgVCdUMTed6pOEimJ0VOylL6MYlSy-a5Crh4wPaEYZd6RfhAeagcRkiPQEtfG9BvxyIpsXOqc3mac5YpQ8oSqfA.fHn1LVEDAR3_qvLf13EpEiCE5H2QA_EaFT1L4SovXck&amp;dib_tag=se&amp;keywords=Chloe+Silva&amp;qid=1746520575&amp;sprefix=chloe+silva%2Caps%2C112&amp;sr=8-1\" target=\"_blank\" rel=\"noreferrer noopener\">TASCHENBUCH<\/a><\/strong><\/h2>\n\n\n\n<p><\/p>\n\n\n\n<div class=\"wp-block-buttons is-layout-flex wp-block-buttons-is-layout-flex\">\n<div class=\"wp-block-button has-custom-width wp-block-button__width-100\"><a class=\"wp-block-button__link has-background has-text-align-center wp-element-button\" href=\"https:\/\/www.amazon.de\/Be-Valentine-Blitzlichtgewitterherzschlag-Chloe-Silva\/dp\/B0DXKXW7T2\/ref=sr_1_1?__mk_de_DE=%C3%85M%C3%85%C5%BD%C3%95%C3%91&amp;crid=3SXNLSHB9WKWS&amp;dib=eyJ2IjoiMSJ9.Uk5IYJkrYmcS6JK_6rdlMt8webnSbquCZHOV1SL6NI1zIi3AgrV2fKY16lFv_MjghxeJwXoArwmQ_Oz9qFXXQODQA_rNYJ_d4uNF2zfobwQ6uvQfL3kl6vXZPdaDl29k_hmj_1wOctKeR584Q5_YUgVCdUMTed6pOEimJ0VOylL6MYlSy-a5Crh4wPaEYZd6RfhAeagcRkiPQEtfG9BvxyIpsXOqc3mac5YpQ8oSqfA.fHn1LVEDAR3_qvLf13EpEiCE5H2QA_EaFT1L4SovXck&amp;dib_tag=se&amp;keywords=Chloe+Silva&amp;qid=1746520575&amp;sprefix=chloe+silva%2Caps%2C112&amp;sr=8-1\" style=\"background-color:#8ad1cd\" target=\"_blank\" rel=\"noreferrer noopener\"><strong>Jetzt kaufen<\/strong><\/a><\/div>\n<\/div>\n\n\n\n<p class=\"has-text-align-center has-secondary-color has-text-color has-superbfont-xsmall-font-size\"><\/p>\n<\/div>\n\n\n\n<div class=\"wp-block-column is-vertically-aligned-center is-layout-flow wp-block-column-is-layout-flow\"><div class=\"wp-block-image\">\n<figure class=\"aligncenter size-full is-resized\"><a href=\"https:\/\/www.amazon.de\/Be-Valentine-Blitzlichtgewitterherzschlag-Chloe-Silva-ebook\/dp\/B0DX7F1T86\/ref=tmm_kin_swatch_0?_encoding=UTF8&amp;dib_tag=se&amp;dib=eyJ2IjoiMSJ9.Uk5IYJkrYmcS6JK_6rdlMt8webnSbquCZHOV1SL6NI1zIi3AgrV2fKY16lFv_MjghxeJwXoArwmQ_Oz9qFXXQODQA_rNYJ_d4uNF2zfobwQ6uvQfL3kl6vXZPdaDl29k_hmj_1wOctKeR584Q5_YUgVCdUMTed6pOEimJ0VOylL6MYlSy-a5Crh4wPaEYZd6RfhAeagcRkiPQEtfG9BvxyIpsXOqc3mac5YpQ8oSqfA.fHn1LVEDAR3_qvLf13EpEiCE5H2QA_EaFT1L4SovXck&amp;qid=1746520575&amp;sr=8-1\" target=\"_blank\"><img loading=\"lazy\" decoding=\"async\" width=\"539\" height=\"753\" src=\"http:\/\/lilome.at\/WP\/wp-content\/uploads\/2025\/05\/Be-my-Valentine-Ebookcut-300dpi.jpg\" alt=\"\" class=\"wp-image-5492\" style=\"width:230px;height:auto\" srcset=\"http:\/\/lilome.at\/WP\/wp-content\/uploads\/2025\/05\/Be-my-Valentine-Ebookcut-300dpi.jpg 539w, http:\/\/lilome.at\/WP\/wp-content\/uploads\/2025\/05\/Be-my-Valentine-Ebookcut-300dpi-215x300.jpg 215w, http:\/\/lilome.at\/WP\/wp-content\/uploads\/2025\/05\/Be-my-Valentine-Ebookcut-300dpi-300x419.jpg 300w\" sizes=\"auto, (max-width: 539px) 100vw, 539px\" \/><\/a><\/figure><\/div>\n\n\n<p><\/p>\n\n\n\n<h2 class=\"wp-block-heading has-text-align-center has-black-color has-text-color has-link-color has-superbfont-small-font-size wp-elements-3968c42b27617d5733c8a90ff08b5647\"><a href=\"https:\/\/www.amazon.de\/Be-Valentine-Blitzlichtgewitterherzschlag-Chloe-Silva-ebook\/dp\/B0DX7F1T86\/ref=tmm_kin_swatch_0?_encoding=UTF8&amp;dib_tag=se&amp;dib=eyJ2IjoiMSJ9.Uk5IYJkrYmcS6JK_6rdlMt8webnSbquCZHOV1SL6NI1zIi3AgrV2fKY16lFv_MjghxeJwXoArwmQ_Oz9qFXXQODQA_rNYJ_d4uNF2zfobwQ6uvQfL3kl6vXZPdaDl29k_hmj_1wOctKeR584Q5_YUgVCdUMTed6pOEimJ0VOylL6MYlSy-a5Crh4wPaEYZd6RfhAeagcRkiPQEtfG9BvxyIpsXOqc3mac5YpQ8oSqfA.fHn1LVEDAR3_qvLf13EpEiCE5H2QA_EaFT1L4SovXck&amp;qid=1746520575&amp;sr=8-1\" target=\"_blank\" rel=\"noreferrer noopener\"><strong>E-BOOK<\/strong> Kindle<\/a><\/h2>\n\n\n\n<p><\/p>\n\n\n\n<div class=\"wp-block-buttons is-layout-flex wp-block-buttons-is-layout-flex\">\n<div class=\"wp-block-button has-custom-width wp-block-button__width-100\"><a class=\"wp-block-button__link has-background wp-element-button\" href=\"https:\/\/www.amazon.de\/Be-Valentine-Blitzlichtgewitterherzschlag-Chloe-Silva-ebook\/dp\/B0DX7F1T86\/ref=tmm_kin_swatch_0?_encoding=UTF8&amp;dib_tag=se&amp;dib=eyJ2IjoiMSJ9.Uk5IYJkrYmcS6JK_6rdlMt8webnSbquCZHOV1SL6NI1zIi3AgrV2fKY16lFv_MjghxeJwXoArwmQ_Oz9qFXXQODQA_rNYJ_d4uNF2zfobwQ6uvQfL3kl6vXZPdaDl29k_hmj_1wOctKeR584Q5_YUgVCdUMTed6pOEimJ0VOylL6MYlSy-a5Crh4wPaEYZd6RfhAeagcRkiPQEtfG9BvxyIpsXOqc3mac5YpQ8oSqfA.fHn1LVEDAR3_qvLf13EpEiCE5H2QA_EaFT1L4SovXck&amp;qid=1746520575&amp;sr=8-1\" style=\"background-color:#8ad1cd\" target=\"_blank\" rel=\"noreferrer noopener\"><strong>Jetzt kaufen<\/strong><\/a><\/div>\n<\/div>\n\n\n\n<p class=\"has-text-align-center has-secondary-color has-text-color has-superbfont-xsmall-font-size\"><\/p>\n<\/div>\n\n\n\n<div class=\"wp-block-column is-vertically-aligned-center is-layout-flow wp-block-column-is-layout-flow\"><div class=\"wp-block-image\">\n<figure class=\"aligncenter size-full is-resized\"><a href=\"https:\/\/www.thalia.at\/shop\/home\/artikeldetails\/A1078019888\" target=\"_blank\"><img loading=\"lazy\" decoding=\"async\" width=\"539\" height=\"753\" src=\"http:\/\/lilome.at\/WP\/wp-content\/uploads\/2026\/02\/Be-my-Valentine-Ebookcut-300dpi.jpg\" alt=\"\" class=\"wp-image-6521\" style=\"width:230px\" srcset=\"http:\/\/lilome.at\/WP\/wp-content\/uploads\/2026\/02\/Be-my-Valentine-Ebookcut-300dpi.jpg 539w, http:\/\/lilome.at\/WP\/wp-content\/uploads\/2026\/02\/Be-my-Valentine-Ebookcut-300dpi-215x300.jpg 215w, http:\/\/lilome.at\/WP\/wp-content\/uploads\/2026\/02\/Be-my-Valentine-Ebookcut-300dpi-300x419.jpg 300w\" sizes=\"auto, (max-width: 539px) 100vw, 539px\" \/><\/a><\/figure><\/div>\n\n\n<p><\/p>\n\n\n\n<h2 class=\"wp-block-heading has-text-align-center has-black-color has-text-color has-link-color has-superbfont-small-font-size wp-elements-f76e607570c5f4a44c1cb940b4de7a53\"><a href=\"https:\/\/www.thalia.at\/shop\/home\/artikeldetails\/A1078019888\" target=\"_blank\" rel=\"noreferrer noopener\"><strong>E-BOOK<\/strong> Tolino<\/a><\/h2>\n\n\n\n<p><\/p>\n\n\n\n<div class=\"wp-block-buttons is-layout-flex wp-block-buttons-is-layout-flex\">\n<div class=\"wp-block-button has-custom-width wp-block-button__width-100\"><a class=\"wp-block-button__link has-background wp-element-button\" href=\"https:\/\/www.thalia.at\/shop\/home\/artikeldetails\/A1078019888\" style=\"background-color:#8ad1cd\" target=\"_blank\" rel=\"noreferrer noopener\"><strong>Jetzt kaufen<\/strong><\/a><\/div>\n<\/div>\n\n\n\n<p class=\"has-text-align-center has-secondary-color has-text-color has-superbfont-xsmall-font-size\"><\/p>\n<\/div>\n<\/div>\n<\/div><\/div>\n\n\n\n<p class=\"has-text-align-center has-background\" style=\"background-color:#fae3e3;font-size:21px\"><strong><em>&nbsp;\u201eSchau dir das an. Es ist einfach unfassbar!\u201c<\/em><\/strong><\/p>\n\n\n\n<p><\/p>\n\n\n\n<p class=\"has-white-color has-text-color has-link-color wp-elements-cbeb08e5a764b6c3d567aa1b2702e0fb\">lILOME vERLAG<\/p>\n\n\n\n<div class=\"wp-block-buttons is-content-justification-space-between is-nowrap is-layout-flex wp-container-core-buttons-is-layout-5 wp-block-buttons-is-layout-flex\">\n<div class=\"wp-block-button has-custom-width wp-block-button__width-25 has-custom-font-size has-small-font-size\"><a class=\"wp-block-button__link has-black-color has-white-background-color has-text-color has-background has-link-color wp-element-button\" href=\"http:\/\/lilome.at\/WP\/\" target=\"_blank\" rel=\"noreferrer noopener\">LILOME<\/a><\/div>\n\n\n\n<div class=\"wp-block-button has-custom-width wp-block-button__width-25 has-custom-font-size has-small-font-size\"><a class=\"wp-block-button__link has-black-color has-white-background-color has-text-color has-background has-link-color wp-element-button\" href=\"http:\/\/lilome.at\/WP\/unsere-buecher\/\" target=\"_blank\" rel=\"noreferrer noopener\">B\u00fccher<\/a><\/div>\n\n\n\n<div class=\"wp-block-button has-custom-width wp-block-button__width-25 has-custom-font-size has-small-font-size\"><a class=\"wp-block-button__link has-black-color has-white-background-color has-text-color has-background has-link-color wp-element-button\" href=\"http:\/\/lilome.at\/WP\/unsere-autorinnen\/\" target=\"_blank\" rel=\"noreferrer noopener\">Autoren<\/a><\/div>\n\n\n\n<div class=\"wp-block-button has-custom-width wp-block-button__width-25 has-custom-font-size has-small-font-size\"><a class=\"wp-block-button__link has-black-color has-white-background-color has-text-color has-background has-link-color wp-element-button\" href=\"http:\/\/lilome.at\/WP\/ueber-lilome\/\" target=\"_blank\" rel=\"noreferrer noopener\">About<\/a><\/div>\n<\/div>\n\n\n\n<p><\/p>\n","protected":false},"excerpt":{"rendered":"<p>Lilome Verlag pr\u00e4sentiert Chloe Silva BE MY VALENTINE Blitzlichtgewitterherzschlag Was war nur aus seinem angenehmen und privilegierten Leben geworden?! Val Bennett kann es nicht fassen, als er sich nach einem aufsehenerregenden Crash mit seiner Million\u00e4rs-Verlobten so pl\u00f6tzlich nicht nur in seiner alten Heimatstadt Wien, sondern auch noch dazu in einer M\u00fcllkippe von Wohnung wieder findet&#8230;.<\/p>\n","protected":false},"author":1,"featured_media":0,"parent":0,"menu_order":0,"comment_status":"closed","ping_status":"closed","template":"","meta":{"footnotes":""},"class_list":["post-5489","page","type-page","status-publish","hentry"],"_links":{"self":[{"href":"http:\/\/lilome.at\/WP\/wp-json\/wp\/v2\/pages\/5489","targetHints":{"allow":["GET"]}}],"collection":[{"href":"http:\/\/lilome.at\/WP\/wp-json\/wp\/v2\/pages"}],"about":[{"href":"http:\/\/lilome.at\/WP\/wp-json\/wp\/v2\/types\/page"}],"author":[{"embeddable":true,"href":"http:\/\/lilome.at\/WP\/wp-json\/wp\/v2\/users\/1"}],"replies":[{"embeddable":true,"href":"http:\/\/lilome.at\/WP\/wp-json\/wp\/v2\/comments?post=5489"}],"version-history":[{"count":26,"href":"http:\/\/lilome.at\/WP\/wp-json\/wp\/v2\/pages\/5489\/revisions"}],"predecessor-version":[{"id":6563,"href":"http:\/\/lilome.at\/WP\/wp-json\/wp\/v2\/pages\/5489\/revisions\/6563"}],"wp:attachment":[{"href":"http:\/\/lilome.at\/WP\/wp-json\/wp\/v2\/media?parent=5489"}],"curies":[{"name":"wp","href":"https:\/\/api.w.org\/{rel}","templated":true}]}}