{"id":5438,"date":"2025-05-30T14:32:22","date_gmt":"2025-05-30T12:32:22","guid":{"rendered":"http:\/\/lilome.at\/WP\/?page_id=5438"},"modified":"2026-02-08T16:22:27","modified_gmt":"2026-02-08T15:22:27","slug":"schicksalsfrauen","status":"publish","type":"page","link":"http:\/\/lilome.at\/WP\/schicksalsfrauen\/","title":{"rendered":"Schicksalsfrauen"},"content":{"rendered":"\n<p class=\"has-white-color has-text-color has-link-color wp-elements-e4fc21ac3934d1f1dc6477626602ca90\">Verena Gr\u00fcnwald f\u00fcr Lilome Verlag<\/p>\n\n\n\n<div class=\"wp-block-media-text is-stacked-on-mobile\" style=\"grid-template-columns:42% auto\"><figure class=\"wp-block-media-text__media\"><a href=\"https:\/\/www.amazon.de\/Schicksalsfrauen-Mathilda-Verena-Gr%C3%BCnwald\/dp\/B0F6V9B3WS\/ref=sr_1_1?__mk_de_DE=%C3%85M%C3%85%C5%BD%C3%95%C3%91&amp;crid=1S8O5PTPR63QO&amp;dib=eyJ2IjoiMSJ9.z10akxUlCelFF7Sjf69Rk2Jpf75Wgl3rapEErbrS-f5hb6lCP19RiO3s14M2nZOaOtCnc-JSCI9iyWYnl1VP4IZ9MpEX_1b0lzPatdjSuUx6-m_csuEt59RJ8JgaPWn0Rx3MzBsAD6modTnoHHNYzX22Qna-zpiBGMruYGj3-Gc6RVzVD2X29rmky2oEpCyGrCHF5LgwDAvMUksafCbTsZ6aK9vM98dayMHNa0eeTKE.2Ydg71I0iFHAKvV6gzgT41NbaT0_hAZjIZyqBbDEkbM&amp;dib_tag=se&amp;keywords=Verena+gr%C3%BCnwald&amp;qid=1746520393&amp;sprefix=verena+gr%C3%BCnwald%2Caps%2C101&amp;sr=8-1\" target=\"_blank\"><img loading=\"lazy\" decoding=\"async\" width=\"642\" height=\"1024\" src=\"http:\/\/lilome.at\/WP\/wp-content\/uploads\/2025\/05\/Schicksalsfrauen-Cover-mit-Schatten-fuer-website-642x1024.jpg\" alt=\"\" class=\"wp-image-5221 size-full\" srcset=\"http:\/\/lilome.at\/WP\/wp-content\/uploads\/2025\/05\/Schicksalsfrauen-Cover-mit-Schatten-fuer-website-642x1024.jpg 642w, http:\/\/lilome.at\/WP\/wp-content\/uploads\/2025\/05\/Schicksalsfrauen-Cover-mit-Schatten-fuer-website-188x300.jpg 188w, http:\/\/lilome.at\/WP\/wp-content\/uploads\/2025\/05\/Schicksalsfrauen-Cover-mit-Schatten-fuer-website-768x1226.jpg 768w, http:\/\/lilome.at\/WP\/wp-content\/uploads\/2025\/05\/Schicksalsfrauen-Cover-mit-Schatten-fuer-website-963x1536.jpg 963w, http:\/\/lilome.at\/WP\/wp-content\/uploads\/2025\/05\/Schicksalsfrauen-Cover-mit-Schatten-fuer-website-1283x2048.jpg 1283w, http:\/\/lilome.at\/WP\/wp-content\/uploads\/2025\/05\/Schicksalsfrauen-Cover-mit-Schatten-fuer-website-300x479.jpg 300w, http:\/\/lilome.at\/WP\/wp-content\/uploads\/2025\/05\/Schicksalsfrauen-Cover-mit-Schatten-fuer-website-850x1356.jpg 850w, http:\/\/lilome.at\/WP\/wp-content\/uploads\/2025\/05\/Schicksalsfrauen-Cover-mit-Schatten-fuer-website.jpg 1410w\" sizes=\"auto, (max-width: 642px) 100vw, 642px\" \/><\/a><\/figure><div class=\"wp-block-media-text__content\">\n<p class=\"has-text-color has-link-color wp-elements-3d9a3135da11453ca411f134ad528224\" style=\"color:#8ad1cd;font-size:24px\"><strong><a href=\"http:\/\/lilome.at\/WP\/verena-gruenwald\/\" target=\"_blank\" rel=\"noreferrer noopener\">Verena Gr\u00fcnwald<\/a><\/strong><\/p>\n\n\n\n<p class=\"has-black-color has-text-color has-link-color wp-elements-a724f1638ddc72e93739a27b2ea6f603\" style=\"font-size:23px\"><strong><a href=\"https:\/\/www.amazon.de\/Schicksalsfrauen-Mathilda-Verena-Gr%C3%BCnwald\/dp\/B0F6V9B3WS\/ref=sr_1_1?__mk_de_DE=%C3%85M%C3%85%C5%BD%C3%95%C3%91&amp;crid=1S8O5PTPR63QO&amp;dib=eyJ2IjoiMSJ9.z10akxUlCelFF7Sjf69Rk2Jpf75Wgl3rapEErbrS-f5hb6lCP19RiO3s14M2nZOaOtCnc-JSCI9iyWYnl1VP4IZ9MpEX_1b0lzPatdjSuUx6-m_csuEt59RJ8JgaPWn0Rx3MzBsAD6modTnoHHNYzX22Qna-zpiBGMruYGj3-Gc6RVzVD2X29rmky2oEpCyGrCHF5LgwDAvMUksafCbTsZ6aK9vM98dayMHNa0eeTKE.2Ydg71I0iFHAKvV6gzgT41NbaT0_hAZjIZyqBbDEkbM&amp;dib_tag=se&amp;keywords=Verena+gr%C3%BCnwald&amp;qid=1746520393&amp;sprefix=verena+gr%C3%BCnwald%2Caps%2C101&amp;sr=8-1\" target=\"_blank\" rel=\"noreferrer noopener\">SCHICKSALSFRAUEN<\/a><\/strong><\/p>\n\n\n\n<p style=\"font-size:20px\"><strong>Band 1: MATHILDA<\/strong><\/p>\n\n\n\n<p>Eine Frau bekommt \u00fcber 100 Jahre nach ihrem Tod die Chance einer ihrer Nachfahrinnen ihre wahre Geschichte zu erz\u00e4hlen. Was steckt hinter dem wenig schmeichelhaften Satz, der seit Generationen \u00fcber sie weiter gegeben wird? Ehrlich und ungesch\u00f6nt reflektiert sie \u00fcber den Kampf mit einem gnadenlosen Dasein und ihrem Schicksal, \u201ediesem miesen Verr\u00e4ter\u201c. <\/p>\n\n\n\n<p>Susanne Brown ist die H\u00fcterin der Familienhistorie, und damit der Geschichten vieler herausragender Frauen, die ihr Leben trotz aller Widrigkeiten und Schicksalsschl\u00e4ge \u00fcber die Zeiten und Generationen gemeistert haben. <\/p>\n\n\n\n<p class=\"has-black-color has-text-color has-link-color wp-elements-0b0261e72b9ef47a4f3b762ebdbd90dd\">Hier geht es zum <a href=\"https:\/\/youtu.be\/NwBCa9vs-iA\" target=\"_blank\" rel=\"noreferrer noopener\">Video Schicksalsfrauen<\/a> \ud83d\ude42<\/p>\n\n\n\n<p class=\"has-black-color has-text-color has-link-color wp-elements-e80b868616f52df299408ef0ad4383aa\"><a href=\"http:\/\/lilome.at\/WP\/uebersicht-videos-lilome-verlag\/\" target=\"_blank\" rel=\"noreferrer noopener\"><em>\u00dcbersicht alle Videos Lilome Verlag<\/em><\/a><\/p>\n<\/div><\/div>\n\n\n\n<div class=\"wp-block-buttons is-content-justification-center is-layout-flex wp-container-core-buttons-is-layout-1 wp-block-buttons-is-layout-flex\">\n<div class=\"wp-block-button has-custom-width wp-block-button__width-75 is-style-fill\"><a class=\"wp-block-button__link has-background has-text-align-center wp-element-button\" href=\"https:\/\/www.amazon.de\/Schicksalsfrauen-Mathilda-Verena-Gr%C3%BCnwald\/dp\/B0F6V9B3WS\/ref=sr_1_1?__mk_de_DE=%C3%85M%C3%85%C5%BD%C3%95%C3%91&amp;crid=1S8O5PTPR63QO&amp;dib=eyJ2IjoiMSJ9.z10akxUlCelFF7Sjf69Rk2Jpf75Wgl3rapEErbrS-f5hb6lCP19RiO3s14M2nZOaOtCnc-JSCI9iyWYnl1VP4IZ9MpEX_1b0lzPatdjSuUx6-m_csuEt59RJ8JgaPWn0Rx3MzBsAD6modTnoHHNYzX22Qna-zpiBGMruYGj3-Gc6RVzVD2X29rmky2oEpCyGrCHF5LgwDAvMUksafCbTsZ6aK9vM98dayMHNa0eeTKE.2Ydg71I0iFHAKvV6gzgT41NbaT0_hAZjIZyqBbDEkbM&amp;dib_tag=se&amp;keywords=Verena+gr%C3%BCnwald&amp;qid=1746520393&amp;sprefix=verena+gr%C3%BCnwald%2Caps%2C101&amp;sr=8-1\" style=\"background-color:#8ad1cd\" target=\"_blank\" rel=\"noreferrer noopener\"><strong>Zum Taschenbuch <\/strong><\/a><\/div>\n\n\n\n<div class=\"wp-block-button has-custom-width wp-block-button__width-75 is-style-outline is-style-outline--1\"><a class=\"wp-block-button__link has-text-color has-link-color has-text-align-center wp-element-button\" href=\"https:\/\/www.amazon.de\/Schicksalsfrauen-Mathilda-Verena-Gr%C3%BCnwald-ebook\/dp\/B0F6PVYH4L\/ref=tmm_kin_swatch_0?_encoding=UTF8&amp;dib_tag=se&amp;dib=eyJ2IjoiMSJ9.z10akxUlCelFF7Sjf69Rk2Jpf75Wgl3rapEErbrS-f5hb6lCP19RiO3s14M2nZOaOtCnc-JSCI9iyWYnl1VP4IZ9MpEX_1b0lzPatdjSuUx6-m_csuEt59RJ8JgaPWn0Rx3MzBsAD6modTnoHHNYzX22Qna-zpiBGMruYGj3-Gc6RVzVD2X29rmky2oEpCyGrCHF5LgwDAvMUksafCbTsZ6aK9vM98dayMHNa0eeTKE.2Ydg71I0iFHAKvV6gzgT41NbaT0_hAZjIZyqBbDEkbM&amp;qid=1746520393&amp;sr=8-1\" style=\"color:#8ad1cd\" target=\"_blank\" rel=\"noreferrer noopener\"><strong>Zum E-Book KINDLE  <\/strong><\/a><\/div>\n\n\n\n<div class=\"wp-block-button has-custom-width wp-block-button__width-75 is-style-outline is-style-outline--2\"><a class=\"wp-block-button__link has-text-color has-link-color wp-element-button\" href=\"https:\/\/www.thalia.at\/shop\/home\/artikeldetails\/A1077349969\" style=\"color:#8ad1cd\" target=\"_blank\" rel=\"noreferrer noopener\"><strong>Zum E-Book TOLINO<\/strong><\/a><\/div>\n<\/div>\n\n\n\n<p><\/p>\n\n\n\n<p class=\"has-white-color has-text-color has-link-color wp-elements-59aba94821c2b6bf88ab29def6794ccf\">Verena Gr\u00fcnwald<\/p>\n\n\n\n<hr class=\"wp-block-separator has-text-color has-alpha-channel-opacity has-background is-style-default\" style=\"background-color:#fae3e3;color:#fae3e3\"\/>\n\n\n\n<p class=\"has-white-color has-text-color has-link-color wp-elements-59aba94821c2b6bf88ab29def6794ccf\">Verena Gr\u00fcnwald<\/p>\n\n\n\n<p class=\"has-text-color has-link-color wp-elements-d57852695ba222fc891e2322d4c77c87\" style=\"color:#8ad1cd;font-size:25px\"><strong><em>Mehr \u00fcber das Buch: <\/em><\/strong><\/p>\n\n\n\n<p><\/p>\n\n\n\n<p>Der erste Band ist Mathilda Leifer, geb. Fiebich aus M\u00e4hrisch Tr\u00fcbau (1821 \u2013 1909) gewidmet, der ersten bekannteren Pers\u00f6nlichkeit aus dem Familienstammbaum von Susanne Brown.<\/p>\n\n\n\n<p class=\"has-text-align-center has-background\" style=\"background-color:#d2cab1;font-size:16px\"><strong><em>&#8222;Vergessen und weitermachen. Das war das Gebot, musst du wissen.&#8220; <\/em><\/strong><\/p>\n\n\n\n<p><\/p>\n\n\n\n<p>Auch wenn manchmal nur wenigen Fakten \u00fcberliefert wurden, haben es sich Susanne Brown und Verena Gr\u00fcnwald zur Aufgabe gemacht, die Erinnerung diese Vorfahrinnen nicht sterben zu lassen, sondern mithilfe von langen Gespr\u00e4chen und genauer Recherche in den jeweiligen Jahrzehnten ihre Geschichte zu erz\u00e4hlen, auch wenn es manchmal einiges an Fiktion bedurfte, um die teils gro\u00dfen L\u00fccken zu f\u00fcllen.<\/p>\n\n\n\n<p><\/p>\n\n\n\n<p><\/p>\n\n\n\n<p class=\"has-text-align-center has-background\" style=\"background-color:#d2cab1;font-size:16px\"><strong><em>&#8222;Vergiss eines nie: Das Herz, Susanne, das Herz muss reden.&#8220;<\/em><\/strong><\/p>\n\n\n\n<p><\/p>\n\n\n\n<div class=\"wp-block-media-text has-media-on-the-right is-stacked-on-mobile\" style=\"grid-template-columns:auto 23%\"><div class=\"wp-block-media-text__content\">\n<p><em>Verena Gr\u00fcnwald schreibt: <\/em>&#8222;Ich danke Mathilda Josefa Leifer, geb. Fiebich aus M\u00e4hrisch Tr\u00fcbau (1821 \u2013 1909), die es mir erlaubt hat, ihre Geschichte zu erz\u00e4hlen. Auch wenn \u00fcber ihr Leben nur ein einziger, wenig schmeichelhafter Satz bekannt ist, war sie eine starke Frau, die mich sehr beeindruckt und ber\u00fchrt hat. Und nicht nur einmal kam es mir so vor, als h\u00e4tte sie mir beim Schreiben \u00fcber die Schulter geschaut und mir die eine oder andere \u201cWahrheit\u201d \u00fcber ihr Leben ins Ohr gefl\u00fcstert. So, oder so \u00e4hnlich, h\u00e4tte ihr Dasein verlaufen k\u00f6nnen.&#8220;<\/p>\n<\/div><figure class=\"wp-block-media-text__media\"><img loading=\"lazy\" decoding=\"async\" width=\"400\" height=\"561\" src=\"http:\/\/lilome.at\/WP\/wp-content\/uploads\/2025\/05\/mathilda.jpg\" alt=\"\" class=\"wp-image-5452 size-full\" srcset=\"http:\/\/lilome.at\/WP\/wp-content\/uploads\/2025\/05\/mathilda.jpg 400w, http:\/\/lilome.at\/WP\/wp-content\/uploads\/2025\/05\/mathilda-214x300.jpg 214w, http:\/\/lilome.at\/WP\/wp-content\/uploads\/2025\/05\/mathilda-300x421.jpg 300w\" sizes=\"auto, (max-width: 400px) 100vw, 400px\" \/><\/figure><\/div>\n\n\n\n<p><\/p>\n\n\n\n<p class=\"has-text-align-center has-background\" style=\"background-color:#d2cab1;font-size:16px\"><strong><em>&#8222;Und genau das, genau dieser Gedanke, hat mich so fuchtsteufelswild gemacht.&#8220; <\/em><\/strong><\/p>\n\n\n\n<div class=\"wp-block-group alignfull\" style=\"margin-top:0;margin-bottom:0;padding-top:var(--wp--preset--spacing--superbspacing-xxlarge);padding-right:var(--wp--preset--spacing--superbspacing-small);padding-bottom:var(--wp--preset--spacing--superbspacing-xxlarge);padding-left:var(--wp--preset--spacing--superbspacing-small)\"><div class=\"wp-block-group__inner-container is-layout-constrained wp-container-core-group-is-layout-2 wp-block-group-is-layout-constrained\">\n<div class=\"wp-block-group alignwide\"><div class=\"wp-block-group__inner-container is-layout-constrained wp-container-core-group-is-layout-1 wp-block-group-is-layout-constrained\">\n<h4 class=\"wp-block-heading has-text-align-center has-text-color has-link-color has-superbfont-xxsmall-font-size wp-elements-3b4254729c7621ced2873c3577553e49\" style=\"color:#8ad1cd;font-style:normal;font-weight:700;letter-spacing:5px;text-transform:uppercase\"><a href=\"http:\/\/lilome.at\/WP\/verena-gruenwald\/\" target=\"_blank\" rel=\"noreferrer noopener\">Verena Gr\u00fcnwald<\/a><\/h4>\n\n\n\n<h2 class=\"wp-block-heading has-text-align-center has-black-color has-text-color has-link-color wp-elements-1cd96788b96b58e4b627bf8c9309e803\" style=\"font-size:30px\"><a href=\"https:\/\/www.amazon.de\/Schicksalsfrauen-Mathilda-Verena-Gr%C3%BCnwald\/dp\/B0F6V9B3WS\/ref=sr_1_1?__mk_de_DE=%C3%85M%C3%85%C5%BD%C3%95%C3%91&amp;crid=1S8O5PTPR63QO&amp;dib=eyJ2IjoiMSJ9.z10akxUlCelFF7Sjf69Rk2Jpf75Wgl3rapEErbrS-f5hb6lCP19RiO3s14M2nZOaOtCnc-JSCI9iyWYnl1VP4IZ9MpEX_1b0lzPatdjSuUx6-m_csuEt59RJ8JgaPWn0Rx3MzBsAD6modTnoHHNYzX22Qna-zpiBGMruYGj3-Gc6RVzVD2X29rmky2oEpCyGrCHF5LgwDAvMUksafCbTsZ6aK9vM98dayMHNa0eeTKE.2Ydg71I0iFHAKvV6gzgT41NbaT0_hAZjIZyqBbDEkbM&amp;dib_tag=se&amp;keywords=Verena+gr%C3%BCnwald&amp;qid=1746520393&amp;sprefix=verena+gr%C3%BCnwald%2Caps%2C101&amp;sr=8-1\" target=\"_blank\" rel=\"noreferrer noopener\"><strong>SCHICKSALSFRAUEN<\/strong><\/a><\/h2>\n<\/div><\/div>\n\n\n\n<div class=\"wp-block-columns alignwide is-layout-flex wp-container-core-columns-is-layout-1 wp-block-columns-is-layout-flex\">\n<div class=\"wp-block-column is-vertically-aligned-center is-layout-flow wp-block-column-is-layout-flow\"><div class=\"wp-block-image\">\n<figure class=\"aligncenter size-full is-resized\"><a href=\"https:\/\/www.amazon.de\/Schicksalsfrauen-Mathilda-Verena-Gr%C3%BCnwald\/dp\/B0F6V9B3WS\/ref=sr_1_1?__mk_de_DE=%C3%85M%C3%85%C5%BD%C3%95%C3%91&amp;crid=1S8O5PTPR63QO&amp;dib=eyJ2IjoiMSJ9.z10akxUlCelFF7Sjf69Rk2Jpf75Wgl3rapEErbrS-f5hb6lCP19RiO3s14M2nZOaOtCnc-JSCI9iyWYnl1VP4IZ9MpEX_1b0lzPatdjSuUx6-m_csuEt59RJ8JgaPWn0Rx3MzBsAD6modTnoHHNYzX22Qna-zpiBGMruYGj3-Gc6RVzVD2X29rmky2oEpCyGrCHF5LgwDAvMUksafCbTsZ6aK9vM98dayMHNa0eeTKE.2Ydg71I0iFHAKvV6gzgT41NbaT0_hAZjIZyqBbDEkbM&amp;dib_tag=se&amp;keywords=Verena+gr%C3%BCnwald&amp;qid=1746520393&amp;sprefix=verena+gr%C3%BCnwald%2Caps%2C101&amp;sr=8-1\" target=\"_blank\"><img loading=\"lazy\" decoding=\"async\" width=\"275\" height=\"400\" src=\"http:\/\/lilome.at\/WP\/wp-content\/uploads\/2025\/05\/schicksalsfrauen-cover-fuer-WEbsite-300-dpi-1.jpg\" alt=\"\" class=\"wp-image-5214\" style=\"width:207px;height:auto\" srcset=\"http:\/\/lilome.at\/WP\/wp-content\/uploads\/2025\/05\/schicksalsfrauen-cover-fuer-WEbsite-300-dpi-1.jpg 275w, http:\/\/lilome.at\/WP\/wp-content\/uploads\/2025\/05\/schicksalsfrauen-cover-fuer-WEbsite-300-dpi-1-206x300.jpg 206w\" sizes=\"auto, (max-width: 275px) 100vw, 275px\" \/><\/a><\/figure><\/div>\n\n\n<p><\/p>\n\n\n\n<h2 class=\"wp-block-heading has-text-align-center has-black-color has-text-color has-link-color has-superbfont-small-font-size wp-elements-2f97359ad4464ba6f4f07fa8f3095b36\"><a href=\"https:\/\/www.amazon.de\/Schicksalsfrauen-Mathilda-Verena-Gr%C3%BCnwald\/dp\/B0F6V9B3WS\/ref=sr_1_1?__mk_de_DE=%C3%85M%C3%85%C5%BD%C3%95%C3%91&amp;crid=1S8O5PTPR63QO&amp;dib=eyJ2IjoiMSJ9.z10akxUlCelFF7Sjf69Rk2Jpf75Wgl3rapEErbrS-f5hb6lCP19RiO3s14M2nZOaOtCnc-JSCI9iyWYnl1VP4IZ9MpEX_1b0lzPatdjSuUx6-m_csuEt59RJ8JgaPWn0Rx3MzBsAD6modTnoHHNYzX22Qna-zpiBGMruYGj3-Gc6RVzVD2X29rmky2oEpCyGrCHF5LgwDAvMUksafCbTsZ6aK9vM98dayMHNa0eeTKE.2Ydg71I0iFHAKvV6gzgT41NbaT0_hAZjIZyqBbDEkbM&amp;dib_tag=se&amp;keywords=Verena+gr%C3%BCnwald&amp;qid=1746520393&amp;sprefix=verena+gr%C3%BCnwald%2Caps%2C101&amp;sr=8-1\" target=\"_blank\" rel=\"noreferrer noopener\"><strong>TASCHENBUCH<\/strong><\/a><\/h2>\n\n\n\n<p><\/p>\n\n\n\n<div class=\"wp-block-buttons is-layout-flex wp-block-buttons-is-layout-flex\">\n<div class=\"wp-block-button has-custom-width wp-block-button__width-100\"><a class=\"wp-block-button__link has-background has-text-align-center wp-element-button\" href=\"https:\/\/www.amazon.de\/Schicksalsfrauen-Mathilda-Verena-Gr%C3%BCnwald\/dp\/B0F6V9B3WS\/ref=sr_1_1?__mk_de_DE=%C3%85M%C3%85%C5%BD%C3%95%C3%91&amp;crid=1S8O5PTPR63QO&amp;dib=eyJ2IjoiMSJ9.z10akxUlCelFF7Sjf69Rk2Jpf75Wgl3rapEErbrS-f5hb6lCP19RiO3s14M2nZOaOtCnc-JSCI9iyWYnl1VP4IZ9MpEX_1b0lzPatdjSuUx6-m_csuEt59RJ8JgaPWn0Rx3MzBsAD6modTnoHHNYzX22Qna-zpiBGMruYGj3-Gc6RVzVD2X29rmky2oEpCyGrCHF5LgwDAvMUksafCbTsZ6aK9vM98dayMHNa0eeTKE.2Ydg71I0iFHAKvV6gzgT41NbaT0_hAZjIZyqBbDEkbM&amp;dib_tag=se&amp;keywords=Verena+gr%C3%BCnwald&amp;qid=1746520393&amp;sprefix=verena+gr%C3%BCnwald%2Caps%2C101&amp;sr=8-1\" style=\"background-color:#8ad1cd\" target=\"_blank\" rel=\"noreferrer noopener\"><strong>Jetzt kaufen<\/strong><\/a><\/div>\n<\/div>\n\n\n\n<p class=\"has-text-align-center has-secondary-color has-text-color has-superbfont-xsmall-font-size\"><\/p>\n<\/div>\n\n\n\n<div class=\"wp-block-column is-vertically-aligned-center is-layout-flow wp-block-column-is-layout-flow\"><div class=\"wp-block-image\">\n<figure class=\"aligncenter size-full is-resized\"><a href=\"https:\/\/www.amazon.de\/Schicksalsfrauen-Mathilda-Verena-Gr%C3%BCnwald-ebook\/dp\/B0F6PVYH4L\/ref=tmm_kin_swatch_0?_encoding=UTF8&amp;dib_tag=se&amp;dib=eyJ2IjoiMSJ9.z10akxUlCelFF7Sjf69Rk2Jpf75Wgl3rapEErbrS-f5hb6lCP19RiO3s14M2nZOaOtCnc-JSCI9iyWYnl1VP4IZ9MpEX_1b0lzPatdjSuUx6-m_csuEt59RJ8JgaPWn0Rx3MzBsAD6modTnoHHNYzX22Qna-zpiBGMruYGj3-Gc6RVzVD2X29rmky2oEpCyGrCHF5LgwDAvMUksafCbTsZ6aK9vM98dayMHNa0eeTKE.2Ydg71I0iFHAKvV6gzgT41NbaT0_hAZjIZyqBbDEkbM&amp;qid=1746520393&amp;sr=8-1\" target=\"_blank\"><img loading=\"lazy\" decoding=\"async\" width=\"541\" height=\"757\" src=\"http:\/\/lilome.at\/WP\/wp-content\/uploads\/2025\/05\/Schicksalsfrauen-Ebook-cut.jpg\" alt=\"\" class=\"wp-image-5439\" style=\"width:214px;height:auto\" srcset=\"http:\/\/lilome.at\/WP\/wp-content\/uploads\/2025\/05\/Schicksalsfrauen-Ebook-cut.jpg 541w, http:\/\/lilome.at\/WP\/wp-content\/uploads\/2025\/05\/Schicksalsfrauen-Ebook-cut-214x300.jpg 214w, http:\/\/lilome.at\/WP\/wp-content\/uploads\/2025\/05\/Schicksalsfrauen-Ebook-cut-300x420.jpg 300w\" sizes=\"auto, (max-width: 541px) 100vw, 541px\" \/><\/a><\/figure><\/div>\n\n\n<p><\/p>\n\n\n\n<h2 class=\"wp-block-heading has-text-align-center has-black-color has-text-color has-link-color has-superbfont-small-font-size wp-elements-49b2c92b36d8e2d9bd8393a2aec3a313\"><a href=\"https:\/\/www.amazon.de\/Schicksalsfrauen-Mathilda-Verena-Gr%C3%BCnwald\/dp\/B0F6V9B3WS\/ref=sr_1_1?__mk_de_DE=%C3%85M%C3%85%C5%BD%C3%95%C3%91&amp;crid=1S8O5PTPR63QO&amp;dib=eyJ2IjoiMSJ9.z10akxUlCelFF7Sjf69Rk2Jpf75Wgl3rapEErbrS-f5hb6lCP19RiO3s14M2nZOaOtCnc-JSCI9iyWYnl1VP4IZ9MpEX_1b0lzPatdjSuUx6-m_csuEt59RJ8JgaPWn0Rx3MzBsAD6modTnoHHNYzX22Qna-zpiBGMruYGj3-Gc6RVzVD2X29rmky2oEpCyGrCHF5LgwDAvMUksafCbTsZ6aK9vM98dayMHNa0eeTKE.2Ydg71I0iFHAKvV6gzgT41NbaT0_hAZjIZyqBbDEkbM&amp;dib_tag=se&amp;keywords=Verena+gr%C3%BCnwald&amp;qid=1746520393&amp;sprefix=verena+gr%C3%BCnwald%2Caps%2C101&amp;sr=8-1\" target=\"_blank\" rel=\"noreferrer noopener\"><strong>E-BOOK KINDLE<\/strong><\/a><\/h2>\n\n\n\n<p><\/p>\n\n\n\n<div class=\"wp-block-buttons is-layout-flex wp-block-buttons-is-layout-flex\">\n<div class=\"wp-block-button has-custom-width wp-block-button__width-100\"><a class=\"wp-block-button__link has-background has-text-align-center wp-element-button\" href=\"https:\/\/www.amazon.de\/Schicksalsfrauen-Mathilda-Verena-Gr%C3%BCnwald\/dp\/B0F6V9B3WS\/ref=sr_1_1?__mk_de_DE=%C3%85M%C3%85%C5%BD%C3%95%C3%91&amp;crid=1S8O5PTPR63QO&amp;dib=eyJ2IjoiMSJ9.z10akxUlCelFF7Sjf69Rk2Jpf75Wgl3rapEErbrS-f5hb6lCP19RiO3s14M2nZOaOtCnc-JSCI9iyWYnl1VP4IZ9MpEX_1b0lzPatdjSuUx6-m_csuEt59RJ8JgaPWn0Rx3MzBsAD6modTnoHHNYzX22Qna-zpiBGMruYGj3-Gc6RVzVD2X29rmky2oEpCyGrCHF5LgwDAvMUksafCbTsZ6aK9vM98dayMHNa0eeTKE.2Ydg71I0iFHAKvV6gzgT41NbaT0_hAZjIZyqBbDEkbM&amp;dib_tag=se&amp;keywords=Verena+gr%C3%BCnwald&amp;qid=1746520393&amp;sprefix=verena+gr%C3%BCnwald%2Caps%2C101&amp;sr=8-1\" style=\"background-color:#8ad1cd\" target=\"_blank\" rel=\"noreferrer noopener\"><strong>Jetzt kaufen<\/strong><\/a><\/div>\n<\/div>\n\n\n\n<p class=\"has-text-align-center has-secondary-color has-text-color has-superbfont-xsmall-font-size\"><\/p>\n<\/div>\n\n\n\n<div class=\"wp-block-column is-vertically-aligned-center is-layout-flow wp-block-column-is-layout-flow\"><div class=\"wp-block-image\">\n<figure class=\"aligncenter size-full is-resized\"><a href=\"https:\/\/www.thalia.at\/shop\/home\/artikeldetails\/A1077349969 \" target=\"_blank\"><img loading=\"lazy\" decoding=\"async\" width=\"541\" height=\"757\" src=\"http:\/\/lilome.at\/WP\/wp-content\/uploads\/2025\/05\/Schicksalsfrauen-Ebook-cut.jpg\" alt=\"\" class=\"wp-image-5439\" style=\"width:197px;height:auto\" srcset=\"http:\/\/lilome.at\/WP\/wp-content\/uploads\/2025\/05\/Schicksalsfrauen-Ebook-cut.jpg 541w, http:\/\/lilome.at\/WP\/wp-content\/uploads\/2025\/05\/Schicksalsfrauen-Ebook-cut-214x300.jpg 214w, http:\/\/lilome.at\/WP\/wp-content\/uploads\/2025\/05\/Schicksalsfrauen-Ebook-cut-300x420.jpg 300w\" sizes=\"auto, (max-width: 541px) 100vw, 541px\" \/><\/a><\/figure><\/div>\n\n\n<p><\/p>\n\n\n\n<h2 class=\"wp-block-heading has-text-align-center has-black-color has-text-color has-link-color has-superbfont-small-font-size wp-elements-edcbc7b542f4b9b32298e2e09983e171\"><strong><a href=\"https:\/\/www.thalia.at\/shop\/home\/artikeldetails\/A1077349969\" target=\"_blank\" rel=\"noreferrer noopener\">E-BOOK TOLINO<\/a><\/strong><\/h2>\n\n\n\n<p><\/p>\n\n\n\n<div class=\"wp-block-buttons is-layout-flex wp-block-buttons-is-layout-flex\">\n<div class=\"wp-block-button has-custom-width wp-block-button__width-100\"><a class=\"wp-block-button__link has-background wp-element-button\" href=\"https:\/\/www.thalia.at\/shop\/home\/artikeldetails\/A1077349969\" style=\"background-color:#8ad1cd\" target=\"_blank\" rel=\"noreferrer noopener\"><strong>Jetzt kaufen<\/strong><\/a><\/div>\n<\/div>\n\n\n\n<p class=\"has-text-align-center has-secondary-color has-text-color has-superbfont-xsmall-font-size\"><\/p>\n<\/div>\n<\/div>\n<\/div><\/div>\n\n\n\n<p class=\"has-white-color has-text-color has-link-color wp-elements-159d9b23980bf0e7f6346e2011be4a50\">Lilome VErlag<\/p>\n\n\n\n<div class=\"wp-block-buttons is-content-justification-space-between is-nowrap is-layout-flex wp-container-core-buttons-is-layout-5 wp-block-buttons-is-layout-flex\">\n<div class=\"wp-block-button has-custom-width wp-block-button__width-25 has-custom-font-size has-small-font-size\"><a class=\"wp-block-button__link has-black-color has-white-background-color has-text-color has-background has-link-color wp-element-button\" href=\"http:\/\/lilome.at\/WP\/\" target=\"_blank\" rel=\"noreferrer noopener\">LILOME<\/a><\/div>\n\n\n\n<div class=\"wp-block-button has-custom-width wp-block-button__width-25 has-custom-font-size has-small-font-size\"><a class=\"wp-block-button__link has-black-color has-white-background-color has-text-color has-background has-link-color wp-element-button\" href=\"http:\/\/lilome.at\/WP\/unsere-buecher\/\" target=\"_blank\" rel=\"noreferrer noopener\">B\u00fccher<\/a><\/div>\n\n\n\n<div class=\"wp-block-button has-custom-width wp-block-button__width-25 has-custom-font-size has-small-font-size\"><a class=\"wp-block-button__link has-black-color has-white-background-color has-text-color has-background has-link-color wp-element-button\" href=\"http:\/\/lilome.at\/WP\/unsere-autorinnen\/\" target=\"_blank\" rel=\"noreferrer noopener\">Autoren<\/a><\/div>\n\n\n\n<div class=\"wp-block-button has-custom-width wp-block-button__width-25 has-custom-font-size has-small-font-size\"><a class=\"wp-block-button__link has-black-color has-white-background-color has-text-color has-background has-link-color wp-element-button\" href=\"http:\/\/lilome.at\/WP\/ueber-lilome\/\" target=\"_blank\" rel=\"noreferrer noopener\">About<\/a><\/div>\n<\/div>\n","protected":false},"excerpt":{"rendered":"<p>Verena Gr\u00fcnwald f\u00fcr Lilome Verlag Verena Gr\u00fcnwald SCHICKSALSFRAUEN Band 1: MATHILDA Eine Frau bekommt \u00fcber 100 Jahre nach ihrem Tod die Chance einer ihrer Nachfahrinnen ihre wahre Geschichte zu erz\u00e4hlen. Was steckt hinter dem wenig schmeichelhaften Satz, der seit Generationen \u00fcber sie weiter gegeben wird? Ehrlich und ungesch\u00f6nt reflektiert sie \u00fcber den Kampf mit einem&#8230;<\/p>\n","protected":false},"author":1,"featured_media":0,"parent":0,"menu_order":0,"comment_status":"closed","ping_status":"closed","template":"","meta":{"footnotes":""},"class_list":["post-5438","page","type-page","status-publish","hentry"],"_links":{"self":[{"href":"http:\/\/lilome.at\/WP\/wp-json\/wp\/v2\/pages\/5438","targetHints":{"allow":["GET"]}}],"collection":[{"href":"http:\/\/lilome.at\/WP\/wp-json\/wp\/v2\/pages"}],"about":[{"href":"http:\/\/lilome.at\/WP\/wp-json\/wp\/v2\/types\/page"}],"author":[{"embeddable":true,"href":"http:\/\/lilome.at\/WP\/wp-json\/wp\/v2\/users\/1"}],"replies":[{"embeddable":true,"href":"http:\/\/lilome.at\/WP\/wp-json\/wp\/v2\/comments?post=5438"}],"version-history":[{"count":46,"href":"http:\/\/lilome.at\/WP\/wp-json\/wp\/v2\/pages\/5438\/revisions"}],"predecessor-version":[{"id":6555,"href":"http:\/\/lilome.at\/WP\/wp-json\/wp\/v2\/pages\/5438\/revisions\/6555"}],"wp:attachment":[{"href":"http:\/\/lilome.at\/WP\/wp-json\/wp\/v2\/media?parent=5438"}],"curies":[{"name":"wp","href":"https:\/\/api.w.org\/{rel}","templated":true}]}}