{"id":5421,"date":"2025-05-28T20:21:01","date_gmt":"2025-05-28T18:21:01","guid":{"rendered":"http:\/\/lilome.at\/WP\/?page_id=5421"},"modified":"2026-02-13T20:36:21","modified_gmt":"2026-02-13T19:36:21","slug":"lilo-me","status":"publish","type":"page","link":"http:\/\/lilome.at\/WP\/lilo-me\/","title":{"rendered":"LILO ME"},"content":{"rendered":"\n<figure class=\"wp-block-image size-large\"><img loading=\"lazy\" decoding=\"async\" width=\"1024\" height=\"427\" src=\"http:\/\/lilome.at\/WP\/wp-content\/uploads\/2025\/05\/Header-von-LILO-ME-1024x427.png\" alt=\"\" class=\"wp-image-5422\" srcset=\"http:\/\/lilome.at\/WP\/wp-content\/uploads\/2025\/05\/Header-von-LILO-ME-1024x427.png 1024w, http:\/\/lilome.at\/WP\/wp-content\/uploads\/2025\/05\/Header-von-LILO-ME-300x125.png 300w, http:\/\/lilome.at\/WP\/wp-content\/uploads\/2025\/05\/Header-von-LILO-ME-768x320.png 768w, http:\/\/lilome.at\/WP\/wp-content\/uploads\/2025\/05\/Header-von-LILO-ME-850x354.png 850w, http:\/\/lilome.at\/WP\/wp-content\/uploads\/2025\/05\/Header-von-LILO-ME.png 1200w\" sizes=\"auto, (max-width: 1024px) 100vw, 1024px\" \/><\/figure>\n\n\n\n<p><\/p>\n\n\n\n<div class=\"wp-block-group alignfull\"><div class=\"wp-block-group__inner-container is-layout-flow wp-block-group-is-layout-flow\">\n<div class=\"wp-block-group alignfull\" style=\"padding-top:var(--wp--preset--spacing--superbspacing-xxlarge);padding-right:var(--wp--preset--spacing--superbspacing-small);padding-bottom:var(--wp--preset--spacing--superbspacing-xxlarge);padding-left:var(--wp--preset--spacing--superbspacing-small)\"><div class=\"wp-block-group__inner-container is-layout-constrained wp-container-core-group-is-layout-3 wp-block-group-is-layout-constrained\">\n<h4 class=\"wp-block-heading has-text-align-center has-text-color has-superbfont-xxsmall-font-size\" style=\"color:#8ad1cd;font-style:normal;font-weight:700;letter-spacing:5px;text-transform:uppercase\">Lilo Me&#8217;s Story<\/h4>\n\n\n\n<h2 class=\"wp-block-heading has-text-align-center has-contrast-color has-text-color has-superbfont-large-font-size\"><strong>It all started with &#8230; an idea<\/strong><\/h2>\n\n\n\n<p class=\"has-white-color has-text-color has-link-color has-medium-font-size wp-elements-634ab8145b8fcac6a682754fa3326c55\">Lilome Verlag<\/p>\n\n\n\n<div class=\"wp-block-group\"><div class=\"wp-block-group__inner-container is-layout-flow wp-block-group-is-layout-flow\">\n<p class=\"has-black-color has-text-color has-link-color has-superbfont-small-font-size wp-elements-283f481e0556373af3b99df9ea44722f\"><strong>LILO ME<\/strong>, die verlagsinterne Reihe von <a href=\"http:\/\/lilome.at\/WP\/lilome-verlag\/\" target=\"_blank\" rel=\"noreferrer noopener\">Lilome Verlag<\/a>, wird von mehreren Autor*innen in regelm\u00e4\u00dfigen Abst\u00e4nden best\u00fcckt. Und so unterschiedlich deren Charaktere und Stilrichtungen sind, ist auch das Programm von Lilo Me. Hier wird man Kochb\u00fccher, Fotob\u00e4nde, How to do-Serien, aber auch Comics und vieles mehr finde. Wir lassen uns immer und gerne mit neuen Themen und Anregungen \u00fcberraschen.<br>Ein Bereich von Lilo Me wird in Zukunft auch haptische Produkte umfassen, wie Orakelkarten, T-Shirts und Tassen. Alles ganz im Sinne unseres Credos \u201eLIfe LOves ME \u2013 if I let it\u201c.<\/p>\n\n\n\n<p class=\"has-superbfont-small-font-size\"><\/p>\n<\/div><\/div>\n\n\n\n<div style=\"height:100px\" aria-hidden=\"true\" class=\"wp-block-spacer\"><\/div>\n\n\n\n<div class=\"wp-block-media-text is-stacked-on-mobile\" style=\"grid-template-columns:38% auto\"><figure class=\"wp-block-media-text__media\"><img loading=\"lazy\" decoding=\"async\" width=\"719\" height=\"765\" src=\"http:\/\/lilome.at\/WP\/wp-content\/uploads\/2025\/05\/See-ruegen-cut.jpg\" alt=\"\" class=\"wp-image-5431 size-full\" srcset=\"http:\/\/lilome.at\/WP\/wp-content\/uploads\/2025\/05\/See-ruegen-cut.jpg 719w, http:\/\/lilome.at\/WP\/wp-content\/uploads\/2025\/05\/See-ruegen-cut-282x300.jpg 282w, http:\/\/lilome.at\/WP\/wp-content\/uploads\/2025\/05\/See-ruegen-cut-300x319.jpg 300w\" sizes=\"auto, (max-width: 719px) 100vw, 719px\" \/><\/figure><div class=\"wp-block-media-text__content\">\n<p class=\"has-text-align-center has-medium-font-size\"><strong>&#8222;Wohin f\u00fchrt dieser Weg?&#8220;<\/strong><\/p>\n\n\n\n<p class=\"has-text-align-center has-medium-font-size\"><strong>&#8222;Wohin m\u00f6chtest du, dass er f\u00fchrt?&#8220;<\/strong><\/p>\n\n\n\n<p class=\"has-text-align-center has-medium-font-size\"><strong>&#8222;Ins Gl\u00fcck.&#8220;<\/strong><\/p>\n\n\n\n<p class=\"has-text-align-center has-medium-font-size\"><strong>&#8222;Dann f\u00fchrt er dorthin.&#8220;<\/strong><\/p>\n\n\n\n<p class=\"has-text-align-center has-medium-font-size\"><em>Lilome<\/em><\/p>\n<\/div><\/div>\n\n\n\n<p class=\"has-white-color has-text-color has-link-color wp-elements-1ac2048bb78a80650a24ed780832accd\">Lilome Verlag<\/p>\n\n\n\n<p><\/p>\n\n\n\n<div class=\"wp-block-media-text has-media-on-the-right is-stacked-on-mobile\" style=\"grid-template-columns:auto 39%\"><div class=\"wp-block-media-text__content\">\n<p class=\"has-white-color has-text-color has-link-color has-large-font-size wp-elements-644b5cb635c6bdb77d89ebd7648b57c9\">LIlome VERlag <\/p>\n\n\n\n<div class=\"wp-block-group\"><div class=\"wp-block-group__inner-container is-layout-constrained wp-container-core-group-is-layout-2 wp-block-group-is-layout-constrained\">\n<h2 class=\"wp-block-heading has-text-align-left has-black-color has-text-color has-link-color has-medium-font-size wp-elements-2a41041e0b0f589e5747d7c1554bf26d\"><a href=\"https:\/\/www.amazon.de\/TAGE-BASISCH-Rezepte-basische-Ern%C3%A4hrung\/dp\/B0F7R457X6\/ref=tmm_hrd_swatch_0?_encoding=UTF8&amp;dib_tag=se&amp;dib=eyJ2IjoiMSJ9.z10akxUlCelFF7Sjf69Rk2Jpf75Wgl3rapEErbrS-f5hb6lCP19RiO3s14M2nZOaOtCnc-JSCI9iyWYnl1VP4IZ9MpEX_1b0lzPatdjSuUx6-m_csuEt59RJ8JgaPWn0Rx3MzBsAD6modTnoHHNYzX22Qna-zpiBGMruYGj3-Gc6RVzVD2X29rmky2oEpCyGrCHF5LgwDAvMUksafCbTsZ6aK9vM98dayMHNa0eeTKE.2Ydg71I0iFHAKvV6gzgT41NbaT0_hAZjIZyqBbDEkbM&amp;qid=1746520458&amp;sr=8-2\" target=\"_blank\" rel=\"noreferrer noopener\"><strong>7 TAGE BASISCH<\/strong><\/a><\/h2>\n\n\n\n<p class=\"has-medium-font-size\"><strong>28 Rezepte f\u00fcr 1 Woche Basische Ern\u00e4hrung<\/strong><\/p>\n\n\n\n<p class=\"has-text-align-left has-secondary-color has-text-color has-superbfont-medium-font-size\">von Lilo Me<\/p>\n\n\n\n<p class=\"has-text-color has-link-color wp-elements-aaa23eec7f80e3592ba21fde5915c68a\" style=\"color:#8ad1cd\"><strong>Als <a href=\"https:\/\/www.amazon.de\/TAGE-BASISCH-Rezepte-basische-Ern%C3%A4hrung-ebook\/dp\/B0F6WCMDBQ\/ref=sr_1_2?__mk_de_DE=%C3%85M%C3%85%C5%BD%C3%95%C3%91&amp;crid=1S8O5PTPR63QO&amp;dib=eyJ2IjoiMSJ9.z10akxUlCelFF7Sjf69Rk2Jpf75Wgl3rapEErbrS-f5hb6lCP19RiO3s14M2nZOaOtCnc-JSCI9iyWYnl1VP4IZ9MpEX_1b0lzPatdjSuUx6-m_csuEt59RJ8JgaPWn0Rx3MzBsAD6modTnoHHNYzX22Qna-zpiBGMruYGj3-Gc6RVzVD2X29rmky2oEpCyGrCHF5LgwDAvMUksafCbTsZ6aK9vM98dayMHNa0eeTKE.2Ydg71I0iFHAKvV6gzgT41NbaT0_hAZjIZyqBbDEkbM&amp;dib_tag=se&amp;keywords=Verena+gr%C3%BCnwald&amp;qid=1746520458&amp;sprefix=verena+gr%C3%BCnwald%2Caps%2C101&amp;sr=8-2\" target=\"_blank\" rel=\"noreferrer noopener\">E-Book<\/a>, <a href=\"https:\/\/www.amazon.de\/TAGE-BASISCH-Rezepte-basische-Ern%C3%A4hrung\/dp\/B0DZD612SV\/ref=tmm_pap_swatch_0?_encoding=UTF8&amp;dib_tag=se&amp;dib=eyJ2IjoiMSJ9.z10akxUlCelFF7Sjf69Rk2Jpf75Wgl3rapEErbrS-f5hb6lCP19RiO3s14M2nZOaOtCnc-JSCI9iyWYnl1VP4IZ9MpEX_1b0lzPatdjSuUx6-m_csuEt59RJ8JgaPWn0Rx3MzBsAD6modTnoHHNYzX22Qna-zpiBGMruYGj3-Gc6RVzVD2X29rmky2oEpCyGrCHF5LgwDAvMUksafCbTsZ6aK9vM98dayMHNa0eeTKE.2Ydg71I0iFHAKvV6gzgT41NbaT0_hAZjIZyqBbDEkbM&amp;qid=1746520458&amp;sr=8-2\" target=\"_blank\" rel=\"noreferrer noopener\">Paperback<\/a> und <a href=\"https:\/\/www.amazon.de\/TAGE-BASISCH-Rezepte-basische-Ern%C3%A4hrung\/dp\/B0F7R457X6\/ref=tmm_hrd_swatch_0?_encoding=UTF8&amp;dib_tag=se&amp;dib=eyJ2IjoiMSJ9.z10akxUlCelFF7Sjf69Rk2Jpf75Wgl3rapEErbrS-f5hb6lCP19RiO3s14M2nZOaOtCnc-JSCI9iyWYnl1VP4IZ9MpEX_1b0lzPatdjSuUx6-m_csuEt59RJ8JgaPWn0Rx3MzBsAD6modTnoHHNYzX22Qna-zpiBGMruYGj3-Gc6RVzVD2X29rmky2oEpCyGrCHF5LgwDAvMUksafCbTsZ6aK9vM98dayMHNa0eeTKE.2Ydg71I0iFHAKvV6gzgT41NbaT0_hAZjIZyqBbDEkbM&amp;qid=1746520458&amp;sr=8-2\" target=\"_blank\" rel=\"noreferrer noopener\">Hardcover. <\/a><\/strong><\/p>\n\n\n\n<p class=\"has-white-color has-text-color has-link-color wp-elements-1ac2048bb78a80650a24ed780832accd\">Lilome Verlag<\/p>\n<\/div><\/div>\n\n\n\n<p><\/p>\n<\/div><figure class=\"wp-block-media-text__media\"><a href=\"https:\/\/www.amazon.de\/TAGE-BASISCH-Rezepte-basische-Ern%C3%A4hrung\/dp\/B0F7R457X6\/ref=tmm_hrd_swatch_0?_encoding=UTF8&amp;dib_tag=se&amp;dib=eyJ2IjoiMSJ9.z10akxUlCelFF7Sjf69Rk2Jpf75Wgl3rapEErbrS-f5hb6lCP19RiO3s14M2nZOaOtCnc-JSCI9iyWYnl1VP4IZ9MpEX_1b0lzPatdjSuUx6-m_csuEt59RJ8JgaPWn0Rx3MzBsAD6modTnoHHNYzX22Qna-zpiBGMruYGj3-Gc6RVzVD2X29rmky2oEpCyGrCHF5LgwDAvMUksafCbTsZ6aK9vM98dayMHNa0eeTKE.2Ydg71I0iFHAKvV6gzgT41NbaT0_hAZjIZyqBbDEkbM&amp;qid=1746520458&amp;sr=8-2 \" target=\"_blank\" rel=\" noreferrer noopener\"><img loading=\"lazy\" decoding=\"async\" width=\"642\" height=\"1024\" src=\"http:\/\/lilome.at\/WP\/wp-content\/uploads\/2025\/05\/7-Tage-basisch-Cover-mit-Schatten-fuer-Website-642x1024.jpg\" alt=\"\" class=\"wp-image-5228 size-full\" srcset=\"http:\/\/lilome.at\/WP\/wp-content\/uploads\/2025\/05\/7-Tage-basisch-Cover-mit-Schatten-fuer-Website-642x1024.jpg 642w, http:\/\/lilome.at\/WP\/wp-content\/uploads\/2025\/05\/7-Tage-basisch-Cover-mit-Schatten-fuer-Website-188x300.jpg 188w, http:\/\/lilome.at\/WP\/wp-content\/uploads\/2025\/05\/7-Tage-basisch-Cover-mit-Schatten-fuer-Website-768x1226.jpg 768w, http:\/\/lilome.at\/WP\/wp-content\/uploads\/2025\/05\/7-Tage-basisch-Cover-mit-Schatten-fuer-Website-963x1536.jpg 963w, http:\/\/lilome.at\/WP\/wp-content\/uploads\/2025\/05\/7-Tage-basisch-Cover-mit-Schatten-fuer-Website-1283x2048.jpg 1283w, http:\/\/lilome.at\/WP\/wp-content\/uploads\/2025\/05\/7-Tage-basisch-Cover-mit-Schatten-fuer-Website-300x479.jpg 300w, http:\/\/lilome.at\/WP\/wp-content\/uploads\/2025\/05\/7-Tage-basisch-Cover-mit-Schatten-fuer-Website-850x1356.jpg 850w, http:\/\/lilome.at\/WP\/wp-content\/uploads\/2025\/05\/7-Tage-basisch-Cover-mit-Schatten-fuer-Website.jpg 1410w\" sizes=\"auto, (max-width: 642px) 100vw, 642px\" \/><\/a><\/figure><\/div>\n\n\n\n<div class=\"wp-block-buttons wp-container-content-1 is-content-justification-center is-nowrap is-layout-flex wp-container-core-buttons-is-layout-1 wp-block-buttons-is-layout-flex\">\n<div class=\"wp-block-button has-custom-width wp-block-button__width-50 has-custom-font-size is-style-outline has-superbfont-small-font-size is-style-outline--1\"><a class=\"wp-block-button__link has-text-color has-link-color wp-element-button\" href=\"http:\/\/lilome.at\/WP\/7-tage-basisch\/\" style=\"color:#8ad1cd\" target=\"_blank\" rel=\"noreferrer noopener\"><strong>Zum Buch<\/strong><\/a><\/div>\n\n\n\n<div class=\"wp-block-button has-custom-width wp-block-button__width-50 has-custom-font-size has-superbfont-small-font-size\"><a class=\"wp-block-button__link has-background wp-element-button\" href=\"https:\/\/www.amazon.de\/TAGE-BASISCH-Rezepte-basische-Ern%C3%A4hrung\/dp\/B0F7R457X6\/ref=tmm_hrd_swatch_0?_encoding=UTF8&amp;dib_tag=se&amp;dib=eyJ2IjoiMSJ9.z10akxUlCelFF7Sjf69Rk2Jpf75Wgl3rapEErbrS-f5hb6lCP19RiO3s14M2nZOaOtCnc-JSCI9iyWYnl1VP4IZ9MpEX_1b0lzPatdjSuUx6-m_csuEt59RJ8JgaPWn0Rx3MzBsAD6modTnoHHNYzX22Qna-zpiBGMruYGj3-Gc6RVzVD2X29rmky2oEpCyGrCHF5LgwDAvMUksafCbTsZ6aK9vM98dayMHNa0eeTKE.2Ydg71I0iFHAKvV6gzgT41NbaT0_hAZjIZyqBbDEkbM&amp;qid=1746520458&amp;sr=8-2\" style=\"background-color:#8ad1cd\" target=\"_blank\" rel=\"noreferrer noopener\"><strong>Jetzt kaufen<\/strong><\/a><\/div>\n<\/div>\n<\/div><\/div>\n\n\n\n<div class=\"wp-block-media-text has-media-on-the-right is-stacked-on-mobile\" style=\"grid-template-columns:auto 30%\"><div class=\"wp-block-media-text__content\">\n<p class=\"has-white-color has-text-color has-link-color has-large-font-size wp-elements-644b5cb635c6bdb77d89ebd7648b57c9\">LIlome VERlag <\/p>\n\n\n\n<div class=\"wp-block-group\"><div class=\"wp-block-group__inner-container is-layout-constrained wp-container-core-group-is-layout-4 wp-block-group-is-layout-constrained\">\n<h2 class=\"wp-block-heading has-text-align-left has-black-color has-text-color has-link-color has-medium-font-size wp-elements-06ffda9ce3db1f67943eb034e2b03e89\"><strong><a href=\"http:\/\/lilome.at\/WP\/the-challenge-book-for-me-myself\/\" target=\"_blank\" rel=\"noreferrer noopener\">THE CHALLENGE BOOK FOR MY &amp; MYSELF<\/a><\/strong><\/h2>\n\n\n\n<p class=\"has-medium-font-size\"><\/p>\n\n\n\n<p class=\"has-text-align-left has-secondary-color has-text-color has-superbfont-medium-font-size\">von Lilo Me<\/p>\n\n\n\n<p class=\"has-text-color has-link-color wp-elements-a1162bc5b65cfcf4a32d43cf3e0fa5df\" style=\"color:#8ad1cd\"><strong>Als <a href=\"https:\/\/www.amazon.de\/dp\/B0GM4KBGBQ\" target=\"_blank\" rel=\"noreferrer noopener\">Paperback <\/a>und <a href=\"https:\/\/www.amazon.de\/dp\/B0GN7MD8M1\/ref=tmm_hrd_swatch_0\" target=\"_blank\" rel=\"noreferrer noopener\">Hardcover<\/a><a href=\"https:\/\/www.amazon.de\/TAGE-BASISCH-Rezepte-basische-Ern%C3%A4hrung\/dp\/B0F7R457X6\/ref=tmm_hrd_swatch_0?_encoding=UTF8&amp;dib_tag=se&amp;dib=eyJ2IjoiMSJ9.z10akxUlCelFF7Sjf69Rk2Jpf75Wgl3rapEErbrS-f5hb6lCP19RiO3s14M2nZOaOtCnc-JSCI9iyWYnl1VP4IZ9MpEX_1b0lzPatdjSuUx6-m_csuEt59RJ8JgaPWn0Rx3MzBsAD6modTnoHHNYzX22Qna-zpiBGMruYGj3-Gc6RVzVD2X29rmky2oEpCyGrCHF5LgwDAvMUksafCbTsZ6aK9vM98dayMHNa0eeTKE.2Ydg71I0iFHAKvV6gzgT41NbaT0_hAZjIZyqBbDEkbM&amp;qid=1746520458&amp;sr=8-2\" target=\"_blank\" rel=\"noreferrer noopener\">. <\/a><\/strong><\/p>\n\n\n\n<p class=\"has-white-color has-text-color has-link-color wp-elements-1ac2048bb78a80650a24ed780832accd\">Lilome Verlag<\/p>\n<\/div><\/div>\n\n\n\n<p><\/p>\n<\/div><figure class=\"wp-block-media-text__media\"><a href=\"http:\/\/lilome.at\/WP\/the-challenge-book-for-me-myself\/ \" target=\"_blank\" rel=\" noreferrer noopener\"><img loading=\"lazy\" decoding=\"async\" width=\"828\" height=\"1024\" src=\"http:\/\/lilome.at\/WP\/wp-content\/uploads\/2026\/02\/front-cover-the-challenge-book1-1-828x1024.png\" alt=\"\" class=\"wp-image-6578 size-full\" srcset=\"http:\/\/lilome.at\/WP\/wp-content\/uploads\/2026\/02\/front-cover-the-challenge-book1-1-828x1024.png 828w, http:\/\/lilome.at\/WP\/wp-content\/uploads\/2026\/02\/front-cover-the-challenge-book1-1-243x300.png 243w, http:\/\/lilome.at\/WP\/wp-content\/uploads\/2026\/02\/front-cover-the-challenge-book1-1-768x950.png 768w, http:\/\/lilome.at\/WP\/wp-content\/uploads\/2026\/02\/front-cover-the-challenge-book1-1-1242x1536.png 1242w, http:\/\/lilome.at\/WP\/wp-content\/uploads\/2026\/02\/front-cover-the-challenge-book1-1-300x371.png 300w, http:\/\/lilome.at\/WP\/wp-content\/uploads\/2026\/02\/front-cover-the-challenge-book1-1-850x1051.png 850w, http:\/\/lilome.at\/WP\/wp-content\/uploads\/2026\/02\/front-cover-the-challenge-book1-1.png 1617w\" sizes=\"auto, (max-width: 828px) 100vw, 828px\" \/><\/a><\/figure><\/div>\n\n\n\n<div class=\"wp-block-buttons wp-container-content-2 is-content-justification-center is-nowrap is-layout-flex wp-container-core-buttons-is-layout-2 wp-block-buttons-is-layout-flex\">\n<div class=\"wp-block-button has-custom-width wp-block-button__width-50 has-custom-font-size is-style-outline has-superbfont-small-font-size is-style-outline--2\"><a class=\"wp-block-button__link has-text-color has-link-color wp-element-button\" href=\"http:\/\/lilome.at\/WP\/the-challenge-book-for-me-myself\/\" style=\"color:#8ad1cd\" target=\"_blank\" rel=\"noreferrer noopener\"><strong>Zum Buch<\/strong><\/a><\/div>\n\n\n\n<div class=\"wp-block-button has-custom-width wp-block-button__width-50 has-custom-font-size has-superbfont-small-font-size\"><a class=\"wp-block-button__link has-background wp-element-button\" href=\"https:\/\/www.amazon.de\/dp\/B0GM4KBGBQ\" style=\"background-color:#8ad1cd\" target=\"_blank\" rel=\"noreferrer noopener\"><strong>Jetzt kaufen<\/strong><\/a><\/div>\n<\/div>\n\n\n\n<p class=\"has-white-color has-text-color has-link-color wp-elements-36ebed5797a83030ee37a438b7fc1bc5\">lilome verlag<\/p>\n\n\n\n<div class=\"wp-block-group alignwide\"><div class=\"wp-block-group__inner-container is-layout-constrained wp-container-core-group-is-layout-5 wp-block-group-is-layout-constrained\">\n<p class=\"has-text-align-center\"><strong>Zum Abschluss<\/strong><\/p>\n\n\n\n<h4 class=\"wp-block-heading has-text-align-center has-text-color\" style=\"color:#8ad1cd;font-size:30px;font-style:normal;font-weight:700;letter-spacing:5px;text-transform:uppercase\">Lilo me in Bildern \ud83d\ude09<\/h4>\n\n\n\n<div class=\"wp-block-columns alignwide is-not-stacked-on-mobile is-layout-flex wp-container-core-columns-is-layout-1 wp-block-columns-is-layout-flex\">\n<div class=\"wp-block-column is-vertically-aligned-center is-layout-flow wp-block-column-is-layout-flow\"><div class=\"wp-block-image\">\n<figure class=\"aligncenter size-large is-resized\"><img loading=\"lazy\" decoding=\"async\" width=\"1024\" height=\"576\" src=\"http:\/\/lilome.at\/WP\/wp-content\/uploads\/2025\/05\/books-1617327_1280-1024x576.jpg\" alt=\"\" class=\"wp-image-5426\" style=\"width:80px;height:80px\" srcset=\"http:\/\/lilome.at\/WP\/wp-content\/uploads\/2025\/05\/books-1617327_1280-1024x576.jpg 1024w, http:\/\/lilome.at\/WP\/wp-content\/uploads\/2025\/05\/books-1617327_1280-300x169.jpg 300w, http:\/\/lilome.at\/WP\/wp-content\/uploads\/2025\/05\/books-1617327_1280-768x432.jpg 768w, http:\/\/lilome.at\/WP\/wp-content\/uploads\/2025\/05\/books-1617327_1280-850x478.jpg 850w, http:\/\/lilome.at\/WP\/wp-content\/uploads\/2025\/05\/books-1617327_1280.jpg 1280w\" sizes=\"auto, (max-width: 1024px) 100vw, 1024px\" \/><\/figure><\/div>\n\n\n<h3 class=\"wp-block-heading has-text-align-center has-contrast-color has-text-color has-superbfont-small-font-size\">Beruf<\/h3>\n\n\n\n<p class=\"has-text-align-center has-secondary-color has-text-color has-superbfont-xsmall-font-size\"><\/p>\n<\/div>\n\n\n\n<div class=\"wp-block-column is-vertically-aligned-center is-layout-flow wp-block-column-is-layout-flow\"><div class=\"wp-block-image\">\n<figure class=\"aligncenter size-large is-resized\"><img loading=\"lazy\" decoding=\"async\" width=\"1024\" height=\"683\" src=\"http:\/\/lilome.at\/WP\/wp-content\/uploads\/2025\/05\/books-5211309_1920-1024x683.jpg\" alt=\"\" class=\"wp-image-5425\" style=\"width:80px;height:80px\" srcset=\"http:\/\/lilome.at\/WP\/wp-content\/uploads\/2025\/05\/books-5211309_1920-1024x683.jpg 1024w, http:\/\/lilome.at\/WP\/wp-content\/uploads\/2025\/05\/books-5211309_1920-300x200.jpg 300w, http:\/\/lilome.at\/WP\/wp-content\/uploads\/2025\/05\/books-5211309_1920-768x512.jpg 768w, http:\/\/lilome.at\/WP\/wp-content\/uploads\/2025\/05\/books-5211309_1920-1536x1024.jpg 1536w, http:\/\/lilome.at\/WP\/wp-content\/uploads\/2025\/05\/books-5211309_1920-850x567.jpg 850w, http:\/\/lilome.at\/WP\/wp-content\/uploads\/2025\/05\/books-5211309_1920.jpg 1920w\" sizes=\"auto, (max-width: 1024px) 100vw, 1024px\" \/><\/figure><\/div>\n\n\n<h3 class=\"wp-block-heading has-text-align-center has-contrast-color has-text-color has-superbfont-small-font-size\">Liebe<\/h3>\n\n\n\n<p class=\"has-text-align-center has-secondary-color has-text-color has-superbfont-xsmall-font-size\"><\/p>\n<\/div>\n\n\n\n<div class=\"wp-block-column is-vertically-aligned-center is-layout-flow wp-block-column-is-layout-flow\"><div class=\"wp-block-image\">\n<figure class=\"aligncenter size-large is-resized\"><img loading=\"lazy\" decoding=\"async\" width=\"683\" height=\"1024\" src=\"http:\/\/lilome.at\/WP\/wp-content\/uploads\/2025\/05\/books-752657_1920-683x1024.jpg\" alt=\"\" class=\"wp-image-5424\" style=\"width:80px;height:80px\" srcset=\"http:\/\/lilome.at\/WP\/wp-content\/uploads\/2025\/05\/books-752657_1920-683x1024.jpg 683w, http:\/\/lilome.at\/WP\/wp-content\/uploads\/2025\/05\/books-752657_1920-200x300.jpg 200w, http:\/\/lilome.at\/WP\/wp-content\/uploads\/2025\/05\/books-752657_1920-768x1152.jpg 768w, http:\/\/lilome.at\/WP\/wp-content\/uploads\/2025\/05\/books-752657_1920-1024x1536.jpg 1024w, http:\/\/lilome.at\/WP\/wp-content\/uploads\/2025\/05\/books-752657_1920-300x450.jpg 300w, http:\/\/lilome.at\/WP\/wp-content\/uploads\/2025\/05\/books-752657_1920-850x1275.jpg 850w, http:\/\/lilome.at\/WP\/wp-content\/uploads\/2025\/05\/books-752657_1920.jpg 1280w\" sizes=\"auto, (max-width: 683px) 100vw, 683px\" \/><\/figure><\/div>\n\n\n<h3 class=\"wp-block-heading has-text-align-center has-contrast-color has-text-color has-superbfont-small-font-size\">Hobby<\/h3>\n\n\n\n<p class=\"has-text-align-center has-secondary-color has-text-color has-superbfont-xsmall-font-size\"><\/p>\n<\/div>\n<\/div>\n<\/div><\/div>\n<\/div><\/div>\n\n\n\n<p class=\"has-white-color has-text-color has-link-color wp-elements-159d9b23980bf0e7f6346e2011be4a50\">Lilome VErlag<\/p>\n\n\n\n<div class=\"wp-block-buttons is-content-justification-space-between is-nowrap is-layout-flex wp-container-core-buttons-is-layout-3 wp-block-buttons-is-layout-flex\">\n<div class=\"wp-block-button has-custom-width wp-block-button__width-25 has-custom-font-size has-small-font-size\"><a class=\"wp-block-button__link has-black-color has-white-background-color has-text-color has-background has-link-color wp-element-button\" href=\"http:\/\/lilome.at\/WP\/\" target=\"_blank\" rel=\"noreferrer noopener\">LILOME<\/a><\/div>\n\n\n\n<div class=\"wp-block-button has-custom-width wp-block-button__width-25 has-custom-font-size has-small-font-size\"><a class=\"wp-block-button__link has-black-color has-white-background-color has-text-color has-background has-link-color wp-element-button\" href=\"http:\/\/lilome.at\/WP\/unsere-buecher\/\" target=\"_blank\" rel=\"noreferrer noopener\">B\u00fccher<\/a><\/div>\n\n\n\n<div class=\"wp-block-button has-custom-width wp-block-button__width-25 has-custom-font-size has-small-font-size\"><a class=\"wp-block-button__link has-black-color has-white-background-color has-text-color has-background has-link-color wp-element-button\" href=\"http:\/\/lilome.at\/WP\/unsere-autorinnen\/\" target=\"_blank\" rel=\"noreferrer noopener\">Autoren<\/a><\/div>\n\n\n\n<div class=\"wp-block-button has-custom-width wp-block-button__width-25 has-custom-font-size has-small-font-size\"><a class=\"wp-block-button__link has-black-color has-white-background-color has-text-color has-background has-link-color wp-element-button\" href=\"http:\/\/lilome.at\/WP\/ueber-lilome\/\" target=\"_blank\" rel=\"noreferrer noopener\">About<\/a><\/div>\n<\/div>\n","protected":false},"excerpt":{"rendered":"<p>Lilo Me&#8217;s Story It all started with &#8230; an idea Lilome Verlag LILO ME, die verlagsinterne Reihe von Lilome Verlag, wird von mehreren Autor*innen in regelm\u00e4\u00dfigen Abst\u00e4nden best\u00fcckt. Und so unterschiedlich deren Charaktere und Stilrichtungen sind, ist auch das Programm von Lilo Me. Hier wird man Kochb\u00fccher, Fotob\u00e4nde, How to do-Serien, aber auch Comics und&#8230;<\/p>\n","protected":false},"author":1,"featured_media":0,"parent":0,"menu_order":0,"comment_status":"closed","ping_status":"closed","template":"","meta":{"footnotes":""},"class_list":["post-5421","page","type-page","status-publish","hentry"],"_links":{"self":[{"href":"http:\/\/lilome.at\/WP\/wp-json\/wp\/v2\/pages\/5421","targetHints":{"allow":["GET"]}}],"collection":[{"href":"http:\/\/lilome.at\/WP\/wp-json\/wp\/v2\/pages"}],"about":[{"href":"http:\/\/lilome.at\/WP\/wp-json\/wp\/v2\/types\/page"}],"author":[{"embeddable":true,"href":"http:\/\/lilome.at\/WP\/wp-json\/wp\/v2\/users\/1"}],"replies":[{"embeddable":true,"href":"http:\/\/lilome.at\/WP\/wp-json\/wp\/v2\/comments?post=5421"}],"version-history":[{"count":15,"href":"http:\/\/lilome.at\/WP\/wp-json\/wp\/v2\/pages\/5421\/revisions"}],"predecessor-version":[{"id":6618,"href":"http:\/\/lilome.at\/WP\/wp-json\/wp\/v2\/pages\/5421\/revisions\/6618"}],"wp:attachment":[{"href":"http:\/\/lilome.at\/WP\/wp-json\/wp\/v2\/media?parent=5421"}],"curies":[{"name":"wp","href":"https:\/\/api.w.org\/{rel}","templated":true}]}}