{"id":5342,"date":"2025-05-28T18:13:16","date_gmt":"2025-05-28T16:13:16","guid":{"rendered":"http:\/\/lilome.at\/WP\/?page_id=5342"},"modified":"2025-10-17T09:24:41","modified_gmt":"2025-10-17T07:24:41","slug":"ena-gruen","status":"publish","type":"page","link":"http:\/\/lilome.at\/WP\/ena-gruen\/","title":{"rendered":"ENA GRUEN"},"content":{"rendered":"\n<figure class=\"wp-block-image size-large\"><img loading=\"lazy\" decoding=\"async\" width=\"1024\" height=\"427\" src=\"http:\/\/lilome.at\/WP\/wp-content\/uploads\/2025\/05\/Header-von-ena-Gruen-new7-1024x427.png\" alt=\"\" class=\"wp-image-5343\" srcset=\"http:\/\/lilome.at\/WP\/wp-content\/uploads\/2025\/05\/Header-von-ena-Gruen-new7-1024x427.png 1024w, http:\/\/lilome.at\/WP\/wp-content\/uploads\/2025\/05\/Header-von-ena-Gruen-new7-300x125.png 300w, http:\/\/lilome.at\/WP\/wp-content\/uploads\/2025\/05\/Header-von-ena-Gruen-new7-768x320.png 768w, http:\/\/lilome.at\/WP\/wp-content\/uploads\/2025\/05\/Header-von-ena-Gruen-new7-850x354.png 850w, http:\/\/lilome.at\/WP\/wp-content\/uploads\/2025\/05\/Header-von-ena-Gruen-new7.png 1200w\" sizes=\"auto, (max-width: 1024px) 100vw, 1024px\" \/><\/figure>\n\n\n\n<p><\/p>\n\n\n\n<div class=\"wp-block-group alignfull\"><div class=\"wp-block-group__inner-container is-layout-flow wp-block-group-is-layout-flow\">\n<div class=\"wp-block-group alignfull\" style=\"padding-top:var(--wp--preset--spacing--superbspacing-xxlarge);padding-right:var(--wp--preset--spacing--superbspacing-small);padding-bottom:var(--wp--preset--spacing--superbspacing-xxlarge);padding-left:var(--wp--preset--spacing--superbspacing-small)\"><div class=\"wp-block-group__inner-container is-layout-constrained wp-container-core-group-is-layout-3 wp-block-group-is-layout-constrained\">\n<h4 class=\"wp-block-heading has-text-align-center has-text-color has-superbfont-xxsmall-font-size\" style=\"color:#8ad1cd;font-style:normal;font-weight:700;letter-spacing:5px;text-transform:uppercase\">eNA&#8217;S sTORY<\/h4>\n\n\n\n<h2 class=\"wp-block-heading has-text-align-center has-contrast-color has-text-color has-superbfont-large-font-size\"><strong>It all started with &#8230; zwei Nichten<\/strong><\/h2>\n\n\n\n<p class=\"has-text-align-center has-white-color has-text-color has-link-color has-medium-font-size wp-elements-c62436bd6ea1000685dad958127e6d9a\">Lilome Verlag<\/p>\n\n\n\n<div class=\"wp-block-group\"><div class=\"wp-block-group__inner-container is-layout-flow wp-block-group-is-layout-flow\">\n<p class=\"has-black-color has-text-color has-link-color wp-elements-fff41dc6dca9f92f8a532f9ad42b094c\" style=\"font-size:18px\">Diese zwei munteren jungen Damen haben <strong>ENA GRUEN<\/strong> auf die Idee gebracht ihr erstes Jugendbuch zu schreiben. Und dann sollte es auch noch gleich ein Krimi sein! Zwei Genres, mit denen sie bis jetzt recht wenig zu tun gehabt hat. Doch Ena nahm die Herausforderung an und b\u00fcffelte sich durch unz\u00e4hlige Werke der ganzen Gro\u00dfen dieses Faches, um nur von den Besten zu lernen. Wir, vom <a href=\"http:\/\/lilome.at\/WP\/lilome-verlag\/\" target=\"_blank\" rel=\"noreferrer noopener\">Lilome Verlag<\/a> hoffen, es wird nicht ihr letzter Krimi gewesen sein.<\/p>\n\n\n\n<p><\/p>\n\n\n\n<p class=\"has-superbfont-small-font-size\"><strong>&#8222;TRAIL OF SECRETS &#8211; Das verschollene Gem\u00e4lde&#8220;<\/strong> ist noch in der \u00dcberarbeitung, wird jedoch hoffentlich zu Weihnachten das Licht der Buchwelt erblicken. Wir freuen uns schon riesig darauf &#8211; genauso wie Ena&#8217;s zwei Nichten \ud83d\ude42 <\/p>\n\n\n\n<p class=\"has-superbfont-small-font-size\"><\/p>\n<\/div><\/div>\n\n\n\n<div style=\"height:100px\" aria-hidden=\"true\" class=\"wp-block-spacer\"><\/div>\n\n\n\n<div class=\"wp-block-media-text is-stacked-on-mobile\" style=\"grid-template-columns:29% auto\"><figure class=\"wp-block-media-text__media\"><img loading=\"lazy\" decoding=\"async\" width=\"751\" height=\"1024\" src=\"http:\/\/lilome.at\/WP\/wp-content\/uploads\/2025\/05\/VGW-1-751x1024.jpg\" alt=\"\" class=\"wp-image-5344 size-full\" srcset=\"http:\/\/lilome.at\/WP\/wp-content\/uploads\/2025\/05\/VGW-1-751x1024.jpg 751w, http:\/\/lilome.at\/WP\/wp-content\/uploads\/2025\/05\/VGW-1-220x300.jpg 220w, http:\/\/lilome.at\/WP\/wp-content\/uploads\/2025\/05\/VGW-1-768x1047.jpg 768w, http:\/\/lilome.at\/WP\/wp-content\/uploads\/2025\/05\/VGW-1-1127x1536.jpg 1127w, http:\/\/lilome.at\/WP\/wp-content\/uploads\/2025\/05\/VGW-1-300x409.jpg 300w, http:\/\/lilome.at\/WP\/wp-content\/uploads\/2025\/05\/VGW-1-850x1158.jpg 850w, http:\/\/lilome.at\/WP\/wp-content\/uploads\/2025\/05\/VGW-1.jpg 1409w\" sizes=\"auto, (max-width: 751px) 100vw, 751px\" \/><\/figure><div class=\"wp-block-media-text__content\">\n<p class=\"has-text-align-center has-medium-font-size\"><strong>&#8222;Was, wenn <\/strong><\/p>\n\n\n\n<p class=\"has-text-align-center has-medium-font-size\"><strong>das Beste <\/strong><\/p>\n\n\n\n<p class=\"has-text-align-center has-medium-font-size\"><strong>noch kommt?&#8220;<\/strong><\/p>\n\n\n\n<p class=\"has-text-align-center\"><em>Ena Gruen<\/em><\/p>\n<\/div><\/div>\n\n\n\n<div style=\"height:100px\" aria-hidden=\"true\" class=\"wp-block-spacer\"><\/div>\n\n\n\n<div class=\"wp-block-media-text has-media-on-the-right is-stacked-on-mobile\" style=\"grid-template-columns:auto 35%\"><div class=\"wp-block-media-text__content\">\n<p><\/p>\n\n\n\n<div class=\"wp-block-group\"><div class=\"wp-block-group__inner-container is-layout-constrained wp-container-core-group-is-layout-2 wp-block-group-is-layout-constrained\">\n<h2 class=\"wp-block-heading has-text-align-left has-contrast-color has-text-color has-medium-font-size\"><strong>TRAIL OF SECRETS<\/strong><\/h2>\n\n\n\n<p class=\"has-text-align-left has-secondary-color has-text-color has-superbfont-medium-font-size\"><strong>Das verschollene Gem\u00e4lde<\/strong><\/p>\n\n\n\n<p>Ein Jugendkrimi von Ena Gruen<\/p>\n\n\n\n<p><\/p>\n<\/div><\/div>\n\n\n\n<p><\/p>\n<\/div><figure class=\"wp-block-media-text__media\"><img loading=\"lazy\" decoding=\"async\" width=\"646\" height=\"1024\" src=\"http:\/\/lilome.at\/WP\/wp-content\/uploads\/2025\/05\/cOVER-TRAIL-OF-SECRECTS-ENA-GRUEN-646x1024.png\" alt=\"\" class=\"wp-image-5345 size-full\" srcset=\"http:\/\/lilome.at\/WP\/wp-content\/uploads\/2025\/05\/cOVER-TRAIL-OF-SECRECTS-ENA-GRUEN-646x1024.png 646w, http:\/\/lilome.at\/WP\/wp-content\/uploads\/2025\/05\/cOVER-TRAIL-OF-SECRECTS-ENA-GRUEN-189x300.png 189w, http:\/\/lilome.at\/WP\/wp-content\/uploads\/2025\/05\/cOVER-TRAIL-OF-SECRECTS-ENA-GRUEN-768x1217.png 768w, http:\/\/lilome.at\/WP\/wp-content\/uploads\/2025\/05\/cOVER-TRAIL-OF-SECRECTS-ENA-GRUEN-970x1536.png 970w, http:\/\/lilome.at\/WP\/wp-content\/uploads\/2025\/05\/cOVER-TRAIL-OF-SECRECTS-ENA-GRUEN-300x475.png 300w, http:\/\/lilome.at\/WP\/wp-content\/uploads\/2025\/05\/cOVER-TRAIL-OF-SECRECTS-ENA-GRUEN-850x1347.png 850w, http:\/\/lilome.at\/WP\/wp-content\/uploads\/2025\/05\/cOVER-TRAIL-OF-SECRECTS-ENA-GRUEN.png 991w\" sizes=\"auto, (max-width: 646px) 100vw, 646px\" \/><\/figure><\/div>\n\n\n\n<p><\/p>\n\n\n\n<div class=\"wp-block-buttons wp-container-content-1 is-content-justification-center is-nowrap is-layout-flex wp-container-core-buttons-is-layout-1 wp-block-buttons-is-layout-flex\">\n<div class=\"wp-block-button has-custom-width wp-block-button__width-50 has-custom-font-size is-style-outline has-superbfont-small-font-size is-style-outline--1\"><a class=\"wp-block-button__link has-white-background-color has-text-color has-background has-link-color wp-element-button\" style=\"color:#8ad1cd\"><strong>Zum Buch<\/strong><\/a><\/div>\n\n\n\n<div class=\"wp-block-button has-custom-width wp-block-button__width-50 has-custom-font-size has-superbfont-small-font-size\"><a class=\"wp-block-button__link has-background wp-element-button\" style=\"background-color:#8ad1cd\"><strong>Coming soon<\/strong><\/a><\/div>\n<\/div>\n<\/div><\/div>\n<\/div><\/div>\n\n\n\n<div class=\"wp-block-group alignwide\"><div class=\"wp-block-group__inner-container is-layout-constrained wp-container-core-group-is-layout-5 wp-block-group-is-layout-constrained\">\n<p class=\"has-text-align-center has-medium-font-size\"><strong>Zum Abschluss<\/strong><\/p>\n\n\n\n<h3 class=\"wp-block-heading has-text-align-center has-text-color\" style=\"color:#8ad1cd;font-size:20px;font-style:normal;font-weight:700;letter-spacing:5px;text-transform:uppercase\">Ena in Bildern \ud83d\ude09<\/h3>\n<\/div><\/div>\n\n\n\n<div class=\"wp-block-columns alignwide is-not-stacked-on-mobile is-layout-flex wp-container-core-columns-is-layout-1 wp-block-columns-is-layout-flex\">\n<div class=\"wp-block-column is-vertically-aligned-center is-layout-flow wp-block-column-is-layout-flow\"><div class=\"wp-block-image\">\n<figure class=\"aligncenter size-large is-resized\"><img loading=\"lazy\" decoding=\"async\" width=\"1024\" height=\"683\" src=\"http:\/\/lilome.at\/WP\/wp-content\/uploads\/2025\/05\/income-tax-4097292_1920-1024x683.jpg\" alt=\"\" class=\"wp-image-5346\" style=\"aspect-ratio:1;width:86px;height:auto\" srcset=\"http:\/\/lilome.at\/WP\/wp-content\/uploads\/2025\/05\/income-tax-4097292_1920-1024x683.jpg 1024w, http:\/\/lilome.at\/WP\/wp-content\/uploads\/2025\/05\/income-tax-4097292_1920-300x200.jpg 300w, http:\/\/lilome.at\/WP\/wp-content\/uploads\/2025\/05\/income-tax-4097292_1920-768x512.jpg 768w, http:\/\/lilome.at\/WP\/wp-content\/uploads\/2025\/05\/income-tax-4097292_1920-1536x1024.jpg 1536w, http:\/\/lilome.at\/WP\/wp-content\/uploads\/2025\/05\/income-tax-4097292_1920-850x567.jpg 850w, http:\/\/lilome.at\/WP\/wp-content\/uploads\/2025\/05\/income-tax-4097292_1920.jpg 1920w\" sizes=\"auto, (max-width: 1024px) 100vw, 1024px\" \/><\/figure><\/div>\n\n\n<h3 class=\"wp-block-heading has-text-align-center has-contrast-color has-text-color has-superbfont-small-font-size\">Beruf<\/h3>\n\n\n\n<p class=\"has-text-align-center has-secondary-color has-text-color has-superbfont-xsmall-font-size\"><\/p>\n<\/div>\n\n\n\n<div class=\"wp-block-column is-vertically-aligned-center is-layout-flow wp-block-column-is-layout-flow\"><div class=\"wp-block-image\">\n<figure class=\"aligncenter size-large is-resized\"><img loading=\"lazy\" decoding=\"async\" width=\"1024\" height=\"683\" src=\"http:\/\/lilome.at\/WP\/wp-content\/uploads\/2025\/05\/cat-4688579_1920-1024x683.jpg\" alt=\"\" class=\"wp-image-5347\" style=\"aspect-ratio:1;width:90px;height:auto\" srcset=\"http:\/\/lilome.at\/WP\/wp-content\/uploads\/2025\/05\/cat-4688579_1920-1024x683.jpg 1024w, http:\/\/lilome.at\/WP\/wp-content\/uploads\/2025\/05\/cat-4688579_1920-300x200.jpg 300w, http:\/\/lilome.at\/WP\/wp-content\/uploads\/2025\/05\/cat-4688579_1920-768x512.jpg 768w, http:\/\/lilome.at\/WP\/wp-content\/uploads\/2025\/05\/cat-4688579_1920-1536x1024.jpg 1536w, http:\/\/lilome.at\/WP\/wp-content\/uploads\/2025\/05\/cat-4688579_1920-850x567.jpg 850w, http:\/\/lilome.at\/WP\/wp-content\/uploads\/2025\/05\/cat-4688579_1920.jpg 1920w\" sizes=\"auto, (max-width: 1024px) 100vw, 1024px\" \/><\/figure><\/div>\n\n\n<h3 class=\"wp-block-heading has-text-align-center has-contrast-color has-text-color has-superbfont-small-font-size\">Liebe<\/h3>\n\n\n\n<p class=\"has-text-align-center has-secondary-color has-text-color has-superbfont-xsmall-font-size\"><\/p>\n<\/div>\n\n\n\n<div class=\"wp-block-column is-vertically-aligned-center is-layout-flow wp-block-column-is-layout-flow\"><div class=\"wp-block-image\">\n<figure class=\"aligncenter size-large is-resized\"><img loading=\"lazy\" decoding=\"async\" width=\"1024\" height=\"1024\" src=\"http:\/\/lilome.at\/WP\/wp-content\/uploads\/2025\/05\/autor-3-1024x1024.jpg\" alt=\"\" class=\"wp-image-5353\" style=\"width:80px;height:80px\" srcset=\"http:\/\/lilome.at\/WP\/wp-content\/uploads\/2025\/05\/autor-3-1024x1024.jpg 1024w, http:\/\/lilome.at\/WP\/wp-content\/uploads\/2025\/05\/autor-3-300x300.jpg 300w, http:\/\/lilome.at\/WP\/wp-content\/uploads\/2025\/05\/autor-3-150x150.jpg 150w, http:\/\/lilome.at\/WP\/wp-content\/uploads\/2025\/05\/autor-3-768x768.jpg 768w, http:\/\/lilome.at\/WP\/wp-content\/uploads\/2025\/05\/autor-3-1536x1536.jpg 1536w, http:\/\/lilome.at\/WP\/wp-content\/uploads\/2025\/05\/autor-3-2048x2048.jpg 2048w, http:\/\/lilome.at\/WP\/wp-content\/uploads\/2025\/05\/autor-3-850x850.jpg 850w\" sizes=\"auto, (max-width: 1024px) 100vw, 1024px\" \/><\/figure><\/div>\n\n\n<h3 class=\"wp-block-heading has-text-align-center has-contrast-color has-text-color has-superbfont-small-font-size\">Hobby<\/h3>\n\n\n\n<p class=\"has-text-align-center has-secondary-color has-text-color has-superbfont-xsmall-font-size\"><\/p>\n<\/div>\n<\/div>\n\n\n\n<p><\/p>\n\n\n\n<p class=\"has-white-color has-text-color has-link-color wp-elements-159d9b23980bf0e7f6346e2011be4a50\">Lilome VErlag<\/p>\n\n\n\n<div class=\"wp-block-buttons is-content-justification-space-between is-nowrap is-layout-flex wp-container-core-buttons-is-layout-2 wp-block-buttons-is-layout-flex\">\n<div class=\"wp-block-button has-custom-width wp-block-button__width-25 has-custom-font-size has-small-font-size\"><a class=\"wp-block-button__link has-black-color has-white-background-color has-text-color has-background has-link-color wp-element-button\" href=\"http:\/\/lilome.at\/WP\/\" target=\"_blank\" rel=\"noreferrer noopener\">LILOME<\/a><\/div>\n\n\n\n<div class=\"wp-block-button has-custom-width wp-block-button__width-25 has-custom-font-size has-small-font-size\"><a class=\"wp-block-button__link has-black-color has-white-background-color has-text-color has-background has-link-color wp-element-button\" href=\"http:\/\/lilome.at\/WP\/unsere-buecher\/\" target=\"_blank\" rel=\"noreferrer noopener\">B\u00fccher<\/a><\/div>\n\n\n\n<div class=\"wp-block-button has-custom-width wp-block-button__width-25 has-custom-font-size has-small-font-size\"><a class=\"wp-block-button__link has-black-color has-white-background-color has-text-color has-background has-link-color wp-element-button\" href=\"http:\/\/lilome.at\/WP\/unsere-autorinnen\/\" target=\"_blank\" rel=\"noreferrer noopener\">Autoren<\/a><\/div>\n\n\n\n<div class=\"wp-block-button has-custom-width wp-block-button__width-25 has-custom-font-size has-small-font-size\"><a class=\"wp-block-button__link has-black-color has-white-background-color has-text-color has-background has-link-color wp-element-button\" href=\"http:\/\/lilome.at\/WP\/ueber-lilome\/\" target=\"_blank\" rel=\"noreferrer noopener\">About<\/a><\/div>\n<\/div>\n","protected":false},"excerpt":{"rendered":"<p>eNA&#8217;S sTORY It all started with &#8230; zwei Nichten Lilome Verlag Diese zwei munteren jungen Damen haben ENA GRUEN auf die Idee gebracht ihr erstes Jugendbuch zu schreiben. Und dann sollte es auch noch gleich ein Krimi sein! Zwei Genres, mit denen sie bis jetzt recht wenig zu tun gehabt hat. Doch Ena nahm die&#8230;<\/p>\n","protected":false},"author":1,"featured_media":0,"parent":0,"menu_order":0,"comment_status":"closed","ping_status":"closed","template":"","meta":{"footnotes":""},"class_list":["post-5342","page","type-page","status-publish","hentry"],"_links":{"self":[{"href":"http:\/\/lilome.at\/WP\/wp-json\/wp\/v2\/pages\/5342","targetHints":{"allow":["GET"]}}],"collection":[{"href":"http:\/\/lilome.at\/WP\/wp-json\/wp\/v2\/pages"}],"about":[{"href":"http:\/\/lilome.at\/WP\/wp-json\/wp\/v2\/types\/page"}],"author":[{"embeddable":true,"href":"http:\/\/lilome.at\/WP\/wp-json\/wp\/v2\/users\/1"}],"replies":[{"embeddable":true,"href":"http:\/\/lilome.at\/WP\/wp-json\/wp\/v2\/comments?post=5342"}],"version-history":[{"count":17,"href":"http:\/\/lilome.at\/WP\/wp-json\/wp\/v2\/pages\/5342\/revisions"}],"predecessor-version":[{"id":6262,"href":"http:\/\/lilome.at\/WP\/wp-json\/wp\/v2\/pages\/5342\/revisions\/6262"}],"wp:attachment":[{"href":"http:\/\/lilome.at\/WP\/wp-json\/wp\/v2\/media?parent=5342"}],"curies":[{"name":"wp","href":"https:\/\/api.w.org\/{rel}","templated":true}]}}