{"id":5291,"date":"2025-05-28T16:14:20","date_gmt":"2025-05-28T14:14:20","guid":{"rendered":"http:\/\/lilome.at\/WP\/?page_id=5291"},"modified":"2026-02-06T15:12:39","modified_gmt":"2026-02-06T14:12:39","slug":"chloe-silva","status":"publish","type":"page","link":"http:\/\/lilome.at\/WP\/chloe-silva\/","title":{"rendered":"CHLOE SILVA"},"content":{"rendered":"\n<figure class=\"wp-block-image size-large\"><img loading=\"lazy\" decoding=\"async\" width=\"1024\" height=\"427\" src=\"http:\/\/lilome.at\/WP\/wp-content\/uploads\/2025\/05\/Header-von-Chloe-Silva-1024x427.jpg\" alt=\"\" class=\"wp-image-5292\" srcset=\"http:\/\/lilome.at\/WP\/wp-content\/uploads\/2025\/05\/Header-von-Chloe-Silva-1024x427.jpg 1024w, http:\/\/lilome.at\/WP\/wp-content\/uploads\/2025\/05\/Header-von-Chloe-Silva-300x125.jpg 300w, http:\/\/lilome.at\/WP\/wp-content\/uploads\/2025\/05\/Header-von-Chloe-Silva-768x320.jpg 768w, http:\/\/lilome.at\/WP\/wp-content\/uploads\/2025\/05\/Header-von-Chloe-Silva-850x354.jpg 850w, http:\/\/lilome.at\/WP\/wp-content\/uploads\/2025\/05\/Header-von-Chloe-Silva.jpg 1200w\" sizes=\"auto, (max-width: 1024px) 100vw, 1024px\" \/><\/figure>\n\n\n\n<div class=\"wp-block-group alignfull\" style=\"margin-top:var(--wp--preset--spacing--superbspacing-small);margin-bottom:var(--wp--preset--spacing--superbspacing-small);padding-top:var(--wp--preset--spacing--superbspacing-xxlarge);padding-right:var(--wp--preset--spacing--superbspacing-small);padding-bottom:var(--wp--preset--spacing--superbspacing-xxlarge);padding-left:var(--wp--preset--spacing--superbspacing-small)\"><div class=\"wp-block-group__inner-container is-layout-constrained wp-container-core-group-is-layout-2 wp-block-group-is-layout-constrained\">\n<div class=\"wp-block-group alignwide\" style=\"margin-top:0;margin-bottom:var(--wp--preset--spacing--superbspacing-medium);padding-top:0;padding-right:0;padding-bottom:0;padding-left:0\"><div class=\"wp-block-group__inner-container is-layout-constrained wp-container-core-group-is-layout-1 wp-block-group-is-layout-constrained\">\n<h2 class=\"wp-block-heading has-text-align-center has-text-color has-link-color has-superbfont-xxsmall-font-size wp-elements-9abf5bb1dd4e8311076a4ee338275c5a\" style=\"color:#8ad1cd;font-style:normal;font-weight:700;letter-spacing:5px;text-transform:uppercase\">Chloe&#8217;s Story<\/h2>\n\n\n\n<h2 class=\"wp-block-heading has-text-align-center has-contrast-color has-text-color has-superbfont-large-font-size\"><strong>It all started with &#8230; Unzufriedenheit<\/strong><\/h2>\n<\/div><\/div>\n\n\n\n<div class=\"wp-block-columns alignwide is-layout-flex wp-container-core-columns-is-layout-1 wp-block-columns-is-layout-flex\" style=\"margin-top:0;margin-bottom:0;padding-top:0;padding-right:0;padding-bottom:0;padding-left:0\">\n<div class=\"wp-block-column is-layout-flow wp-block-column-is-layout-flow\">\n<p class=\"has-superbfont-small-font-size\">Kurz und knackig darf es bei <strong>CHLOE SILVA<\/strong> sein. Als viel besch\u00e4ftigte Frau hatte sie fr\u00fcher nie genug Zeit, um lange Romane zu lesen. Stetig war sie auf der Suche nach am\u00fcsanten und vor allem kurzen Lesevergn\u00fcgungen, wurde aber nicht so oft f\u00fcndig, wie sie es gerne gehabt und gebraucht h\u00e4tte, um ein paar U-Bahn-Stationen oder Wartezeiten am Flughafen oder in Arztpraxen aufs Angenehmste zu verbringen.<\/p>\n\n\n\n<p class=\"has-black-color has-text-color has-link-color has-superbfont-small-font-size wp-elements-a90a8082469374d2eb02bcef97f3a64f\">Jetzt schreibt sie ihre eigenen Kurzromane genau in dieser Zeit, und ist unsere erste Autorin in unserem <strong><a href=\"http:\/\/lilome.at\/WP\/shortbread-verlag\/\" target=\"_blank\" rel=\"noreferrer noopener\">Lilome Shortbread-Verlag.<\/a><\/strong><br><br><\/p>\n<\/div>\n\n\n\n<div class=\"wp-block-column is-layout-flow wp-block-column-is-layout-flow\">\n<p class=\"has-black-color has-text-color has-link-color has-superbfont-small-font-size wp-elements-2a51b5be5698d86e1ef1a5b6ca1a9d03\">In ihren Roman <strong><a href=\"https:\/\/www.amazon.de\/Be-Valentine-Blitzlichtgewitterherzschlag-Chloe-Silva\/dp\/B0DXKXW7T2\/ref=sr_1_1?__mk_de_DE=%C3%85M%C3%85%C5%BD%C3%95%C3%91&amp;crid=3SXNLSHB9WKWS&amp;dib=eyJ2IjoiMSJ9.Uk5IYJkrYmcS6JK_6rdlMt8webnSbquCZHOV1SL6NI1zIi3AgrV2fKY16lFv_MjghxeJwXoArwmQ_Oz9qFXXQODQA_rNYJ_d4uNF2zfobwQ6uvQfL3kl6vXZPdaDl29k_hmj_1wOctKeR584Q5_YUgVCdUMTed6pOEimJ0VOylL6MYlSy-a5Crh4wPaEYZd6RfhAeagcRkiPQEtfG9BvxyIpsXOqc3mac5YpQ8oSqfA.fHn1LVEDAR3_qvLf13EpEiCE5H2QA_EaFT1L4SovXck&amp;dib_tag=se&amp;keywords=Chloe+Silva&amp;qid=1746520575&amp;sprefix=chloe+silva%2Caps%2C112&amp;sr=8-1\" target=\"_blank\" rel=\"noreferrer noopener\">\u201eBE MY VALENTINE \u2013 Blitzlichtgewitterherzschlag\u201c<\/a> <\/strong>bringt sie ihre eigenen Erfahrungen aus ihrer Lebenszeit in Los Angeles ein.&nbsp;Durch ihre diversen Jobs und Bekanntschaften konnte sie mehr als einmal hinter die Kulissen der Stars und Sternchen schauen \u2013 und was es in dieser Metropole bedeutet als \u201eCeleb\u201c jede Minute auf dem Pr\u00e4sentierteller zu liegen. \u201eSo viele grandiose Menschen und so viele wunderbare Erlebnisse! Aber auch eine herausfordernde Zeit, die ich jedoch niemals vergessen oder missen m\u00f6chte\u201c, beschreibt Chloe ihren Aufenthalt in der Stadt der Engel.<\/p>\n\n\n\n<p><\/p>\n\n\n\n<div style=\"height:100px\" aria-hidden=\"true\" class=\"wp-block-spacer\"><\/div>\n<\/div>\n<\/div>\n\n\n\n<div class=\"wp-block-media-text is-stacked-on-mobile\" style=\"grid-template-columns:30% auto\"><figure class=\"wp-block-media-text__media\"><img decoding=\"async\" src=\"http:\/\/lilome.at\/WP\/wp-content\/uploads\/2025\/05\/Portraet-Chloe-Silva.jpg\" alt=\"\" class=\"wp-image-5294 size-full\"\/><\/figure><div class=\"wp-block-media-text__content\">\n<p><\/p>\n\n\n\n<p class=\"has-text-align-center has-medium-font-size\"><strong>&#8222;Make Waves.<\/strong><\/p>\n\n\n\n<p class=\"has-text-align-center has-medium-font-size\"><strong> Today. <\/strong><\/p>\n\n\n\n<p class=\"has-text-align-center has-medium-font-size\"><strong>Everyday!&#8220;<\/strong><\/p>\n\n\n\n<p class=\"has-text-align-center\"><em>Chloe Silva<\/em><\/p>\n\n\n\n<p><\/p>\n<\/div><\/div>\n<\/div><\/div>\n\n\n\n<div class=\"wp-block-media-text has-media-on-the-right is-stacked-on-mobile\" style=\"grid-template-columns:auto 24%\"><div class=\"wp-block-media-text__content\">\n<h2 class=\"wp-block-heading has-text-align-left has-black-color has-text-color has-link-color has-medium-font-size wp-elements-652a0201316543884ed1126333a29b16\"><a href=\"https:\/\/www.amazon.de\/Be-Valentine-Blitzlichtgewitterherzschlag-Chloe-Silva\/dp\/B0DXKXW7T2\/ref=sr_1_1?__mk_de_DE=%C3%85M%C3%85%C5%BD%C3%95%C3%91&amp;crid=3SXNLSHB9WKWS&amp;dib=eyJ2IjoiMSJ9.Uk5IYJkrYmcS6JK_6rdlMt8webnSbquCZHOV1SL6NI1zIi3AgrV2fKY16lFv_MjghxeJwXoArwmQ_Oz9qFXXQODQA_rNYJ_d4uNF2zfobwQ6uvQfL3kl6vXZPdaDl29k_hmj_1wOctKeR584Q5_YUgVCdUMTed6pOEimJ0VOylL6MYlSy-a5Crh4wPaEYZd6RfhAeagcRkiPQEtfG9BvxyIpsXOqc3mac5YpQ8oSqfA.fHn1LVEDAR3_qvLf13EpEiCE5H2QA_EaFT1L4SovXck&amp;dib_tag=se&amp;keywords=Chloe+Silva&amp;qid=1746520575&amp;sprefix=chloe+silva%2Caps%2C112&amp;sr=8-1\" target=\"_blank\" rel=\"noreferrer noopener\"><strong>BE MY VALENTINE<\/strong><\/a><\/h2>\n\n\n\n<div class=\"wp-block-group\"><div class=\"wp-block-group__inner-container is-layout-constrained wp-container-core-group-is-layout-3 wp-block-group-is-layout-constrained\">\n<p class=\"has-text-align-left has-secondary-color has-text-color has-superbfont-medium-font-size\"><strong>Blitzlichtgewitterherzschlag<\/strong><\/p>\n\n\n\n<p class=\"has-text-align-left has-secondary-color has-text-color has-superbfont-medium-font-size\">von Chloe Silva<\/p>\n\n\n\n<p class=\"has-text-align-left has-black-color has-text-color has-link-color has-superbfont-medium-font-size wp-elements-7d71fa6a5e0efd61cb41224699461205\">Als <strong>E-Book<\/strong> f\u00fcr <a href=\"https:\/\/www.amazon.de\/Be-Valentine-Blitzlichtgewitterherzschlag-Chloe-Silva-ebook\/dp\/B0DX7F1T86\/ref=tmm_kin_swatch_0?_encoding=UTF8&amp;dib_tag=se&amp;dib=eyJ2IjoiMSJ9.Uk5IYJkrYmcS6JK_6rdlMt8webnSbquCZHOV1SL6NI1zIi3AgrV2fKY16lFv_MjghxeJwXoArwmQ_Oz9qFXXQODQA_rNYJ_d4uNF2zfobwQ6uvQfL3kl6vXZPdaDl29k_hmj_1wOctKeR584Q5_YUgVCdUMTed6pOEimJ0VOylL6MYlSy-a5Crh4wPaEYZd6RfhAeagcRkiPQEtfG9BvxyIpsXOqc3mac5YpQ8oSqfA.fHn1LVEDAR3_qvLf13EpEiCE5H2QA_EaFT1L4SovXck&amp;qid=1746520575&amp;sr=8-1\" target=\"_blank\" rel=\"noreferrer noopener\"><strong>Kindle<\/strong> <\/a>sowie <strong><a href=\"https:\/\/www.thalia.at\/shop\/home\/artikeldetails\/A1078019888\" target=\"_blank\" rel=\"noreferrer noopener\">Tolino<\/a><\/strong> und <strong><a href=\"https:\/\/www.amazon.de\/Be-Valentine-Blitzlichtgewitterherzschlag-Chloe-Silva\/dp\/B0DXKXW7T2\/ref=sr_1_1?__mk_de_DE=%C3%85M%C3%85%C5%BD%C3%95%C3%91&amp;crid=3SXNLSHB9WKWS&amp;dib=eyJ2IjoiMSJ9.Uk5IYJkrYmcS6JK_6rdlMt8webnSbquCZHOV1SL6NI1zIi3AgrV2fKY16lFv_MjghxeJwXoArwmQ_Oz9qFXXQODQA_rNYJ_d4uNF2zfobwQ6uvQfL3kl6vXZPdaDl29k_hmj_1wOctKeR584Q5_YUgVCdUMTed6pOEimJ0VOylL6MYlSy-a5Crh4wPaEYZd6RfhAeagcRkiPQEtfG9BvxyIpsXOqc3mac5YpQ8oSqfA.fHn1LVEDAR3_qvLf13EpEiCE5H2QA_EaFT1L4SovXck&amp;dib_tag=se&amp;keywords=Chloe+Silva&amp;qid=1746520575&amp;sprefix=chloe+silva%2Caps%2C112&amp;sr=8-1\" target=\"_blank\" rel=\"noreferrer noopener\">Paperback<\/a> <\/strong>erh\u00e4ltlich.<\/p>\n\n\n\n<p><\/p>\n\n\n\n<p><\/p>\n<\/div><\/div>\n\n\n\n<p><\/p>\n<\/div><figure class=\"wp-block-media-text__media\"><a href=\"https:\/\/www.amazon.de\/Be-Valentine-Blitzlichtgewitterherzschlag-Chloe-Silva\/dp\/B0DXKXW7T2\/ref=sr_1_1?__mk_de_DE=%C3%85M%C3%85%C5%BD%C3%95%C3%91&amp;crid=3SXNLSHB9WKWS&amp;dib=eyJ2IjoiMSJ9.Uk5IYJkrYmcS6JK_6rdlMt8webnSbquCZHOV1SL6NI1zIi3AgrV2fKY16lFv_MjghxeJwXoArwmQ_Oz9qFXXQODQA_rNYJ_d4uNF2zfobwQ6uvQfL3kl6vXZPdaDl29k_hmj_1wOctKeR584Q5_YUgVCdUMTed6pOEimJ0VOylL6MYlSy-a5Crh4wPaEYZd6RfhAeagcRkiPQEtfG9BvxyIpsXOqc3mac5YpQ8oSqfA.fHn1LVEDAR3_qvLf13EpEiCE5H2QA_EaFT1L4SovXck&amp;dib_tag=se&amp;keywords=Chloe+Silva&amp;qid=1746520575&amp;sprefix=chloe+silva%2C\" target=\"_blank\" rel=\" noreferrer noopener\"><img loading=\"lazy\" decoding=\"async\" width=\"642\" height=\"1024\" src=\"http:\/\/lilome.at\/WP\/wp-content\/uploads\/2025\/05\/be-my-Valentine-Cover-mit-Schatten-fuer-Website-642x1024.jpg\" alt=\"\" class=\"wp-image-5223 size-full\" srcset=\"http:\/\/lilome.at\/WP\/wp-content\/uploads\/2025\/05\/be-my-Valentine-Cover-mit-Schatten-fuer-Website-642x1024.jpg 642w, http:\/\/lilome.at\/WP\/wp-content\/uploads\/2025\/05\/be-my-Valentine-Cover-mit-Schatten-fuer-Website-188x300.jpg 188w, http:\/\/lilome.at\/WP\/wp-content\/uploads\/2025\/05\/be-my-Valentine-Cover-mit-Schatten-fuer-Website-768x1226.jpg 768w, http:\/\/lilome.at\/WP\/wp-content\/uploads\/2025\/05\/be-my-Valentine-Cover-mit-Schatten-fuer-Website-963x1536.jpg 963w, http:\/\/lilome.at\/WP\/wp-content\/uploads\/2025\/05\/be-my-Valentine-Cover-mit-Schatten-fuer-Website-1283x2048.jpg 1283w, http:\/\/lilome.at\/WP\/wp-content\/uploads\/2025\/05\/be-my-Valentine-Cover-mit-Schatten-fuer-Website-300x479.jpg 300w, http:\/\/lilome.at\/WP\/wp-content\/uploads\/2025\/05\/be-my-Valentine-Cover-mit-Schatten-fuer-Website-850x1356.jpg 850w, http:\/\/lilome.at\/WP\/wp-content\/uploads\/2025\/05\/be-my-Valentine-Cover-mit-Schatten-fuer-Website.jpg 1410w\" sizes=\"auto, (max-width: 642px) 100vw, 642px\" \/><\/a><\/figure><\/div>\n\n\n\n<div class=\"wp-block-buttons is-content-justification-center is-layout-flex wp-container-core-buttons-is-layout-1 wp-block-buttons-is-layout-flex\">\n<div class=\"wp-block-button has-custom-width wp-block-button__width-50 has-custom-font-size is-style-outline has-superbfont-small-font-size is-style-outline--1\"><a class=\"wp-block-button__link has-text-color has-link-color wp-element-button\" style=\"color:#8ad1cd\"><strong>Zum Buch<\/strong><\/a><\/div>\n\n\n\n<div class=\"wp-block-button has-custom-width wp-block-button__width-50 has-custom-font-size has-superbfont-small-font-size\"><a class=\"wp-block-button__link has-white-color has-text-color has-background has-link-color wp-element-button\" href=\"https:\/\/www.amazon.de\/Be-Valentine-Blitzlichtgewitterherzschlag-Chloe-Silva\/dp\/B0DXKXW7T2\/ref=sr_1_1?__mk_de_DE=%C3%85M%C3%85%C5%BD%C3%95%C3%91&amp;crid=3SXNLSHB9WKWS&amp;dib=eyJ2IjoiMSJ9.Uk5IYJkrYmcS6JK_6rdlMt8webnSbquCZHOV1SL6NI1zIi3AgrV2fKY16lFv_MjghxeJwXoArwmQ_Oz9qFXXQODQA_rNYJ_d4uNF2zfobwQ6uvQfL3kl6vXZPdaDl29k_hmj_1wOctKeR584Q5_YUgVCdUMTed6pOEimJ0VOylL6MYlSy-a5Crh4wPaEYZd6RfhAeagcRkiPQEtfG9BvxyIpsXOqc3mac5YpQ8oSqfA.fHn1LVEDAR3_qvLf13EpEiCE5H2QA_EaFT1L4SovXck&amp;dib_tag=se&amp;keywords=Chloe+Silva&amp;qid=1746520575&amp;sprefix=chloe+silva%2C\" style=\"background-color:#8ad1cd\" target=\"_blank\" rel=\"noreferrer noopener\"><strong>Jetzt kaufen<\/strong><\/a><\/div>\n<\/div>\n\n\n\n<div class=\"wp-block-group alignfull\"><div class=\"wp-block-group__inner-container is-layout-flow wp-block-group-is-layout-flow\">\n<div class=\"wp-block-group alignfull\" style=\"margin-top:0;margin-bottom:0;padding-top:var(--wp--preset--spacing--superbspacing-xxlarge);padding-right:var(--wp--preset--spacing--superbspacing-small);padding-bottom:var(--wp--preset--spacing--superbspacing-xxlarge);padding-left:var(--wp--preset--spacing--superbspacing-small)\"><div class=\"wp-block-group__inner-container is-layout-constrained wp-container-core-group-is-layout-5 wp-block-group-is-layout-constrained\">\n<div class=\"wp-block-group alignwide\"><div class=\"wp-block-group__inner-container is-layout-constrained wp-container-core-group-is-layout-4 wp-block-group-is-layout-constrained\">\n<p class=\"has-text-align-center has-black-color has-text-color has-link-color has-medium-font-size wp-elements-db87c550e34a3443d517301d0a99d33e\"><strong>Zum Abschluss<\/strong><\/p>\n\n\n\n<h3 class=\"wp-block-heading has-text-align-center has-text-color\" style=\"color:#8ad1cd;font-size:20px;font-style:normal;font-weight:700;letter-spacing:5px;text-transform:uppercase\">Chloe in Bildern \ud83d\ude09<\/h3>\n<\/div><\/div>\n\n\n\n<div class=\"wp-block-columns alignwide is-not-stacked-on-mobile is-layout-flex wp-container-core-columns-is-layout-2 wp-block-columns-is-layout-flex\">\n<div class=\"wp-block-column is-vertically-aligned-center is-layout-flow wp-block-column-is-layout-flow\"><div class=\"wp-block-image\">\n<figure class=\"aligncenter size-large is-resized\"><img loading=\"lazy\" decoding=\"async\" width=\"1024\" height=\"681\" src=\"http:\/\/lilome.at\/WP\/wp-content\/uploads\/2025\/05\/project-management-2738521_1920-1024x681.jpg\" alt=\"\" class=\"wp-image-5322\" style=\"aspect-ratio:1;object-fit:cover;width:95px\" srcset=\"http:\/\/lilome.at\/WP\/wp-content\/uploads\/2025\/05\/project-management-2738521_1920-1024x681.jpg 1024w, http:\/\/lilome.at\/WP\/wp-content\/uploads\/2025\/05\/project-management-2738521_1920-300x200.jpg 300w, http:\/\/lilome.at\/WP\/wp-content\/uploads\/2025\/05\/project-management-2738521_1920-768x511.jpg 768w, http:\/\/lilome.at\/WP\/wp-content\/uploads\/2025\/05\/project-management-2738521_1920-1536x1022.jpg 1536w, http:\/\/lilome.at\/WP\/wp-content\/uploads\/2025\/05\/project-management-2738521_1920-850x565.jpg 850w, http:\/\/lilome.at\/WP\/wp-content\/uploads\/2025\/05\/project-management-2738521_1920.jpg 1920w\" sizes=\"auto, (max-width: 1024px) 100vw, 1024px\" \/><\/figure><\/div>\n\n\n<h3 class=\"wp-block-heading has-text-align-center has-contrast-color has-text-color has-superbfont-small-font-size\">Beruf<\/h3>\n\n\n\n<p class=\"has-text-align-center has-secondary-color has-text-color has-superbfont-xsmall-font-size\"><\/p>\n<\/div>\n\n\n\n<div class=\"wp-block-column is-vertically-aligned-center is-layout-flow wp-block-column-is-layout-flow\"><div class=\"wp-block-image\">\n<figure class=\"aligncenter size-large is-resized\"><img loading=\"lazy\" decoding=\"async\" width=\"1024\" height=\"1024\" src=\"http:\/\/lilome.at\/WP\/wp-content\/uploads\/2025\/05\/herz-mit-spritzern-1024x1024.jpg\" alt=\"\" class=\"wp-image-5324\" style=\"aspect-ratio:1;object-fit:cover;width:94px;height:auto\" srcset=\"http:\/\/lilome.at\/WP\/wp-content\/uploads\/2025\/05\/herz-mit-spritzern-1024x1024.jpg 1024w, http:\/\/lilome.at\/WP\/wp-content\/uploads\/2025\/05\/herz-mit-spritzern-300x300.jpg 300w, http:\/\/lilome.at\/WP\/wp-content\/uploads\/2025\/05\/herz-mit-spritzern-150x150.jpg 150w, http:\/\/lilome.at\/WP\/wp-content\/uploads\/2025\/05\/herz-mit-spritzern-768x768.jpg 768w, http:\/\/lilome.at\/WP\/wp-content\/uploads\/2025\/05\/herz-mit-spritzern-1536x1536.jpg 1536w, http:\/\/lilome.at\/WP\/wp-content\/uploads\/2025\/05\/herz-mit-spritzern-850x850.jpg 850w, http:\/\/lilome.at\/WP\/wp-content\/uploads\/2025\/05\/herz-mit-spritzern.jpg 1920w\" sizes=\"auto, (max-width: 1024px) 100vw, 1024px\" \/><\/figure><\/div>\n\n\n<h3 class=\"wp-block-heading has-text-align-center has-contrast-color has-text-color has-superbfont-small-font-size\">Liebe<\/h3>\n\n\n\n<p class=\"has-text-align-center has-secondary-color has-text-color has-superbfont-xsmall-font-size\"><\/p>\n<\/div>\n\n\n\n<div class=\"wp-block-column is-vertically-aligned-center is-layout-flow wp-block-column-is-layout-flow\"><div class=\"wp-block-image\">\n<figure class=\"aligncenter size-thumbnail is-resized\"><img loading=\"lazy\" decoding=\"async\" width=\"150\" height=\"150\" src=\"http:\/\/lilome.at\/WP\/wp-content\/uploads\/2025\/05\/icon-5577198_1920-150x150.png\" alt=\"\" class=\"wp-image-5337\" style=\"aspect-ratio:1;object-fit:cover;width:66px;height:auto\" srcset=\"http:\/\/lilome.at\/WP\/wp-content\/uploads\/2025\/05\/icon-5577198_1920-150x150.png 150w, http:\/\/lilome.at\/WP\/wp-content\/uploads\/2025\/05\/icon-5577198_1920-300x300.png 300w, http:\/\/lilome.at\/WP\/wp-content\/uploads\/2025\/05\/icon-5577198_1920-1024x1024.png 1024w, http:\/\/lilome.at\/WP\/wp-content\/uploads\/2025\/05\/icon-5577198_1920-768x768.png 768w, http:\/\/lilome.at\/WP\/wp-content\/uploads\/2025\/05\/icon-5577198_1920-1536x1536.png 1536w, http:\/\/lilome.at\/WP\/wp-content\/uploads\/2025\/05\/icon-5577198_1920-850x850.png 850w, http:\/\/lilome.at\/WP\/wp-content\/uploads\/2025\/05\/icon-5577198_1920.png 1920w\" sizes=\"auto, (max-width: 150px) 100vw, 150px\" \/><\/figure><\/div>\n\n\n<h3 class=\"wp-block-heading has-text-align-center has-contrast-color has-text-color has-superbfont-small-font-size\">Hobby<\/h3>\n\n\n\n<p class=\"has-text-align-center has-secondary-color has-text-color has-superbfont-xsmall-font-size\"><\/p>\n<\/div>\n<\/div>\n<\/div><\/div>\n<\/div><\/div>\n\n\n\n<p class=\"has-white-color has-text-color has-link-color wp-elements-159d9b23980bf0e7f6346e2011be4a50\">Lilome VErlag<\/p>\n\n\n\n<div class=\"wp-block-buttons is-content-justification-space-between is-nowrap is-layout-flex wp-container-core-buttons-is-layout-2 wp-block-buttons-is-layout-flex\">\n<div class=\"wp-block-button has-custom-width wp-block-button__width-25 has-custom-font-size has-small-font-size\"><a class=\"wp-block-button__link has-black-color has-white-background-color has-text-color has-background has-link-color wp-element-button\" href=\"http:\/\/lilome.at\/WP\/\" target=\"_blank\" rel=\"noreferrer noopener\">LILOME<\/a><\/div>\n\n\n\n<div class=\"wp-block-button has-custom-width wp-block-button__width-25 has-custom-font-size has-small-font-size\"><a class=\"wp-block-button__link has-black-color has-white-background-color has-text-color has-background has-link-color wp-element-button\" href=\"http:\/\/lilome.at\/WP\/unsere-buecher\/\" target=\"_blank\" rel=\"noreferrer noopener\">B\u00fccher<\/a><\/div>\n\n\n\n<div class=\"wp-block-button has-custom-width wp-block-button__width-25 has-custom-font-size has-small-font-size\"><a class=\"wp-block-button__link has-black-color has-white-background-color has-text-color has-background has-link-color wp-element-button\" href=\"http:\/\/lilome.at\/WP\/unsere-autorinnen\/\" target=\"_blank\" rel=\"noreferrer noopener\">Autoren<\/a><\/div>\n\n\n\n<div class=\"wp-block-button has-custom-width wp-block-button__width-25 has-custom-font-size has-small-font-size\"><a class=\"wp-block-button__link has-black-color has-white-background-color has-text-color has-background has-link-color wp-element-button\" href=\"http:\/\/lilome.at\/WP\/ueber-lilome\/\" target=\"_blank\" rel=\"noreferrer noopener\">About<\/a><\/div>\n<\/div>\n","protected":false},"excerpt":{"rendered":"<p>Chloe&#8217;s Story It all started with &#8230; Unzufriedenheit Kurz und knackig darf es bei CHLOE SILVA sein. Als viel besch\u00e4ftigte Frau hatte sie fr\u00fcher nie genug Zeit, um lange Romane zu lesen. Stetig war sie auf der Suche nach am\u00fcsanten und vor allem kurzen Lesevergn\u00fcgungen, wurde aber nicht so oft f\u00fcndig, wie sie es gerne&#8230;<\/p>\n","protected":false},"author":1,"featured_media":0,"parent":0,"menu_order":0,"comment_status":"closed","ping_status":"closed","template":"","meta":{"footnotes":""},"class_list":["post-5291","page","type-page","status-publish","hentry"],"_links":{"self":[{"href":"http:\/\/lilome.at\/WP\/wp-json\/wp\/v2\/pages\/5291","targetHints":{"allow":["GET"]}}],"collection":[{"href":"http:\/\/lilome.at\/WP\/wp-json\/wp\/v2\/pages"}],"about":[{"href":"http:\/\/lilome.at\/WP\/wp-json\/wp\/v2\/types\/page"}],"author":[{"embeddable":true,"href":"http:\/\/lilome.at\/WP\/wp-json\/wp\/v2\/users\/1"}],"replies":[{"embeddable":true,"href":"http:\/\/lilome.at\/WP\/wp-json\/wp\/v2\/comments?post=5291"}],"version-history":[{"count":35,"href":"http:\/\/lilome.at\/WP\/wp-json\/wp\/v2\/pages\/5291\/revisions"}],"predecessor-version":[{"id":6532,"href":"http:\/\/lilome.at\/WP\/wp-json\/wp\/v2\/pages\/5291\/revisions\/6532"}],"wp:attachment":[{"href":"http:\/\/lilome.at\/WP\/wp-json\/wp\/v2\/media?parent=5291"}],"curies":[{"name":"wp","href":"https:\/\/api.w.org\/{rel}","templated":true}]}}