{"id":4406,"date":"2021-11-24T11:46:34","date_gmt":"2021-11-24T10:46:34","guid":{"rendered":"http:\/\/lilome.at\/WP\/?page_id=4406"},"modified":"2026-02-13T20:41:48","modified_gmt":"2026-02-13T19:41:48","slug":"ueber-lilome","status":"publish","type":"page","link":"http:\/\/lilome.at\/WP\/ueber-lilome\/","title":{"rendered":"\u00dcber Lilome"},"content":{"rendered":"\n<p class=\"has-black-color has-text-color has-link-color wp-elements-6c78c74cf9112dccd7eba2cf619261e9\"><strong><a href=\"http:\/\/lilome.at\/WP\/lilome-verlag\/\" target=\"_blank\" rel=\"noreferrer noopener\">LILOME Verlag<\/a><\/strong> und <strong><a href=\"http:\/\/lilome.at\/WP\/shortbread-verlag\/\" target=\"_blank\" rel=\"noreferrer noopener\">LILOME Shortbread Verlag<\/a><\/strong> ist ein Zusammenschluss von Autor*innen und Synonym-Autor*innen, die viel zu viele B\u00fccher und Kurzromane in ihren Schubladen liegen haben. Doch jetzt sollen sie alle das Licht der Leser*innen-Welt erblicken.<\/p>\n\n\n\n<p><\/p>\n\n\n\n<p class=\"has-white-color has-text-color has-link-color wp-elements-f36cde1fa64c0458b4fa1a3b6f6b9ef7\">Lilome Verlag B\u00fccher<\/p>\n\n\n\n<p class=\"has-text-color has-link-color has-medium-font-size wp-elements-5cae4af4682f91dce9cfdc99c068a2b9\" style=\"color:#8ad1cd\"><strong>Unsere B\u00fccher aus dem <a href=\"http:\/\/lilome.at\/WP\/lilome-verlag\/\" target=\"_blank\" rel=\"noreferrer noopener\">LILOME Verlag<\/a><\/strong><\/p>\n\n\n\n<div class=\"wp-block-columns alignwide is-not-stacked-on-mobile is-layout-flex wp-container-core-columns-is-layout-1 wp-block-columns-is-layout-flex\">\n<div class=\"wp-block-column is-vertically-aligned-center is-layout-flow wp-block-column-is-layout-flow\"><div class=\"wp-block-image\">\n<figure class=\"aligncenter size-large is-resized\"><a href=\"http:\/\/lilome.at\/WP\/7-tage-basisch\/ \" target=\"_blank\" rel=\" noreferrer noopener\"><img loading=\"lazy\" decoding=\"async\" width=\"642\" height=\"1024\" src=\"http:\/\/lilome.at\/WP\/wp-content\/uploads\/2025\/05\/7-Tage-basisch-Cover-mit-Schatten-fuer-Website-642x1024.jpg\" alt=\"\" class=\"wp-image-5228\" style=\"width:80px\" srcset=\"http:\/\/lilome.at\/WP\/wp-content\/uploads\/2025\/05\/7-Tage-basisch-Cover-mit-Schatten-fuer-Website-642x1024.jpg 642w, http:\/\/lilome.at\/WP\/wp-content\/uploads\/2025\/05\/7-Tage-basisch-Cover-mit-Schatten-fuer-Website-188x300.jpg 188w, http:\/\/lilome.at\/WP\/wp-content\/uploads\/2025\/05\/7-Tage-basisch-Cover-mit-Schatten-fuer-Website-768x1226.jpg 768w, http:\/\/lilome.at\/WP\/wp-content\/uploads\/2025\/05\/7-Tage-basisch-Cover-mit-Schatten-fuer-Website-963x1536.jpg 963w, http:\/\/lilome.at\/WP\/wp-content\/uploads\/2025\/05\/7-Tage-basisch-Cover-mit-Schatten-fuer-Website-1283x2048.jpg 1283w, http:\/\/lilome.at\/WP\/wp-content\/uploads\/2025\/05\/7-Tage-basisch-Cover-mit-Schatten-fuer-Website-300x479.jpg 300w, http:\/\/lilome.at\/WP\/wp-content\/uploads\/2025\/05\/7-Tage-basisch-Cover-mit-Schatten-fuer-Website-850x1356.jpg 850w, http:\/\/lilome.at\/WP\/wp-content\/uploads\/2025\/05\/7-Tage-basisch-Cover-mit-Schatten-fuer-Website.jpg 1410w\" sizes=\"auto, (max-width: 642px) 100vw, 642px\" \/><\/a><\/figure><\/div>\n\n\n<p class=\"has-text-align-center has-black-color has-text-color has-link-color has-superbfont-xsmall-font-size wp-elements-b02424b447f15d93b0ccd37ba590acfc\"><a href=\"http:\/\/lilome.at\/WP\/sachbuecher\/\" target=\"_blank\" rel=\"noreferrer noopener\">Sachb\u00fccher<\/a><\/p>\n<\/div>\n\n\n\n<div class=\"wp-block-column is-vertically-aligned-center is-layout-flow wp-block-column-is-layout-flow\"><div class=\"wp-block-image\">\n<figure class=\"aligncenter size-full is-resized\"><a href=\"http:\/\/lilome.at\/WP\/meeresglueck-1\/\" target=\"_blank\" rel=\" noreferrer noopener\"><img loading=\"lazy\" decoding=\"async\" width=\"625\" height=\"1000\" src=\"http:\/\/lilome.at\/WP\/wp-content\/uploads\/2025\/10\/Meeresglueck-1-Cover-fuer-E-book.jpg\" alt=\"\" class=\"wp-image-6274\" style=\"width:80px\" srcset=\"http:\/\/lilome.at\/WP\/wp-content\/uploads\/2025\/10\/Meeresglueck-1-Cover-fuer-E-book.jpg 625w, http:\/\/lilome.at\/WP\/wp-content\/uploads\/2025\/10\/Meeresglueck-1-Cover-fuer-E-book-188x300.jpg 188w, http:\/\/lilome.at\/WP\/wp-content\/uploads\/2025\/10\/Meeresglueck-1-Cover-fuer-E-book-300x480.jpg 300w\" sizes=\"auto, (max-width: 625px) 100vw, 625px\" \/><\/a><\/figure><\/div>\n\n\n<p class=\"has-text-align-center has-black-color has-text-color has-link-color has-superbfont-xsmall-font-size wp-elements-1135ac93923466a4366a852287b1cc28\"><a href=\"http:\/\/lilome.at\/WP\/romance\/\" target=\"_blank\" rel=\"noreferrer noopener\">Love &amp; Romance<\/a><\/p>\n<\/div>\n\n\n\n<div class=\"wp-block-column is-vertically-aligned-center is-layout-flow wp-block-column-is-layout-flow\"><div class=\"wp-block-image\">\n<figure class=\"aligncenter size-full is-resized\"><a href=\"http:\/\/lilome.at\/WP\/meeresglueck-2\/\" target=\"_blank\" rel=\" noreferrer noopener\"><img loading=\"lazy\" decoding=\"async\" width=\"442\" height=\"701\" src=\"http:\/\/lilome.at\/WP\/wp-content\/uploads\/2025\/10\/meeresglueck-ban-2-front-last-version.jpg\" alt=\"\" class=\"wp-image-6308\" style=\"width:80px\" srcset=\"http:\/\/lilome.at\/WP\/wp-content\/uploads\/2025\/10\/meeresglueck-ban-2-front-last-version.jpg 442w, http:\/\/lilome.at\/WP\/wp-content\/uploads\/2025\/10\/meeresglueck-ban-2-front-last-version-189x300.jpg 189w, http:\/\/lilome.at\/WP\/wp-content\/uploads\/2025\/10\/meeresglueck-ban-2-front-last-version-300x476.jpg 300w\" sizes=\"auto, (max-width: 442px) 100vw, 442px\" \/><\/a><\/figure><\/div>\n\n\n<p class=\"has-text-align-center has-black-color has-text-color has-link-color has-superbfont-xsmall-font-size wp-elements-1135ac93923466a4366a852287b1cc28\"><a href=\"http:\/\/lilome.at\/WP\/romance\/\" target=\"_blank\" rel=\"noreferrer noopener\">Love &amp; Romance<\/a><\/p>\n<\/div>\n\n\n\n<div class=\"wp-block-column is-vertically-aligned-center is-layout-flow wp-block-column-is-layout-flow\"><div class=\"wp-block-image\">\n<figure class=\"aligncenter size-full is-resized\"><a href=\"http:\/\/lilome.at\/WP\/meeresglueck-3\/\" target=\"_blank\" rel=\" noreferrer noopener\"><img loading=\"lazy\" decoding=\"async\" width=\"407\" height=\"644\" src=\"http:\/\/lilome.at\/WP\/wp-content\/uploads\/2025\/10\/meeresglueck-3-front-cover-last-version-.jpg\" alt=\"\" class=\"wp-image-6307\" style=\"width:80px\" srcset=\"http:\/\/lilome.at\/WP\/wp-content\/uploads\/2025\/10\/meeresglueck-3-front-cover-last-version-.jpg 407w, http:\/\/lilome.at\/WP\/wp-content\/uploads\/2025\/10\/meeresglueck-3-front-cover-last-version--190x300.jpg 190w, http:\/\/lilome.at\/WP\/wp-content\/uploads\/2025\/10\/meeresglueck-3-front-cover-last-version--300x475.jpg 300w\" sizes=\"auto, (max-width: 407px) 100vw, 407px\" \/><\/a><\/figure><\/div>\n\n\n<p class=\"has-text-align-center has-black-color has-text-color has-link-color has-superbfont-xsmall-font-size wp-elements-1135ac93923466a4366a852287b1cc28\"><a href=\"http:\/\/lilome.at\/WP\/romance\/\" target=\"_blank\" rel=\"noreferrer noopener\">Love &amp; Romance<\/a><\/p>\n<\/div>\n<\/div>\n\n\n\n<div class=\"wp-block-columns alignwide is-not-stacked-on-mobile is-layout-flex wp-container-core-columns-is-layout-2 wp-block-columns-is-layout-flex\">\n<div class=\"wp-block-column is-vertically-aligned-center is-layout-flow wp-block-column-is-layout-flow\"><div class=\"wp-block-image\">\n<figure class=\"aligncenter size-full is-resized\"><a href=\"http:\/\/lilome.at\/WP\/trail-of-secrets\/ \" target=\"_blank\" rel=\" noreferrer noopener\"><img loading=\"lazy\" decoding=\"async\" width=\"314\" height=\"479\" src=\"http:\/\/lilome.at\/WP\/wp-content\/uploads\/2025\/06\/Trail-of-Secrets-mit-Schatten.jpg\" alt=\"\" class=\"wp-image-5623\" style=\"width:80px\" srcset=\"http:\/\/lilome.at\/WP\/wp-content\/uploads\/2025\/06\/Trail-of-Secrets-mit-Schatten.jpg 314w, http:\/\/lilome.at\/WP\/wp-content\/uploads\/2025\/06\/Trail-of-Secrets-mit-Schatten-197x300.jpg 197w, http:\/\/lilome.at\/WP\/wp-content\/uploads\/2025\/06\/Trail-of-Secrets-mit-Schatten-300x458.jpg 300w\" sizes=\"auto, (max-width: 314px) 100vw, 314px\" \/><\/a><\/figure><\/div>\n\n\n<p class=\"has-text-align-center has-black-color has-text-color has-link-color has-superbfont-xsmall-font-size wp-elements-21f23153e0a306548f09582d6382e910\"><a href=\"http:\/\/lilome.at\/WP\/crime\/\" target=\"_blank\" rel=\"noreferrer noopener\">Crime<\/a><\/p>\n<\/div>\n\n\n\n<div class=\"wp-block-column is-vertically-aligned-center is-layout-flow wp-block-column-is-layout-flow\"><div class=\"wp-block-image\">\n<figure class=\"aligncenter size-full is-resized\"><a href=\"http:\/\/lilome.at\/WP\/sonnenstern\/\" target=\"_blank\"><img loading=\"lazy\" decoding=\"async\" width=\"336\" height=\"534\" src=\"http:\/\/lilome.at\/WP\/wp-content\/uploads\/2025\/06\/Sonnenstern-cover-2025-vgw.jpg\" alt=\"\" class=\"wp-image-5783\" style=\"width:74px;height:auto\" srcset=\"http:\/\/lilome.at\/WP\/wp-content\/uploads\/2025\/06\/Sonnenstern-cover-2025-vgw.jpg 336w, http:\/\/lilome.at\/WP\/wp-content\/uploads\/2025\/06\/Sonnenstern-cover-2025-vgw-189x300.jpg 189w, http:\/\/lilome.at\/WP\/wp-content\/uploads\/2025\/06\/Sonnenstern-cover-2025-vgw-300x477.jpg 300w\" sizes=\"auto, (max-width: 336px) 100vw, 336px\" \/><\/a><\/figure><\/div>\n\n\n<p class=\"has-text-align-center has-black-color has-text-color has-link-color has-superbfont-xsmall-font-size wp-elements-a326e4cdd23c45cd4cab39d526cf4f20\"><a href=\"http:\/\/lilome.at\/WP\/romane\/\" target=\"_blank\" rel=\"noreferrer noopener\">Romane &amp; Erz\u00e4hlungen<\/a><\/p>\n<\/div>\n\n\n\n<div class=\"wp-block-column is-vertically-aligned-center is-layout-flow wp-block-column-is-layout-flow\"><div class=\"wp-block-image\">\n<figure class=\"aligncenter size-full is-resized\"><a href=\"http:\/\/lilome.at\/WP\/the-challenge-book-for-me-myself\/ \" target=\"_blank\"><img loading=\"lazy\" decoding=\"async\" width=\"1617\" height=\"2000\" src=\"http:\/\/lilome.at\/WP\/wp-content\/uploads\/2026\/02\/front-cover-the-challenge-book1-1.png\" alt=\"\" class=\"wp-image-6578\" style=\"width:96px;height:auto\" srcset=\"http:\/\/lilome.at\/WP\/wp-content\/uploads\/2026\/02\/front-cover-the-challenge-book1-1.png 1617w, http:\/\/lilome.at\/WP\/wp-content\/uploads\/2026\/02\/front-cover-the-challenge-book1-1-243x300.png 243w, http:\/\/lilome.at\/WP\/wp-content\/uploads\/2026\/02\/front-cover-the-challenge-book1-1-828x1024.png 828w, http:\/\/lilome.at\/WP\/wp-content\/uploads\/2026\/02\/front-cover-the-challenge-book1-1-768x950.png 768w, http:\/\/lilome.at\/WP\/wp-content\/uploads\/2026\/02\/front-cover-the-challenge-book1-1-1242x1536.png 1242w, http:\/\/lilome.at\/WP\/wp-content\/uploads\/2026\/02\/front-cover-the-challenge-book1-1-300x371.png 300w, http:\/\/lilome.at\/WP\/wp-content\/uploads\/2026\/02\/front-cover-the-challenge-book1-1-850x1051.png 850w\" sizes=\"auto, (max-width: 1617px) 100vw, 1617px\" \/><\/a><\/figure><\/div>\n\n\n<p class=\"has-text-align-center has-black-color has-white-background-color has-text-color has-background has-link-color has-superbfont-xsmall-font-size wp-elements-ff13d41d148681d904ebe0bc3a5139fd\"><a href=\"http:\/\/lilome.at\/WP\/sachbuecher\/\" target=\"_blank\" rel=\"noreferrer noopener\">Sachb\u00fccher<\/a><\/p>\n<\/div>\n\n\n\n<div class=\"wp-block-column is-vertically-aligned-center is-layout-flow wp-block-column-is-layout-flow\">\n<p class=\"has-text-align-center has-secondary-color has-text-color has-superbfont-xsmall-font-size\"><\/p>\n<\/div>\n<\/div>\n\n\n\n<p class=\"has-white-color has-text-color has-link-color wp-elements-1ac2048bb78a80650a24ed780832accd\">Lilome Verlag<\/p>\n\n\n\n<p class=\"has-white-color has-text-color has-link-color wp-elements-716c98d43a1d9a5bd0a858ab2a3bcdaa\">Lilome Shortbread Verlag B\u00fccher<\/p>\n\n\n\n<p class=\"has-text-color has-link-color has-medium-font-size wp-elements-44d16aff4d6ee306d39285d2504ffb49\" style=\"color:#f3bcc2\"><strong>Unsere B\u00fccher aus dem <a href=\"http:\/\/lilome.at\/WP\/shortbread-verlag\/\" target=\"_blank\" rel=\"noreferrer noopener\">LILOME Shortbread Verlag<\/a><\/strong><\/p>\n\n\n\n<div class=\"wp-block-columns alignwide is-not-stacked-on-mobile is-layout-flex wp-container-core-columns-is-layout-3 wp-block-columns-is-layout-flex\">\n<div class=\"wp-block-column is-vertically-aligned-center is-layout-flow wp-block-column-is-layout-flow\"><div class=\"wp-block-image\">\n<figure class=\"aligncenter size-large is-resized\"><a href=\"http:\/\/lilome.at\/WP\/schicksalsfrauen\/\" target=\"_blank\" rel=\" noreferrer noopener\"><img loading=\"lazy\" decoding=\"async\" width=\"642\" height=\"1024\" src=\"http:\/\/lilome.at\/WP\/wp-content\/uploads\/2025\/05\/Schicksalsfrauen-Cover-mit-Schatten-fuer-website-642x1024.jpg\" alt=\"\" class=\"wp-image-5221\" style=\"width:80px\" srcset=\"http:\/\/lilome.at\/WP\/wp-content\/uploads\/2025\/05\/Schicksalsfrauen-Cover-mit-Schatten-fuer-website-642x1024.jpg 642w, http:\/\/lilome.at\/WP\/wp-content\/uploads\/2025\/05\/Schicksalsfrauen-Cover-mit-Schatten-fuer-website-188x300.jpg 188w, http:\/\/lilome.at\/WP\/wp-content\/uploads\/2025\/05\/Schicksalsfrauen-Cover-mit-Schatten-fuer-website-768x1226.jpg 768w, http:\/\/lilome.at\/WP\/wp-content\/uploads\/2025\/05\/Schicksalsfrauen-Cover-mit-Schatten-fuer-website-963x1536.jpg 963w, http:\/\/lilome.at\/WP\/wp-content\/uploads\/2025\/05\/Schicksalsfrauen-Cover-mit-Schatten-fuer-website-1283x2048.jpg 1283w, http:\/\/lilome.at\/WP\/wp-content\/uploads\/2025\/05\/Schicksalsfrauen-Cover-mit-Schatten-fuer-website-300x479.jpg 300w, http:\/\/lilome.at\/WP\/wp-content\/uploads\/2025\/05\/Schicksalsfrauen-Cover-mit-Schatten-fuer-website-850x1356.jpg 850w, http:\/\/lilome.at\/WP\/wp-content\/uploads\/2025\/05\/Schicksalsfrauen-Cover-mit-Schatten-fuer-website.jpg 1410w\" sizes=\"auto, (max-width: 642px) 100vw, 642px\" \/><\/a><\/figure><\/div>\n\n\n<p class=\"has-text-align-center has-black-color has-text-color has-link-color has-superbfont-xsmall-font-size wp-elements-a326e4cdd23c45cd4cab39d526cf4f20\"><a href=\"http:\/\/lilome.at\/WP\/romane\/\" target=\"_blank\" rel=\"noreferrer noopener\">Romane &amp; Erz\u00e4hlungen<\/a><\/p>\n<\/div>\n\n\n\n<div class=\"wp-block-column is-vertically-aligned-center is-layout-flow wp-block-column-is-layout-flow\"><div class=\"wp-block-image\">\n<figure class=\"aligncenter size-full is-resized\"><a href=\"http:\/\/lilome.at\/WP\/be-my-valentine\/\" target=\"_blank\" rel=\" noreferrer noopener\"><img loading=\"lazy\" decoding=\"async\" width=\"319\" height=\"488\" src=\"http:\/\/lilome.at\/WP\/wp-content\/uploads\/2025\/02\/Be-my-Valentine-Cover-Website.jpg\" alt=\"\" class=\"wp-image-5128\" style=\"width:80px;height:auto\" srcset=\"http:\/\/lilome.at\/WP\/wp-content\/uploads\/2025\/02\/Be-my-Valentine-Cover-Website.jpg 319w, http:\/\/lilome.at\/WP\/wp-content\/uploads\/2025\/02\/Be-my-Valentine-Cover-Website-196x300.jpg 196w\" sizes=\"auto, (max-width: 319px) 100vw, 319px\" \/><\/a><\/figure><\/div>\n\n\n<p class=\"has-text-align-center has-black-color has-text-color has-link-color has-superbfont-xsmall-font-size wp-elements-1135ac93923466a4366a852287b1cc28\"><a href=\"http:\/\/lilome.at\/WP\/romance\/\" target=\"_blank\" rel=\"noreferrer noopener\">Love &amp; Romance<\/a><\/p>\n<\/div>\n\n\n\n<div class=\"wp-block-column is-vertically-aligned-center is-layout-flow wp-block-column-is-layout-flow\"><div class=\"wp-block-image\">\n<figure class=\"aligncenter size-full is-resized\"><a href=\"http:\/\/lilome.at\/WP\/love-confusion\/\" target=\"_blank\"><img loading=\"lazy\" decoding=\"async\" width=\"800\" height=\"1239\" src=\"http:\/\/lilome.at\/WP\/wp-content\/uploads\/2025\/06\/love-Confusion-Selena-Abaro-cover-mit-Schatten-600dpi-1.jpg\" alt=\"\" class=\"wp-image-5974\" style=\"width:80px\" srcset=\"http:\/\/lilome.at\/WP\/wp-content\/uploads\/2025\/06\/love-Confusion-Selena-Abaro-cover-mit-Schatten-600dpi-1.jpg 800w, http:\/\/lilome.at\/WP\/wp-content\/uploads\/2025\/06\/love-Confusion-Selena-Abaro-cover-mit-Schatten-600dpi-1-194x300.jpg 194w, http:\/\/lilome.at\/WP\/wp-content\/uploads\/2025\/06\/love-Confusion-Selena-Abaro-cover-mit-Schatten-600dpi-1-661x1024.jpg 661w, http:\/\/lilome.at\/WP\/wp-content\/uploads\/2025\/06\/love-Confusion-Selena-Abaro-cover-mit-Schatten-600dpi-1-768x1189.jpg 768w, http:\/\/lilome.at\/WP\/wp-content\/uploads\/2025\/06\/love-Confusion-Selena-Abaro-cover-mit-Schatten-600dpi-1-300x465.jpg 300w\" sizes=\"auto, (max-width: 800px) 100vw, 800px\" \/><\/a><\/figure><\/div>\n\n\n<p class=\"has-text-align-center has-secondary-color has-text-color has-superbfont-xsmall-font-size\">Coming soon!<\/p>\n<\/div>\n\n\n\n<div class=\"wp-block-column is-vertically-aligned-center is-layout-flow wp-block-column-is-layout-flow\">\n<p class=\"has-text-align-center has-secondary-color has-text-color has-superbfont-xsmall-font-size\"><\/p>\n<\/div>\n<\/div>\n\n\n\n<p class=\"has-white-color has-text-color has-link-color wp-elements-159d9b23980bf0e7f6346e2011be4a50\">Lilome VErlag<\/p>\n\n\n\n<div class=\"wp-block-buttons is-content-justification-space-between is-nowrap is-layout-flex wp-container-core-buttons-is-layout-1 wp-block-buttons-is-layout-flex\">\n<div class=\"wp-block-button has-custom-width wp-block-button__width-25 has-custom-font-size has-small-font-size\"><a class=\"wp-block-button__link has-black-color has-white-background-color has-text-color has-background has-link-color wp-element-button\" href=\"http:\/\/lilome.at\/WP\/\" target=\"_blank\" rel=\"noreferrer noopener\">LILOME<\/a><\/div>\n\n\n\n<div class=\"wp-block-button has-custom-width wp-block-button__width-25 has-custom-font-size has-small-font-size\"><a class=\"wp-block-button__link has-black-color has-white-background-color has-text-color has-background has-link-color wp-element-button\" href=\"http:\/\/lilome.at\/WP\/unsere-buecher\/\" target=\"_blank\" rel=\"noreferrer noopener\">B\u00fccher<\/a><\/div>\n\n\n\n<div class=\"wp-block-button has-custom-width wp-block-button__width-25 has-custom-font-size has-small-font-size\"><a class=\"wp-block-button__link has-black-color has-white-background-color has-text-color has-background has-link-color wp-element-button\" href=\"http:\/\/lilome.at\/WP\/unsere-autorinnen\/\" target=\"_blank\" rel=\"noreferrer noopener\">Autoren<\/a><\/div>\n\n\n\n<div class=\"wp-block-button has-custom-width wp-block-button__width-25 has-custom-font-size has-small-font-size\"><a class=\"wp-block-button__link has-black-color has-white-background-color has-text-color has-background has-link-color wp-element-button\" href=\"http:\/\/lilome.at\/WP\/ueber-lilome\/\" target=\"_blank\" rel=\"noreferrer noopener\">About<\/a><\/div>\n<\/div>\n\n\n\n<p><\/p>\n","protected":false},"excerpt":{"rendered":"<p>LILOME Verlag und LILOME Shortbread Verlag ist ein Zusammenschluss von Autor*innen und Synonym-Autor*innen, die viel zu viele B\u00fccher und Kurzromane in ihren Schubladen liegen haben. Doch jetzt sollen sie alle das Licht der Leser*innen-Welt erblicken. Lilome Verlag B\u00fccher Unsere B\u00fccher aus dem LILOME Verlag Sachb\u00fccher Love &amp; Romance Love &amp; Romance Love &amp; Romance Crime&#8230;<\/p>\n","protected":false},"author":1,"featured_media":0,"parent":0,"menu_order":0,"comment_status":"closed","ping_status":"closed","template":"","meta":{"footnotes":""},"class_list":["post-4406","page","type-page","status-publish","hentry"],"_links":{"self":[{"href":"http:\/\/lilome.at\/WP\/wp-json\/wp\/v2\/pages\/4406","targetHints":{"allow":["GET"]}}],"collection":[{"href":"http:\/\/lilome.at\/WP\/wp-json\/wp\/v2\/pages"}],"about":[{"href":"http:\/\/lilome.at\/WP\/wp-json\/wp\/v2\/types\/page"}],"author":[{"embeddable":true,"href":"http:\/\/lilome.at\/WP\/wp-json\/wp\/v2\/users\/1"}],"replies":[{"embeddable":true,"href":"http:\/\/lilome.at\/WP\/wp-json\/wp\/v2\/comments?post=4406"}],"version-history":[{"count":32,"href":"http:\/\/lilome.at\/WP\/wp-json\/wp\/v2\/pages\/4406\/revisions"}],"predecessor-version":[{"id":6625,"href":"http:\/\/lilome.at\/WP\/wp-json\/wp\/v2\/pages\/4406\/revisions\/6625"}],"wp:attachment":[{"href":"http:\/\/lilome.at\/WP\/wp-json\/wp\/v2\/media?parent=4406"}],"curies":[{"name":"wp","href":"https:\/\/api.w.org\/{rel}","templated":true}]}}